{"id":51229,"date":"2026-04-17T12:19:51","date_gmt":"2026-04-17T10:19:51","guid":{"rendered":"https:\/\/galli.ch\/?post_type=product&#038;p=51229"},"modified":"2026-04-17T15:30:23","modified_gmt":"2026-04-17T13:30:23","slug":"30-m2830a1a0-0001","status":"publish","type":"product","link":"https:\/\/galli.ch\/en\/uhren\/tudor\/royal\/30-m2830a1a0-0001\/","title":{"rendered":"Tudor Royal 30"},"content":{"rendered":"<p>Die TUDOR Royal besticht durch ein fliessendes und stilsicheres Design, das durch sein integriertes Metallarmband eine nahtlose Verbindung zum Geh\u00e4use schafft. Die charakteristische Bandstruktur mit drei breiten satinierten und zwei schmaleren polierten Elementen unterstreicht in Kombination mit der innovativen \u201eT\u2011fit\u201c\u2011Schliesse den aussergew\u00f6hnlich hohen Tragekomfort dieser Luxusuhr.<\/p>\n<p>Erh\u00e4ltlich in klassischem Edelstahl oder in einer edlen Bicolor-Variante aus Edelstahl und Gelbgold, bietet die Linie mit ihren fein bearbeiteten Oberfl\u00e4chen f\u00fcr jeden Geschmack die passende \u00c4sthetik. F\u00fcr h\u00f6chste technische Pr\u00e4zision sorgt im Inneren das Manufakturwerk Kaliber MT5201, welches als COSC-zertifizierter Chronometer f\u00fcr maximale Zuverl\u00e4ssigkeit und Ganggenauigkeit steht.<\/p>\n","protected":false},"excerpt":{"rendered":"<p>Die TUDOR Royal besticht durch ein fliessendes und stilsicheres Design, das durch sein integriertes Metallarmband eine nahtlose Verbindung zum Geh\u00e4use schafft. Die charakteristische Bandstruktur mit drei breiten satinierten und zwei schmaleren polierten Elementen unterstreicht in Kombination mit der innovativen \u201eT\u2011fit\u201c\u2011Schliesse den aussergew\u00f6hnlich hohen Tragekomfort dieser Luxusuhr. Erh\u00e4ltlich in klassischem Edelstahl oder in einer edlen Bicolor-Variante&#8230;  <a class=\"excerpt-read-more\" href=\"https:\/\/galli.ch\/en\/uhren\/tudor\/royal\/30-m2830a1a0-0001\/\" title=\"Read Tudor Royal 30\">Weiter &raquo;<\/a><\/p>\n","protected":false},"featured_media":50912,"template":"","meta":{"_acf_changed":false,"inline_featured_image":false},"product_brand":[],"product_cat":[188],"product_tag":[],"class_list":{"0":"post-51229","1":"product","2":"type-product","3":"status-publish","4":"has-post-thumbnail","6":"uhrenhersteller-tudor","7":"uhrenhersteller-royal","8":"product_cat-uhren","10":"first","11":"outofstock","12":"taxable","13":"shipping-taxable","14":"purchasable","15":"product-type-simple"},"acf":[],"yoast_head":"<!-- This site is optimized with the Yoast SEO plugin v25.5 - https:\/\/yoast.com\/wordpress\/plugins\/seo\/ -->\n<title>Tudor Royal 30 - Galli Uhren Bijouterie<\/title>\n<meta name=\"robots\" content=\"index, follow, max-snippet:-1, max-image-preview:large, max-video-preview:-1\" \/>\n<link rel=\"canonical\" href=\"https:\/\/galli.ch\/uhren\/tudor\/royal\/30-m2830a1a0-0001\/\" \/>\n<meta property=\"og:locale\" content=\"en_US\" \/>\n<meta property=\"og:type\" content=\"article\" \/>\n<meta property=\"og:title\" content=\"Tudor Royal 30 - Galli Uhren Bijouterie\" \/>\n<meta property=\"og:description\" content=\"Die TUDOR Royal besticht durch ein fliessendes und stilsicheres Design, das durch sein integriertes Metallarmband eine nahtlose Verbindung zum Geh\u00e4use schafft. Die charakteristische Bandstruktur mit drei breiten satinierten und zwei schmaleren polierten Elementen unterstreicht in Kombination mit der innovativen \u201eT\u2011fit\u201c\u2011Schliesse den aussergew\u00f6hnlich hohen Tragekomfort dieser Luxusuhr. Erh\u00e4ltlich in klassischem Edelstahl oder in einer edlen Bicolor-Variante... Weiter &raquo;\" \/>\n<meta property=\"og:url\" content=\"https:\/\/galli.ch\/uhren\/tudor\/royal\/30-m2830a1a0-0001\/\" \/>\n<meta property=\"og:site_name\" content=\"Galli Uhren Bijouterie\" \/>\n<meta property=\"article:modified_time\" content=\"2026-04-17T13:30:23+00:00\" \/>\n<meta property=\"og:image\" content=\"https:\/\/galli.ch\/wp-content\/uploads\/tudor-m2830a1a0-0001.png\" \/>\n\t<meta property=\"og:image:width\" content=\"1000\" \/>\n\t<meta property=\"og:image:height\" content=\"1400\" \/>\n\t<meta property=\"og:image:type\" content=\"image\/png\" \/>\n<meta name=\"twitter:card\" content=\"summary_large_image\" \/>\n<script type=\"application\/ld+json\" class=\"yoast-schema-graph\">{\"@context\":\"https:\/\/schema.org\",\"@graph\":[{\"@type\":\"WebPage\",\"@id\":\"https:\/\/galli.ch\/uhren\/tudor\/royal\/30-m2830a1a0-0001\/\",\"url\":\"https:\/\/galli.ch\/uhren\/tudor\/royal\/30-m2830a1a0-0001\/\",\"name\":\"Tudor Royal 30 - Galli Uhren Bijouterie\",\"isPartOf\":{\"@id\":\"http:\/\/galli.ch\/en\/#website\"},\"primaryImageOfPage\":{\"@id\":\"https:\/\/galli.ch\/uhren\/tudor\/royal\/30-m2830a1a0-0001\/#primaryimage\"},\"image\":{\"@id\":\"https:\/\/galli.ch\/uhren\/tudor\/royal\/30-m2830a1a0-0001\/#primaryimage\"},\"thumbnailUrl\":\"https:\/\/galli.ch\/wp-content\/uploads\/tudor-m2830a1a0-0001.png\",\"datePublished\":\"2026-04-17T10:19:51+00:00\",\"dateModified\":\"2026-04-17T13:30:23+00:00\",\"breadcrumb\":{\"@id\":\"https:\/\/galli.ch\/uhren\/tudor\/royal\/30-m2830a1a0-0001\/#breadcrumb\"},\"inLanguage\":\"en-US\",\"potentialAction\":[{\"@type\":\"ReadAction\",\"target\":[\"https:\/\/galli.ch\/uhren\/tudor\/royal\/30-m2830a1a0-0001\/\"]}]},{\"@type\":\"ImageObject\",\"inLanguage\":\"en-US\",\"@id\":\"https:\/\/galli.ch\/uhren\/tudor\/royal\/30-m2830a1a0-0001\/#primaryimage\",\"url\":\"https:\/\/galli.ch\/wp-content\/uploads\/tudor-m2830a1a0-0001.png\",\"contentUrl\":\"https:\/\/galli.ch\/wp-content\/uploads\/tudor-m2830a1a0-0001.png\",\"width\":1000,\"height\":1400},{\"@type\":\"BreadcrumbList\",\"@id\":\"https:\/\/galli.ch\/uhren\/tudor\/royal\/30-m2830a1a0-0001\/#breadcrumb\",\"itemListElement\":[{\"@type\":\"ListItem\",\"position\":1,\"name\":\"Home\",\"item\":\"https:\/\/galli.ch\/en\/\"},{\"@type\":\"ListItem\",\"position\":2,\"name\":\"Uhren\",\"item\":\"https:\/\/galli.ch\/en\/uhren\/\"},{\"@type\":\"ListItem\",\"position\":3,\"name\":\"Tudor Royal 30\"}]},{\"@type\":\"WebSite\",\"@id\":\"http:\/\/galli.ch\/en\/#website\",\"url\":\"http:\/\/galli.ch\/en\/\",\"name\":\"Galli Uhren Bijouterie\",\"description\":\"\",\"potentialAction\":[{\"@type\":\"SearchAction\",\"target\":{\"@type\":\"EntryPoint\",\"urlTemplate\":\"http:\/\/galli.ch\/en\/?s={search_term_string}\"},\"query-input\":{\"@type\":\"PropertyValueSpecification\",\"valueRequired\":true,\"valueName\":\"search_term_string\"}}],\"inLanguage\":\"en-US\"}]}<\/script>\n<!-- \/ Yoast SEO plugin. -->","yoast_head_json":{"title":"Tudor Royal 30 - Galli Uhren Bijouterie","robots":{"index":"index","follow":"follow","max-snippet":"max-snippet:-1","max-image-preview":"max-image-preview:large","max-video-preview":"max-video-preview:-1"},"canonical":"https:\/\/galli.ch\/uhren\/tudor\/royal\/30-m2830a1a0-0001\/","og_locale":"en_US","og_type":"article","og_title":"Tudor Royal 30 - Galli Uhren Bijouterie","og_description":"Die TUDOR Royal besticht durch ein fliessendes und stilsicheres Design, das durch sein integriertes Metallarmband eine nahtlose Verbindung zum Geh\u00e4use schafft. Die charakteristische Bandstruktur mit drei breiten satinierten und zwei schmaleren polierten Elementen unterstreicht in Kombination mit der innovativen \u201eT\u2011fit\u201c\u2011Schliesse den aussergew\u00f6hnlich hohen Tragekomfort dieser Luxusuhr. Erh\u00e4ltlich in klassischem Edelstahl oder in einer edlen Bicolor-Variante... Weiter &raquo;","og_url":"https:\/\/galli.ch\/uhren\/tudor\/royal\/30-m2830a1a0-0001\/","og_site_name":"Galli Uhren Bijouterie","article_modified_time":"2026-04-17T13:30:23+00:00","og_image":[{"width":1000,"height":1400,"url":"https:\/\/galli.ch\/wp-content\/uploads\/tudor-m2830a1a0-0001.png","type":"image\/png"}],"twitter_card":"summary_large_image","schema":{"@context":"https:\/\/schema.org","@graph":[{"@type":"WebPage","@id":"https:\/\/galli.ch\/uhren\/tudor\/royal\/30-m2830a1a0-0001\/","url":"https:\/\/galli.ch\/uhren\/tudor\/royal\/30-m2830a1a0-0001\/","name":"Tudor Royal 30 - Galli Uhren Bijouterie","isPartOf":{"@id":"http:\/\/galli.ch\/en\/#website"},"primaryImageOfPage":{"@id":"https:\/\/galli.ch\/uhren\/tudor\/royal\/30-m2830a1a0-0001\/#primaryimage"},"image":{"@id":"https:\/\/galli.ch\/uhren\/tudor\/royal\/30-m2830a1a0-0001\/#primaryimage"},"thumbnailUrl":"https:\/\/galli.ch\/wp-content\/uploads\/tudor-m2830a1a0-0001.png","datePublished":"2026-04-17T10:19:51+00:00","dateModified":"2026-04-17T13:30:23+00:00","breadcrumb":{"@id":"https:\/\/galli.ch\/uhren\/tudor\/royal\/30-m2830a1a0-0001\/#breadcrumb"},"inLanguage":"en-US","potentialAction":[{"@type":"ReadAction","target":["https:\/\/galli.ch\/uhren\/tudor\/royal\/30-m2830a1a0-0001\/"]}]},{"@type":"ImageObject","inLanguage":"en-US","@id":"https:\/\/galli.ch\/uhren\/tudor\/royal\/30-m2830a1a0-0001\/#primaryimage","url":"https:\/\/galli.ch\/wp-content\/uploads\/tudor-m2830a1a0-0001.png","contentUrl":"https:\/\/galli.ch\/wp-content\/uploads\/tudor-m2830a1a0-0001.png","width":1000,"height":1400},{"@type":"BreadcrumbList","@id":"https:\/\/galli.ch\/uhren\/tudor\/royal\/30-m2830a1a0-0001\/#breadcrumb","itemListElement":[{"@type":"ListItem","position":1,"name":"Home","item":"https:\/\/galli.ch\/en\/"},{"@type":"ListItem","position":2,"name":"Uhren","item":"https:\/\/galli.ch\/en\/uhren\/"},{"@type":"ListItem","position":3,"name":"Tudor Royal 30"}]},{"@type":"WebSite","@id":"http:\/\/galli.ch\/en\/#website","url":"http:\/\/galli.ch\/en\/","name":"Galli Uhren Bijouterie","description":"","potentialAction":[{"@type":"SearchAction","target":{"@type":"EntryPoint","urlTemplate":"http:\/\/galli.ch\/en\/?s={search_term_string}"},"query-input":{"@type":"PropertyValueSpecification","valueRequired":true,"valueName":"search_term_string"}}],"inLanguage":"en-US"}]}},"_links":{"self":[{"href":"https:\/\/galli.ch\/en\/wp-json\/wp\/v2\/product\/51229","targetHints":{"allow":["GET"]}}],"collection":[{"href":"https:\/\/galli.ch\/en\/wp-json\/wp\/v2\/product"}],"about":[{"href":"https:\/\/galli.ch\/en\/wp-json\/wp\/v2\/types\/product"}],"wp:featuredmedia":[{"embeddable":true,"href":"https:\/\/galli.ch\/en\/wp-json\/wp\/v2\/media\/50912"}],"wp:attachment":[{"href":"https:\/\/galli.ch\/en\/wp-json\/wp\/v2\/media?parent=51229"}],"wp:term":[{"taxonomy":"product_brand","embeddable":true,"href":"https:\/\/galli.ch\/en\/wp-json\/wp\/v2\/product_brand?post=51229"},{"taxonomy":"product_cat","embeddable":true,"href":"https:\/\/galli.ch\/en\/wp-json\/wp\/v2\/product_cat?post=51229"},{"taxonomy":"product_tag","embeddable":true,"href":"https:\/\/galli.ch\/en\/wp-json\/wp\/v2\/product_tag?post=51229"}],"curies":[{"name":"wp","href":"https:\/\/api.w.org\/{rel}","templated":true}]}}