{"id":51288,"date":"2026-04-18T10:45:31","date_gmt":"2026-04-18T08:45:31","guid":{"rendered":"https:\/\/galli.ch\/?post_type=product&#038;p=51288"},"modified":"2026-04-18T10:47:40","modified_gmt":"2026-04-18T08:47:40","slug":"m2836c1a0-0104","status":"publish","type":"product","link":"https:\/\/galli.ch\/en\/uhren\/tudor\/royal\/m2836c1a0-0104\/","title":{"rendered":"Tudor Royal 36"},"content":{"rendered":"<p>Mit ihrem integrierten Metallarmband, das nahtlos in das Geh\u00e4use \u00fcbergeht, zeichnet sich die TUDOR Royal durch ein fliessendes und stilsicheres Design aus. Charakterisiert durch ihre drei breiten satinierten Bandelemente, zwischen denen zwei schmalere polierte Elemente positioniert sind, und ihre \u201eT-fit\u201c-Schliesse, betont die glatte Beschaffenheit ihrer Oberfl\u00e4chen die gro\u00dfe Aufmerksamkeit, die TUDOR dem Tragekomfort schenkt. Erh\u00e4ltlich in Edelstahl oder mit abwechselnden Elementen in Edelstahl und Gelbgold, sprechen die Modelle dieser Linie mit ihrer fein bearbeiteten Oberfl\u00e4che jeden Geschmack an.<\/p>\n","protected":false},"excerpt":{"rendered":"<p>Mit ihrem integrierten Metallarmband, das nahtlos in das Geh\u00e4use \u00fcbergeht, zeichnet sich die TUDOR Royal durch ein fliessendes und stilsicheres Design aus. Charakterisiert durch ihre drei breiten satinierten Bandelemente, zwischen denen zwei schmalere polierte Elemente positioniert sind, und ihre \u201eT-fit\u201c-Schliesse, betont die glatte Beschaffenheit ihrer Oberfl\u00e4chen die gro\u00dfe Aufmerksamkeit, die TUDOR dem Tragekomfort schenkt. Erh\u00e4ltlich&#8230;  <a class=\"excerpt-read-more\" href=\"https:\/\/galli.ch\/en\/uhren\/tudor\/royal\/m2836c1a0-0104\/\" title=\"Read Tudor Royal 36\">Weiter &raquo;<\/a><\/p>\n","protected":false},"featured_media":51036,"template":"","meta":{"_acf_changed":false,"inline_featured_image":false},"product_brand":[],"product_cat":[188],"product_tag":[],"class_list":{"0":"post-51288","1":"product","2":"type-product","3":"status-publish","4":"has-post-thumbnail","6":"uhrenhersteller-tudor","7":"uhrenhersteller-royal","8":"product_cat-uhren","10":"first","11":"outofstock","12":"taxable","13":"shipping-taxable","14":"purchasable","15":"product-type-simple"},"acf":[],"yoast_head":"<!-- This site is optimized with the Yoast SEO plugin v25.5 - https:\/\/yoast.com\/wordpress\/plugins\/seo\/ -->\n<title>Tudor Royal 36 - Galli Uhren Bijouterie<\/title>\n<meta name=\"robots\" content=\"index, follow, max-snippet:-1, max-image-preview:large, max-video-preview:-1\" \/>\n<link rel=\"canonical\" href=\"https:\/\/galli.ch\/uhren\/tudor\/royal\/m2836c1a0-0104\/\" \/>\n<meta property=\"og:locale\" content=\"en_US\" \/>\n<meta property=\"og:type\" content=\"article\" \/>\n<meta property=\"og:title\" content=\"Tudor Royal 36 - Galli Uhren Bijouterie\" \/>\n<meta property=\"og:description\" content=\"Mit ihrem integrierten Metallarmband, das nahtlos in das Geh\u00e4use \u00fcbergeht, zeichnet sich die TUDOR Royal durch ein fliessendes und stilsicheres Design aus. Charakterisiert durch ihre drei breiten satinierten Bandelemente, zwischen denen zwei schmalere polierte Elemente positioniert sind, und ihre \u201eT-fit\u201c-Schliesse, betont die glatte Beschaffenheit ihrer Oberfl\u00e4chen die gro\u00dfe Aufmerksamkeit, die TUDOR dem Tragekomfort schenkt. Erh\u00e4ltlich... Weiter &raquo;\" \/>\n<meta property=\"og:url\" content=\"https:\/\/galli.ch\/uhren\/tudor\/royal\/m2836c1a0-0104\/\" \/>\n<meta property=\"og:site_name\" content=\"Galli Uhren Bijouterie\" \/>\n<meta property=\"article:modified_time\" content=\"2026-04-18T08:47:40+00:00\" \/>\n<meta property=\"og:image\" content=\"https:\/\/galli.ch\/wp-content\/uploads\/tudor-m2836c1a0-0104.png\" \/>\n\t<meta property=\"og:image:width\" content=\"1000\" \/>\n\t<meta property=\"og:image:height\" content=\"1400\" \/>\n\t<meta property=\"og:image:type\" content=\"image\/png\" \/>\n<meta name=\"twitter:card\" content=\"summary_large_image\" \/>\n<script type=\"application\/ld+json\" class=\"yoast-schema-graph\">{\"@context\":\"https:\/\/schema.org\",\"@graph\":[{\"@type\":\"WebPage\",\"@id\":\"https:\/\/galli.ch\/uhren\/tudor\/royal\/m2836c1a0-0104\/\",\"url\":\"https:\/\/galli.ch\/uhren\/tudor\/royal\/m2836c1a0-0104\/\",\"name\":\"Tudor Royal 36 - Galli Uhren Bijouterie\",\"isPartOf\":{\"@id\":\"http:\/\/galli.ch\/en\/#website\"},\"primaryImageOfPage\":{\"@id\":\"https:\/\/galli.ch\/uhren\/tudor\/royal\/m2836c1a0-0104\/#primaryimage\"},\"image\":{\"@id\":\"https:\/\/galli.ch\/uhren\/tudor\/royal\/m2836c1a0-0104\/#primaryimage\"},\"thumbnailUrl\":\"https:\/\/galli.ch\/wp-content\/uploads\/tudor-m2836c1a0-0104.png\",\"datePublished\":\"2026-04-18T08:45:31+00:00\",\"dateModified\":\"2026-04-18T08:47:40+00:00\",\"breadcrumb\":{\"@id\":\"https:\/\/galli.ch\/uhren\/tudor\/royal\/m2836c1a0-0104\/#breadcrumb\"},\"inLanguage\":\"en-US\",\"potentialAction\":[{\"@type\":\"ReadAction\",\"target\":[\"https:\/\/galli.ch\/uhren\/tudor\/royal\/m2836c1a0-0104\/\"]}]},{\"@type\":\"ImageObject\",\"inLanguage\":\"en-US\",\"@id\":\"https:\/\/galli.ch\/uhren\/tudor\/royal\/m2836c1a0-0104\/#primaryimage\",\"url\":\"https:\/\/galli.ch\/wp-content\/uploads\/tudor-m2836c1a0-0104.png\",\"contentUrl\":\"https:\/\/galli.ch\/wp-content\/uploads\/tudor-m2836c1a0-0104.png\",\"width\":1000,\"height\":1400},{\"@type\":\"BreadcrumbList\",\"@id\":\"https:\/\/galli.ch\/uhren\/tudor\/royal\/m2836c1a0-0104\/#breadcrumb\",\"itemListElement\":[{\"@type\":\"ListItem\",\"position\":1,\"name\":\"Home\",\"item\":\"https:\/\/galli.ch\/en\/\"},{\"@type\":\"ListItem\",\"position\":2,\"name\":\"Uhren\",\"item\":\"https:\/\/galli.ch\/en\/uhren\/\"},{\"@type\":\"ListItem\",\"position\":3,\"name\":\"Tudor Royal 36\"}]},{\"@type\":\"WebSite\",\"@id\":\"http:\/\/galli.ch\/en\/#website\",\"url\":\"http:\/\/galli.ch\/en\/\",\"name\":\"Galli Uhren Bijouterie\",\"description\":\"\",\"potentialAction\":[{\"@type\":\"SearchAction\",\"target\":{\"@type\":\"EntryPoint\",\"urlTemplate\":\"http:\/\/galli.ch\/en\/?s={search_term_string}\"},\"query-input\":{\"@type\":\"PropertyValueSpecification\",\"valueRequired\":true,\"valueName\":\"search_term_string\"}}],\"inLanguage\":\"en-US\"}]}<\/script>\n<!-- \/ Yoast SEO plugin. -->","yoast_head_json":{"title":"Tudor Royal 36 - Galli Uhren Bijouterie","robots":{"index":"index","follow":"follow","max-snippet":"max-snippet:-1","max-image-preview":"max-image-preview:large","max-video-preview":"max-video-preview:-1"},"canonical":"https:\/\/galli.ch\/uhren\/tudor\/royal\/m2836c1a0-0104\/","og_locale":"en_US","og_type":"article","og_title":"Tudor Royal 36 - Galli Uhren Bijouterie","og_description":"Mit ihrem integrierten Metallarmband, das nahtlos in das Geh\u00e4use \u00fcbergeht, zeichnet sich die TUDOR Royal durch ein fliessendes und stilsicheres Design aus. Charakterisiert durch ihre drei breiten satinierten Bandelemente, zwischen denen zwei schmalere polierte Elemente positioniert sind, und ihre \u201eT-fit\u201c-Schliesse, betont die glatte Beschaffenheit ihrer Oberfl\u00e4chen die gro\u00dfe Aufmerksamkeit, die TUDOR dem Tragekomfort schenkt. Erh\u00e4ltlich... Weiter &raquo;","og_url":"https:\/\/galli.ch\/uhren\/tudor\/royal\/m2836c1a0-0104\/","og_site_name":"Galli Uhren Bijouterie","article_modified_time":"2026-04-18T08:47:40+00:00","og_image":[{"width":1000,"height":1400,"url":"https:\/\/galli.ch\/wp-content\/uploads\/tudor-m2836c1a0-0104.png","type":"image\/png"}],"twitter_card":"summary_large_image","schema":{"@context":"https:\/\/schema.org","@graph":[{"@type":"WebPage","@id":"https:\/\/galli.ch\/uhren\/tudor\/royal\/m2836c1a0-0104\/","url":"https:\/\/galli.ch\/uhren\/tudor\/royal\/m2836c1a0-0104\/","name":"Tudor Royal 36 - Galli Uhren Bijouterie","isPartOf":{"@id":"http:\/\/galli.ch\/en\/#website"},"primaryImageOfPage":{"@id":"https:\/\/galli.ch\/uhren\/tudor\/royal\/m2836c1a0-0104\/#primaryimage"},"image":{"@id":"https:\/\/galli.ch\/uhren\/tudor\/royal\/m2836c1a0-0104\/#primaryimage"},"thumbnailUrl":"https:\/\/galli.ch\/wp-content\/uploads\/tudor-m2836c1a0-0104.png","datePublished":"2026-04-18T08:45:31+00:00","dateModified":"2026-04-18T08:47:40+00:00","breadcrumb":{"@id":"https:\/\/galli.ch\/uhren\/tudor\/royal\/m2836c1a0-0104\/#breadcrumb"},"inLanguage":"en-US","potentialAction":[{"@type":"ReadAction","target":["https:\/\/galli.ch\/uhren\/tudor\/royal\/m2836c1a0-0104\/"]}]},{"@type":"ImageObject","inLanguage":"en-US","@id":"https:\/\/galli.ch\/uhren\/tudor\/royal\/m2836c1a0-0104\/#primaryimage","url":"https:\/\/galli.ch\/wp-content\/uploads\/tudor-m2836c1a0-0104.png","contentUrl":"https:\/\/galli.ch\/wp-content\/uploads\/tudor-m2836c1a0-0104.png","width":1000,"height":1400},{"@type":"BreadcrumbList","@id":"https:\/\/galli.ch\/uhren\/tudor\/royal\/m2836c1a0-0104\/#breadcrumb","itemListElement":[{"@type":"ListItem","position":1,"name":"Home","item":"https:\/\/galli.ch\/en\/"},{"@type":"ListItem","position":2,"name":"Uhren","item":"https:\/\/galli.ch\/en\/uhren\/"},{"@type":"ListItem","position":3,"name":"Tudor Royal 36"}]},{"@type":"WebSite","@id":"http:\/\/galli.ch\/en\/#website","url":"http:\/\/galli.ch\/en\/","name":"Galli Uhren Bijouterie","description":"","potentialAction":[{"@type":"SearchAction","target":{"@type":"EntryPoint","urlTemplate":"http:\/\/galli.ch\/en\/?s={search_term_string}"},"query-input":{"@type":"PropertyValueSpecification","valueRequired":true,"valueName":"search_term_string"}}],"inLanguage":"en-US"}]}},"_links":{"self":[{"href":"https:\/\/galli.ch\/en\/wp-json\/wp\/v2\/product\/51288","targetHints":{"allow":["GET"]}}],"collection":[{"href":"https:\/\/galli.ch\/en\/wp-json\/wp\/v2\/product"}],"about":[{"href":"https:\/\/galli.ch\/en\/wp-json\/wp\/v2\/types\/product"}],"wp:featuredmedia":[{"embeddable":true,"href":"https:\/\/galli.ch\/en\/wp-json\/wp\/v2\/media\/51036"}],"wp:attachment":[{"href":"https:\/\/galli.ch\/en\/wp-json\/wp\/v2\/media?parent=51288"}],"wp:term":[{"taxonomy":"product_brand","embeddable":true,"href":"https:\/\/galli.ch\/en\/wp-json\/wp\/v2\/product_brand?post=51288"},{"taxonomy":"product_cat","embeddable":true,"href":"https:\/\/galli.ch\/en\/wp-json\/wp\/v2\/product_cat?post=51288"},{"taxonomy":"product_tag","embeddable":true,"href":"https:\/\/galli.ch\/en\/wp-json\/wp\/v2\/product_tag?post=51288"}],"curies":[{"name":"wp","href":"https:\/\/api.w.org\/{rel}","templated":true}]}}