{"id":51308,"date":"2026-04-18T15:21:59","date_gmt":"2026-04-18T13:21:59","guid":{"rendered":"https:\/\/galli.ch\/?post_type=product&#038;p=51308"},"modified":"2026-04-18T18:14:12","modified_gmt":"2026-04-18T16:14:12","slug":"chronograph-ceratanium-iw371631","status":"publish","type":"product","link":"https:\/\/galli.ch\/en\/uhren\/iwc\/portugieser\/chronograph-ceratanium-iw371631\/","title":{"rendered":"IWC Portugieser Chronograph Ceratanium"},"content":{"rendered":"<p>Erleben Sie eine kreative Neuinterpretation: Der Portugieser Chronograph Ceratanium\u00ae bringt das innovative, mattschwarze High-Tech-Material erstmals in die legend\u00e4re Portugieser-Kollektion. Das monolithische Design besticht durch eine markant zur\u00fcckhaltende \u00c4sthetik. Vom tiefschwarzen Zifferblatt \u00fcber die passenden Appliken und Zeiger bis hin zum strukturierten Kautschukarmband \u2013 dieser Zeitmesser setzt neue Massst\u00e4be f\u00fcr All-Black-Uhren im Luxussegment.<\/p>\n<p>Weltweit auf 1500 Exemplare limitiert.<\/p>\n","protected":false},"excerpt":{"rendered":"<p>Erleben Sie eine kreative Neuinterpretation: Der Portugieser Chronograph Ceratanium\u00ae bringt das innovative, mattschwarze High-Tech-Material erstmals in die legend\u00e4re Portugieser-Kollektion. Das monolithische Design besticht durch eine markant zur\u00fcckhaltende \u00c4sthetik. Vom tiefschwarzen Zifferblatt \u00fcber die passenden Appliken und Zeiger bis hin zum strukturierten Kautschukarmband \u2013 dieser Zeitmesser setzt neue Massst\u00e4be f\u00fcr All-Black-Uhren im Luxussegment. Weltweit auf 1500&#8230;  <a class=\"excerpt-read-more\" href=\"https:\/\/galli.ch\/en\/uhren\/iwc\/portugieser\/chronograph-ceratanium-iw371631\/\" title=\"Read IWC Portugieser Chronograph Ceratanium\">Weiter &raquo;<\/a><\/p>\n","protected":false},"featured_media":50742,"template":"","meta":{"_acf_changed":false,"inline_featured_image":false},"product_brand":[],"product_cat":[188],"product_tag":[],"class_list":{"0":"post-51308","1":"product","2":"type-product","3":"status-publish","4":"has-post-thumbnail","6":"uhrenhersteller-iwc","7":"uhrenhersteller-portugieser","8":"product_cat-uhren","10":"first","11":"instock","12":"taxable","13":"shipping-taxable","14":"purchasable","15":"product-type-simple"},"acf":[],"yoast_head":"<!-- This site is optimized with the Yoast SEO plugin v25.5 - https:\/\/yoast.com\/wordpress\/plugins\/seo\/ -->\n<title>IWC Portugieser Chronograph Ceratanium - Galli Uhren Bijouterie<\/title>\n<meta name=\"robots\" content=\"index, follow, max-snippet:-1, max-image-preview:large, max-video-preview:-1\" \/>\n<link rel=\"canonical\" href=\"https:\/\/galli.ch\/uhren\/iwc\/portugieser\/chronograph-ceratanium-iw371631\/\" \/>\n<meta property=\"og:locale\" content=\"en_US\" \/>\n<meta property=\"og:type\" content=\"article\" \/>\n<meta property=\"og:title\" content=\"IWC Portugieser Chronograph Ceratanium - Galli Uhren Bijouterie\" \/>\n<meta property=\"og:description\" content=\"Erleben Sie eine kreative Neuinterpretation: Der Portugieser Chronograph Ceratanium\u00ae bringt das innovative, mattschwarze High-Tech-Material erstmals in die legend\u00e4re Portugieser-Kollektion. Das monolithische Design besticht durch eine markant zur\u00fcckhaltende \u00c4sthetik. Vom tiefschwarzen Zifferblatt \u00fcber die passenden Appliken und Zeiger bis hin zum strukturierten Kautschukarmband \u2013 dieser Zeitmesser setzt neue Massst\u00e4be f\u00fcr All-Black-Uhren im Luxussegment. Weltweit auf 1500... Weiter &raquo;\" \/>\n<meta property=\"og:url\" content=\"https:\/\/galli.ch\/uhren\/iwc\/portugieser\/chronograph-ceratanium-iw371631\/\" \/>\n<meta property=\"og:site_name\" content=\"Galli Uhren Bijouterie\" \/>\n<meta property=\"article:modified_time\" content=\"2026-04-18T16:14:12+00:00\" \/>\n<meta property=\"og:image\" content=\"https:\/\/galli.ch\/wp-content\/uploads\/6e3914ec3a4d8c69c39d0f2c8c75681657518135.png\" \/>\n\t<meta property=\"og:image:width\" content=\"1000\" \/>\n\t<meta property=\"og:image:height\" content=\"1400\" \/>\n\t<meta property=\"og:image:type\" content=\"image\/png\" \/>\n<meta name=\"twitter:card\" content=\"summary_large_image\" \/>\n<script type=\"application\/ld+json\" class=\"yoast-schema-graph\">{\"@context\":\"https:\/\/schema.org\",\"@graph\":[{\"@type\":\"WebPage\",\"@id\":\"https:\/\/galli.ch\/uhren\/iwc\/portugieser\/chronograph-ceratanium-iw371631\/\",\"url\":\"https:\/\/galli.ch\/uhren\/iwc\/portugieser\/chronograph-ceratanium-iw371631\/\",\"name\":\"IWC Portugieser Chronograph Ceratanium - Galli Uhren Bijouterie\",\"isPartOf\":{\"@id\":\"http:\/\/galli.ch\/en\/#website\"},\"primaryImageOfPage\":{\"@id\":\"https:\/\/galli.ch\/uhren\/iwc\/portugieser\/chronograph-ceratanium-iw371631\/#primaryimage\"},\"image\":{\"@id\":\"https:\/\/galli.ch\/uhren\/iwc\/portugieser\/chronograph-ceratanium-iw371631\/#primaryimage\"},\"thumbnailUrl\":\"https:\/\/galli.ch\/wp-content\/uploads\/6e3914ec3a4d8c69c39d0f2c8c75681657518135.png\",\"datePublished\":\"2026-04-18T13:21:59+00:00\",\"dateModified\":\"2026-04-18T16:14:12+00:00\",\"breadcrumb\":{\"@id\":\"https:\/\/galli.ch\/uhren\/iwc\/portugieser\/chronograph-ceratanium-iw371631\/#breadcrumb\"},\"inLanguage\":\"en-US\",\"potentialAction\":[{\"@type\":\"ReadAction\",\"target\":[\"https:\/\/galli.ch\/uhren\/iwc\/portugieser\/chronograph-ceratanium-iw371631\/\"]}]},{\"@type\":\"ImageObject\",\"inLanguage\":\"en-US\",\"@id\":\"https:\/\/galli.ch\/uhren\/iwc\/portugieser\/chronograph-ceratanium-iw371631\/#primaryimage\",\"url\":\"https:\/\/galli.ch\/wp-content\/uploads\/6e3914ec3a4d8c69c39d0f2c8c75681657518135.png\",\"contentUrl\":\"https:\/\/galli.ch\/wp-content\/uploads\/6e3914ec3a4d8c69c39d0f2c8c75681657518135.png\",\"width\":1000,\"height\":1400,\"caption\":\"iwc-portugieser-ceratanium-41\"},{\"@type\":\"BreadcrumbList\",\"@id\":\"https:\/\/galli.ch\/uhren\/iwc\/portugieser\/chronograph-ceratanium-iw371631\/#breadcrumb\",\"itemListElement\":[{\"@type\":\"ListItem\",\"position\":1,\"name\":\"Home\",\"item\":\"https:\/\/galli.ch\/en\/\"},{\"@type\":\"ListItem\",\"position\":2,\"name\":\"Uhren\",\"item\":\"https:\/\/galli.ch\/en\/uhren\/\"},{\"@type\":\"ListItem\",\"position\":3,\"name\":\"IWC Portugieser Chronograph Ceratanium\"}]},{\"@type\":\"WebSite\",\"@id\":\"http:\/\/galli.ch\/en\/#website\",\"url\":\"http:\/\/galli.ch\/en\/\",\"name\":\"Galli Uhren Bijouterie\",\"description\":\"\",\"potentialAction\":[{\"@type\":\"SearchAction\",\"target\":{\"@type\":\"EntryPoint\",\"urlTemplate\":\"http:\/\/galli.ch\/en\/?s={search_term_string}\"},\"query-input\":{\"@type\":\"PropertyValueSpecification\",\"valueRequired\":true,\"valueName\":\"search_term_string\"}}],\"inLanguage\":\"en-US\"}]}<\/script>\n<!-- \/ Yoast SEO plugin. -->","yoast_head_json":{"title":"IWC Portugieser Chronograph Ceratanium - Galli Uhren Bijouterie","robots":{"index":"index","follow":"follow","max-snippet":"max-snippet:-1","max-image-preview":"max-image-preview:large","max-video-preview":"max-video-preview:-1"},"canonical":"https:\/\/galli.ch\/uhren\/iwc\/portugieser\/chronograph-ceratanium-iw371631\/","og_locale":"en_US","og_type":"article","og_title":"IWC Portugieser Chronograph Ceratanium - Galli Uhren Bijouterie","og_description":"Erleben Sie eine kreative Neuinterpretation: Der Portugieser Chronograph Ceratanium\u00ae bringt das innovative, mattschwarze High-Tech-Material erstmals in die legend\u00e4re Portugieser-Kollektion. Das monolithische Design besticht durch eine markant zur\u00fcckhaltende \u00c4sthetik. Vom tiefschwarzen Zifferblatt \u00fcber die passenden Appliken und Zeiger bis hin zum strukturierten Kautschukarmband \u2013 dieser Zeitmesser setzt neue Massst\u00e4be f\u00fcr All-Black-Uhren im Luxussegment. Weltweit auf 1500... Weiter &raquo;","og_url":"https:\/\/galli.ch\/uhren\/iwc\/portugieser\/chronograph-ceratanium-iw371631\/","og_site_name":"Galli Uhren Bijouterie","article_modified_time":"2026-04-18T16:14:12+00:00","og_image":[{"width":1000,"height":1400,"url":"https:\/\/galli.ch\/wp-content\/uploads\/6e3914ec3a4d8c69c39d0f2c8c75681657518135.png","type":"image\/png"}],"twitter_card":"summary_large_image","schema":{"@context":"https:\/\/schema.org","@graph":[{"@type":"WebPage","@id":"https:\/\/galli.ch\/uhren\/iwc\/portugieser\/chronograph-ceratanium-iw371631\/","url":"https:\/\/galli.ch\/uhren\/iwc\/portugieser\/chronograph-ceratanium-iw371631\/","name":"IWC Portugieser Chronograph Ceratanium - Galli Uhren Bijouterie","isPartOf":{"@id":"http:\/\/galli.ch\/en\/#website"},"primaryImageOfPage":{"@id":"https:\/\/galli.ch\/uhren\/iwc\/portugieser\/chronograph-ceratanium-iw371631\/#primaryimage"},"image":{"@id":"https:\/\/galli.ch\/uhren\/iwc\/portugieser\/chronograph-ceratanium-iw371631\/#primaryimage"},"thumbnailUrl":"https:\/\/galli.ch\/wp-content\/uploads\/6e3914ec3a4d8c69c39d0f2c8c75681657518135.png","datePublished":"2026-04-18T13:21:59+00:00","dateModified":"2026-04-18T16:14:12+00:00","breadcrumb":{"@id":"https:\/\/galli.ch\/uhren\/iwc\/portugieser\/chronograph-ceratanium-iw371631\/#breadcrumb"},"inLanguage":"en-US","potentialAction":[{"@type":"ReadAction","target":["https:\/\/galli.ch\/uhren\/iwc\/portugieser\/chronograph-ceratanium-iw371631\/"]}]},{"@type":"ImageObject","inLanguage":"en-US","@id":"https:\/\/galli.ch\/uhren\/iwc\/portugieser\/chronograph-ceratanium-iw371631\/#primaryimage","url":"https:\/\/galli.ch\/wp-content\/uploads\/6e3914ec3a4d8c69c39d0f2c8c75681657518135.png","contentUrl":"https:\/\/galli.ch\/wp-content\/uploads\/6e3914ec3a4d8c69c39d0f2c8c75681657518135.png","width":1000,"height":1400,"caption":"iwc-portugieser-ceratanium-41"},{"@type":"BreadcrumbList","@id":"https:\/\/galli.ch\/uhren\/iwc\/portugieser\/chronograph-ceratanium-iw371631\/#breadcrumb","itemListElement":[{"@type":"ListItem","position":1,"name":"Home","item":"https:\/\/galli.ch\/en\/"},{"@type":"ListItem","position":2,"name":"Uhren","item":"https:\/\/galli.ch\/en\/uhren\/"},{"@type":"ListItem","position":3,"name":"IWC Portugieser Chronograph Ceratanium"}]},{"@type":"WebSite","@id":"http:\/\/galli.ch\/en\/#website","url":"http:\/\/galli.ch\/en\/","name":"Galli Uhren Bijouterie","description":"","potentialAction":[{"@type":"SearchAction","target":{"@type":"EntryPoint","urlTemplate":"http:\/\/galli.ch\/en\/?s={search_term_string}"},"query-input":{"@type":"PropertyValueSpecification","valueRequired":true,"valueName":"search_term_string"}}],"inLanguage":"en-US"}]}},"_links":{"self":[{"href":"https:\/\/galli.ch\/en\/wp-json\/wp\/v2\/product\/51308","targetHints":{"allow":["GET"]}}],"collection":[{"href":"https:\/\/galli.ch\/en\/wp-json\/wp\/v2\/product"}],"about":[{"href":"https:\/\/galli.ch\/en\/wp-json\/wp\/v2\/types\/product"}],"wp:featuredmedia":[{"embeddable":true,"href":"https:\/\/galli.ch\/en\/wp-json\/wp\/v2\/media\/50742"}],"wp:attachment":[{"href":"https:\/\/galli.ch\/en\/wp-json\/wp\/v2\/media?parent=51308"}],"wp:term":[{"taxonomy":"product_brand","embeddable":true,"href":"https:\/\/galli.ch\/en\/wp-json\/wp\/v2\/product_brand?post=51308"},{"taxonomy":"product_cat","embeddable":true,"href":"https:\/\/galli.ch\/en\/wp-json\/wp\/v2\/product_cat?post=51308"},{"taxonomy":"product_tag","embeddable":true,"href":"https:\/\/galli.ch\/en\/wp-json\/wp\/v2\/product_tag?post=51308"}],"curies":[{"name":"wp","href":"https:\/\/api.w.org\/{rel}","templated":true}]}}