{"id":5146,"date":"2019-05-29T14:18:39","date_gmt":"2019-05-29T12:18:39","guid":{"rendered":"http:\/\/galli.ch\/?post_type=uhren&#038;p=5146"},"modified":"2026-04-20T18:10:27","modified_gmt":"2026-04-20T16:10:27","slug":"ai6058-ss002-330-1-3","status":"publish","type":"product","link":"https:\/\/galli.ch\/en\/uhren\/maurice-lacroix\/aikon\/ai6058-ss002-330-1-3\/","title":{"rendered":"Maurice Lacroix AIKON Venturer Automatic"},"content":{"rendered":"<p>Das AIKON Konzept nimmt eine neue Form an. Nach der AIKON Quarz im Jahr 2016 und den Automatikmodellen im Jahr 2018 pr\u00e4sentiert Maurice Lacroix die AIKON Venturer. Diese zeichnet sich in puncto Komfort, Design und Optik durch all die Eigenschaften aus, die den Geist der AIKON ausmachen. Ein widerstandsf\u00e4higer und moderner Zeitmesser, der f\u00fcr das Leben von aktiven Menschen in Grossst\u00e4dten konzipiert ist.<\/p>\n<p>Mit der AIKON Venturer sind moderne Abenteurer f\u00fcr alle Herausforderungen des Alltags ger\u00fcstet. Robust, \u00fcbersichtlich, bequem \u2013 ihr raffiniertes Design zeugt von einer wahren AIKON. Der 43 mm grosse und bis 300 Meter wasserdichte Zeitmesser aus Edelstahl ist eine sehr sportliche und schicke Uhr, die sich jedem Tag und jeder Situation anpasst.<\/p>\n","protected":false},"excerpt":{"rendered":"<p>Das AIKON Konzept nimmt eine neue Form an. Nach der AIKON Quarz im Jahr 2016 und den Automatikmodellen im Jahr 2018 pr\u00e4sentiert Maurice Lacroix die AIKON Venturer. Diese zeichnet sich in puncto Komfort, Design und Optik durch all die Eigenschaften aus, die den Geist der AIKON ausmachen. Ein widerstandsf\u00e4higer und moderner Zeitmesser, der f\u00fcr das&#8230;  <a class=\"excerpt-read-more\" href=\"https:\/\/galli.ch\/en\/uhren\/maurice-lacroix\/aikon\/ai6058-ss002-330-1-3\/\" title=\"Read Maurice Lacroix AIKON Venturer Automatic\">Weiter &raquo;<\/a><\/p>\n","protected":false},"featured_media":5139,"template":"","meta":{"_acf_changed":false,"inline_featured_image":false},"product_brand":[],"product_cat":[188],"product_tag":[],"class_list":{"0":"post-5146","1":"product","2":"type-product","3":"status-publish","4":"has-post-thumbnail","6":"uhrenhersteller-maurice-lacroix","7":"uhrenhersteller-aikon","8":"product_cat-uhren","10":"first","11":"instock","12":"taxable","13":"shipping-taxable","14":"purchasable","15":"product-type-simple"},"acf":[],"yoast_head":"<!-- This site is optimized with the Yoast SEO plugin v25.5 - https:\/\/yoast.com\/wordpress\/plugins\/seo\/ -->\n<title>Maurice Lacroix AIKON Venturer Automatic - Galli Uhren Bijouterie<\/title>\n<meta name=\"robots\" content=\"index, follow, max-snippet:-1, max-image-preview:large, max-video-preview:-1\" \/>\n<link rel=\"canonical\" href=\"https:\/\/galli.ch\/uhren\/maurice-lacroix\/aikon\/ai6058-ss002-330-1-3\/\" \/>\n<meta property=\"og:locale\" content=\"en_US\" \/>\n<meta property=\"og:type\" content=\"article\" \/>\n<meta property=\"og:title\" content=\"Maurice Lacroix AIKON Venturer Automatic - Galli Uhren Bijouterie\" \/>\n<meta property=\"og:description\" content=\"Das AIKON Konzept nimmt eine neue Form an. Nach der AIKON Quarz im Jahr 2016 und den Automatikmodellen im Jahr 2018 pr\u00e4sentiert Maurice Lacroix die AIKON Venturer. Diese zeichnet sich in puncto Komfort, Design und Optik durch all die Eigenschaften aus, die den Geist der AIKON ausmachen. Ein widerstandsf\u00e4higer und moderner Zeitmesser, der f\u00fcr das... Weiter &raquo;\" \/>\n<meta property=\"og:url\" content=\"https:\/\/galli.ch\/uhren\/maurice-lacroix\/aikon\/ai6058-ss002-330-1-3\/\" \/>\n<meta property=\"og:site_name\" content=\"Galli Uhren Bijouterie\" \/>\n<meta property=\"article:modified_time\" content=\"2026-04-20T16:10:27+00:00\" \/>\n<meta property=\"og:image\" content=\"https:\/\/galli.ch\/wp-content\/uploads\/AI6058-SS002-330-1.png\" \/>\n\t<meta property=\"og:image:width\" content=\"1000\" \/>\n\t<meta property=\"og:image:height\" content=\"1400\" \/>\n\t<meta property=\"og:image:type\" content=\"image\/png\" \/>\n<meta name=\"twitter:card\" content=\"summary_large_image\" \/>\n<script type=\"application\/ld+json\" class=\"yoast-schema-graph\">{\"@context\":\"https:\/\/schema.org\",\"@graph\":[{\"@type\":\"WebPage\",\"@id\":\"https:\/\/galli.ch\/uhren\/maurice-lacroix\/aikon\/ai6058-ss002-330-1-3\/\",\"url\":\"https:\/\/galli.ch\/uhren\/maurice-lacroix\/aikon\/ai6058-ss002-330-1-3\/\",\"name\":\"Maurice Lacroix AIKON Venturer Automatic - Galli Uhren Bijouterie\",\"isPartOf\":{\"@id\":\"http:\/\/galli.ch\/en\/#website\"},\"primaryImageOfPage\":{\"@id\":\"https:\/\/galli.ch\/uhren\/maurice-lacroix\/aikon\/ai6058-ss002-330-1-3\/#primaryimage\"},\"image\":{\"@id\":\"https:\/\/galli.ch\/uhren\/maurice-lacroix\/aikon\/ai6058-ss002-330-1-3\/#primaryimage\"},\"thumbnailUrl\":\"https:\/\/galli.ch\/wp-content\/uploads\/AI6058-SS002-330-1.png\",\"datePublished\":\"2019-05-29T12:18:39+00:00\",\"dateModified\":\"2026-04-20T16:10:27+00:00\",\"breadcrumb\":{\"@id\":\"https:\/\/galli.ch\/uhren\/maurice-lacroix\/aikon\/ai6058-ss002-330-1-3\/#breadcrumb\"},\"inLanguage\":\"en-US\",\"potentialAction\":[{\"@type\":\"ReadAction\",\"target\":[\"https:\/\/galli.ch\/uhren\/maurice-lacroix\/aikon\/ai6058-ss002-330-1-3\/\"]}]},{\"@type\":\"ImageObject\",\"inLanguage\":\"en-US\",\"@id\":\"https:\/\/galli.ch\/uhren\/maurice-lacroix\/aikon\/ai6058-ss002-330-1-3\/#primaryimage\",\"url\":\"https:\/\/galli.ch\/wp-content\/uploads\/AI6058-SS002-330-1.png\",\"contentUrl\":\"https:\/\/galli.ch\/wp-content\/uploads\/AI6058-SS002-330-1.png\",\"width\":1000,\"height\":1400,\"caption\":\"Maurice Lacroix AIKON Automatic\"},{\"@type\":\"BreadcrumbList\",\"@id\":\"https:\/\/galli.ch\/uhren\/maurice-lacroix\/aikon\/ai6058-ss002-330-1-3\/#breadcrumb\",\"itemListElement\":[{\"@type\":\"ListItem\",\"position\":1,\"name\":\"Home\",\"item\":\"https:\/\/galli.ch\/en\/\"},{\"@type\":\"ListItem\",\"position\":2,\"name\":\"Uhren\",\"item\":\"https:\/\/galli.ch\/en\/uhren\/\"},{\"@type\":\"ListItem\",\"position\":3,\"name\":\"Maurice Lacroix AIKON Venturer Automatic\"}]},{\"@type\":\"WebSite\",\"@id\":\"http:\/\/galli.ch\/en\/#website\",\"url\":\"http:\/\/galli.ch\/en\/\",\"name\":\"Galli Uhren Bijouterie\",\"description\":\"\",\"potentialAction\":[{\"@type\":\"SearchAction\",\"target\":{\"@type\":\"EntryPoint\",\"urlTemplate\":\"http:\/\/galli.ch\/en\/?s={search_term_string}\"},\"query-input\":{\"@type\":\"PropertyValueSpecification\",\"valueRequired\":true,\"valueName\":\"search_term_string\"}}],\"inLanguage\":\"en-US\"}]}<\/script>\n<!-- \/ Yoast SEO plugin. -->","yoast_head_json":{"title":"Maurice Lacroix AIKON Venturer Automatic - Galli Uhren Bijouterie","robots":{"index":"index","follow":"follow","max-snippet":"max-snippet:-1","max-image-preview":"max-image-preview:large","max-video-preview":"max-video-preview:-1"},"canonical":"https:\/\/galli.ch\/uhren\/maurice-lacroix\/aikon\/ai6058-ss002-330-1-3\/","og_locale":"en_US","og_type":"article","og_title":"Maurice Lacroix AIKON Venturer Automatic - Galli Uhren Bijouterie","og_description":"Das AIKON Konzept nimmt eine neue Form an. Nach der AIKON Quarz im Jahr 2016 und den Automatikmodellen im Jahr 2018 pr\u00e4sentiert Maurice Lacroix die AIKON Venturer. Diese zeichnet sich in puncto Komfort, Design und Optik durch all die Eigenschaften aus, die den Geist der AIKON ausmachen. Ein widerstandsf\u00e4higer und moderner Zeitmesser, der f\u00fcr das... Weiter &raquo;","og_url":"https:\/\/galli.ch\/uhren\/maurice-lacroix\/aikon\/ai6058-ss002-330-1-3\/","og_site_name":"Galli Uhren Bijouterie","article_modified_time":"2026-04-20T16:10:27+00:00","og_image":[{"width":1000,"height":1400,"url":"https:\/\/galli.ch\/wp-content\/uploads\/AI6058-SS002-330-1.png","type":"image\/png"}],"twitter_card":"summary_large_image","schema":{"@context":"https:\/\/schema.org","@graph":[{"@type":"WebPage","@id":"https:\/\/galli.ch\/uhren\/maurice-lacroix\/aikon\/ai6058-ss002-330-1-3\/","url":"https:\/\/galli.ch\/uhren\/maurice-lacroix\/aikon\/ai6058-ss002-330-1-3\/","name":"Maurice Lacroix AIKON Venturer Automatic - Galli Uhren Bijouterie","isPartOf":{"@id":"http:\/\/galli.ch\/en\/#website"},"primaryImageOfPage":{"@id":"https:\/\/galli.ch\/uhren\/maurice-lacroix\/aikon\/ai6058-ss002-330-1-3\/#primaryimage"},"image":{"@id":"https:\/\/galli.ch\/uhren\/maurice-lacroix\/aikon\/ai6058-ss002-330-1-3\/#primaryimage"},"thumbnailUrl":"https:\/\/galli.ch\/wp-content\/uploads\/AI6058-SS002-330-1.png","datePublished":"2019-05-29T12:18:39+00:00","dateModified":"2026-04-20T16:10:27+00:00","breadcrumb":{"@id":"https:\/\/galli.ch\/uhren\/maurice-lacroix\/aikon\/ai6058-ss002-330-1-3\/#breadcrumb"},"inLanguage":"en-US","potentialAction":[{"@type":"ReadAction","target":["https:\/\/galli.ch\/uhren\/maurice-lacroix\/aikon\/ai6058-ss002-330-1-3\/"]}]},{"@type":"ImageObject","inLanguage":"en-US","@id":"https:\/\/galli.ch\/uhren\/maurice-lacroix\/aikon\/ai6058-ss002-330-1-3\/#primaryimage","url":"https:\/\/galli.ch\/wp-content\/uploads\/AI6058-SS002-330-1.png","contentUrl":"https:\/\/galli.ch\/wp-content\/uploads\/AI6058-SS002-330-1.png","width":1000,"height":1400,"caption":"Maurice Lacroix AIKON Automatic"},{"@type":"BreadcrumbList","@id":"https:\/\/galli.ch\/uhren\/maurice-lacroix\/aikon\/ai6058-ss002-330-1-3\/#breadcrumb","itemListElement":[{"@type":"ListItem","position":1,"name":"Home","item":"https:\/\/galli.ch\/en\/"},{"@type":"ListItem","position":2,"name":"Uhren","item":"https:\/\/galli.ch\/en\/uhren\/"},{"@type":"ListItem","position":3,"name":"Maurice Lacroix AIKON Venturer Automatic"}]},{"@type":"WebSite","@id":"http:\/\/galli.ch\/en\/#website","url":"http:\/\/galli.ch\/en\/","name":"Galli Uhren Bijouterie","description":"","potentialAction":[{"@type":"SearchAction","target":{"@type":"EntryPoint","urlTemplate":"http:\/\/galli.ch\/en\/?s={search_term_string}"},"query-input":{"@type":"PropertyValueSpecification","valueRequired":true,"valueName":"search_term_string"}}],"inLanguage":"en-US"}]}},"_links":{"self":[{"href":"https:\/\/galli.ch\/en\/wp-json\/wp\/v2\/product\/5146","targetHints":{"allow":["GET"]}}],"collection":[{"href":"https:\/\/galli.ch\/en\/wp-json\/wp\/v2\/product"}],"about":[{"href":"https:\/\/galli.ch\/en\/wp-json\/wp\/v2\/types\/product"}],"wp:featuredmedia":[{"embeddable":true,"href":"https:\/\/galli.ch\/en\/wp-json\/wp\/v2\/media\/5139"}],"wp:attachment":[{"href":"https:\/\/galli.ch\/en\/wp-json\/wp\/v2\/media?parent=5146"}],"wp:term":[{"taxonomy":"product_brand","embeddable":true,"href":"https:\/\/galli.ch\/en\/wp-json\/wp\/v2\/product_brand?post=5146"},{"taxonomy":"product_cat","embeddable":true,"href":"https:\/\/galli.ch\/en\/wp-json\/wp\/v2\/product_cat?post=5146"},{"taxonomy":"product_tag","embeddable":true,"href":"https:\/\/galli.ch\/en\/wp-json\/wp\/v2\/product_tag?post=5146"}],"curies":[{"name":"wp","href":"https:\/\/api.w.org\/{rel}","templated":true}]}}