{"id":51694,"date":"2026-05-06T15:04:20","date_gmt":"2026-05-06T13:04:20","guid":{"rendered":"https:\/\/galli.ch\/?post_type=product&#038;p=51694"},"modified":"2026-05-12T14:58:34","modified_gmt":"2026-05-12T12:58:34","slug":"gravee-main-34237ga82-bvag170","status":"publish","type":"product","link":"https:\/\/galli.ch\/en\/uhren\/louis-erard\/noirmont-metiers-dart\/gravee-main-34237ga82-bvag170\/","title":{"rendered":"Louis Erard Grav\u00e9e Main"},"content":{"rendered":"<p>Louis Erard Grav\u00e9e Main setzt einen neuen Meilenstein der M\u00e9tiers d\u2019Art Kollektion. Die auf 99 St\u00fcck limitierte Serie begeistert mit aufwendiger Handgravur \u2013 vom Geh\u00e4use bis zur Schlie\u00dfe, in \u00fcber 50 Stunden gefertigt. Jede Uhr ist ein Unikat mit individueller Struktur und verk\u00f6rpert h\u00f6chste Schweizer Handwerkskunst am Handgelenk.<\/p>\n","protected":false},"excerpt":{"rendered":"<p>Louis Erard Grav\u00e9e Main setzt einen neuen Meilenstein der M\u00e9tiers d\u2019Art Kollektion. Die auf 99 St\u00fcck limitierte Serie begeistert mit aufwendiger Handgravur \u2013 vom Geh\u00e4use bis zur Schlie\u00dfe, in \u00fcber 50 Stunden gefertigt. Jede Uhr ist ein Unikat mit individueller Struktur und verk\u00f6rpert h\u00f6chste Schweizer Handwerkskunst am Handgelenk.<\/p>\n","protected":false},"featured_media":51458,"template":"","meta":{"_acf_changed":false,"inline_featured_image":false},"product_brand":[],"product_cat":[188],"product_tag":[],"class_list":{"0":"post-51694","1":"product","2":"type-product","3":"status-publish","4":"has-post-thumbnail","6":"uhrenhersteller-louis-erard","7":"uhrenhersteller-noirmont-metiers-dart","8":"product_cat-uhren","10":"first","11":"outofstock","12":"taxable","13":"shipping-taxable","14":"purchasable","15":"product-type-simple"},"acf":[],"yoast_head":"<!-- This site is optimized with the Yoast SEO plugin v25.5 - https:\/\/yoast.com\/wordpress\/plugins\/seo\/ -->\n<title>Louis Erard Grav\u00e9e Main - Galli Uhren Bijouterie<\/title>\n<meta name=\"robots\" content=\"index, follow, max-snippet:-1, max-image-preview:large, max-video-preview:-1\" \/>\n<link rel=\"canonical\" href=\"https:\/\/galli.ch\/uhren\/louis-erard\/noirmont-metiers-dart\/gravee-main-34237ga82-bvag170\/\" \/>\n<meta property=\"og:locale\" content=\"en_US\" \/>\n<meta property=\"og:type\" content=\"article\" \/>\n<meta property=\"og:title\" content=\"Louis Erard Grav\u00e9e Main - Galli Uhren Bijouterie\" \/>\n<meta property=\"og:description\" content=\"Louis Erard Grav\u00e9e Main setzt einen neuen Meilenstein der M\u00e9tiers d\u2019Art Kollektion. Die auf 99 St\u00fcck limitierte Serie begeistert mit aufwendiger Handgravur \u2013 vom Geh\u00e4use bis zur Schlie\u00dfe, in \u00fcber 50 Stunden gefertigt. Jede Uhr ist ein Unikat mit individueller Struktur und verk\u00f6rpert h\u00f6chste Schweizer Handwerkskunst am Handgelenk.\" \/>\n<meta property=\"og:url\" content=\"https:\/\/galli.ch\/uhren\/louis-erard\/noirmont-metiers-dart\/gravee-main-34237ga82-bvag170\/\" \/>\n<meta property=\"og:site_name\" content=\"Galli Uhren Bijouterie\" \/>\n<meta property=\"article:modified_time\" content=\"2026-05-12T12:58:34+00:00\" \/>\n<meta property=\"og:image\" content=\"https:\/\/galli.ch\/wp-content\/uploads\/34237GA82-BVAG170.png\" \/>\n\t<meta property=\"og:image:width\" content=\"1000\" \/>\n\t<meta property=\"og:image:height\" content=\"1400\" \/>\n\t<meta property=\"og:image:type\" content=\"image\/png\" \/>\n<meta name=\"twitter:card\" content=\"summary_large_image\" \/>\n<script type=\"application\/ld+json\" class=\"yoast-schema-graph\">{\"@context\":\"https:\/\/schema.org\",\"@graph\":[{\"@type\":\"WebPage\",\"@id\":\"https:\/\/galli.ch\/uhren\/louis-erard\/noirmont-metiers-dart\/gravee-main-34237ga82-bvag170\/\",\"url\":\"https:\/\/galli.ch\/uhren\/louis-erard\/noirmont-metiers-dart\/gravee-main-34237ga82-bvag170\/\",\"name\":\"Louis Erard Grav\u00e9e Main - Galli Uhren Bijouterie\",\"isPartOf\":{\"@id\":\"http:\/\/galli.ch\/en\/#website\"},\"primaryImageOfPage\":{\"@id\":\"https:\/\/galli.ch\/uhren\/louis-erard\/noirmont-metiers-dart\/gravee-main-34237ga82-bvag170\/#primaryimage\"},\"image\":{\"@id\":\"https:\/\/galli.ch\/uhren\/louis-erard\/noirmont-metiers-dart\/gravee-main-34237ga82-bvag170\/#primaryimage\"},\"thumbnailUrl\":\"https:\/\/galli.ch\/wp-content\/uploads\/34237GA82-BVAG170.png\",\"datePublished\":\"2026-05-06T13:04:20+00:00\",\"dateModified\":\"2026-05-12T12:58:34+00:00\",\"breadcrumb\":{\"@id\":\"https:\/\/galli.ch\/uhren\/louis-erard\/noirmont-metiers-dart\/gravee-main-34237ga82-bvag170\/#breadcrumb\"},\"inLanguage\":\"en-US\",\"potentialAction\":[{\"@type\":\"ReadAction\",\"target\":[\"https:\/\/galli.ch\/uhren\/louis-erard\/noirmont-metiers-dart\/gravee-main-34237ga82-bvag170\/\"]}]},{\"@type\":\"ImageObject\",\"inLanguage\":\"en-US\",\"@id\":\"https:\/\/galli.ch\/uhren\/louis-erard\/noirmont-metiers-dart\/gravee-main-34237ga82-bvag170\/#primaryimage\",\"url\":\"https:\/\/galli.ch\/wp-content\/uploads\/34237GA82-BVAG170.png\",\"contentUrl\":\"https:\/\/galli.ch\/wp-content\/uploads\/34237GA82-BVAG170.png\",\"width\":1000,\"height\":1400},{\"@type\":\"BreadcrumbList\",\"@id\":\"https:\/\/galli.ch\/uhren\/louis-erard\/noirmont-metiers-dart\/gravee-main-34237ga82-bvag170\/#breadcrumb\",\"itemListElement\":[{\"@type\":\"ListItem\",\"position\":1,\"name\":\"Home\",\"item\":\"https:\/\/galli.ch\/en\/\"},{\"@type\":\"ListItem\",\"position\":2,\"name\":\"Uhren\",\"item\":\"https:\/\/galli.ch\/en\/uhren\/\"},{\"@type\":\"ListItem\",\"position\":3,\"name\":\"Louis Erard Grav\u00e9e Main\"}]},{\"@type\":\"WebSite\",\"@id\":\"http:\/\/galli.ch\/en\/#website\",\"url\":\"http:\/\/galli.ch\/en\/\",\"name\":\"Galli Uhren Bijouterie\",\"description\":\"\",\"potentialAction\":[{\"@type\":\"SearchAction\",\"target\":{\"@type\":\"EntryPoint\",\"urlTemplate\":\"http:\/\/galli.ch\/en\/?s={search_term_string}\"},\"query-input\":{\"@type\":\"PropertyValueSpecification\",\"valueRequired\":true,\"valueName\":\"search_term_string\"}}],\"inLanguage\":\"en-US\"}]}<\/script>\n<!-- \/ Yoast SEO plugin. -->","yoast_head_json":{"title":"Louis Erard Grav\u00e9e Main - Galli Uhren Bijouterie","robots":{"index":"index","follow":"follow","max-snippet":"max-snippet:-1","max-image-preview":"max-image-preview:large","max-video-preview":"max-video-preview:-1"},"canonical":"https:\/\/galli.ch\/uhren\/louis-erard\/noirmont-metiers-dart\/gravee-main-34237ga82-bvag170\/","og_locale":"en_US","og_type":"article","og_title":"Louis Erard Grav\u00e9e Main - Galli Uhren Bijouterie","og_description":"Louis Erard Grav\u00e9e Main setzt einen neuen Meilenstein der M\u00e9tiers d\u2019Art Kollektion. Die auf 99 St\u00fcck limitierte Serie begeistert mit aufwendiger Handgravur \u2013 vom Geh\u00e4use bis zur Schlie\u00dfe, in \u00fcber 50 Stunden gefertigt. Jede Uhr ist ein Unikat mit individueller Struktur und verk\u00f6rpert h\u00f6chste Schweizer Handwerkskunst am Handgelenk.","og_url":"https:\/\/galli.ch\/uhren\/louis-erard\/noirmont-metiers-dart\/gravee-main-34237ga82-bvag170\/","og_site_name":"Galli Uhren Bijouterie","article_modified_time":"2026-05-12T12:58:34+00:00","og_image":[{"width":1000,"height":1400,"url":"https:\/\/galli.ch\/wp-content\/uploads\/34237GA82-BVAG170.png","type":"image\/png"}],"twitter_card":"summary_large_image","schema":{"@context":"https:\/\/schema.org","@graph":[{"@type":"WebPage","@id":"https:\/\/galli.ch\/uhren\/louis-erard\/noirmont-metiers-dart\/gravee-main-34237ga82-bvag170\/","url":"https:\/\/galli.ch\/uhren\/louis-erard\/noirmont-metiers-dart\/gravee-main-34237ga82-bvag170\/","name":"Louis Erard Grav\u00e9e Main - Galli Uhren Bijouterie","isPartOf":{"@id":"http:\/\/galli.ch\/en\/#website"},"primaryImageOfPage":{"@id":"https:\/\/galli.ch\/uhren\/louis-erard\/noirmont-metiers-dart\/gravee-main-34237ga82-bvag170\/#primaryimage"},"image":{"@id":"https:\/\/galli.ch\/uhren\/louis-erard\/noirmont-metiers-dart\/gravee-main-34237ga82-bvag170\/#primaryimage"},"thumbnailUrl":"https:\/\/galli.ch\/wp-content\/uploads\/34237GA82-BVAG170.png","datePublished":"2026-05-06T13:04:20+00:00","dateModified":"2026-05-12T12:58:34+00:00","breadcrumb":{"@id":"https:\/\/galli.ch\/uhren\/louis-erard\/noirmont-metiers-dart\/gravee-main-34237ga82-bvag170\/#breadcrumb"},"inLanguage":"en-US","potentialAction":[{"@type":"ReadAction","target":["https:\/\/galli.ch\/uhren\/louis-erard\/noirmont-metiers-dart\/gravee-main-34237ga82-bvag170\/"]}]},{"@type":"ImageObject","inLanguage":"en-US","@id":"https:\/\/galli.ch\/uhren\/louis-erard\/noirmont-metiers-dart\/gravee-main-34237ga82-bvag170\/#primaryimage","url":"https:\/\/galli.ch\/wp-content\/uploads\/34237GA82-BVAG170.png","contentUrl":"https:\/\/galli.ch\/wp-content\/uploads\/34237GA82-BVAG170.png","width":1000,"height":1400},{"@type":"BreadcrumbList","@id":"https:\/\/galli.ch\/uhren\/louis-erard\/noirmont-metiers-dart\/gravee-main-34237ga82-bvag170\/#breadcrumb","itemListElement":[{"@type":"ListItem","position":1,"name":"Home","item":"https:\/\/galli.ch\/en\/"},{"@type":"ListItem","position":2,"name":"Uhren","item":"https:\/\/galli.ch\/en\/uhren\/"},{"@type":"ListItem","position":3,"name":"Louis Erard Grav\u00e9e Main"}]},{"@type":"WebSite","@id":"http:\/\/galli.ch\/en\/#website","url":"http:\/\/galli.ch\/en\/","name":"Galli Uhren Bijouterie","description":"","potentialAction":[{"@type":"SearchAction","target":{"@type":"EntryPoint","urlTemplate":"http:\/\/galli.ch\/en\/?s={search_term_string}"},"query-input":{"@type":"PropertyValueSpecification","valueRequired":true,"valueName":"search_term_string"}}],"inLanguage":"en-US"}]}},"_links":{"self":[{"href":"https:\/\/galli.ch\/en\/wp-json\/wp\/v2\/product\/51694","targetHints":{"allow":["GET"]}}],"collection":[{"href":"https:\/\/galli.ch\/en\/wp-json\/wp\/v2\/product"}],"about":[{"href":"https:\/\/galli.ch\/en\/wp-json\/wp\/v2\/types\/product"}],"wp:featuredmedia":[{"embeddable":true,"href":"https:\/\/galli.ch\/en\/wp-json\/wp\/v2\/media\/51458"}],"wp:attachment":[{"href":"https:\/\/galli.ch\/en\/wp-json\/wp\/v2\/media?parent=51694"}],"wp:term":[{"taxonomy":"product_brand","embeddable":true,"href":"https:\/\/galli.ch\/en\/wp-json\/wp\/v2\/product_brand?post=51694"},{"taxonomy":"product_cat","embeddable":true,"href":"https:\/\/galli.ch\/en\/wp-json\/wp\/v2\/product_cat?post=51694"},{"taxonomy":"product_tag","embeddable":true,"href":"https:\/\/galli.ch\/en\/wp-json\/wp\/v2\/product_tag?post=51694"}],"curies":[{"name":"wp","href":"https:\/\/api.w.org\/{rel}","templated":true}]}}