{"id":51700,"date":"2026-05-06T16:40:13","date_gmt":"2026-05-06T14:40:13","guid":{"rendered":"https:\/\/galli.ch\/?post_type=product&#038;p=51700"},"modified":"2026-05-12T14:58:10","modified_gmt":"2026-05-12T12:58:10","slug":"blue-35123ta01-bmt12","status":"publish","type":"product","link":"https:\/\/galli.ch\/en\/uhren\/louis-erard\/2340\/blue-35123ta01-bmt12\/","title":{"rendered":"Louis Erard 2340 Blue"},"content":{"rendered":"<p>Die Louis Erard 2340 Blue steht f\u00fcr moderne Swiss Made Uhrmacherkunst mit klarer, minimalistischer Designsprache. Das tiefblaue Zifferblatt, pr\u00e4zise Automatiktechnik und hochwertige Verarbeitung verleihen der Uhr eine elegante und zeitgem\u00e4sse Ausstrahlung. Die 2340 Blue ist die perfekte Wahl f\u00fcr Liebhaber schlichter, stilvoller Schweizer Uhren mit Charakter.<\/p>\n","protected":false},"excerpt":{"rendered":"<p>Die Louis Erard 2340 Blue steht f\u00fcr moderne Swiss Made Uhrmacherkunst mit klarer, minimalistischer Designsprache. Das tiefblaue Zifferblatt, pr\u00e4zise Automatiktechnik und hochwertige Verarbeitung verleihen der Uhr eine elegante und zeitgem\u00e4sse Ausstrahlung. Die 2340 Blue ist die perfekte Wahl f\u00fcr Liebhaber schlichter, stilvoller Schweizer Uhren mit Charakter.<\/p>\n","protected":false},"featured_media":51466,"template":"","meta":{"_acf_changed":false,"inline_featured_image":false},"product_brand":[],"product_cat":[188],"product_tag":[],"class_list":{"0":"post-51700","1":"product","2":"type-product","3":"status-publish","4":"has-post-thumbnail","6":"uhrenhersteller-louis-erard","7":"uhrenhersteller-257","8":"product_cat-uhren","10":"first","11":"outofstock","12":"taxable","13":"shipping-taxable","14":"purchasable","15":"product-type-simple"},"acf":[],"yoast_head":"<!-- This site is optimized with the Yoast SEO plugin v25.5 - https:\/\/yoast.com\/wordpress\/plugins\/seo\/ -->\n<title>Louis Erard 2340 Blue - Galli Uhren Bijouterie<\/title>\n<meta name=\"robots\" content=\"index, follow, max-snippet:-1, max-image-preview:large, max-video-preview:-1\" \/>\n<link rel=\"canonical\" href=\"https:\/\/galli.ch\/uhren\/louis-erard\/2340\/blue-35123ta01-bmt12\/\" \/>\n<meta property=\"og:locale\" content=\"en_US\" \/>\n<meta property=\"og:type\" content=\"article\" \/>\n<meta property=\"og:title\" content=\"Louis Erard 2340 Blue - Galli Uhren Bijouterie\" \/>\n<meta property=\"og:description\" content=\"Die Louis Erard 2340 Blue steht f\u00fcr moderne Swiss Made Uhrmacherkunst mit klarer, minimalistischer Designsprache. Das tiefblaue Zifferblatt, pr\u00e4zise Automatiktechnik und hochwertige Verarbeitung verleihen der Uhr eine elegante und zeitgem\u00e4sse Ausstrahlung. Die 2340 Blue ist die perfekte Wahl f\u00fcr Liebhaber schlichter, stilvoller Schweizer Uhren mit Charakter.\" \/>\n<meta property=\"og:url\" content=\"https:\/\/galli.ch\/uhren\/louis-erard\/2340\/blue-35123ta01-bmt12\/\" \/>\n<meta property=\"og:site_name\" content=\"Galli Uhren Bijouterie\" \/>\n<meta property=\"article:modified_time\" content=\"2026-05-12T12:58:10+00:00\" \/>\n<meta property=\"og:image\" content=\"https:\/\/galli.ch\/wp-content\/uploads\/35123TA01.png\" \/>\n\t<meta property=\"og:image:width\" content=\"1000\" \/>\n\t<meta property=\"og:image:height\" content=\"1400\" \/>\n\t<meta property=\"og:image:type\" content=\"image\/png\" \/>\n<meta name=\"twitter:card\" content=\"summary_large_image\" \/>\n<script type=\"application\/ld+json\" class=\"yoast-schema-graph\">{\"@context\":\"https:\/\/schema.org\",\"@graph\":[{\"@type\":\"WebPage\",\"@id\":\"https:\/\/galli.ch\/uhren\/louis-erard\/2340\/blue-35123ta01-bmt12\/\",\"url\":\"https:\/\/galli.ch\/uhren\/louis-erard\/2340\/blue-35123ta01-bmt12\/\",\"name\":\"Louis Erard 2340 Blue - Galli Uhren Bijouterie\",\"isPartOf\":{\"@id\":\"http:\/\/galli.ch\/en\/#website\"},\"primaryImageOfPage\":{\"@id\":\"https:\/\/galli.ch\/uhren\/louis-erard\/2340\/blue-35123ta01-bmt12\/#primaryimage\"},\"image\":{\"@id\":\"https:\/\/galli.ch\/uhren\/louis-erard\/2340\/blue-35123ta01-bmt12\/#primaryimage\"},\"thumbnailUrl\":\"https:\/\/galli.ch\/wp-content\/uploads\/35123TA01.png\",\"datePublished\":\"2026-05-06T14:40:13+00:00\",\"dateModified\":\"2026-05-12T12:58:10+00:00\",\"breadcrumb\":{\"@id\":\"https:\/\/galli.ch\/uhren\/louis-erard\/2340\/blue-35123ta01-bmt12\/#breadcrumb\"},\"inLanguage\":\"en-US\",\"potentialAction\":[{\"@type\":\"ReadAction\",\"target\":[\"https:\/\/galli.ch\/uhren\/louis-erard\/2340\/blue-35123ta01-bmt12\/\"]}]},{\"@type\":\"ImageObject\",\"inLanguage\":\"en-US\",\"@id\":\"https:\/\/galli.ch\/uhren\/louis-erard\/2340\/blue-35123ta01-bmt12\/#primaryimage\",\"url\":\"https:\/\/galli.ch\/wp-content\/uploads\/35123TA01.png\",\"contentUrl\":\"https:\/\/galli.ch\/wp-content\/uploads\/35123TA01.png\",\"width\":1000,\"height\":1400},{\"@type\":\"BreadcrumbList\",\"@id\":\"https:\/\/galli.ch\/uhren\/louis-erard\/2340\/blue-35123ta01-bmt12\/#breadcrumb\",\"itemListElement\":[{\"@type\":\"ListItem\",\"position\":1,\"name\":\"Home\",\"item\":\"https:\/\/galli.ch\/en\/\"},{\"@type\":\"ListItem\",\"position\":2,\"name\":\"Uhren\",\"item\":\"https:\/\/galli.ch\/en\/uhren\/\"},{\"@type\":\"ListItem\",\"position\":3,\"name\":\"Louis Erard 2340 Blue\"}]},{\"@type\":\"WebSite\",\"@id\":\"http:\/\/galli.ch\/en\/#website\",\"url\":\"http:\/\/galli.ch\/en\/\",\"name\":\"Galli Uhren Bijouterie\",\"description\":\"\",\"potentialAction\":[{\"@type\":\"SearchAction\",\"target\":{\"@type\":\"EntryPoint\",\"urlTemplate\":\"http:\/\/galli.ch\/en\/?s={search_term_string}\"},\"query-input\":{\"@type\":\"PropertyValueSpecification\",\"valueRequired\":true,\"valueName\":\"search_term_string\"}}],\"inLanguage\":\"en-US\"}]}<\/script>\n<!-- \/ Yoast SEO plugin. -->","yoast_head_json":{"title":"Louis Erard 2340 Blue - Galli Uhren Bijouterie","robots":{"index":"index","follow":"follow","max-snippet":"max-snippet:-1","max-image-preview":"max-image-preview:large","max-video-preview":"max-video-preview:-1"},"canonical":"https:\/\/galli.ch\/uhren\/louis-erard\/2340\/blue-35123ta01-bmt12\/","og_locale":"en_US","og_type":"article","og_title":"Louis Erard 2340 Blue - Galli Uhren Bijouterie","og_description":"Die Louis Erard 2340 Blue steht f\u00fcr moderne Swiss Made Uhrmacherkunst mit klarer, minimalistischer Designsprache. Das tiefblaue Zifferblatt, pr\u00e4zise Automatiktechnik und hochwertige Verarbeitung verleihen der Uhr eine elegante und zeitgem\u00e4sse Ausstrahlung. Die 2340 Blue ist die perfekte Wahl f\u00fcr Liebhaber schlichter, stilvoller Schweizer Uhren mit Charakter.","og_url":"https:\/\/galli.ch\/uhren\/louis-erard\/2340\/blue-35123ta01-bmt12\/","og_site_name":"Galli Uhren Bijouterie","article_modified_time":"2026-05-12T12:58:10+00:00","og_image":[{"width":1000,"height":1400,"url":"https:\/\/galli.ch\/wp-content\/uploads\/35123TA01.png","type":"image\/png"}],"twitter_card":"summary_large_image","schema":{"@context":"https:\/\/schema.org","@graph":[{"@type":"WebPage","@id":"https:\/\/galli.ch\/uhren\/louis-erard\/2340\/blue-35123ta01-bmt12\/","url":"https:\/\/galli.ch\/uhren\/louis-erard\/2340\/blue-35123ta01-bmt12\/","name":"Louis Erard 2340 Blue - Galli Uhren Bijouterie","isPartOf":{"@id":"http:\/\/galli.ch\/en\/#website"},"primaryImageOfPage":{"@id":"https:\/\/galli.ch\/uhren\/louis-erard\/2340\/blue-35123ta01-bmt12\/#primaryimage"},"image":{"@id":"https:\/\/galli.ch\/uhren\/louis-erard\/2340\/blue-35123ta01-bmt12\/#primaryimage"},"thumbnailUrl":"https:\/\/galli.ch\/wp-content\/uploads\/35123TA01.png","datePublished":"2026-05-06T14:40:13+00:00","dateModified":"2026-05-12T12:58:10+00:00","breadcrumb":{"@id":"https:\/\/galli.ch\/uhren\/louis-erard\/2340\/blue-35123ta01-bmt12\/#breadcrumb"},"inLanguage":"en-US","potentialAction":[{"@type":"ReadAction","target":["https:\/\/galli.ch\/uhren\/louis-erard\/2340\/blue-35123ta01-bmt12\/"]}]},{"@type":"ImageObject","inLanguage":"en-US","@id":"https:\/\/galli.ch\/uhren\/louis-erard\/2340\/blue-35123ta01-bmt12\/#primaryimage","url":"https:\/\/galli.ch\/wp-content\/uploads\/35123TA01.png","contentUrl":"https:\/\/galli.ch\/wp-content\/uploads\/35123TA01.png","width":1000,"height":1400},{"@type":"BreadcrumbList","@id":"https:\/\/galli.ch\/uhren\/louis-erard\/2340\/blue-35123ta01-bmt12\/#breadcrumb","itemListElement":[{"@type":"ListItem","position":1,"name":"Home","item":"https:\/\/galli.ch\/en\/"},{"@type":"ListItem","position":2,"name":"Uhren","item":"https:\/\/galli.ch\/en\/uhren\/"},{"@type":"ListItem","position":3,"name":"Louis Erard 2340 Blue"}]},{"@type":"WebSite","@id":"http:\/\/galli.ch\/en\/#website","url":"http:\/\/galli.ch\/en\/","name":"Galli Uhren Bijouterie","description":"","potentialAction":[{"@type":"SearchAction","target":{"@type":"EntryPoint","urlTemplate":"http:\/\/galli.ch\/en\/?s={search_term_string}"},"query-input":{"@type":"PropertyValueSpecification","valueRequired":true,"valueName":"search_term_string"}}],"inLanguage":"en-US"}]}},"_links":{"self":[{"href":"https:\/\/galli.ch\/en\/wp-json\/wp\/v2\/product\/51700","targetHints":{"allow":["GET"]}}],"collection":[{"href":"https:\/\/galli.ch\/en\/wp-json\/wp\/v2\/product"}],"about":[{"href":"https:\/\/galli.ch\/en\/wp-json\/wp\/v2\/types\/product"}],"wp:featuredmedia":[{"embeddable":true,"href":"https:\/\/galli.ch\/en\/wp-json\/wp\/v2\/media\/51466"}],"wp:attachment":[{"href":"https:\/\/galli.ch\/en\/wp-json\/wp\/v2\/media?parent=51700"}],"wp:term":[{"taxonomy":"product_brand","embeddable":true,"href":"https:\/\/galli.ch\/en\/wp-json\/wp\/v2\/product_brand?post=51700"},{"taxonomy":"product_cat","embeddable":true,"href":"https:\/\/galli.ch\/en\/wp-json\/wp\/v2\/product_cat?post=51700"},{"taxonomy":"product_tag","embeddable":true,"href":"https:\/\/galli.ch\/en\/wp-json\/wp\/v2\/product_tag?post=51700"}],"curies":[{"name":"wp","href":"https:\/\/api.w.org\/{rel}","templated":true}]}}