{"id":51737,"date":"2026-05-07T13:42:14","date_gmt":"2026-05-07T11:42:14","guid":{"rendered":"https:\/\/galli.ch\/?post_type=product&#038;p=51737"},"modified":"2026-05-12T14:56:14","modified_gmt":"2026-05-12T12:56:14","slug":"louis-erard-le-regulateur-x-konstantin-chaykin-dusk-to-dawn","status":"publish","type":"product","link":"https:\/\/galli.ch\/en\/uhren\/louis-erard\/noirmont-x\/louis-erard-le-regulateur-x-konstantin-chaykin-dusk-to-dawn\/","title":{"rendered":"Louis Erard Le R\u00e9gulateur x Konstantin Chaykin &#8220;Dusk to Dawn&#8221;"},"content":{"rendered":"<p>Die Louis Erard Le R\u00e9gulateur x Konstantin Chaykin \u201eDusk to Dawn\u201c \u2013 eine limitierte Serie mit 178 Exemplaren.<br \/>\nDas 42-mm-Edelstahlgeh\u00e4use trifft auf ein ausdrucksstarkes Regulator-Zifferblatt, das den \u00dcbergang von Tag zu Nacht k\u00fcnstlerisch interpretiert. Die verspielte Designhandschrift von Konstantin Chaykin verleiht der Uhr einen charakteristischen, fast lebendigen Ausdruck mit markanten grafischen Details.<br \/>\nIm Inneren arbeitet ein pr\u00e4zises automatisches Schweizer Uhrwerk.<br \/>\nEin aussergew\u00f6hnlicher Zeitmesser, der klassische Uhrmacherkunst und kreatives Design in einer modernen Limited Edition vereint.<\/p>\n","protected":false},"excerpt":{"rendered":"<p>Die Louis Erard Le R\u00e9gulateur x Konstantin Chaykin \u201eDusk to Dawn\u201c \u2013 eine limitierte Serie mit 178 Exemplaren. Das 42-mm-Edelstahlgeh\u00e4use trifft auf ein ausdrucksstarkes Regulator-Zifferblatt, das den \u00dcbergang von Tag zu Nacht k\u00fcnstlerisch interpretiert. Die verspielte Designhandschrift von Konstantin Chaykin verleiht der Uhr einen charakteristischen, fast lebendigen Ausdruck mit markanten grafischen Details. Im Inneren arbeitet&#8230;  <a class=\"excerpt-read-more\" href=\"https:\/\/galli.ch\/en\/uhren\/louis-erard\/noirmont-x\/louis-erard-le-regulateur-x-konstantin-chaykin-dusk-to-dawn\/\" title=\"Read Louis Erard Le R\u00e9gulateur x Konstantin Chaykin &#8220;Dusk to Dawn&#8221;\">Weiter &raquo;<\/a><\/p>\n","protected":false},"featured_media":51496,"template":"","meta":{"_acf_changed":false,"inline_featured_image":false},"product_brand":[],"product_cat":[188],"product_tag":[],"class_list":{"0":"post-51737","1":"product","2":"type-product","3":"status-publish","4":"has-post-thumbnail","6":"uhrenhersteller-louis-erard","7":"uhrenhersteller-noirmont-x","8":"product_cat-uhren","10":"first","11":"outofstock","12":"taxable","13":"shipping-taxable","14":"purchasable","15":"product-type-simple"},"acf":[],"yoast_head":"<!-- This site is optimized with the Yoast SEO plugin v25.5 - https:\/\/yoast.com\/wordpress\/plugins\/seo\/ -->\n<title>Louis Erard Le R\u00e9gulateur x Konstantin Chaykin &quot;Dusk to Dawn&quot; - Galli Uhren Bijouterie<\/title>\n<meta name=\"robots\" content=\"index, follow, max-snippet:-1, max-image-preview:large, max-video-preview:-1\" \/>\n<link rel=\"canonical\" href=\"https:\/\/galli.ch\/uhren\/louis-erard\/noirmont-x\/louis-erard-le-regulateur-x-konstantin-chaykin-dusk-to-dawn\/\" \/>\n<meta property=\"og:locale\" content=\"en_US\" \/>\n<meta property=\"og:type\" content=\"article\" \/>\n<meta property=\"og:title\" content=\"Louis Erard Le R\u00e9gulateur x Konstantin Chaykin &quot;Dusk to Dawn&quot; - Galli Uhren Bijouterie\" \/>\n<meta property=\"og:description\" content=\"Die Louis Erard Le R\u00e9gulateur x Konstantin Chaykin \u201eDusk to Dawn\u201c \u2013 eine limitierte Serie mit 178 Exemplaren. Das 42-mm-Edelstahlgeh\u00e4use trifft auf ein ausdrucksstarkes Regulator-Zifferblatt, das den \u00dcbergang von Tag zu Nacht k\u00fcnstlerisch interpretiert. Die verspielte Designhandschrift von Konstantin Chaykin verleiht der Uhr einen charakteristischen, fast lebendigen Ausdruck mit markanten grafischen Details. Im Inneren arbeitet... Weiter &raquo;\" \/>\n<meta property=\"og:url\" content=\"https:\/\/galli.ch\/uhren\/louis-erard\/noirmont-x\/louis-erard-le-regulateur-x-konstantin-chaykin-dusk-to-dawn\/\" \/>\n<meta property=\"og:site_name\" content=\"Galli Uhren Bijouterie\" \/>\n<meta property=\"article:modified_time\" content=\"2026-05-12T12:56:14+00:00\" \/>\n<meta property=\"og:image\" content=\"https:\/\/galli.ch\/wp-content\/uploads\/85237AA89-BGA089.png\" \/>\n\t<meta property=\"og:image:width\" content=\"1000\" \/>\n\t<meta property=\"og:image:height\" content=\"1400\" \/>\n\t<meta property=\"og:image:type\" content=\"image\/png\" \/>\n<meta name=\"twitter:card\" content=\"summary_large_image\" \/>\n<script type=\"application\/ld+json\" class=\"yoast-schema-graph\">{\"@context\":\"https:\/\/schema.org\",\"@graph\":[{\"@type\":\"WebPage\",\"@id\":\"https:\/\/galli.ch\/uhren\/louis-erard\/noirmont-x\/louis-erard-le-regulateur-x-konstantin-chaykin-dusk-to-dawn\/\",\"url\":\"https:\/\/galli.ch\/uhren\/louis-erard\/noirmont-x\/louis-erard-le-regulateur-x-konstantin-chaykin-dusk-to-dawn\/\",\"name\":\"Louis Erard Le R\u00e9gulateur x Konstantin Chaykin \\\"Dusk to Dawn\\\" - Galli Uhren Bijouterie\",\"isPartOf\":{\"@id\":\"http:\/\/galli.ch\/en\/#website\"},\"primaryImageOfPage\":{\"@id\":\"https:\/\/galli.ch\/uhren\/louis-erard\/noirmont-x\/louis-erard-le-regulateur-x-konstantin-chaykin-dusk-to-dawn\/#primaryimage\"},\"image\":{\"@id\":\"https:\/\/galli.ch\/uhren\/louis-erard\/noirmont-x\/louis-erard-le-regulateur-x-konstantin-chaykin-dusk-to-dawn\/#primaryimage\"},\"thumbnailUrl\":\"https:\/\/galli.ch\/wp-content\/uploads\/85237AA89-BGA089.png\",\"datePublished\":\"2026-05-07T11:42:14+00:00\",\"dateModified\":\"2026-05-12T12:56:14+00:00\",\"breadcrumb\":{\"@id\":\"https:\/\/galli.ch\/uhren\/louis-erard\/noirmont-x\/louis-erard-le-regulateur-x-konstantin-chaykin-dusk-to-dawn\/#breadcrumb\"},\"inLanguage\":\"en-US\",\"potentialAction\":[{\"@type\":\"ReadAction\",\"target\":[\"https:\/\/galli.ch\/uhren\/louis-erard\/noirmont-x\/louis-erard-le-regulateur-x-konstantin-chaykin-dusk-to-dawn\/\"]}]},{\"@type\":\"ImageObject\",\"inLanguage\":\"en-US\",\"@id\":\"https:\/\/galli.ch\/uhren\/louis-erard\/noirmont-x\/louis-erard-le-regulateur-x-konstantin-chaykin-dusk-to-dawn\/#primaryimage\",\"url\":\"https:\/\/galli.ch\/wp-content\/uploads\/85237AA89-BGA089.png\",\"contentUrl\":\"https:\/\/galli.ch\/wp-content\/uploads\/85237AA89-BGA089.png\",\"width\":1000,\"height\":1400},{\"@type\":\"BreadcrumbList\",\"@id\":\"https:\/\/galli.ch\/uhren\/louis-erard\/noirmont-x\/louis-erard-le-regulateur-x-konstantin-chaykin-dusk-to-dawn\/#breadcrumb\",\"itemListElement\":[{\"@type\":\"ListItem\",\"position\":1,\"name\":\"Home\",\"item\":\"https:\/\/galli.ch\/en\/\"},{\"@type\":\"ListItem\",\"position\":2,\"name\":\"Uhren\",\"item\":\"https:\/\/galli.ch\/en\/uhren\/\"},{\"@type\":\"ListItem\",\"position\":3,\"name\":\"Louis Erard Le R\u00e9gulateur x Konstantin Chaykin &#8220;Dusk to Dawn&#8221;\"}]},{\"@type\":\"WebSite\",\"@id\":\"http:\/\/galli.ch\/en\/#website\",\"url\":\"http:\/\/galli.ch\/en\/\",\"name\":\"Galli Uhren Bijouterie\",\"description\":\"\",\"potentialAction\":[{\"@type\":\"SearchAction\",\"target\":{\"@type\":\"EntryPoint\",\"urlTemplate\":\"http:\/\/galli.ch\/en\/?s={search_term_string}\"},\"query-input\":{\"@type\":\"PropertyValueSpecification\",\"valueRequired\":true,\"valueName\":\"search_term_string\"}}],\"inLanguage\":\"en-US\"}]}<\/script>\n<!-- \/ Yoast SEO plugin. -->","yoast_head_json":{"title":"Louis Erard Le R\u00e9gulateur x Konstantin Chaykin \"Dusk to Dawn\" - Galli Uhren Bijouterie","robots":{"index":"index","follow":"follow","max-snippet":"max-snippet:-1","max-image-preview":"max-image-preview:large","max-video-preview":"max-video-preview:-1"},"canonical":"https:\/\/galli.ch\/uhren\/louis-erard\/noirmont-x\/louis-erard-le-regulateur-x-konstantin-chaykin-dusk-to-dawn\/","og_locale":"en_US","og_type":"article","og_title":"Louis Erard Le R\u00e9gulateur x Konstantin Chaykin \"Dusk to Dawn\" - Galli Uhren Bijouterie","og_description":"Die Louis Erard Le R\u00e9gulateur x Konstantin Chaykin \u201eDusk to Dawn\u201c \u2013 eine limitierte Serie mit 178 Exemplaren. Das 42-mm-Edelstahlgeh\u00e4use trifft auf ein ausdrucksstarkes Regulator-Zifferblatt, das den \u00dcbergang von Tag zu Nacht k\u00fcnstlerisch interpretiert. Die verspielte Designhandschrift von Konstantin Chaykin verleiht der Uhr einen charakteristischen, fast lebendigen Ausdruck mit markanten grafischen Details. Im Inneren arbeitet... Weiter &raquo;","og_url":"https:\/\/galli.ch\/uhren\/louis-erard\/noirmont-x\/louis-erard-le-regulateur-x-konstantin-chaykin-dusk-to-dawn\/","og_site_name":"Galli Uhren Bijouterie","article_modified_time":"2026-05-12T12:56:14+00:00","og_image":[{"width":1000,"height":1400,"url":"https:\/\/galli.ch\/wp-content\/uploads\/85237AA89-BGA089.png","type":"image\/png"}],"twitter_card":"summary_large_image","schema":{"@context":"https:\/\/schema.org","@graph":[{"@type":"WebPage","@id":"https:\/\/galli.ch\/uhren\/louis-erard\/noirmont-x\/louis-erard-le-regulateur-x-konstantin-chaykin-dusk-to-dawn\/","url":"https:\/\/galli.ch\/uhren\/louis-erard\/noirmont-x\/louis-erard-le-regulateur-x-konstantin-chaykin-dusk-to-dawn\/","name":"Louis Erard Le R\u00e9gulateur x Konstantin Chaykin \"Dusk to Dawn\" - Galli Uhren Bijouterie","isPartOf":{"@id":"http:\/\/galli.ch\/en\/#website"},"primaryImageOfPage":{"@id":"https:\/\/galli.ch\/uhren\/louis-erard\/noirmont-x\/louis-erard-le-regulateur-x-konstantin-chaykin-dusk-to-dawn\/#primaryimage"},"image":{"@id":"https:\/\/galli.ch\/uhren\/louis-erard\/noirmont-x\/louis-erard-le-regulateur-x-konstantin-chaykin-dusk-to-dawn\/#primaryimage"},"thumbnailUrl":"https:\/\/galli.ch\/wp-content\/uploads\/85237AA89-BGA089.png","datePublished":"2026-05-07T11:42:14+00:00","dateModified":"2026-05-12T12:56:14+00:00","breadcrumb":{"@id":"https:\/\/galli.ch\/uhren\/louis-erard\/noirmont-x\/louis-erard-le-regulateur-x-konstantin-chaykin-dusk-to-dawn\/#breadcrumb"},"inLanguage":"en-US","potentialAction":[{"@type":"ReadAction","target":["https:\/\/galli.ch\/uhren\/louis-erard\/noirmont-x\/louis-erard-le-regulateur-x-konstantin-chaykin-dusk-to-dawn\/"]}]},{"@type":"ImageObject","inLanguage":"en-US","@id":"https:\/\/galli.ch\/uhren\/louis-erard\/noirmont-x\/louis-erard-le-regulateur-x-konstantin-chaykin-dusk-to-dawn\/#primaryimage","url":"https:\/\/galli.ch\/wp-content\/uploads\/85237AA89-BGA089.png","contentUrl":"https:\/\/galli.ch\/wp-content\/uploads\/85237AA89-BGA089.png","width":1000,"height":1400},{"@type":"BreadcrumbList","@id":"https:\/\/galli.ch\/uhren\/louis-erard\/noirmont-x\/louis-erard-le-regulateur-x-konstantin-chaykin-dusk-to-dawn\/#breadcrumb","itemListElement":[{"@type":"ListItem","position":1,"name":"Home","item":"https:\/\/galli.ch\/en\/"},{"@type":"ListItem","position":2,"name":"Uhren","item":"https:\/\/galli.ch\/en\/uhren\/"},{"@type":"ListItem","position":3,"name":"Louis Erard Le R\u00e9gulateur x Konstantin Chaykin &#8220;Dusk to Dawn&#8221;"}]},{"@type":"WebSite","@id":"http:\/\/galli.ch\/en\/#website","url":"http:\/\/galli.ch\/en\/","name":"Galli Uhren Bijouterie","description":"","potentialAction":[{"@type":"SearchAction","target":{"@type":"EntryPoint","urlTemplate":"http:\/\/galli.ch\/en\/?s={search_term_string}"},"query-input":{"@type":"PropertyValueSpecification","valueRequired":true,"valueName":"search_term_string"}}],"inLanguage":"en-US"}]}},"_links":{"self":[{"href":"https:\/\/galli.ch\/en\/wp-json\/wp\/v2\/product\/51737","targetHints":{"allow":["GET"]}}],"collection":[{"href":"https:\/\/galli.ch\/en\/wp-json\/wp\/v2\/product"}],"about":[{"href":"https:\/\/galli.ch\/en\/wp-json\/wp\/v2\/types\/product"}],"wp:featuredmedia":[{"embeddable":true,"href":"https:\/\/galli.ch\/en\/wp-json\/wp\/v2\/media\/51496"}],"wp:attachment":[{"href":"https:\/\/galli.ch\/en\/wp-json\/wp\/v2\/media?parent=51737"}],"wp:term":[{"taxonomy":"product_brand","embeddable":true,"href":"https:\/\/galli.ch\/en\/wp-json\/wp\/v2\/product_brand?post=51737"},{"taxonomy":"product_cat","embeddable":true,"href":"https:\/\/galli.ch\/en\/wp-json\/wp\/v2\/product_cat?post=51737"},{"taxonomy":"product_tag","embeddable":true,"href":"https:\/\/galli.ch\/en\/wp-json\/wp\/v2\/product_tag?post=51737"}],"curies":[{"name":"wp","href":"https:\/\/api.w.org\/{rel}","templated":true}]}}