{"id":51747,"date":"2026-05-07T16:47:32","date_gmt":"2026-05-07T14:47:32","guid":{"rendered":"https:\/\/galli.ch\/?post_type=product&#038;p=51747"},"modified":"2026-05-12T14:54:00","modified_gmt":"2026-05-12T12:54:00","slug":"le-regulateur-grave-bleu-85248aa15-bva159","status":"publish","type":"product","link":"https:\/\/galli.ch\/en\/uhren\/louis-erard\/noirmont-metiers-dart\/le-regulateur-grave-bleu-85248aa15-bva159\/","title":{"rendered":"Louis Erard Le R\u00e9gulateur Grav\u00e9 Bleu"},"content":{"rendered":"<p>Die Louis Erard Le R\u00e9gulateur Grav\u00e9 Bleu verbindet traditionelle Schweizer Uhrmacherkunst mit moderner Gravurtechnik und elegantem Design. Das 39-mm-Edelstahlgeh\u00e4use beherbergt ein fein strukturiertes blaues Regulator-Zifferblatt mit gravierten, rhodinierten Details und der charakteristischen Louis-Erard-\u00c4sthetik. Die getrennte Anzeige von Stunden, Minuten und Sekunden sorgt f\u00fcr eine klare, technische Optik mit aussergew\u00f6hnlicher Tiefe.<br \/>\nIm Inneren arbeitet ein pr\u00e4zises automatisches Regulator-Kaliber mit Sichtboden.<\/p>\n","protected":false},"excerpt":{"rendered":"<p>Die Louis Erard Le R\u00e9gulateur Grav\u00e9 Bleu verbindet traditionelle Schweizer Uhrmacherkunst mit moderner Gravurtechnik und elegantem Design. Das 39-mm-Edelstahlgeh\u00e4use beherbergt ein fein strukturiertes blaues Regulator-Zifferblatt mit gravierten, rhodinierten Details und der charakteristischen Louis-Erard-\u00c4sthetik. Die getrennte Anzeige von Stunden, Minuten und Sekunden sorgt f\u00fcr eine klare, technische Optik mit aussergew\u00f6hnlicher Tiefe. Im Inneren arbeitet ein pr\u00e4zises&#8230;  <a class=\"excerpt-read-more\" href=\"https:\/\/galli.ch\/en\/uhren\/louis-erard\/noirmont-metiers-dart\/le-regulateur-grave-bleu-85248aa15-bva159\/\" title=\"Read Louis Erard Le R\u00e9gulateur Grav\u00e9 Bleu\">Weiter &raquo;<\/a><\/p>\n","protected":false},"featured_media":51510,"template":"","meta":{"_acf_changed":false,"inline_featured_image":false},"product_brand":[],"product_cat":[188],"product_tag":[],"class_list":{"0":"post-51747","1":"product","2":"type-product","3":"status-publish","4":"has-post-thumbnail","6":"uhrenhersteller-louis-erard","7":"uhrenhersteller-noirmont-metiers-dart","8":"product_cat-uhren","10":"first","11":"outofstock","12":"taxable","13":"shipping-taxable","14":"purchasable","15":"product-type-simple"},"acf":[],"yoast_head":"<!-- This site is optimized with the Yoast SEO plugin v25.5 - https:\/\/yoast.com\/wordpress\/plugins\/seo\/ -->\n<title>Louis Erard Le R\u00e9gulateur Grav\u00e9 Bleu - Galli Uhren Bijouterie<\/title>\n<meta name=\"robots\" content=\"index, follow, max-snippet:-1, max-image-preview:large, max-video-preview:-1\" \/>\n<link rel=\"canonical\" href=\"https:\/\/galli.ch\/uhren\/louis-erard\/noirmont-metiers-dart\/le-regulateur-grave-bleu-85248aa15-bva159\/\" \/>\n<meta property=\"og:locale\" content=\"en_US\" \/>\n<meta property=\"og:type\" content=\"article\" \/>\n<meta property=\"og:title\" content=\"Louis Erard Le R\u00e9gulateur Grav\u00e9 Bleu - Galli Uhren Bijouterie\" \/>\n<meta property=\"og:description\" content=\"Die Louis Erard Le R\u00e9gulateur Grav\u00e9 Bleu verbindet traditionelle Schweizer Uhrmacherkunst mit moderner Gravurtechnik und elegantem Design. Das 39-mm-Edelstahlgeh\u00e4use beherbergt ein fein strukturiertes blaues Regulator-Zifferblatt mit gravierten, rhodinierten Details und der charakteristischen Louis-Erard-\u00c4sthetik. Die getrennte Anzeige von Stunden, Minuten und Sekunden sorgt f\u00fcr eine klare, technische Optik mit aussergew\u00f6hnlicher Tiefe. Im Inneren arbeitet ein pr\u00e4zises... Weiter &raquo;\" \/>\n<meta property=\"og:url\" content=\"https:\/\/galli.ch\/uhren\/louis-erard\/noirmont-metiers-dart\/le-regulateur-grave-bleu-85248aa15-bva159\/\" \/>\n<meta property=\"og:site_name\" content=\"Galli Uhren Bijouterie\" \/>\n<meta property=\"article:modified_time\" content=\"2026-05-12T12:54:00+00:00\" \/>\n<meta property=\"og:image\" content=\"https:\/\/galli.ch\/wp-content\/uploads\/85248AA15.png\" \/>\n\t<meta property=\"og:image:width\" content=\"1000\" \/>\n\t<meta property=\"og:image:height\" content=\"1400\" \/>\n\t<meta property=\"og:image:type\" content=\"image\/png\" \/>\n<meta name=\"twitter:card\" content=\"summary_large_image\" \/>\n<script type=\"application\/ld+json\" class=\"yoast-schema-graph\">{\"@context\":\"https:\/\/schema.org\",\"@graph\":[{\"@type\":\"WebPage\",\"@id\":\"https:\/\/galli.ch\/uhren\/louis-erard\/noirmont-metiers-dart\/le-regulateur-grave-bleu-85248aa15-bva159\/\",\"url\":\"https:\/\/galli.ch\/uhren\/louis-erard\/noirmont-metiers-dart\/le-regulateur-grave-bleu-85248aa15-bva159\/\",\"name\":\"Louis Erard Le R\u00e9gulateur Grav\u00e9 Bleu - Galli Uhren Bijouterie\",\"isPartOf\":{\"@id\":\"http:\/\/galli.ch\/en\/#website\"},\"primaryImageOfPage\":{\"@id\":\"https:\/\/galli.ch\/uhren\/louis-erard\/noirmont-metiers-dart\/le-regulateur-grave-bleu-85248aa15-bva159\/#primaryimage\"},\"image\":{\"@id\":\"https:\/\/galli.ch\/uhren\/louis-erard\/noirmont-metiers-dart\/le-regulateur-grave-bleu-85248aa15-bva159\/#primaryimage\"},\"thumbnailUrl\":\"https:\/\/galli.ch\/wp-content\/uploads\/85248AA15.png\",\"datePublished\":\"2026-05-07T14:47:32+00:00\",\"dateModified\":\"2026-05-12T12:54:00+00:00\",\"breadcrumb\":{\"@id\":\"https:\/\/galli.ch\/uhren\/louis-erard\/noirmont-metiers-dart\/le-regulateur-grave-bleu-85248aa15-bva159\/#breadcrumb\"},\"inLanguage\":\"en-US\",\"potentialAction\":[{\"@type\":\"ReadAction\",\"target\":[\"https:\/\/galli.ch\/uhren\/louis-erard\/noirmont-metiers-dart\/le-regulateur-grave-bleu-85248aa15-bva159\/\"]}]},{\"@type\":\"ImageObject\",\"inLanguage\":\"en-US\",\"@id\":\"https:\/\/galli.ch\/uhren\/louis-erard\/noirmont-metiers-dart\/le-regulateur-grave-bleu-85248aa15-bva159\/#primaryimage\",\"url\":\"https:\/\/galli.ch\/wp-content\/uploads\/85248AA15.png\",\"contentUrl\":\"https:\/\/galli.ch\/wp-content\/uploads\/85248AA15.png\",\"width\":1000,\"height\":1400},{\"@type\":\"BreadcrumbList\",\"@id\":\"https:\/\/galli.ch\/uhren\/louis-erard\/noirmont-metiers-dart\/le-regulateur-grave-bleu-85248aa15-bva159\/#breadcrumb\",\"itemListElement\":[{\"@type\":\"ListItem\",\"position\":1,\"name\":\"Home\",\"item\":\"https:\/\/galli.ch\/en\/\"},{\"@type\":\"ListItem\",\"position\":2,\"name\":\"Uhren\",\"item\":\"https:\/\/galli.ch\/en\/uhren\/\"},{\"@type\":\"ListItem\",\"position\":3,\"name\":\"Louis Erard Le R\u00e9gulateur Grav\u00e9 Bleu\"}]},{\"@type\":\"WebSite\",\"@id\":\"http:\/\/galli.ch\/en\/#website\",\"url\":\"http:\/\/galli.ch\/en\/\",\"name\":\"Galli Uhren Bijouterie\",\"description\":\"\",\"potentialAction\":[{\"@type\":\"SearchAction\",\"target\":{\"@type\":\"EntryPoint\",\"urlTemplate\":\"http:\/\/galli.ch\/en\/?s={search_term_string}\"},\"query-input\":{\"@type\":\"PropertyValueSpecification\",\"valueRequired\":true,\"valueName\":\"search_term_string\"}}],\"inLanguage\":\"en-US\"}]}<\/script>\n<!-- \/ Yoast SEO plugin. -->","yoast_head_json":{"title":"Louis Erard Le R\u00e9gulateur Grav\u00e9 Bleu - Galli Uhren Bijouterie","robots":{"index":"index","follow":"follow","max-snippet":"max-snippet:-1","max-image-preview":"max-image-preview:large","max-video-preview":"max-video-preview:-1"},"canonical":"https:\/\/galli.ch\/uhren\/louis-erard\/noirmont-metiers-dart\/le-regulateur-grave-bleu-85248aa15-bva159\/","og_locale":"en_US","og_type":"article","og_title":"Louis Erard Le R\u00e9gulateur Grav\u00e9 Bleu - Galli Uhren Bijouterie","og_description":"Die Louis Erard Le R\u00e9gulateur Grav\u00e9 Bleu verbindet traditionelle Schweizer Uhrmacherkunst mit moderner Gravurtechnik und elegantem Design. Das 39-mm-Edelstahlgeh\u00e4use beherbergt ein fein strukturiertes blaues Regulator-Zifferblatt mit gravierten, rhodinierten Details und der charakteristischen Louis-Erard-\u00c4sthetik. Die getrennte Anzeige von Stunden, Minuten und Sekunden sorgt f\u00fcr eine klare, technische Optik mit aussergew\u00f6hnlicher Tiefe. Im Inneren arbeitet ein pr\u00e4zises... Weiter &raquo;","og_url":"https:\/\/galli.ch\/uhren\/louis-erard\/noirmont-metiers-dart\/le-regulateur-grave-bleu-85248aa15-bva159\/","og_site_name":"Galli Uhren Bijouterie","article_modified_time":"2026-05-12T12:54:00+00:00","og_image":[{"width":1000,"height":1400,"url":"https:\/\/galli.ch\/wp-content\/uploads\/85248AA15.png","type":"image\/png"}],"twitter_card":"summary_large_image","schema":{"@context":"https:\/\/schema.org","@graph":[{"@type":"WebPage","@id":"https:\/\/galli.ch\/uhren\/louis-erard\/noirmont-metiers-dart\/le-regulateur-grave-bleu-85248aa15-bva159\/","url":"https:\/\/galli.ch\/uhren\/louis-erard\/noirmont-metiers-dart\/le-regulateur-grave-bleu-85248aa15-bva159\/","name":"Louis Erard Le R\u00e9gulateur Grav\u00e9 Bleu - Galli Uhren Bijouterie","isPartOf":{"@id":"http:\/\/galli.ch\/en\/#website"},"primaryImageOfPage":{"@id":"https:\/\/galli.ch\/uhren\/louis-erard\/noirmont-metiers-dart\/le-regulateur-grave-bleu-85248aa15-bva159\/#primaryimage"},"image":{"@id":"https:\/\/galli.ch\/uhren\/louis-erard\/noirmont-metiers-dart\/le-regulateur-grave-bleu-85248aa15-bva159\/#primaryimage"},"thumbnailUrl":"https:\/\/galli.ch\/wp-content\/uploads\/85248AA15.png","datePublished":"2026-05-07T14:47:32+00:00","dateModified":"2026-05-12T12:54:00+00:00","breadcrumb":{"@id":"https:\/\/galli.ch\/uhren\/louis-erard\/noirmont-metiers-dart\/le-regulateur-grave-bleu-85248aa15-bva159\/#breadcrumb"},"inLanguage":"en-US","potentialAction":[{"@type":"ReadAction","target":["https:\/\/galli.ch\/uhren\/louis-erard\/noirmont-metiers-dart\/le-regulateur-grave-bleu-85248aa15-bva159\/"]}]},{"@type":"ImageObject","inLanguage":"en-US","@id":"https:\/\/galli.ch\/uhren\/louis-erard\/noirmont-metiers-dart\/le-regulateur-grave-bleu-85248aa15-bva159\/#primaryimage","url":"https:\/\/galli.ch\/wp-content\/uploads\/85248AA15.png","contentUrl":"https:\/\/galli.ch\/wp-content\/uploads\/85248AA15.png","width":1000,"height":1400},{"@type":"BreadcrumbList","@id":"https:\/\/galli.ch\/uhren\/louis-erard\/noirmont-metiers-dart\/le-regulateur-grave-bleu-85248aa15-bva159\/#breadcrumb","itemListElement":[{"@type":"ListItem","position":1,"name":"Home","item":"https:\/\/galli.ch\/en\/"},{"@type":"ListItem","position":2,"name":"Uhren","item":"https:\/\/galli.ch\/en\/uhren\/"},{"@type":"ListItem","position":3,"name":"Louis Erard Le R\u00e9gulateur Grav\u00e9 Bleu"}]},{"@type":"WebSite","@id":"http:\/\/galli.ch\/en\/#website","url":"http:\/\/galli.ch\/en\/","name":"Galli Uhren Bijouterie","description":"","potentialAction":[{"@type":"SearchAction","target":{"@type":"EntryPoint","urlTemplate":"http:\/\/galli.ch\/en\/?s={search_term_string}"},"query-input":{"@type":"PropertyValueSpecification","valueRequired":true,"valueName":"search_term_string"}}],"inLanguage":"en-US"}]}},"_links":{"self":[{"href":"https:\/\/galli.ch\/en\/wp-json\/wp\/v2\/product\/51747","targetHints":{"allow":["GET"]}}],"collection":[{"href":"https:\/\/galli.ch\/en\/wp-json\/wp\/v2\/product"}],"about":[{"href":"https:\/\/galli.ch\/en\/wp-json\/wp\/v2\/types\/product"}],"wp:featuredmedia":[{"embeddable":true,"href":"https:\/\/galli.ch\/en\/wp-json\/wp\/v2\/media\/51510"}],"wp:attachment":[{"href":"https:\/\/galli.ch\/en\/wp-json\/wp\/v2\/media?parent=51747"}],"wp:term":[{"taxonomy":"product_brand","embeddable":true,"href":"https:\/\/galli.ch\/en\/wp-json\/wp\/v2\/product_brand?post=51747"},{"taxonomy":"product_cat","embeddable":true,"href":"https:\/\/galli.ch\/en\/wp-json\/wp\/v2\/product_cat?post=51747"},{"taxonomy":"product_tag","embeddable":true,"href":"https:\/\/galli.ch\/en\/wp-json\/wp\/v2\/product_tag?post=51747"}],"curies":[{"name":"wp","href":"https:\/\/api.w.org\/{rel}","templated":true}]}}