{"id":51771,"date":"2026-05-08T09:45:02","date_gmt":"2026-05-08T07:45:02","guid":{"rendered":"https:\/\/galli.ch\/?post_type=product&#038;p=51771"},"modified":"2026-05-12T14:50:23","modified_gmt":"2026-05-12T12:50:23","slug":"alain-silberstein-le-regulateur-tourbillon-khaki-89356tt06-btt89","status":"publish","type":"product","link":"https:\/\/galli.ch\/en\/uhren\/louis-erard\/noirmont-x\/alain-silberstein-le-regulateur-tourbillon-khaki-89356tt06-btt89\/","title":{"rendered":"Louis Erard x Alain Silberstein Le R\u00e9gulateur Tourbillon Khaki"},"content":{"rendered":"<p>Die Louis Erard x Alain Silberstein Le R\u00e9gulateur Tourbillon Khaki steht f\u00fcr aussergew\u00f6hnliche Schweizer Haute Horlogerie und kreatives Design auf h\u00f6chstem Niveau. Die exklusive Zusammenarbeit zwischen Louis Erard und Designer Alain Silberstein kombiniert die ikonische Regulator-Anzeige mit einem faszinierenden Tourbillon und erschafft damit eine limitierte Luxusuhr mit unverwechselbarem Charakter.<\/p>\n","protected":false},"excerpt":{"rendered":"<p>Die Louis Erard x Alain Silberstein Le R\u00e9gulateur Tourbillon Khaki steht f\u00fcr aussergew\u00f6hnliche Schweizer Haute Horlogerie und kreatives Design auf h\u00f6chstem Niveau. Die exklusive Zusammenarbeit zwischen Louis Erard und Designer Alain Silberstein kombiniert die ikonische Regulator-Anzeige mit einem faszinierenden Tourbillon und erschafft damit eine limitierte Luxusuhr mit unverwechselbarem Charakter.<\/p>\n","protected":false},"featured_media":51530,"template":"","meta":{"_acf_changed":false,"inline_featured_image":false},"product_brand":[],"product_cat":[188],"product_tag":[],"class_list":{"0":"post-51771","1":"product","2":"type-product","3":"status-publish","4":"has-post-thumbnail","6":"uhrenhersteller-louis-erard","7":"uhrenhersteller-noirmont-x","8":"product_cat-uhren","10":"first","11":"outofstock","12":"taxable","13":"shipping-taxable","14":"purchasable","15":"product-type-simple"},"acf":[],"yoast_head":"<!-- This site is optimized with the Yoast SEO plugin v25.5 - https:\/\/yoast.com\/wordpress\/plugins\/seo\/ -->\n<title>Louis Erard x Alain Silberstein Le R\u00e9gulateur Tourbillon Khaki - Galli Uhren Bijouterie<\/title>\n<meta name=\"robots\" content=\"index, follow, max-snippet:-1, max-image-preview:large, max-video-preview:-1\" \/>\n<link rel=\"canonical\" href=\"https:\/\/galli.ch\/uhren\/louis-erard\/noirmont-x\/alain-silberstein-le-regulateur-tourbillon-khaki-89356tt06-btt89\/\" \/>\n<meta property=\"og:locale\" content=\"en_US\" \/>\n<meta property=\"og:type\" content=\"article\" \/>\n<meta property=\"og:title\" content=\"Louis Erard x Alain Silberstein Le R\u00e9gulateur Tourbillon Khaki - Galli Uhren Bijouterie\" \/>\n<meta property=\"og:description\" content=\"Die Louis Erard x Alain Silberstein Le R\u00e9gulateur Tourbillon Khaki steht f\u00fcr aussergew\u00f6hnliche Schweizer Haute Horlogerie und kreatives Design auf h\u00f6chstem Niveau. Die exklusive Zusammenarbeit zwischen Louis Erard und Designer Alain Silberstein kombiniert die ikonische Regulator-Anzeige mit einem faszinierenden Tourbillon und erschafft damit eine limitierte Luxusuhr mit unverwechselbarem Charakter.\" \/>\n<meta property=\"og:url\" content=\"https:\/\/galli.ch\/uhren\/louis-erard\/noirmont-x\/alain-silberstein-le-regulateur-tourbillon-khaki-89356tt06-btt89\/\" \/>\n<meta property=\"og:site_name\" content=\"Galli Uhren Bijouterie\" \/>\n<meta property=\"article:modified_time\" content=\"2026-05-12T12:50:23+00:00\" \/>\n<meta property=\"og:image\" content=\"https:\/\/galli.ch\/wp-content\/uploads\/89356TT06.png\" \/>\n\t<meta property=\"og:image:width\" content=\"1000\" \/>\n\t<meta property=\"og:image:height\" content=\"1400\" \/>\n\t<meta property=\"og:image:type\" content=\"image\/png\" \/>\n<meta name=\"twitter:card\" content=\"summary_large_image\" \/>\n<script type=\"application\/ld+json\" class=\"yoast-schema-graph\">{\"@context\":\"https:\/\/schema.org\",\"@graph\":[{\"@type\":\"WebPage\",\"@id\":\"https:\/\/galli.ch\/uhren\/louis-erard\/noirmont-x\/alain-silberstein-le-regulateur-tourbillon-khaki-89356tt06-btt89\/\",\"url\":\"https:\/\/galli.ch\/uhren\/louis-erard\/noirmont-x\/alain-silberstein-le-regulateur-tourbillon-khaki-89356tt06-btt89\/\",\"name\":\"Louis Erard x Alain Silberstein Le R\u00e9gulateur Tourbillon Khaki - Galli Uhren Bijouterie\",\"isPartOf\":{\"@id\":\"http:\/\/galli.ch\/en\/#website\"},\"primaryImageOfPage\":{\"@id\":\"https:\/\/galli.ch\/uhren\/louis-erard\/noirmont-x\/alain-silberstein-le-regulateur-tourbillon-khaki-89356tt06-btt89\/#primaryimage\"},\"image\":{\"@id\":\"https:\/\/galli.ch\/uhren\/louis-erard\/noirmont-x\/alain-silberstein-le-regulateur-tourbillon-khaki-89356tt06-btt89\/#primaryimage\"},\"thumbnailUrl\":\"https:\/\/galli.ch\/wp-content\/uploads\/89356TT06.png\",\"datePublished\":\"2026-05-08T07:45:02+00:00\",\"dateModified\":\"2026-05-12T12:50:23+00:00\",\"breadcrumb\":{\"@id\":\"https:\/\/galli.ch\/uhren\/louis-erard\/noirmont-x\/alain-silberstein-le-regulateur-tourbillon-khaki-89356tt06-btt89\/#breadcrumb\"},\"inLanguage\":\"en-US\",\"potentialAction\":[{\"@type\":\"ReadAction\",\"target\":[\"https:\/\/galli.ch\/uhren\/louis-erard\/noirmont-x\/alain-silberstein-le-regulateur-tourbillon-khaki-89356tt06-btt89\/\"]}]},{\"@type\":\"ImageObject\",\"inLanguage\":\"en-US\",\"@id\":\"https:\/\/galli.ch\/uhren\/louis-erard\/noirmont-x\/alain-silberstein-le-regulateur-tourbillon-khaki-89356tt06-btt89\/#primaryimage\",\"url\":\"https:\/\/galli.ch\/wp-content\/uploads\/89356TT06.png\",\"contentUrl\":\"https:\/\/galli.ch\/wp-content\/uploads\/89356TT06.png\",\"width\":1000,\"height\":1400},{\"@type\":\"BreadcrumbList\",\"@id\":\"https:\/\/galli.ch\/uhren\/louis-erard\/noirmont-x\/alain-silberstein-le-regulateur-tourbillon-khaki-89356tt06-btt89\/#breadcrumb\",\"itemListElement\":[{\"@type\":\"ListItem\",\"position\":1,\"name\":\"Home\",\"item\":\"https:\/\/galli.ch\/en\/\"},{\"@type\":\"ListItem\",\"position\":2,\"name\":\"Uhren\",\"item\":\"https:\/\/galli.ch\/en\/uhren\/\"},{\"@type\":\"ListItem\",\"position\":3,\"name\":\"Louis Erard x Alain Silberstein Le R\u00e9gulateur Tourbillon Khaki\"}]},{\"@type\":\"WebSite\",\"@id\":\"http:\/\/galli.ch\/en\/#website\",\"url\":\"http:\/\/galli.ch\/en\/\",\"name\":\"Galli Uhren Bijouterie\",\"description\":\"\",\"potentialAction\":[{\"@type\":\"SearchAction\",\"target\":{\"@type\":\"EntryPoint\",\"urlTemplate\":\"http:\/\/galli.ch\/en\/?s={search_term_string}\"},\"query-input\":{\"@type\":\"PropertyValueSpecification\",\"valueRequired\":true,\"valueName\":\"search_term_string\"}}],\"inLanguage\":\"en-US\"}]}<\/script>\n<!-- \/ Yoast SEO plugin. -->","yoast_head_json":{"title":"Louis Erard x Alain Silberstein Le R\u00e9gulateur Tourbillon Khaki - Galli Uhren Bijouterie","robots":{"index":"index","follow":"follow","max-snippet":"max-snippet:-1","max-image-preview":"max-image-preview:large","max-video-preview":"max-video-preview:-1"},"canonical":"https:\/\/galli.ch\/uhren\/louis-erard\/noirmont-x\/alain-silberstein-le-regulateur-tourbillon-khaki-89356tt06-btt89\/","og_locale":"en_US","og_type":"article","og_title":"Louis Erard x Alain Silberstein Le R\u00e9gulateur Tourbillon Khaki - Galli Uhren Bijouterie","og_description":"Die Louis Erard x Alain Silberstein Le R\u00e9gulateur Tourbillon Khaki steht f\u00fcr aussergew\u00f6hnliche Schweizer Haute Horlogerie und kreatives Design auf h\u00f6chstem Niveau. Die exklusive Zusammenarbeit zwischen Louis Erard und Designer Alain Silberstein kombiniert die ikonische Regulator-Anzeige mit einem faszinierenden Tourbillon und erschafft damit eine limitierte Luxusuhr mit unverwechselbarem Charakter.","og_url":"https:\/\/galli.ch\/uhren\/louis-erard\/noirmont-x\/alain-silberstein-le-regulateur-tourbillon-khaki-89356tt06-btt89\/","og_site_name":"Galli Uhren Bijouterie","article_modified_time":"2026-05-12T12:50:23+00:00","og_image":[{"width":1000,"height":1400,"url":"https:\/\/galli.ch\/wp-content\/uploads\/89356TT06.png","type":"image\/png"}],"twitter_card":"summary_large_image","schema":{"@context":"https:\/\/schema.org","@graph":[{"@type":"WebPage","@id":"https:\/\/galli.ch\/uhren\/louis-erard\/noirmont-x\/alain-silberstein-le-regulateur-tourbillon-khaki-89356tt06-btt89\/","url":"https:\/\/galli.ch\/uhren\/louis-erard\/noirmont-x\/alain-silberstein-le-regulateur-tourbillon-khaki-89356tt06-btt89\/","name":"Louis Erard x Alain Silberstein Le R\u00e9gulateur Tourbillon Khaki - Galli Uhren Bijouterie","isPartOf":{"@id":"http:\/\/galli.ch\/en\/#website"},"primaryImageOfPage":{"@id":"https:\/\/galli.ch\/uhren\/louis-erard\/noirmont-x\/alain-silberstein-le-regulateur-tourbillon-khaki-89356tt06-btt89\/#primaryimage"},"image":{"@id":"https:\/\/galli.ch\/uhren\/louis-erard\/noirmont-x\/alain-silberstein-le-regulateur-tourbillon-khaki-89356tt06-btt89\/#primaryimage"},"thumbnailUrl":"https:\/\/galli.ch\/wp-content\/uploads\/89356TT06.png","datePublished":"2026-05-08T07:45:02+00:00","dateModified":"2026-05-12T12:50:23+00:00","breadcrumb":{"@id":"https:\/\/galli.ch\/uhren\/louis-erard\/noirmont-x\/alain-silberstein-le-regulateur-tourbillon-khaki-89356tt06-btt89\/#breadcrumb"},"inLanguage":"en-US","potentialAction":[{"@type":"ReadAction","target":["https:\/\/galli.ch\/uhren\/louis-erard\/noirmont-x\/alain-silberstein-le-regulateur-tourbillon-khaki-89356tt06-btt89\/"]}]},{"@type":"ImageObject","inLanguage":"en-US","@id":"https:\/\/galli.ch\/uhren\/louis-erard\/noirmont-x\/alain-silberstein-le-regulateur-tourbillon-khaki-89356tt06-btt89\/#primaryimage","url":"https:\/\/galli.ch\/wp-content\/uploads\/89356TT06.png","contentUrl":"https:\/\/galli.ch\/wp-content\/uploads\/89356TT06.png","width":1000,"height":1400},{"@type":"BreadcrumbList","@id":"https:\/\/galli.ch\/uhren\/louis-erard\/noirmont-x\/alain-silberstein-le-regulateur-tourbillon-khaki-89356tt06-btt89\/#breadcrumb","itemListElement":[{"@type":"ListItem","position":1,"name":"Home","item":"https:\/\/galli.ch\/en\/"},{"@type":"ListItem","position":2,"name":"Uhren","item":"https:\/\/galli.ch\/en\/uhren\/"},{"@type":"ListItem","position":3,"name":"Louis Erard x Alain Silberstein Le R\u00e9gulateur Tourbillon Khaki"}]},{"@type":"WebSite","@id":"http:\/\/galli.ch\/en\/#website","url":"http:\/\/galli.ch\/en\/","name":"Galli Uhren Bijouterie","description":"","potentialAction":[{"@type":"SearchAction","target":{"@type":"EntryPoint","urlTemplate":"http:\/\/galli.ch\/en\/?s={search_term_string}"},"query-input":{"@type":"PropertyValueSpecification","valueRequired":true,"valueName":"search_term_string"}}],"inLanguage":"en-US"}]}},"_links":{"self":[{"href":"https:\/\/galli.ch\/en\/wp-json\/wp\/v2\/product\/51771","targetHints":{"allow":["GET"]}}],"collection":[{"href":"https:\/\/galli.ch\/en\/wp-json\/wp\/v2\/product"}],"about":[{"href":"https:\/\/galli.ch\/en\/wp-json\/wp\/v2\/types\/product"}],"wp:featuredmedia":[{"embeddable":true,"href":"https:\/\/galli.ch\/en\/wp-json\/wp\/v2\/media\/51530"}],"wp:attachment":[{"href":"https:\/\/galli.ch\/en\/wp-json\/wp\/v2\/media?parent=51771"}],"wp:term":[{"taxonomy":"product_brand","embeddable":true,"href":"https:\/\/galli.ch\/en\/wp-json\/wp\/v2\/product_brand?post=51771"},{"taxonomy":"product_cat","embeddable":true,"href":"https:\/\/galli.ch\/en\/wp-json\/wp\/v2\/product_cat?post=51771"},{"taxonomy":"product_tag","embeddable":true,"href":"https:\/\/galli.ch\/en\/wp-json\/wp\/v2\/product_tag?post=51771"}],"curies":[{"name":"wp","href":"https:\/\/api.w.org\/{rel}","templated":true}]}}