{"id":5257,"date":"2019-06-19T14:20:48","date_gmt":"2019-06-19T12:20:48","guid":{"rendered":"http:\/\/galli.ch\/?post_type=schmuck&#038;p=5257"},"modified":"2025-03-13T13:44:18","modified_gmt":"2025-03-13T12:44:18","slug":"solitaire-102753-2","status":"publish","type":"product","link":"https:\/\/galli.ch\/en\/schmuck\/canadamark\/solitaire-102753-2\/","title":{"rendered":"Canada Mark Solitaire Platin 0.80ct F-vs2"},"content":{"rendered":"<p>Der CanadaMark-Diamant ist etwas einzigartiges.\u00a0Es wird versprochen, dass alle Diamanten in den Nordwest-Territorien Kanadas verantwortungsbewusst abgebaut werden, unter Ber\u00fccksichtigung der Nachhaltigkeit der nat\u00fcrlichen Umwelt und der Menschen in der Gemeinde.\u00a0 Alle Minen, die Teil des Canadamark-Programms sind, m\u00fcssen die strengen kanadischen Umweltvorschriften erf\u00fcllen, und viele gehen dar\u00fcber hinaus.<\/p>\n<p>Die Firma ist stolz auf ihre Transparenz w\u00e4hrend des gesamten Abbauprozesses. Aus diesem Grund werden alle Canadamark-Diamanten in jeder Phase von der Mine des Ursprungs bis zum polierten Stein einem unabh\u00e4ngigen, gepr\u00fcften Prozess unterzogen. Bei einem Kauf erhalten Sie ein Zertifikat mit einer Seriennummer, welche ganz klein auch auf dem Diamant graviert ist. Mit dieser Nummer k\u00f6nnen Sie bei <a href=\"https:\/\/www.canadamark.com\/\">CanadaMark<\/a> direkt herausfinden, aus welcher Mine er stammt.<\/p>\n<p>Den Stein lassen wir bei <a href=\"http:\/\/www.die-goldschmiede.com\/\">W\u00f6hler&amp;Weikard<\/a> schmieden, welcher ein lokaler Goldschmied in Z\u00fcrich ist. Somit erhalten Sie die v\u00f6llige Transparenz von Galli.<\/p>\n<div class=\"jhH5U r-ijxNlPZqwtQc\" data-rtid=\"ijxNlPZqwtQc\">\n<div class=\"oSioSc\">\n<div id=\"tw-target\">\n<div id=\"kAz1tf\" class=\"g9WsWb\">\n<div id=\"tw-target-rmn-container\" class=\"tw-ta-container tw-nfl\">\n<pre id=\"tw-target-rmn\" class=\"tw-data-placeholder tw-ta tw-text-small\" dir=\"ltr\" data-placeholder=\"\"><\/pre>\n<pre class=\"tw-ta tw-text-small\"><\/pre>\n<\/div>\n<div id=\"tw-tmenu\" class=\"tw-menu\"><\/div>\n<\/div>\n<\/div>\n<\/div>\n<div class=\"itcH23UMKQ5M-pvVKlfEP0Yk\"><\/div>\n<\/div>\n","protected":false},"excerpt":{"rendered":"<p>Der CanadaMark-Diamant ist etwas einzigartiges.\u00a0Es wird versprochen, dass alle Diamanten in den Nordwest-Territorien Kanadas verantwortungsbewusst abgebaut werden, unter Ber\u00fccksichtigung der Nachhaltigkeit der nat\u00fcrlichen Umwelt und der Menschen in der Gemeinde.\u00a0 Alle Minen, die Teil des Canadamark-Programms sind, m\u00fcssen die strengen kanadischen Umweltvorschriften erf\u00fcllen, und viele gehen dar\u00fcber hinaus. Die Firma ist stolz auf ihre Transparenz&#8230;  <a class=\"excerpt-read-more\" href=\"https:\/\/galli.ch\/en\/schmuck\/canadamark\/solitaire-102753-2\/\" title=\"Read Canada Mark Solitaire Platin 0.80ct F-vs2\">Weiter &raquo;<\/a><\/p>\n","protected":false},"featured_media":5264,"template":"","meta":{"_acf_changed":false,"inline_featured_image":false},"product_brand":[],"product_cat":[189],"product_tag":[],"class_list":{"0":"post-5257","1":"product","2":"type-product","3":"status-publish","4":"has-post-thumbnail","6":"schmuckhersteller-canadamark","7":"schmuckthemen-rings","8":"product_cat-schmuck","10":"first","11":"instock","12":"taxable","13":"shipping-taxable","14":"purchasable","15":"product-type-simple"},"acf":[],"yoast_head":"<!-- This site is optimized with the Yoast SEO plugin v25.5 - https:\/\/yoast.com\/wordpress\/plugins\/seo\/ -->\n<title>Canada Mark Solitaire Platin 0.80ct F-vs2 - Galli Uhren Bijouterie<\/title>\n<meta name=\"robots\" content=\"index, follow, max-snippet:-1, max-image-preview:large, max-video-preview:-1\" \/>\n<link rel=\"canonical\" href=\"https:\/\/galli.ch\/schmuck\/canadamark\/solitaire-102753-2\/\" \/>\n<meta property=\"og:locale\" content=\"en_US\" \/>\n<meta property=\"og:type\" content=\"article\" \/>\n<meta property=\"og:title\" content=\"Canada Mark Solitaire Platin 0.80ct F-vs2 - Galli Uhren Bijouterie\" \/>\n<meta property=\"og:description\" content=\"Der CanadaMark-Diamant ist etwas einzigartiges.\u00a0Es wird versprochen, dass alle Diamanten in den Nordwest-Territorien Kanadas verantwortungsbewusst abgebaut werden, unter Ber\u00fccksichtigung der Nachhaltigkeit der nat\u00fcrlichen Umwelt und der Menschen in der Gemeinde.\u00a0 Alle Minen, die Teil des Canadamark-Programms sind, m\u00fcssen die strengen kanadischen Umweltvorschriften erf\u00fcllen, und viele gehen dar\u00fcber hinaus. Die Firma ist stolz auf ihre Transparenz... Weiter &raquo;\" \/>\n<meta property=\"og:url\" content=\"https:\/\/galli.ch\/schmuck\/canadamark\/solitaire-102753-2\/\" \/>\n<meta property=\"og:site_name\" content=\"Galli Uhren Bijouterie\" \/>\n<meta property=\"article:modified_time\" content=\"2025-03-13T12:44:18+00:00\" \/>\n<meta property=\"og:image\" content=\"https:\/\/galli.ch\/wp-content\/uploads\/Canada-Mark-0.80ct.png\" \/>\n\t<meta property=\"og:image:width\" content=\"1000\" \/>\n\t<meta property=\"og:image:height\" content=\"1400\" \/>\n\t<meta property=\"og:image:type\" content=\"image\/png\" \/>\n<meta name=\"twitter:card\" content=\"summary_large_image\" \/>\n<script type=\"application\/ld+json\" class=\"yoast-schema-graph\">{\"@context\":\"https:\/\/schema.org\",\"@graph\":[{\"@type\":\"WebPage\",\"@id\":\"https:\/\/galli.ch\/schmuck\/canadamark\/solitaire-102753-2\/\",\"url\":\"https:\/\/galli.ch\/schmuck\/canadamark\/solitaire-102753-2\/\",\"name\":\"Canada Mark Solitaire Platin 0.80ct F-vs2 - Galli Uhren Bijouterie\",\"isPartOf\":{\"@id\":\"http:\/\/galli.ch\/en\/#website\"},\"primaryImageOfPage\":{\"@id\":\"https:\/\/galli.ch\/schmuck\/canadamark\/solitaire-102753-2\/#primaryimage\"},\"image\":{\"@id\":\"https:\/\/galli.ch\/schmuck\/canadamark\/solitaire-102753-2\/#primaryimage\"},\"thumbnailUrl\":\"https:\/\/galli.ch\/wp-content\/uploads\/Canada-Mark-0.80ct.png\",\"datePublished\":\"2019-06-19T12:20:48+00:00\",\"dateModified\":\"2025-03-13T12:44:18+00:00\",\"breadcrumb\":{\"@id\":\"https:\/\/galli.ch\/schmuck\/canadamark\/solitaire-102753-2\/#breadcrumb\"},\"inLanguage\":\"en-US\",\"potentialAction\":[{\"@type\":\"ReadAction\",\"target\":[\"https:\/\/galli.ch\/schmuck\/canadamark\/solitaire-102753-2\/\"]}]},{\"@type\":\"ImageObject\",\"inLanguage\":\"en-US\",\"@id\":\"https:\/\/galli.ch\/schmuck\/canadamark\/solitaire-102753-2\/#primaryimage\",\"url\":\"https:\/\/galli.ch\/wp-content\/uploads\/Canada-Mark-0.80ct.png\",\"contentUrl\":\"https:\/\/galli.ch\/wp-content\/uploads\/Canada-Mark-0.80ct.png\",\"width\":1000,\"height\":1400,\"caption\":\"Solitaire Canada Mark 0.80ct Galli Z\u00fcrich\"},{\"@type\":\"BreadcrumbList\",\"@id\":\"https:\/\/galli.ch\/schmuck\/canadamark\/solitaire-102753-2\/#breadcrumb\",\"itemListElement\":[{\"@type\":\"ListItem\",\"position\":1,\"name\":\"Home\",\"item\":\"https:\/\/galli.ch\/en\/\"},{\"@type\":\"ListItem\",\"position\":2,\"name\":\"Uhren\",\"item\":\"https:\/\/galli.ch\/en\/uhren\/\"},{\"@type\":\"ListItem\",\"position\":3,\"name\":\"Solitaire Platin 0.80ct F-vs2\"}]},{\"@type\":\"WebSite\",\"@id\":\"http:\/\/galli.ch\/en\/#website\",\"url\":\"http:\/\/galli.ch\/en\/\",\"name\":\"Galli Uhren Bijouterie\",\"description\":\"\",\"potentialAction\":[{\"@type\":\"SearchAction\",\"target\":{\"@type\":\"EntryPoint\",\"urlTemplate\":\"http:\/\/galli.ch\/en\/?s={search_term_string}\"},\"query-input\":{\"@type\":\"PropertyValueSpecification\",\"valueRequired\":true,\"valueName\":\"search_term_string\"}}],\"inLanguage\":\"en-US\"}]}<\/script>\n<!-- \/ Yoast SEO plugin. -->","yoast_head_json":{"title":"Canada Mark Solitaire Platin 0.80ct F-vs2 - Galli Uhren Bijouterie","robots":{"index":"index","follow":"follow","max-snippet":"max-snippet:-1","max-image-preview":"max-image-preview:large","max-video-preview":"max-video-preview:-1"},"canonical":"https:\/\/galli.ch\/schmuck\/canadamark\/solitaire-102753-2\/","og_locale":"en_US","og_type":"article","og_title":"Canada Mark Solitaire Platin 0.80ct F-vs2 - Galli Uhren Bijouterie","og_description":"Der CanadaMark-Diamant ist etwas einzigartiges.\u00a0Es wird versprochen, dass alle Diamanten in den Nordwest-Territorien Kanadas verantwortungsbewusst abgebaut werden, unter Ber\u00fccksichtigung der Nachhaltigkeit der nat\u00fcrlichen Umwelt und der Menschen in der Gemeinde.\u00a0 Alle Minen, die Teil des Canadamark-Programms sind, m\u00fcssen die strengen kanadischen Umweltvorschriften erf\u00fcllen, und viele gehen dar\u00fcber hinaus. Die Firma ist stolz auf ihre Transparenz... Weiter &raquo;","og_url":"https:\/\/galli.ch\/schmuck\/canadamark\/solitaire-102753-2\/","og_site_name":"Galli Uhren Bijouterie","article_modified_time":"2025-03-13T12:44:18+00:00","og_image":[{"width":1000,"height":1400,"url":"https:\/\/galli.ch\/wp-content\/uploads\/Canada-Mark-0.80ct.png","type":"image\/png"}],"twitter_card":"summary_large_image","schema":{"@context":"https:\/\/schema.org","@graph":[{"@type":"WebPage","@id":"https:\/\/galli.ch\/schmuck\/canadamark\/solitaire-102753-2\/","url":"https:\/\/galli.ch\/schmuck\/canadamark\/solitaire-102753-2\/","name":"Canada Mark Solitaire Platin 0.80ct F-vs2 - Galli Uhren Bijouterie","isPartOf":{"@id":"http:\/\/galli.ch\/en\/#website"},"primaryImageOfPage":{"@id":"https:\/\/galli.ch\/schmuck\/canadamark\/solitaire-102753-2\/#primaryimage"},"image":{"@id":"https:\/\/galli.ch\/schmuck\/canadamark\/solitaire-102753-2\/#primaryimage"},"thumbnailUrl":"https:\/\/galli.ch\/wp-content\/uploads\/Canada-Mark-0.80ct.png","datePublished":"2019-06-19T12:20:48+00:00","dateModified":"2025-03-13T12:44:18+00:00","breadcrumb":{"@id":"https:\/\/galli.ch\/schmuck\/canadamark\/solitaire-102753-2\/#breadcrumb"},"inLanguage":"en-US","potentialAction":[{"@type":"ReadAction","target":["https:\/\/galli.ch\/schmuck\/canadamark\/solitaire-102753-2\/"]}]},{"@type":"ImageObject","inLanguage":"en-US","@id":"https:\/\/galli.ch\/schmuck\/canadamark\/solitaire-102753-2\/#primaryimage","url":"https:\/\/galli.ch\/wp-content\/uploads\/Canada-Mark-0.80ct.png","contentUrl":"https:\/\/galli.ch\/wp-content\/uploads\/Canada-Mark-0.80ct.png","width":1000,"height":1400,"caption":"Solitaire Canada Mark 0.80ct Galli Z\u00fcrich"},{"@type":"BreadcrumbList","@id":"https:\/\/galli.ch\/schmuck\/canadamark\/solitaire-102753-2\/#breadcrumb","itemListElement":[{"@type":"ListItem","position":1,"name":"Home","item":"https:\/\/galli.ch\/en\/"},{"@type":"ListItem","position":2,"name":"Uhren","item":"https:\/\/galli.ch\/en\/uhren\/"},{"@type":"ListItem","position":3,"name":"Solitaire Platin 0.80ct F-vs2"}]},{"@type":"WebSite","@id":"http:\/\/galli.ch\/en\/#website","url":"http:\/\/galli.ch\/en\/","name":"Galli Uhren Bijouterie","description":"","potentialAction":[{"@type":"SearchAction","target":{"@type":"EntryPoint","urlTemplate":"http:\/\/galli.ch\/en\/?s={search_term_string}"},"query-input":{"@type":"PropertyValueSpecification","valueRequired":true,"valueName":"search_term_string"}}],"inLanguage":"en-US"}]}},"_links":{"self":[{"href":"https:\/\/galli.ch\/en\/wp-json\/wp\/v2\/product\/5257","targetHints":{"allow":["GET"]}}],"collection":[{"href":"https:\/\/galli.ch\/en\/wp-json\/wp\/v2\/product"}],"about":[{"href":"https:\/\/galli.ch\/en\/wp-json\/wp\/v2\/types\/product"}],"wp:featuredmedia":[{"embeddable":true,"href":"https:\/\/galli.ch\/en\/wp-json\/wp\/v2\/media\/5264"}],"wp:attachment":[{"href":"https:\/\/galli.ch\/en\/wp-json\/wp\/v2\/media?parent=5257"}],"wp:term":[{"taxonomy":"product_brand","embeddable":true,"href":"https:\/\/galli.ch\/en\/wp-json\/wp\/v2\/product_brand?post=5257"},{"taxonomy":"product_cat","embeddable":true,"href":"https:\/\/galli.ch\/en\/wp-json\/wp\/v2\/product_cat?post=5257"},{"taxonomy":"product_tag","embeddable":true,"href":"https:\/\/galli.ch\/en\/wp-json\/wp\/v2\/product_tag?post=5257"}],"curies":[{"name":"wp","href":"https:\/\/api.w.org\/{rel}","templated":true}]}}