{"id":5765,"date":"2019-08-06T14:44:28","date_gmt":"2019-08-06T12:44:28","guid":{"rendered":"http:\/\/galli.ch\/?post_type=schmuck&#038;p=5765"},"modified":"2025-03-13T13:44:19","modified_gmt":"2025-03-13T12:44:19","slug":"gelbgold-armband","status":"publish","type":"product","link":"https:\/\/galli.ch\/en\/schmuck\/herzog-loibner\/gelbgold-armband\/","title":{"rendered":"Herzog Loibner Fantasy Gelbgold Armband"},"content":{"rendered":"<p>Die 18 Karat Gold Goldarmb\u00e4nder von Herzog Loibner stehen f\u00fcr h\u00f6chste Qualit\u00e4t und \u00fcberzeugen durch moderne Eleganz und luxuri\u00f6sem Finish. Casual zum Cashmere Pullover wie auch elegant zum Abendkleid entfalten die von Herzog Loibner handgeschmiedeten Armb\u00e4nder ihre pure und formvollendete Wirkung. Herzog Loibner Armb\u00e4nder sind ein sympathisches Statement, Schmuckst\u00fccke f\u00fcr die selbstbewusste stilorientierte Frau.<\/p>\n<p>Die Herzog Loibner Goldschmiede verarbeitet im Herzen von Liechtenstein hochwertiges 18 Karat Ros\u00e9-, Weiss-, und Gelbgold. Gold gilt seit Jahrhunderten als best\u00e4ndige Wertanlage.<\/p>\n","protected":false},"excerpt":{"rendered":"<p>Die 18 Karat Gold Goldarmb\u00e4nder von Herzog Loibner stehen f\u00fcr h\u00f6chste Qualit\u00e4t und \u00fcberzeugen durch moderne Eleganz und luxuri\u00f6sem Finish. Casual zum Cashmere Pullover wie auch elegant zum Abendkleid entfalten die von Herzog Loibner handgeschmiedeten Armb\u00e4nder ihre pure und formvollendete Wirkung. Herzog Loibner Armb\u00e4nder sind ein sympathisches Statement, Schmuckst\u00fccke f\u00fcr die selbstbewusste stilorientierte Frau. Die&#8230;  <a class=\"excerpt-read-more\" href=\"https:\/\/galli.ch\/en\/schmuck\/herzog-loibner\/gelbgold-armband\/\" title=\"Read Herzog Loibner Fantasy Gelbgold Armband\">Weiter &raquo;<\/a><\/p>\n","protected":false},"featured_media":5685,"template":"","meta":{"_acf_changed":false,"inline_featured_image":false},"product_brand":[],"product_cat":[189],"product_tag":[],"class_list":{"0":"post-5765","1":"product","2":"type-product","3":"status-publish","4":"has-post-thumbnail","6":"schmuckhersteller-herzog-loibner","7":"schmuckthemen-bracelets","8":"product_cat-schmuck","10":"first","11":"outofstock","12":"taxable","13":"shipping-taxable","14":"purchasable","15":"product-type-simple"},"acf":[],"yoast_head":"<!-- This site is optimized with the Yoast SEO plugin v25.5 - https:\/\/yoast.com\/wordpress\/plugins\/seo\/ -->\n<title>Herzog Loibner Fantasy Gelbgold Armband - Galli Uhren Bijouterie<\/title>\n<meta name=\"robots\" content=\"index, follow, max-snippet:-1, max-image-preview:large, max-video-preview:-1\" \/>\n<link rel=\"canonical\" href=\"https:\/\/galli.ch\/schmuck\/herzog-loibner\/gelbgold-armband\/\" \/>\n<meta property=\"og:locale\" content=\"en_US\" \/>\n<meta property=\"og:type\" content=\"article\" \/>\n<meta property=\"og:title\" content=\"Herzog Loibner Fantasy Gelbgold Armband - Galli Uhren Bijouterie\" \/>\n<meta property=\"og:description\" content=\"Die 18 Karat Gold Goldarmb\u00e4nder von Herzog Loibner stehen f\u00fcr h\u00f6chste Qualit\u00e4t und \u00fcberzeugen durch moderne Eleganz und luxuri\u00f6sem Finish. Casual zum Cashmere Pullover wie auch elegant zum Abendkleid entfalten die von Herzog Loibner handgeschmiedeten Armb\u00e4nder ihre pure und formvollendete Wirkung. Herzog Loibner Armb\u00e4nder sind ein sympathisches Statement, Schmuckst\u00fccke f\u00fcr die selbstbewusste stilorientierte Frau. Die... Weiter &raquo;\" \/>\n<meta property=\"og:url\" content=\"https:\/\/galli.ch\/schmuck\/herzog-loibner\/gelbgold-armband\/\" \/>\n<meta property=\"og:site_name\" content=\"Galli Uhren Bijouterie\" \/>\n<meta property=\"article:modified_time\" content=\"2025-03-13T12:44:19+00:00\" \/>\n<meta property=\"og:image\" content=\"https:\/\/galli.ch\/wp-content\/uploads\/180221_0500.png\" \/>\n\t<meta property=\"og:image:width\" content=\"1000\" \/>\n\t<meta property=\"og:image:height\" content=\"1400\" \/>\n\t<meta property=\"og:image:type\" content=\"image\/png\" \/>\n<meta name=\"twitter:card\" content=\"summary_large_image\" \/>\n<script type=\"application\/ld+json\" class=\"yoast-schema-graph\">{\"@context\":\"https:\/\/schema.org\",\"@graph\":[{\"@type\":\"WebPage\",\"@id\":\"https:\/\/galli.ch\/schmuck\/herzog-loibner\/gelbgold-armband\/\",\"url\":\"https:\/\/galli.ch\/schmuck\/herzog-loibner\/gelbgold-armband\/\",\"name\":\"Herzog Loibner Fantasy Gelbgold Armband - Galli Uhren Bijouterie\",\"isPartOf\":{\"@id\":\"http:\/\/galli.ch\/en\/#website\"},\"primaryImageOfPage\":{\"@id\":\"https:\/\/galli.ch\/schmuck\/herzog-loibner\/gelbgold-armband\/#primaryimage\"},\"image\":{\"@id\":\"https:\/\/galli.ch\/schmuck\/herzog-loibner\/gelbgold-armband\/#primaryimage\"},\"thumbnailUrl\":\"https:\/\/galli.ch\/wp-content\/uploads\/180221_0500.png\",\"datePublished\":\"2019-08-06T12:44:28+00:00\",\"dateModified\":\"2025-03-13T12:44:19+00:00\",\"breadcrumb\":{\"@id\":\"https:\/\/galli.ch\/schmuck\/herzog-loibner\/gelbgold-armband\/#breadcrumb\"},\"inLanguage\":\"en-US\",\"potentialAction\":[{\"@type\":\"ReadAction\",\"target\":[\"https:\/\/galli.ch\/schmuck\/herzog-loibner\/gelbgold-armband\/\"]}]},{\"@type\":\"ImageObject\",\"inLanguage\":\"en-US\",\"@id\":\"https:\/\/galli.ch\/schmuck\/herzog-loibner\/gelbgold-armband\/#primaryimage\",\"url\":\"https:\/\/galli.ch\/wp-content\/uploads\/180221_0500.png\",\"contentUrl\":\"https:\/\/galli.ch\/wp-content\/uploads\/180221_0500.png\",\"width\":1000,\"height\":1400,\"caption\":\"Herzog Loibner Rotgold Kette Galli Z\u00fcrich\"},{\"@type\":\"BreadcrumbList\",\"@id\":\"https:\/\/galli.ch\/schmuck\/herzog-loibner\/gelbgold-armband\/#breadcrumb\",\"itemListElement\":[{\"@type\":\"ListItem\",\"position\":1,\"name\":\"Home\",\"item\":\"https:\/\/galli.ch\/en\/\"},{\"@type\":\"ListItem\",\"position\":2,\"name\":\"Uhren\",\"item\":\"https:\/\/galli.ch\/en\/uhren\/\"},{\"@type\":\"ListItem\",\"position\":3,\"name\":\"Fantasy Gelbgold Armband\"}]},{\"@type\":\"WebSite\",\"@id\":\"http:\/\/galli.ch\/en\/#website\",\"url\":\"http:\/\/galli.ch\/en\/\",\"name\":\"Galli Uhren Bijouterie\",\"description\":\"\",\"potentialAction\":[{\"@type\":\"SearchAction\",\"target\":{\"@type\":\"EntryPoint\",\"urlTemplate\":\"http:\/\/galli.ch\/en\/?s={search_term_string}\"},\"query-input\":{\"@type\":\"PropertyValueSpecification\",\"valueRequired\":true,\"valueName\":\"search_term_string\"}}],\"inLanguage\":\"en-US\"}]}<\/script>\n<!-- \/ Yoast SEO plugin. -->","yoast_head_json":{"title":"Herzog Loibner Fantasy Gelbgold Armband - Galli Uhren Bijouterie","robots":{"index":"index","follow":"follow","max-snippet":"max-snippet:-1","max-image-preview":"max-image-preview:large","max-video-preview":"max-video-preview:-1"},"canonical":"https:\/\/galli.ch\/schmuck\/herzog-loibner\/gelbgold-armband\/","og_locale":"en_US","og_type":"article","og_title":"Herzog Loibner Fantasy Gelbgold Armband - Galli Uhren Bijouterie","og_description":"Die 18 Karat Gold Goldarmb\u00e4nder von Herzog Loibner stehen f\u00fcr h\u00f6chste Qualit\u00e4t und \u00fcberzeugen durch moderne Eleganz und luxuri\u00f6sem Finish. Casual zum Cashmere Pullover wie auch elegant zum Abendkleid entfalten die von Herzog Loibner handgeschmiedeten Armb\u00e4nder ihre pure und formvollendete Wirkung. Herzog Loibner Armb\u00e4nder sind ein sympathisches Statement, Schmuckst\u00fccke f\u00fcr die selbstbewusste stilorientierte Frau. Die... Weiter &raquo;","og_url":"https:\/\/galli.ch\/schmuck\/herzog-loibner\/gelbgold-armband\/","og_site_name":"Galli Uhren Bijouterie","article_modified_time":"2025-03-13T12:44:19+00:00","og_image":[{"width":1000,"height":1400,"url":"https:\/\/galli.ch\/wp-content\/uploads\/180221_0500.png","type":"image\/png"}],"twitter_card":"summary_large_image","schema":{"@context":"https:\/\/schema.org","@graph":[{"@type":"WebPage","@id":"https:\/\/galli.ch\/schmuck\/herzog-loibner\/gelbgold-armband\/","url":"https:\/\/galli.ch\/schmuck\/herzog-loibner\/gelbgold-armband\/","name":"Herzog Loibner Fantasy Gelbgold Armband - Galli Uhren Bijouterie","isPartOf":{"@id":"http:\/\/galli.ch\/en\/#website"},"primaryImageOfPage":{"@id":"https:\/\/galli.ch\/schmuck\/herzog-loibner\/gelbgold-armband\/#primaryimage"},"image":{"@id":"https:\/\/galli.ch\/schmuck\/herzog-loibner\/gelbgold-armband\/#primaryimage"},"thumbnailUrl":"https:\/\/galli.ch\/wp-content\/uploads\/180221_0500.png","datePublished":"2019-08-06T12:44:28+00:00","dateModified":"2025-03-13T12:44:19+00:00","breadcrumb":{"@id":"https:\/\/galli.ch\/schmuck\/herzog-loibner\/gelbgold-armband\/#breadcrumb"},"inLanguage":"en-US","potentialAction":[{"@type":"ReadAction","target":["https:\/\/galli.ch\/schmuck\/herzog-loibner\/gelbgold-armband\/"]}]},{"@type":"ImageObject","inLanguage":"en-US","@id":"https:\/\/galli.ch\/schmuck\/herzog-loibner\/gelbgold-armband\/#primaryimage","url":"https:\/\/galli.ch\/wp-content\/uploads\/180221_0500.png","contentUrl":"https:\/\/galli.ch\/wp-content\/uploads\/180221_0500.png","width":1000,"height":1400,"caption":"Herzog Loibner Rotgold Kette Galli Z\u00fcrich"},{"@type":"BreadcrumbList","@id":"https:\/\/galli.ch\/schmuck\/herzog-loibner\/gelbgold-armband\/#breadcrumb","itemListElement":[{"@type":"ListItem","position":1,"name":"Home","item":"https:\/\/galli.ch\/en\/"},{"@type":"ListItem","position":2,"name":"Uhren","item":"https:\/\/galli.ch\/en\/uhren\/"},{"@type":"ListItem","position":3,"name":"Fantasy Gelbgold Armband"}]},{"@type":"WebSite","@id":"http:\/\/galli.ch\/en\/#website","url":"http:\/\/galli.ch\/en\/","name":"Galli Uhren Bijouterie","description":"","potentialAction":[{"@type":"SearchAction","target":{"@type":"EntryPoint","urlTemplate":"http:\/\/galli.ch\/en\/?s={search_term_string}"},"query-input":{"@type":"PropertyValueSpecification","valueRequired":true,"valueName":"search_term_string"}}],"inLanguage":"en-US"}]}},"_links":{"self":[{"href":"https:\/\/galli.ch\/en\/wp-json\/wp\/v2\/product\/5765","targetHints":{"allow":["GET"]}}],"collection":[{"href":"https:\/\/galli.ch\/en\/wp-json\/wp\/v2\/product"}],"about":[{"href":"https:\/\/galli.ch\/en\/wp-json\/wp\/v2\/types\/product"}],"wp:featuredmedia":[{"embeddable":true,"href":"https:\/\/galli.ch\/en\/wp-json\/wp\/v2\/media\/5685"}],"wp:attachment":[{"href":"https:\/\/galli.ch\/en\/wp-json\/wp\/v2\/media?parent=5765"}],"wp:term":[{"taxonomy":"product_brand","embeddable":true,"href":"https:\/\/galli.ch\/en\/wp-json\/wp\/v2\/product_brand?post=5765"},{"taxonomy":"product_cat","embeddable":true,"href":"https:\/\/galli.ch\/en\/wp-json\/wp\/v2\/product_cat?post=5765"},{"taxonomy":"product_tag","embeddable":true,"href":"https:\/\/galli.ch\/en\/wp-json\/wp\/v2\/product_tag?post=5765"}],"curies":[{"name":"wp","href":"https:\/\/api.w.org\/{rel}","templated":true}]}}