{"id":5766,"date":"2019-08-06T15:13:14","date_gmt":"2019-08-06T13:13:14","guid":{"rendered":"http:\/\/galli.ch\/?post_type=schmuck&#038;p=5766"},"modified":"2025-03-13T13:44:19","modified_gmt":"2025-03-13T12:44:19","slug":"rotgold-armband-mit-anhaenger","status":"publish","type":"product","link":"https:\/\/galli.ch\/en\/schmuck\/herzog-loibner\/rotgold-armband-mit-anhaenger\/","title":{"rendered":"Herzog Loibner Gelbgold Armband mit Anh\u00e4nger"},"content":{"rendered":"<p>Die 18 Karat Gold Goldarmb\u00e4nder von Herzog Loibner stehen f\u00fcr h\u00f6chste Qualit\u00e4t und \u00fcberzeugen durch moderne Eleganz und luxuri\u00f6sem Finish. Casual zum Cashmere Pullover wie auch elegant zum Abendkleid entfalten die von Herzog Loibner handgeschmiedeten Armb\u00e4nder ihre pure und formvollendete Wirkung. Herzog Loibner Armb\u00e4nder sind ein sympathisches Statement, Schmuckst\u00fccke f\u00fcr die selbstbewusste stilorientierte Frau. Dieses Schmuckst\u00fcck ist mit einem gr\u00fcnen Peridot (CHF 2290.-) und einem Onix (CHF 1490.-) geschm\u00fcckt. Der mit Brillant gefasste Clip kann nat\u00fcrlich auch angeh\u00e4ngt werden (CHF 8290.-).<\/p>\n<p>Die Herzog Loibner Goldschmiede verarbeitet im Herzen von Liechtenstein hochwertiges 18 Karat Ros\u00e9-, Weiss-, und Gelbgold. Gold gilt seit Jahrhunderten als best\u00e4ndige Wertanlage.<\/p>\n","protected":false},"excerpt":{"rendered":"<p>Die 18 Karat Gold Goldarmb\u00e4nder von Herzog Loibner stehen f\u00fcr h\u00f6chste Qualit\u00e4t und \u00fcberzeugen durch moderne Eleganz und luxuri\u00f6sem Finish. Casual zum Cashmere Pullover wie auch elegant zum Abendkleid entfalten die von Herzog Loibner handgeschmiedeten Armb\u00e4nder ihre pure und formvollendete Wirkung. Herzog Loibner Armb\u00e4nder sind ein sympathisches Statement, Schmuckst\u00fccke f\u00fcr die selbstbewusste stilorientierte Frau. Dieses&#8230;  <a class=\"excerpt-read-more\" href=\"https:\/\/galli.ch\/en\/schmuck\/herzog-loibner\/rotgold-armband-mit-anhaenger\/\" title=\"Read Herzog Loibner Gelbgold Armband mit Anh\u00e4nger\">Weiter &raquo;<\/a><\/p>\n","protected":false},"featured_media":5689,"template":"","meta":{"_acf_changed":false,"inline_featured_image":false},"product_brand":[],"product_cat":[189],"product_tag":[],"class_list":{"0":"post-5766","1":"product","2":"type-product","3":"status-publish","4":"has-post-thumbnail","6":"schmuckhersteller-herzog-loibner","7":"schmuckthemen-bracelets","8":"product_cat-schmuck","10":"first","11":"outofstock","12":"taxable","13":"shipping-taxable","14":"purchasable","15":"product-type-simple"},"acf":[],"yoast_head":"<!-- This site is optimized with the Yoast SEO plugin v25.5 - https:\/\/yoast.com\/wordpress\/plugins\/seo\/ -->\n<title>Herzog Loibner Gelbgold Armband mit Anh\u00e4nger - Galli Uhren Bijouterie<\/title>\n<meta name=\"robots\" content=\"index, follow, max-snippet:-1, max-image-preview:large, max-video-preview:-1\" \/>\n<link rel=\"canonical\" href=\"https:\/\/galli.ch\/schmuck\/herzog-loibner\/rotgold-armband-mit-anhaenger\/\" \/>\n<meta property=\"og:locale\" content=\"en_US\" \/>\n<meta property=\"og:type\" content=\"article\" \/>\n<meta property=\"og:title\" content=\"Herzog Loibner Gelbgold Armband mit Anh\u00e4nger - Galli Uhren Bijouterie\" \/>\n<meta property=\"og:description\" content=\"Die 18 Karat Gold Goldarmb\u00e4nder von Herzog Loibner stehen f\u00fcr h\u00f6chste Qualit\u00e4t und \u00fcberzeugen durch moderne Eleganz und luxuri\u00f6sem Finish. Casual zum Cashmere Pullover wie auch elegant zum Abendkleid entfalten die von Herzog Loibner handgeschmiedeten Armb\u00e4nder ihre pure und formvollendete Wirkung. Herzog Loibner Armb\u00e4nder sind ein sympathisches Statement, Schmuckst\u00fccke f\u00fcr die selbstbewusste stilorientierte Frau. Dieses... Weiter &raquo;\" \/>\n<meta property=\"og:url\" content=\"https:\/\/galli.ch\/schmuck\/herzog-loibner\/rotgold-armband-mit-anhaenger\/\" \/>\n<meta property=\"og:site_name\" content=\"Galli Uhren Bijouterie\" \/>\n<meta property=\"article:modified_time\" content=\"2025-03-13T12:44:19+00:00\" \/>\n<meta property=\"og:image\" content=\"https:\/\/galli.ch\/wp-content\/uploads\/180322_9871.png\" \/>\n\t<meta property=\"og:image:width\" content=\"1000\" \/>\n\t<meta property=\"og:image:height\" content=\"1400\" \/>\n\t<meta property=\"og:image:type\" content=\"image\/png\" \/>\n<meta name=\"twitter:card\" content=\"summary_large_image\" \/>\n<script type=\"application\/ld+json\" class=\"yoast-schema-graph\">{\"@context\":\"https:\/\/schema.org\",\"@graph\":[{\"@type\":\"WebPage\",\"@id\":\"https:\/\/galli.ch\/schmuck\/herzog-loibner\/rotgold-armband-mit-anhaenger\/\",\"url\":\"https:\/\/galli.ch\/schmuck\/herzog-loibner\/rotgold-armband-mit-anhaenger\/\",\"name\":\"Herzog Loibner Gelbgold Armband mit Anh\u00e4nger - Galli Uhren Bijouterie\",\"isPartOf\":{\"@id\":\"http:\/\/galli.ch\/en\/#website\"},\"primaryImageOfPage\":{\"@id\":\"https:\/\/galli.ch\/schmuck\/herzog-loibner\/rotgold-armband-mit-anhaenger\/#primaryimage\"},\"image\":{\"@id\":\"https:\/\/galli.ch\/schmuck\/herzog-loibner\/rotgold-armband-mit-anhaenger\/#primaryimage\"},\"thumbnailUrl\":\"https:\/\/galli.ch\/wp-content\/uploads\/180322_9871.png\",\"datePublished\":\"2019-08-06T13:13:14+00:00\",\"dateModified\":\"2025-03-13T12:44:19+00:00\",\"breadcrumb\":{\"@id\":\"https:\/\/galli.ch\/schmuck\/herzog-loibner\/rotgold-armband-mit-anhaenger\/#breadcrumb\"},\"inLanguage\":\"en-US\",\"potentialAction\":[{\"@type\":\"ReadAction\",\"target\":[\"https:\/\/galli.ch\/schmuck\/herzog-loibner\/rotgold-armband-mit-anhaenger\/\"]}]},{\"@type\":\"ImageObject\",\"inLanguage\":\"en-US\",\"@id\":\"https:\/\/galli.ch\/schmuck\/herzog-loibner\/rotgold-armband-mit-anhaenger\/#primaryimage\",\"url\":\"https:\/\/galli.ch\/wp-content\/uploads\/180322_9871.png\",\"contentUrl\":\"https:\/\/galli.ch\/wp-content\/uploads\/180322_9871.png\",\"width\":1000,\"height\":1400,\"caption\":\"Goldarmband mit Anh\u00e4nger Galli Z\u00fcrich Herzog Loibner\"},{\"@type\":\"BreadcrumbList\",\"@id\":\"https:\/\/galli.ch\/schmuck\/herzog-loibner\/rotgold-armband-mit-anhaenger\/#breadcrumb\",\"itemListElement\":[{\"@type\":\"ListItem\",\"position\":1,\"name\":\"Home\",\"item\":\"https:\/\/galli.ch\/en\/\"},{\"@type\":\"ListItem\",\"position\":2,\"name\":\"Uhren\",\"item\":\"https:\/\/galli.ch\/en\/uhren\/\"},{\"@type\":\"ListItem\",\"position\":3,\"name\":\"Gelbgold Armband mit Anh\u00e4nger\"}]},{\"@type\":\"WebSite\",\"@id\":\"http:\/\/galli.ch\/en\/#website\",\"url\":\"http:\/\/galli.ch\/en\/\",\"name\":\"Galli Uhren Bijouterie\",\"description\":\"\",\"potentialAction\":[{\"@type\":\"SearchAction\",\"target\":{\"@type\":\"EntryPoint\",\"urlTemplate\":\"http:\/\/galli.ch\/en\/?s={search_term_string}\"},\"query-input\":{\"@type\":\"PropertyValueSpecification\",\"valueRequired\":true,\"valueName\":\"search_term_string\"}}],\"inLanguage\":\"en-US\"}]}<\/script>\n<!-- \/ Yoast SEO plugin. -->","yoast_head_json":{"title":"Herzog Loibner Gelbgold Armband mit Anh\u00e4nger - Galli Uhren Bijouterie","robots":{"index":"index","follow":"follow","max-snippet":"max-snippet:-1","max-image-preview":"max-image-preview:large","max-video-preview":"max-video-preview:-1"},"canonical":"https:\/\/galli.ch\/schmuck\/herzog-loibner\/rotgold-armband-mit-anhaenger\/","og_locale":"en_US","og_type":"article","og_title":"Herzog Loibner Gelbgold Armband mit Anh\u00e4nger - Galli Uhren Bijouterie","og_description":"Die 18 Karat Gold Goldarmb\u00e4nder von Herzog Loibner stehen f\u00fcr h\u00f6chste Qualit\u00e4t und \u00fcberzeugen durch moderne Eleganz und luxuri\u00f6sem Finish. Casual zum Cashmere Pullover wie auch elegant zum Abendkleid entfalten die von Herzog Loibner handgeschmiedeten Armb\u00e4nder ihre pure und formvollendete Wirkung. Herzog Loibner Armb\u00e4nder sind ein sympathisches Statement, Schmuckst\u00fccke f\u00fcr die selbstbewusste stilorientierte Frau. Dieses... Weiter &raquo;","og_url":"https:\/\/galli.ch\/schmuck\/herzog-loibner\/rotgold-armband-mit-anhaenger\/","og_site_name":"Galli Uhren Bijouterie","article_modified_time":"2025-03-13T12:44:19+00:00","og_image":[{"width":1000,"height":1400,"url":"https:\/\/galli.ch\/wp-content\/uploads\/180322_9871.png","type":"image\/png"}],"twitter_card":"summary_large_image","schema":{"@context":"https:\/\/schema.org","@graph":[{"@type":"WebPage","@id":"https:\/\/galli.ch\/schmuck\/herzog-loibner\/rotgold-armband-mit-anhaenger\/","url":"https:\/\/galli.ch\/schmuck\/herzog-loibner\/rotgold-armband-mit-anhaenger\/","name":"Herzog Loibner Gelbgold Armband mit Anh\u00e4nger - Galli Uhren Bijouterie","isPartOf":{"@id":"http:\/\/galli.ch\/en\/#website"},"primaryImageOfPage":{"@id":"https:\/\/galli.ch\/schmuck\/herzog-loibner\/rotgold-armband-mit-anhaenger\/#primaryimage"},"image":{"@id":"https:\/\/galli.ch\/schmuck\/herzog-loibner\/rotgold-armband-mit-anhaenger\/#primaryimage"},"thumbnailUrl":"https:\/\/galli.ch\/wp-content\/uploads\/180322_9871.png","datePublished":"2019-08-06T13:13:14+00:00","dateModified":"2025-03-13T12:44:19+00:00","breadcrumb":{"@id":"https:\/\/galli.ch\/schmuck\/herzog-loibner\/rotgold-armband-mit-anhaenger\/#breadcrumb"},"inLanguage":"en-US","potentialAction":[{"@type":"ReadAction","target":["https:\/\/galli.ch\/schmuck\/herzog-loibner\/rotgold-armband-mit-anhaenger\/"]}]},{"@type":"ImageObject","inLanguage":"en-US","@id":"https:\/\/galli.ch\/schmuck\/herzog-loibner\/rotgold-armband-mit-anhaenger\/#primaryimage","url":"https:\/\/galli.ch\/wp-content\/uploads\/180322_9871.png","contentUrl":"https:\/\/galli.ch\/wp-content\/uploads\/180322_9871.png","width":1000,"height":1400,"caption":"Goldarmband mit Anh\u00e4nger Galli Z\u00fcrich Herzog Loibner"},{"@type":"BreadcrumbList","@id":"https:\/\/galli.ch\/schmuck\/herzog-loibner\/rotgold-armband-mit-anhaenger\/#breadcrumb","itemListElement":[{"@type":"ListItem","position":1,"name":"Home","item":"https:\/\/galli.ch\/en\/"},{"@type":"ListItem","position":2,"name":"Uhren","item":"https:\/\/galli.ch\/en\/uhren\/"},{"@type":"ListItem","position":3,"name":"Gelbgold Armband mit Anh\u00e4nger"}]},{"@type":"WebSite","@id":"http:\/\/galli.ch\/en\/#website","url":"http:\/\/galli.ch\/en\/","name":"Galli Uhren Bijouterie","description":"","potentialAction":[{"@type":"SearchAction","target":{"@type":"EntryPoint","urlTemplate":"http:\/\/galli.ch\/en\/?s={search_term_string}"},"query-input":{"@type":"PropertyValueSpecification","valueRequired":true,"valueName":"search_term_string"}}],"inLanguage":"en-US"}]}},"_links":{"self":[{"href":"https:\/\/galli.ch\/en\/wp-json\/wp\/v2\/product\/5766","targetHints":{"allow":["GET"]}}],"collection":[{"href":"https:\/\/galli.ch\/en\/wp-json\/wp\/v2\/product"}],"about":[{"href":"https:\/\/galli.ch\/en\/wp-json\/wp\/v2\/types\/product"}],"wp:featuredmedia":[{"embeddable":true,"href":"https:\/\/galli.ch\/en\/wp-json\/wp\/v2\/media\/5689"}],"wp:attachment":[{"href":"https:\/\/galli.ch\/en\/wp-json\/wp\/v2\/media?parent=5766"}],"wp:term":[{"taxonomy":"product_brand","embeddable":true,"href":"https:\/\/galli.ch\/en\/wp-json\/wp\/v2\/product_brand?post=5766"},{"taxonomy":"product_cat","embeddable":true,"href":"https:\/\/galli.ch\/en\/wp-json\/wp\/v2\/product_cat?post=5766"},{"taxonomy":"product_tag","embeddable":true,"href":"https:\/\/galli.ch\/en\/wp-json\/wp\/v2\/product_tag?post=5766"}],"curies":[{"name":"wp","href":"https:\/\/api.w.org\/{rel}","templated":true}]}}