{"id":58,"date":"2022-07-19T16:26:52","date_gmt":"2022-07-19T14:26:52","guid":{"rendered":"http:\/\/galli.ch\/?post_type=uhren&#038;p=58"},"modified":"2026-03-30T10:17:34","modified_gmt":"2026-03-30T08:17:34","slug":"globemaster-master-chronometer-39-mm","status":"publish","type":"product","link":"https:\/\/galli.ch\/en\/uhren\/omega\/constellation\/globemaster-master-chronometer-39-mm\/","title":{"rendered":"Omega Globemaster Master Chronometer 39"},"content":{"rendered":"<p>Die Globemaster ist bereits ein legend\u00e4rer Name in der OMEGA Familie. Nun wurde sie neu gestaltet und pr\u00e4sentiert sich als weltweit erster Master Chronometer, womit ihr Ansehen in der Uhrenbranche noch einmal w\u00e4chst.<\/p>\n<p>Das schlichte, aber faszinierende Design macht diese Uhr, die einen neuen Qualit\u00e4tsstandard erf\u00fcllt, zu einem wahrhaft begehrenswerten Objekt. Das Geh\u00e4use dieses Modells, das aus Edelstahl besteht, besitzt eine kratzfeste geriffelte L\u00fcnette aus Hartmetall, und die mit Super-LumiNova-Leuchtmasse gef\u00fcllten Zeiger und Indizes sind ebenso rhodiniert wie der Constellation-Stern auf dem Zifferblatt.<\/p>\n<p>In der Mitte des Geh\u00e4usebodens ist ein Medaillon aus Edelstahl mit Observatoriumsmotiv zu sehen, und das blaue \u201ePie-Pan\u201c-Zifferblatt mit Sonnenschliff erinnert an das erste Constellation-Modell von 1952.<\/p>\n<p>Angetrieben wird das Modell, das von einem blauen Lederarmband am Handgelenk gehalten wird, welches die Farbgebung des Zifferblatts fortf\u00fchrt, durch das OMEGA Co-Axial Master Chronometer Kaliber 8900 mit revolution\u00e4rer antimagnetischer Technologie.<\/p>\n","protected":false},"excerpt":{"rendered":"<p>Die Globemaster ist bereits ein legend\u00e4rer Name in der OMEGA Familie. Nun wurde sie neu gestaltet und pr\u00e4sentiert sich als weltweit erster Master Chronometer, womit ihr Ansehen in der Uhrenbranche noch einmal w\u00e4chst. Das schlichte, aber faszinierende Design macht diese Uhr, die einen neuen Qualit\u00e4tsstandard erf\u00fcllt, zu einem wahrhaft begehrenswerten Objekt. Das Geh\u00e4use dieses Modells,&#8230;  <a class=\"excerpt-read-more\" href=\"https:\/\/galli.ch\/en\/uhren\/omega\/constellation\/globemaster-master-chronometer-39-mm\/\" title=\"Read Omega Globemaster Master Chronometer 39\">Weiter &raquo;<\/a><\/p>\n","protected":false},"featured_media":1863,"template":"","meta":{"_acf_changed":false,"inline_featured_image":false},"product_brand":[],"product_cat":[188],"product_tag":[191],"class_list":{"0":"post-58","1":"product","2":"type-product","3":"status-publish","4":"has-post-thumbnail","6":"uhrenhersteller-omega","7":"uhrenhersteller-constellation","8":"product_cat-uhren","9":"product_tag-update","11":"first","12":"outofstock","13":"purchasable","14":"product-type-simple"},"acf":[],"yoast_head":"<!-- This site is optimized with the Yoast SEO plugin v25.5 - https:\/\/yoast.com\/wordpress\/plugins\/seo\/ -->\n<title>Omega Globemaster Master Chronometer 39 - Galli Uhren Bijouterie<\/title>\n<meta name=\"robots\" content=\"index, follow, max-snippet:-1, max-image-preview:large, max-video-preview:-1\" \/>\n<link rel=\"canonical\" href=\"https:\/\/galli.ch\/uhren\/omega\/constellation\/globemaster-master-chronometer-39-mm\/\" \/>\n<meta property=\"og:locale\" content=\"en_US\" \/>\n<meta property=\"og:type\" content=\"article\" \/>\n<meta property=\"og:title\" content=\"Omega Globemaster Master Chronometer 39 - Galli Uhren Bijouterie\" \/>\n<meta property=\"og:description\" content=\"Die Globemaster ist bereits ein legend\u00e4rer Name in der OMEGA Familie. Nun wurde sie neu gestaltet und pr\u00e4sentiert sich als weltweit erster Master Chronometer, womit ihr Ansehen in der Uhrenbranche noch einmal w\u00e4chst. Das schlichte, aber faszinierende Design macht diese Uhr, die einen neuen Qualit\u00e4tsstandard erf\u00fcllt, zu einem wahrhaft begehrenswerten Objekt. Das Geh\u00e4use dieses Modells,... Weiter &raquo;\" \/>\n<meta property=\"og:url\" content=\"https:\/\/galli.ch\/uhren\/omega\/constellation\/globemaster-master-chronometer-39-mm\/\" \/>\n<meta property=\"og:site_name\" content=\"Galli Uhren Bijouterie\" \/>\n<meta property=\"article:modified_time\" content=\"2026-03-30T08:17:34+00:00\" \/>\n<meta property=\"og:image\" content=\"https:\/\/galli.ch\/wp-content\/uploads\/130_33_39_21_03_001_small.png\" \/>\n\t<meta property=\"og:image:width\" content=\"500\" \/>\n\t<meta property=\"og:image:height\" content=\"700\" \/>\n\t<meta property=\"og:image:type\" content=\"image\/png\" \/>\n<meta name=\"twitter:card\" content=\"summary_large_image\" \/>\n<script type=\"application\/ld+json\" class=\"yoast-schema-graph\">{\"@context\":\"https:\/\/schema.org\",\"@graph\":[{\"@type\":\"WebPage\",\"@id\":\"https:\/\/galli.ch\/uhren\/omega\/constellation\/globemaster-master-chronometer-39-mm\/\",\"url\":\"https:\/\/galli.ch\/uhren\/omega\/constellation\/globemaster-master-chronometer-39-mm\/\",\"name\":\"Omega Globemaster Master Chronometer 39 - Galli Uhren Bijouterie\",\"isPartOf\":{\"@id\":\"http:\/\/galli.ch\/en\/#website\"},\"primaryImageOfPage\":{\"@id\":\"https:\/\/galli.ch\/uhren\/omega\/constellation\/globemaster-master-chronometer-39-mm\/#primaryimage\"},\"image\":{\"@id\":\"https:\/\/galli.ch\/uhren\/omega\/constellation\/globemaster-master-chronometer-39-mm\/#primaryimage\"},\"thumbnailUrl\":\"https:\/\/galli.ch\/wp-content\/uploads\/130_33_39_21_03_001_small.png\",\"datePublished\":\"2022-07-19T14:26:52+00:00\",\"dateModified\":\"2026-03-30T08:17:34+00:00\",\"breadcrumb\":{\"@id\":\"https:\/\/galli.ch\/uhren\/omega\/constellation\/globemaster-master-chronometer-39-mm\/#breadcrumb\"},\"inLanguage\":\"en-US\",\"potentialAction\":[{\"@type\":\"ReadAction\",\"target\":[\"https:\/\/galli.ch\/uhren\/omega\/constellation\/globemaster-master-chronometer-39-mm\/\"]}]},{\"@type\":\"ImageObject\",\"inLanguage\":\"en-US\",\"@id\":\"https:\/\/galli.ch\/uhren\/omega\/constellation\/globemaster-master-chronometer-39-mm\/#primaryimage\",\"url\":\"https:\/\/galli.ch\/wp-content\/uploads\/130_33_39_21_03_001_small.png\",\"contentUrl\":\"https:\/\/galli.ch\/wp-content\/uploads\/130_33_39_21_03_001_small.png\",\"width\":500,\"height\":700,\"caption\":\"Omega Goldmaster\"},{\"@type\":\"BreadcrumbList\",\"@id\":\"https:\/\/galli.ch\/uhren\/omega\/constellation\/globemaster-master-chronometer-39-mm\/#breadcrumb\",\"itemListElement\":[{\"@type\":\"ListItem\",\"position\":1,\"name\":\"Home\",\"item\":\"https:\/\/galli.ch\/en\/\"},{\"@type\":\"ListItem\",\"position\":2,\"name\":\"Uhren\",\"item\":\"https:\/\/galli.ch\/en\/uhren\/\"},{\"@type\":\"ListItem\",\"position\":3,\"name\":\"Omega Globemaster Master Chronometer 39\"}]},{\"@type\":\"WebSite\",\"@id\":\"http:\/\/galli.ch\/en\/#website\",\"url\":\"http:\/\/galli.ch\/en\/\",\"name\":\"Galli Uhren Bijouterie\",\"description\":\"\",\"potentialAction\":[{\"@type\":\"SearchAction\",\"target\":{\"@type\":\"EntryPoint\",\"urlTemplate\":\"http:\/\/galli.ch\/en\/?s={search_term_string}\"},\"query-input\":{\"@type\":\"PropertyValueSpecification\",\"valueRequired\":true,\"valueName\":\"search_term_string\"}}],\"inLanguage\":\"en-US\"}]}<\/script>\n<!-- \/ Yoast SEO plugin. -->","yoast_head_json":{"title":"Omega Globemaster Master Chronometer 39 - Galli Uhren Bijouterie","robots":{"index":"index","follow":"follow","max-snippet":"max-snippet:-1","max-image-preview":"max-image-preview:large","max-video-preview":"max-video-preview:-1"},"canonical":"https:\/\/galli.ch\/uhren\/omega\/constellation\/globemaster-master-chronometer-39-mm\/","og_locale":"en_US","og_type":"article","og_title":"Omega Globemaster Master Chronometer 39 - Galli Uhren Bijouterie","og_description":"Die Globemaster ist bereits ein legend\u00e4rer Name in der OMEGA Familie. Nun wurde sie neu gestaltet und pr\u00e4sentiert sich als weltweit erster Master Chronometer, womit ihr Ansehen in der Uhrenbranche noch einmal w\u00e4chst. Das schlichte, aber faszinierende Design macht diese Uhr, die einen neuen Qualit\u00e4tsstandard erf\u00fcllt, zu einem wahrhaft begehrenswerten Objekt. Das Geh\u00e4use dieses Modells,... Weiter &raquo;","og_url":"https:\/\/galli.ch\/uhren\/omega\/constellation\/globemaster-master-chronometer-39-mm\/","og_site_name":"Galli Uhren Bijouterie","article_modified_time":"2026-03-30T08:17:34+00:00","og_image":[{"width":500,"height":700,"url":"https:\/\/galli.ch\/wp-content\/uploads\/130_33_39_21_03_001_small.png","type":"image\/png"}],"twitter_card":"summary_large_image","schema":{"@context":"https:\/\/schema.org","@graph":[{"@type":"WebPage","@id":"https:\/\/galli.ch\/uhren\/omega\/constellation\/globemaster-master-chronometer-39-mm\/","url":"https:\/\/galli.ch\/uhren\/omega\/constellation\/globemaster-master-chronometer-39-mm\/","name":"Omega Globemaster Master Chronometer 39 - Galli Uhren Bijouterie","isPartOf":{"@id":"http:\/\/galli.ch\/en\/#website"},"primaryImageOfPage":{"@id":"https:\/\/galli.ch\/uhren\/omega\/constellation\/globemaster-master-chronometer-39-mm\/#primaryimage"},"image":{"@id":"https:\/\/galli.ch\/uhren\/omega\/constellation\/globemaster-master-chronometer-39-mm\/#primaryimage"},"thumbnailUrl":"https:\/\/galli.ch\/wp-content\/uploads\/130_33_39_21_03_001_small.png","datePublished":"2022-07-19T14:26:52+00:00","dateModified":"2026-03-30T08:17:34+00:00","breadcrumb":{"@id":"https:\/\/galli.ch\/uhren\/omega\/constellation\/globemaster-master-chronometer-39-mm\/#breadcrumb"},"inLanguage":"en-US","potentialAction":[{"@type":"ReadAction","target":["https:\/\/galli.ch\/uhren\/omega\/constellation\/globemaster-master-chronometer-39-mm\/"]}]},{"@type":"ImageObject","inLanguage":"en-US","@id":"https:\/\/galli.ch\/uhren\/omega\/constellation\/globemaster-master-chronometer-39-mm\/#primaryimage","url":"https:\/\/galli.ch\/wp-content\/uploads\/130_33_39_21_03_001_small.png","contentUrl":"https:\/\/galli.ch\/wp-content\/uploads\/130_33_39_21_03_001_small.png","width":500,"height":700,"caption":"Omega Goldmaster"},{"@type":"BreadcrumbList","@id":"https:\/\/galli.ch\/uhren\/omega\/constellation\/globemaster-master-chronometer-39-mm\/#breadcrumb","itemListElement":[{"@type":"ListItem","position":1,"name":"Home","item":"https:\/\/galli.ch\/en\/"},{"@type":"ListItem","position":2,"name":"Uhren","item":"https:\/\/galli.ch\/en\/uhren\/"},{"@type":"ListItem","position":3,"name":"Omega Globemaster Master Chronometer 39"}]},{"@type":"WebSite","@id":"http:\/\/galli.ch\/en\/#website","url":"http:\/\/galli.ch\/en\/","name":"Galli Uhren Bijouterie","description":"","potentialAction":[{"@type":"SearchAction","target":{"@type":"EntryPoint","urlTemplate":"http:\/\/galli.ch\/en\/?s={search_term_string}"},"query-input":{"@type":"PropertyValueSpecification","valueRequired":true,"valueName":"search_term_string"}}],"inLanguage":"en-US"}]}},"_links":{"self":[{"href":"https:\/\/galli.ch\/en\/wp-json\/wp\/v2\/product\/58","targetHints":{"allow":["GET"]}}],"collection":[{"href":"https:\/\/galli.ch\/en\/wp-json\/wp\/v2\/product"}],"about":[{"href":"https:\/\/galli.ch\/en\/wp-json\/wp\/v2\/types\/product"}],"wp:featuredmedia":[{"embeddable":true,"href":"https:\/\/galli.ch\/en\/wp-json\/wp\/v2\/media\/1863"}],"wp:attachment":[{"href":"https:\/\/galli.ch\/en\/wp-json\/wp\/v2\/media?parent=58"}],"wp:term":[{"taxonomy":"product_brand","embeddable":true,"href":"https:\/\/galli.ch\/en\/wp-json\/wp\/v2\/product_brand?post=58"},{"taxonomy":"product_cat","embeddable":true,"href":"https:\/\/galli.ch\/en\/wp-json\/wp\/v2\/product_cat?post=58"},{"taxonomy":"product_tag","embeddable":true,"href":"https:\/\/galli.ch\/en\/wp-json\/wp\/v2\/product_tag?post=58"}],"curies":[{"name":"wp","href":"https:\/\/api.w.org\/{rel}","templated":true}]}}