{"id":581,"date":"2018-07-17T19:35:21","date_gmt":"2018-07-17T19:35:21","guid":{"rendered":"http:\/\/galli.ch\/?post_type=uhren&#038;p=581"},"modified":"2026-04-20T18:17:23","modified_gmt":"2026-04-20T16:17:23","slug":"steel-gold-m91351-0002","status":"publish","type":"product","link":"https:\/\/galli.ch\/en\/uhren\/tudor\/tudor-1926\/steel-gold-m91351-0002\/","title":{"rendered":"Tudor 1926"},"content":{"rendered":"<p>TUDOR w\u00fcrdigt seine Urspr\u00fcnge und Traditionen in der Uhrmacherkunst mit der Modelllinie 1926, einer Reihe zeitloser, klassischer und eleganter mechanischer Armbanduhren. Erh\u00e4ltlich in vier Gr\u00f6ssen und mit einer grossen Auswahl an Zifferbl\u00e4ttern steht die Linie f\u00fcr die Philosophie von TUDOR: Bezahlbarkeit, Raffinesse und Qualit\u00e4t.<\/p>\n<p>Mit ihrer 1926 Linie best\u00e4tigt die Marke TUDOR ihre Verpflichtung gegen\u00fcber den traditionellen Werten feinster Schweizer Uhrmacherkunst \u2013 einer Welt, in der exzellente Mechanik und best\u00e4ndige Eleganz Hand in Hand gehen. Die 1926 Linie ist nach dem Jahr benannt, in dem \u201eThe Tudor\u201c erstmals im Namen von Hans Wilsdorf, dem Gr\u00fcnder von Rolex, als Marke eingetragen wurde. Sie f\u00e4ngt die Philosophie von TUDOR ein und verfolgt den Weg, den sie bereits seit ihrer Einf\u00fchrung geht \u2013 mit technisch und \u00e4sthetisch hochwertigen Armbanduhren von grenzenloser Raffinesse.<\/p>\n","protected":false},"excerpt":{"rendered":"<p>TUDOR w\u00fcrdigt seine Urspr\u00fcnge und Traditionen in der Uhrmacherkunst mit der Modelllinie 1926, einer Reihe zeitloser, klassischer und eleganter mechanischer Armbanduhren. Erh\u00e4ltlich in vier Gr\u00f6ssen und mit einer grossen Auswahl an Zifferbl\u00e4ttern steht die Linie f\u00fcr die Philosophie von TUDOR: Bezahlbarkeit, Raffinesse und Qualit\u00e4t. Mit ihrer 1926 Linie best\u00e4tigt die Marke TUDOR ihre Verpflichtung gegen\u00fcber&#8230;  <a class=\"excerpt-read-more\" href=\"https:\/\/galli.ch\/en\/uhren\/tudor\/tudor-1926\/steel-gold-m91351-0002\/\" title=\"Read Tudor 1926\">Weiter &raquo;<\/a><\/p>\n","protected":false},"featured_media":591,"template":"","meta":{"_acf_changed":false,"inline_featured_image":false},"product_brand":[],"product_cat":[188],"product_tag":[],"class_list":{"0":"post-581","1":"product","2":"type-product","3":"status-publish","4":"has-post-thumbnail","6":"uhrenhersteller-tudor","7":"uhrenhersteller-tudor-1926","8":"product_cat-uhren","10":"first","11":"instock","12":"taxable","13":"shipping-taxable","14":"purchasable","15":"product-type-simple"},"acf":[],"yoast_head":"<!-- This site is optimized with the Yoast SEO plugin v25.5 - https:\/\/yoast.com\/wordpress\/plugins\/seo\/ -->\n<title>Tudor 1926 - Galli Uhren Bijouterie<\/title>\n<meta name=\"robots\" content=\"index, follow, max-snippet:-1, max-image-preview:large, max-video-preview:-1\" \/>\n<link rel=\"canonical\" href=\"https:\/\/galli.ch\/uhren\/tudor\/tudor-1926\/steel-gold-m91351-0002\/\" \/>\n<meta property=\"og:locale\" content=\"en_US\" \/>\n<meta property=\"og:type\" content=\"article\" \/>\n<meta property=\"og:title\" content=\"Tudor 1926 - Galli Uhren Bijouterie\" \/>\n<meta property=\"og:description\" content=\"TUDOR w\u00fcrdigt seine Urspr\u00fcnge und Traditionen in der Uhrmacherkunst mit der Modelllinie 1926, einer Reihe zeitloser, klassischer und eleganter mechanischer Armbanduhren. Erh\u00e4ltlich in vier Gr\u00f6ssen und mit einer grossen Auswahl an Zifferbl\u00e4ttern steht die Linie f\u00fcr die Philosophie von TUDOR: Bezahlbarkeit, Raffinesse und Qualit\u00e4t. Mit ihrer 1926 Linie best\u00e4tigt die Marke TUDOR ihre Verpflichtung gegen\u00fcber... Weiter &raquo;\" \/>\n<meta property=\"og:url\" content=\"https:\/\/galli.ch\/uhren\/tudor\/tudor-1926\/steel-gold-m91351-0002\/\" \/>\n<meta property=\"og:site_name\" content=\"Galli Uhren Bijouterie\" \/>\n<meta property=\"article:modified_time\" content=\"2026-04-20T16:17:23+00:00\" \/>\n<meta property=\"og:image\" content=\"https:\/\/galli.ch\/wp-content\/uploads\/Tudor-1926-3b_M91351-0002_silver6_67011_FF.png\" \/>\n\t<meta property=\"og:image:width\" content=\"1000\" \/>\n\t<meta property=\"og:image:height\" content=\"1400\" \/>\n\t<meta property=\"og:image:type\" content=\"image\/png\" \/>\n<meta name=\"twitter:card\" content=\"summary_large_image\" \/>\n<script type=\"application\/ld+json\" class=\"yoast-schema-graph\">{\"@context\":\"https:\/\/schema.org\",\"@graph\":[{\"@type\":\"WebPage\",\"@id\":\"https:\/\/galli.ch\/uhren\/tudor\/tudor-1926\/steel-gold-m91351-0002\/\",\"url\":\"https:\/\/galli.ch\/uhren\/tudor\/tudor-1926\/steel-gold-m91351-0002\/\",\"name\":\"Tudor 1926 - Galli Uhren Bijouterie\",\"isPartOf\":{\"@id\":\"http:\/\/galli.ch\/en\/#website\"},\"primaryImageOfPage\":{\"@id\":\"https:\/\/galli.ch\/uhren\/tudor\/tudor-1926\/steel-gold-m91351-0002\/#primaryimage\"},\"image\":{\"@id\":\"https:\/\/galli.ch\/uhren\/tudor\/tudor-1926\/steel-gold-m91351-0002\/#primaryimage\"},\"thumbnailUrl\":\"https:\/\/galli.ch\/wp-content\/uploads\/Tudor-1926-3b_M91351-0002_silver6_67011_FF.png\",\"datePublished\":\"2018-07-17T19:35:21+00:00\",\"dateModified\":\"2026-04-20T16:17:23+00:00\",\"breadcrumb\":{\"@id\":\"https:\/\/galli.ch\/uhren\/tudor\/tudor-1926\/steel-gold-m91351-0002\/#breadcrumb\"},\"inLanguage\":\"en-US\",\"potentialAction\":[{\"@type\":\"ReadAction\",\"target\":[\"https:\/\/galli.ch\/uhren\/tudor\/tudor-1926\/steel-gold-m91351-0002\/\"]}]},{\"@type\":\"ImageObject\",\"inLanguage\":\"en-US\",\"@id\":\"https:\/\/galli.ch\/uhren\/tudor\/tudor-1926\/steel-gold-m91351-0002\/#primaryimage\",\"url\":\"https:\/\/galli.ch\/wp-content\/uploads\/Tudor-1926-3b_M91351-0002_silver6_67011_FF.png\",\"contentUrl\":\"https:\/\/galli.ch\/wp-content\/uploads\/Tudor-1926-3b_M91351-0002_silver6_67011_FF.png\",\"width\":1000,\"height\":1400,\"caption\":\"Tudor Uhr\"},{\"@type\":\"BreadcrumbList\",\"@id\":\"https:\/\/galli.ch\/uhren\/tudor\/tudor-1926\/steel-gold-m91351-0002\/#breadcrumb\",\"itemListElement\":[{\"@type\":\"ListItem\",\"position\":1,\"name\":\"Home\",\"item\":\"https:\/\/galli.ch\/en\/\"},{\"@type\":\"ListItem\",\"position\":2,\"name\":\"Uhren\",\"item\":\"https:\/\/galli.ch\/en\/uhren\/\"},{\"@type\":\"ListItem\",\"position\":3,\"name\":\"Tudor 1926\"}]},{\"@type\":\"WebSite\",\"@id\":\"http:\/\/galli.ch\/en\/#website\",\"url\":\"http:\/\/galli.ch\/en\/\",\"name\":\"Galli Uhren Bijouterie\",\"description\":\"\",\"potentialAction\":[{\"@type\":\"SearchAction\",\"target\":{\"@type\":\"EntryPoint\",\"urlTemplate\":\"http:\/\/galli.ch\/en\/?s={search_term_string}\"},\"query-input\":{\"@type\":\"PropertyValueSpecification\",\"valueRequired\":true,\"valueName\":\"search_term_string\"}}],\"inLanguage\":\"en-US\"}]}<\/script>\n<!-- \/ Yoast SEO plugin. -->","yoast_head_json":{"title":"Tudor 1926 - Galli Uhren Bijouterie","robots":{"index":"index","follow":"follow","max-snippet":"max-snippet:-1","max-image-preview":"max-image-preview:large","max-video-preview":"max-video-preview:-1"},"canonical":"https:\/\/galli.ch\/uhren\/tudor\/tudor-1926\/steel-gold-m91351-0002\/","og_locale":"en_US","og_type":"article","og_title":"Tudor 1926 - Galli Uhren Bijouterie","og_description":"TUDOR w\u00fcrdigt seine Urspr\u00fcnge und Traditionen in der Uhrmacherkunst mit der Modelllinie 1926, einer Reihe zeitloser, klassischer und eleganter mechanischer Armbanduhren. Erh\u00e4ltlich in vier Gr\u00f6ssen und mit einer grossen Auswahl an Zifferbl\u00e4ttern steht die Linie f\u00fcr die Philosophie von TUDOR: Bezahlbarkeit, Raffinesse und Qualit\u00e4t. Mit ihrer 1926 Linie best\u00e4tigt die Marke TUDOR ihre Verpflichtung gegen\u00fcber... Weiter &raquo;","og_url":"https:\/\/galli.ch\/uhren\/tudor\/tudor-1926\/steel-gold-m91351-0002\/","og_site_name":"Galli Uhren Bijouterie","article_modified_time":"2026-04-20T16:17:23+00:00","og_image":[{"width":1000,"height":1400,"url":"https:\/\/galli.ch\/wp-content\/uploads\/Tudor-1926-3b_M91351-0002_silver6_67011_FF.png","type":"image\/png"}],"twitter_card":"summary_large_image","schema":{"@context":"https:\/\/schema.org","@graph":[{"@type":"WebPage","@id":"https:\/\/galli.ch\/uhren\/tudor\/tudor-1926\/steel-gold-m91351-0002\/","url":"https:\/\/galli.ch\/uhren\/tudor\/tudor-1926\/steel-gold-m91351-0002\/","name":"Tudor 1926 - Galli Uhren Bijouterie","isPartOf":{"@id":"http:\/\/galli.ch\/en\/#website"},"primaryImageOfPage":{"@id":"https:\/\/galli.ch\/uhren\/tudor\/tudor-1926\/steel-gold-m91351-0002\/#primaryimage"},"image":{"@id":"https:\/\/galli.ch\/uhren\/tudor\/tudor-1926\/steel-gold-m91351-0002\/#primaryimage"},"thumbnailUrl":"https:\/\/galli.ch\/wp-content\/uploads\/Tudor-1926-3b_M91351-0002_silver6_67011_FF.png","datePublished":"2018-07-17T19:35:21+00:00","dateModified":"2026-04-20T16:17:23+00:00","breadcrumb":{"@id":"https:\/\/galli.ch\/uhren\/tudor\/tudor-1926\/steel-gold-m91351-0002\/#breadcrumb"},"inLanguage":"en-US","potentialAction":[{"@type":"ReadAction","target":["https:\/\/galli.ch\/uhren\/tudor\/tudor-1926\/steel-gold-m91351-0002\/"]}]},{"@type":"ImageObject","inLanguage":"en-US","@id":"https:\/\/galli.ch\/uhren\/tudor\/tudor-1926\/steel-gold-m91351-0002\/#primaryimage","url":"https:\/\/galli.ch\/wp-content\/uploads\/Tudor-1926-3b_M91351-0002_silver6_67011_FF.png","contentUrl":"https:\/\/galli.ch\/wp-content\/uploads\/Tudor-1926-3b_M91351-0002_silver6_67011_FF.png","width":1000,"height":1400,"caption":"Tudor Uhr"},{"@type":"BreadcrumbList","@id":"https:\/\/galli.ch\/uhren\/tudor\/tudor-1926\/steel-gold-m91351-0002\/#breadcrumb","itemListElement":[{"@type":"ListItem","position":1,"name":"Home","item":"https:\/\/galli.ch\/en\/"},{"@type":"ListItem","position":2,"name":"Uhren","item":"https:\/\/galli.ch\/en\/uhren\/"},{"@type":"ListItem","position":3,"name":"Tudor 1926"}]},{"@type":"WebSite","@id":"http:\/\/galli.ch\/en\/#website","url":"http:\/\/galli.ch\/en\/","name":"Galli Uhren Bijouterie","description":"","potentialAction":[{"@type":"SearchAction","target":{"@type":"EntryPoint","urlTemplate":"http:\/\/galli.ch\/en\/?s={search_term_string}"},"query-input":{"@type":"PropertyValueSpecification","valueRequired":true,"valueName":"search_term_string"}}],"inLanguage":"en-US"}]}},"_links":{"self":[{"href":"https:\/\/galli.ch\/en\/wp-json\/wp\/v2\/product\/581","targetHints":{"allow":["GET"]}}],"collection":[{"href":"https:\/\/galli.ch\/en\/wp-json\/wp\/v2\/product"}],"about":[{"href":"https:\/\/galli.ch\/en\/wp-json\/wp\/v2\/types\/product"}],"wp:featuredmedia":[{"embeddable":true,"href":"https:\/\/galli.ch\/en\/wp-json\/wp\/v2\/media\/591"}],"wp:attachment":[{"href":"https:\/\/galli.ch\/en\/wp-json\/wp\/v2\/media?parent=581"}],"wp:term":[{"taxonomy":"product_brand","embeddable":true,"href":"https:\/\/galli.ch\/en\/wp-json\/wp\/v2\/product_brand?post=581"},{"taxonomy":"product_cat","embeddable":true,"href":"https:\/\/galli.ch\/en\/wp-json\/wp\/v2\/product_cat?post=581"},{"taxonomy":"product_tag","embeddable":true,"href":"https:\/\/galli.ch\/en\/wp-json\/wp\/v2\/product_tag?post=581"}],"curies":[{"name":"wp","href":"https:\/\/api.w.org\/{rel}","templated":true}]}}