{"id":5856,"date":"2019-08-14T16:53:56","date_gmt":"2019-08-14T14:53:56","guid":{"rendered":"http:\/\/galli.ch\/?post_type=schmuck&#038;p=5856"},"modified":"2025-03-13T13:44:19","modified_gmt":"2025-03-13T12:44:19","slug":"aldusblatt-collier-rosegold","status":"publish","type":"product","link":"https:\/\/galli.ch\/en\/schmuck\/herzog-loibner\/aldusblatt-collier-rosegold\/","title":{"rendered":"Herzog Loibner Aldusblatt Collier Rotgold"},"content":{"rendered":"<p>Die zarte Aldusblatt Halskette in 18 kt Rosegold mit Aldusblatt Charm in 9 mm ist das perfekte Accessoire f\u00fcr jeden Tag. Es gibt 2 \u00d6sen, so haben Sie die M\u00f6glichkeit die Goldkette k\u00fcrzer oder l\u00e4nger zu tragen. Sie eignet sich auch zum Necklace Layering.<\/p>\n<p>Dieses Jahr sieht man sie \u00fcberall &#8211; die funkelnden Schichten von Halsketten und das aus gutem Grund. Ob mit einem Bikini, einem glamour\u00f6sen Abendlook oder einem atemberaubenden Stadtkleid. Immer ein Update, immer ein Blickfang, der individueller nicht sein k\u00f6nnte. Wir hoffen, Sie zu inspirieren, Ihren einzigartigen Look zu kreieren.<\/p>\n","protected":false},"excerpt":{"rendered":"<p>Die zarte Aldusblatt Halskette in 18 kt Rosegold mit Aldusblatt Charm in 9 mm ist das perfekte Accessoire f\u00fcr jeden Tag. Es gibt 2 \u00d6sen, so haben Sie die M\u00f6glichkeit die Goldkette k\u00fcrzer oder l\u00e4nger zu tragen. Sie eignet sich auch zum Necklace Layering. Dieses Jahr sieht man sie \u00fcberall &#8211; die funkelnden Schichten von&#8230;  <a class=\"excerpt-read-more\" href=\"https:\/\/galli.ch\/en\/schmuck\/herzog-loibner\/aldusblatt-collier-rosegold\/\" title=\"Read Herzog Loibner Aldusblatt Collier Rotgold\">Weiter &raquo;<\/a><\/p>\n","protected":false},"featured_media":5808,"template":"","meta":{"_acf_changed":false,"inline_featured_image":false},"product_brand":[],"product_cat":[189],"product_tag":[],"class_list":{"0":"post-5856","1":"product","2":"type-product","3":"status-publish","4":"has-post-thumbnail","6":"schmuckhersteller-herzog-loibner","7":"schmuckthemen-necklaces","8":"product_cat-schmuck","10":"first","11":"instock","12":"taxable","13":"shipping-taxable","14":"purchasable","15":"product-type-simple"},"acf":[],"yoast_head":"<!-- This site is optimized with the Yoast SEO plugin v25.5 - https:\/\/yoast.com\/wordpress\/plugins\/seo\/ -->\n<title>Herzog Loibner Aldusblatt Collier Rotgold - Galli Uhren Bijouterie<\/title>\n<meta name=\"robots\" content=\"index, follow, max-snippet:-1, max-image-preview:large, max-video-preview:-1\" \/>\n<link rel=\"canonical\" href=\"https:\/\/galli.ch\/schmuck\/herzog-loibner\/aldusblatt-collier-rosegold\/\" \/>\n<meta property=\"og:locale\" content=\"en_US\" \/>\n<meta property=\"og:type\" content=\"article\" \/>\n<meta property=\"og:title\" content=\"Herzog Loibner Aldusblatt Collier Rotgold - Galli Uhren Bijouterie\" \/>\n<meta property=\"og:description\" content=\"Die zarte Aldusblatt Halskette in 18 kt Rosegold mit Aldusblatt Charm in 9 mm ist das perfekte Accessoire f\u00fcr jeden Tag. Es gibt 2 \u00d6sen, so haben Sie die M\u00f6glichkeit die Goldkette k\u00fcrzer oder l\u00e4nger zu tragen. Sie eignet sich auch zum Necklace Layering. Dieses Jahr sieht man sie \u00fcberall &#8211; die funkelnden Schichten von... Weiter &raquo;\" \/>\n<meta property=\"og:url\" content=\"https:\/\/galli.ch\/schmuck\/herzog-loibner\/aldusblatt-collier-rosegold\/\" \/>\n<meta property=\"og:site_name\" content=\"Galli Uhren Bijouterie\" \/>\n<meta property=\"article:modified_time\" content=\"2025-03-13T12:44:19+00:00\" \/>\n<meta property=\"og:image\" content=\"https:\/\/galli.ch\/wp-content\/uploads\/Halskette0006.png\" \/>\n\t<meta property=\"og:image:width\" content=\"500\" \/>\n\t<meta property=\"og:image:height\" content=\"700\" \/>\n\t<meta property=\"og:image:type\" content=\"image\/png\" \/>\n<meta name=\"twitter:card\" content=\"summary_large_image\" \/>\n<script type=\"application\/ld+json\" class=\"yoast-schema-graph\">{\"@context\":\"https:\/\/schema.org\",\"@graph\":[{\"@type\":\"WebPage\",\"@id\":\"https:\/\/galli.ch\/schmuck\/herzog-loibner\/aldusblatt-collier-rosegold\/\",\"url\":\"https:\/\/galli.ch\/schmuck\/herzog-loibner\/aldusblatt-collier-rosegold\/\",\"name\":\"Herzog Loibner Aldusblatt Collier Rotgold - Galli Uhren Bijouterie\",\"isPartOf\":{\"@id\":\"http:\/\/galli.ch\/en\/#website\"},\"primaryImageOfPage\":{\"@id\":\"https:\/\/galli.ch\/schmuck\/herzog-loibner\/aldusblatt-collier-rosegold\/#primaryimage\"},\"image\":{\"@id\":\"https:\/\/galli.ch\/schmuck\/herzog-loibner\/aldusblatt-collier-rosegold\/#primaryimage\"},\"thumbnailUrl\":\"https:\/\/galli.ch\/wp-content\/uploads\/Halskette0006.png\",\"datePublished\":\"2019-08-14T14:53:56+00:00\",\"dateModified\":\"2025-03-13T12:44:19+00:00\",\"breadcrumb\":{\"@id\":\"https:\/\/galli.ch\/schmuck\/herzog-loibner\/aldusblatt-collier-rosegold\/#breadcrumb\"},\"inLanguage\":\"en-US\",\"potentialAction\":[{\"@type\":\"ReadAction\",\"target\":[\"https:\/\/galli.ch\/schmuck\/herzog-loibner\/aldusblatt-collier-rosegold\/\"]}]},{\"@type\":\"ImageObject\",\"inLanguage\":\"en-US\",\"@id\":\"https:\/\/galli.ch\/schmuck\/herzog-loibner\/aldusblatt-collier-rosegold\/#primaryimage\",\"url\":\"https:\/\/galli.ch\/wp-content\/uploads\/Halskette0006.png\",\"contentUrl\":\"https:\/\/galli.ch\/wp-content\/uploads\/Halskette0006.png\",\"width\":500,\"height\":700,\"caption\":\"Collier Herzog Loibner mit Aldusblatt\"},{\"@type\":\"BreadcrumbList\",\"@id\":\"https:\/\/galli.ch\/schmuck\/herzog-loibner\/aldusblatt-collier-rosegold\/#breadcrumb\",\"itemListElement\":[{\"@type\":\"ListItem\",\"position\":1,\"name\":\"Home\",\"item\":\"https:\/\/galli.ch\/en\/\"},{\"@type\":\"ListItem\",\"position\":2,\"name\":\"Uhren\",\"item\":\"https:\/\/galli.ch\/en\/uhren\/\"},{\"@type\":\"ListItem\",\"position\":3,\"name\":\"Aldusblatt Collier Rotgold\"}]},{\"@type\":\"WebSite\",\"@id\":\"http:\/\/galli.ch\/en\/#website\",\"url\":\"http:\/\/galli.ch\/en\/\",\"name\":\"Galli Uhren Bijouterie\",\"description\":\"\",\"potentialAction\":[{\"@type\":\"SearchAction\",\"target\":{\"@type\":\"EntryPoint\",\"urlTemplate\":\"http:\/\/galli.ch\/en\/?s={search_term_string}\"},\"query-input\":{\"@type\":\"PropertyValueSpecification\",\"valueRequired\":true,\"valueName\":\"search_term_string\"}}],\"inLanguage\":\"en-US\"}]}<\/script>\n<!-- \/ Yoast SEO plugin. -->","yoast_head_json":{"title":"Herzog Loibner Aldusblatt Collier Rotgold - Galli Uhren Bijouterie","robots":{"index":"index","follow":"follow","max-snippet":"max-snippet:-1","max-image-preview":"max-image-preview:large","max-video-preview":"max-video-preview:-1"},"canonical":"https:\/\/galli.ch\/schmuck\/herzog-loibner\/aldusblatt-collier-rosegold\/","og_locale":"en_US","og_type":"article","og_title":"Herzog Loibner Aldusblatt Collier Rotgold - Galli Uhren Bijouterie","og_description":"Die zarte Aldusblatt Halskette in 18 kt Rosegold mit Aldusblatt Charm in 9 mm ist das perfekte Accessoire f\u00fcr jeden Tag. Es gibt 2 \u00d6sen, so haben Sie die M\u00f6glichkeit die Goldkette k\u00fcrzer oder l\u00e4nger zu tragen. Sie eignet sich auch zum Necklace Layering. Dieses Jahr sieht man sie \u00fcberall &#8211; die funkelnden Schichten von... Weiter &raquo;","og_url":"https:\/\/galli.ch\/schmuck\/herzog-loibner\/aldusblatt-collier-rosegold\/","og_site_name":"Galli Uhren Bijouterie","article_modified_time":"2025-03-13T12:44:19+00:00","og_image":[{"width":500,"height":700,"url":"https:\/\/galli.ch\/wp-content\/uploads\/Halskette0006.png","type":"image\/png"}],"twitter_card":"summary_large_image","schema":{"@context":"https:\/\/schema.org","@graph":[{"@type":"WebPage","@id":"https:\/\/galli.ch\/schmuck\/herzog-loibner\/aldusblatt-collier-rosegold\/","url":"https:\/\/galli.ch\/schmuck\/herzog-loibner\/aldusblatt-collier-rosegold\/","name":"Herzog Loibner Aldusblatt Collier Rotgold - Galli Uhren Bijouterie","isPartOf":{"@id":"http:\/\/galli.ch\/en\/#website"},"primaryImageOfPage":{"@id":"https:\/\/galli.ch\/schmuck\/herzog-loibner\/aldusblatt-collier-rosegold\/#primaryimage"},"image":{"@id":"https:\/\/galli.ch\/schmuck\/herzog-loibner\/aldusblatt-collier-rosegold\/#primaryimage"},"thumbnailUrl":"https:\/\/galli.ch\/wp-content\/uploads\/Halskette0006.png","datePublished":"2019-08-14T14:53:56+00:00","dateModified":"2025-03-13T12:44:19+00:00","breadcrumb":{"@id":"https:\/\/galli.ch\/schmuck\/herzog-loibner\/aldusblatt-collier-rosegold\/#breadcrumb"},"inLanguage":"en-US","potentialAction":[{"@type":"ReadAction","target":["https:\/\/galli.ch\/schmuck\/herzog-loibner\/aldusblatt-collier-rosegold\/"]}]},{"@type":"ImageObject","inLanguage":"en-US","@id":"https:\/\/galli.ch\/schmuck\/herzog-loibner\/aldusblatt-collier-rosegold\/#primaryimage","url":"https:\/\/galli.ch\/wp-content\/uploads\/Halskette0006.png","contentUrl":"https:\/\/galli.ch\/wp-content\/uploads\/Halskette0006.png","width":500,"height":700,"caption":"Collier Herzog Loibner mit Aldusblatt"},{"@type":"BreadcrumbList","@id":"https:\/\/galli.ch\/schmuck\/herzog-loibner\/aldusblatt-collier-rosegold\/#breadcrumb","itemListElement":[{"@type":"ListItem","position":1,"name":"Home","item":"https:\/\/galli.ch\/en\/"},{"@type":"ListItem","position":2,"name":"Uhren","item":"https:\/\/galli.ch\/en\/uhren\/"},{"@type":"ListItem","position":3,"name":"Aldusblatt Collier Rotgold"}]},{"@type":"WebSite","@id":"http:\/\/galli.ch\/en\/#website","url":"http:\/\/galli.ch\/en\/","name":"Galli Uhren Bijouterie","description":"","potentialAction":[{"@type":"SearchAction","target":{"@type":"EntryPoint","urlTemplate":"http:\/\/galli.ch\/en\/?s={search_term_string}"},"query-input":{"@type":"PropertyValueSpecification","valueRequired":true,"valueName":"search_term_string"}}],"inLanguage":"en-US"}]}},"_links":{"self":[{"href":"https:\/\/galli.ch\/en\/wp-json\/wp\/v2\/product\/5856","targetHints":{"allow":["GET"]}}],"collection":[{"href":"https:\/\/galli.ch\/en\/wp-json\/wp\/v2\/product"}],"about":[{"href":"https:\/\/galli.ch\/en\/wp-json\/wp\/v2\/types\/product"}],"wp:featuredmedia":[{"embeddable":true,"href":"https:\/\/galli.ch\/en\/wp-json\/wp\/v2\/media\/5808"}],"wp:attachment":[{"href":"https:\/\/galli.ch\/en\/wp-json\/wp\/v2\/media?parent=5856"}],"wp:term":[{"taxonomy":"product_brand","embeddable":true,"href":"https:\/\/galli.ch\/en\/wp-json\/wp\/v2\/product_brand?post=5856"},{"taxonomy":"product_cat","embeddable":true,"href":"https:\/\/galli.ch\/en\/wp-json\/wp\/v2\/product_cat?post=5856"},{"taxonomy":"product_tag","embeddable":true,"href":"https:\/\/galli.ch\/en\/wp-json\/wp\/v2\/product_tag?post=5856"}],"curies":[{"name":"wp","href":"https:\/\/api.w.org\/{rel}","templated":true}]}}