{"id":5883,"date":"2019-08-24T14:54:52","date_gmt":"2019-08-24T12:54:52","guid":{"rendered":"http:\/\/galli.ch\/?post_type=uhren&#038;p=5883"},"modified":"2026-03-30T10:10:23","modified_gmt":"2026-03-30T08:10:23","slug":"ai6006-ss002-370-1","status":"publish","type":"product","link":"https:\/\/galli.ch\/en\/uhren\/maurice-lacroix\/aikon\/ai6006-ss002-370-1\/","title":{"rendered":"Maurice Lacroix Aikon Automatic Lady"},"content":{"rendered":"<p>Maurice Lacroix hatte sie angek\u00fcndigt, nun ist sie endlich da. Zwei Jahre nach der Markteinf\u00fchrung der Quarzversion wurde das Modell mit historischen Wurzeln umgestaltet, um automatische Kaliber aufzunehmen. Maurice Lacroix, bekannt f\u00fcr sein hochwertiges Design und seine Innovationskraft, schuf eine AIKON, deren Veredelungen ihr einen unvergleichlichen Wert verleihen.<\/p>\n<p>Die zeitgem\u00e4sse AIKON Automatic ist jetzt in einem neuen 35-mm-Geh\u00e4use erh\u00e4ltlich, das speziell auf die Bed\u00fcrfnisse moderner, ambitionierter Frauen zugeschnitten ist.\u00a0 Der AIKON 35mm spiegelt die Pers\u00f6nlichkeit seines Besitzers wider. In der Tat, mit mehreren Varianten zur Auswahl, kann jede Frau ihr perfektes Modell finden.<\/p>\n","protected":false},"excerpt":{"rendered":"<p>Maurice Lacroix hatte sie angek\u00fcndigt, nun ist sie endlich da. Zwei Jahre nach der Markteinf\u00fchrung der Quarzversion wurde das Modell mit historischen Wurzeln umgestaltet, um automatische Kaliber aufzunehmen. Maurice Lacroix, bekannt f\u00fcr sein hochwertiges Design und seine Innovationskraft, schuf eine AIKON, deren Veredelungen ihr einen unvergleichlichen Wert verleihen. Die zeitgem\u00e4sse AIKON Automatic ist jetzt in&#8230;  <a class=\"excerpt-read-more\" href=\"https:\/\/galli.ch\/en\/uhren\/maurice-lacroix\/aikon\/ai6006-ss002-370-1\/\" title=\"Read Maurice Lacroix Aikon Automatic Lady\">Weiter &raquo;<\/a><\/p>\n","protected":false},"featured_media":5854,"template":"","meta":{"_acf_changed":false,"inline_featured_image":false},"product_brand":[],"product_cat":[188],"product_tag":[],"class_list":{"0":"post-5883","1":"product","2":"type-product","3":"status-publish","4":"has-post-thumbnail","6":"uhrenhersteller-aikon","7":"uhrenhersteller-maurice-lacroix","8":"product_cat-uhren","10":"first","11":"outofstock","12":"taxable","13":"shipping-taxable","14":"purchasable","15":"product-type-simple"},"acf":[],"yoast_head":"<!-- This site is optimized with the Yoast SEO plugin v25.5 - https:\/\/yoast.com\/wordpress\/plugins\/seo\/ -->\n<title>Maurice Lacroix Aikon Automatic Lady - Galli Uhren Bijouterie<\/title>\n<meta name=\"robots\" content=\"index, follow, max-snippet:-1, max-image-preview:large, max-video-preview:-1\" \/>\n<link rel=\"canonical\" href=\"https:\/\/galli.ch\/uhren\/maurice-lacroix\/aikon\/ai6006-ss002-370-1\/\" \/>\n<meta property=\"og:locale\" content=\"en_US\" \/>\n<meta property=\"og:type\" content=\"article\" \/>\n<meta property=\"og:title\" content=\"Maurice Lacroix Aikon Automatic Lady - Galli Uhren Bijouterie\" \/>\n<meta property=\"og:description\" content=\"Maurice Lacroix hatte sie angek\u00fcndigt, nun ist sie endlich da. Zwei Jahre nach der Markteinf\u00fchrung der Quarzversion wurde das Modell mit historischen Wurzeln umgestaltet, um automatische Kaliber aufzunehmen. Maurice Lacroix, bekannt f\u00fcr sein hochwertiges Design und seine Innovationskraft, schuf eine AIKON, deren Veredelungen ihr einen unvergleichlichen Wert verleihen. Die zeitgem\u00e4sse AIKON Automatic ist jetzt in... Weiter &raquo;\" \/>\n<meta property=\"og:url\" content=\"https:\/\/galli.ch\/uhren\/maurice-lacroix\/aikon\/ai6006-ss002-370-1\/\" \/>\n<meta property=\"og:site_name\" content=\"Galli Uhren Bijouterie\" \/>\n<meta property=\"article:modified_time\" content=\"2026-03-30T08:10:23+00:00\" \/>\n<meta property=\"og:image\" content=\"https:\/\/galli.ch\/wp-content\/uploads\/ai6006_ss002_370_1.png\" \/>\n\t<meta property=\"og:image:width\" content=\"500\" \/>\n\t<meta property=\"og:image:height\" content=\"700\" \/>\n\t<meta property=\"og:image:type\" content=\"image\/png\" \/>\n<meta name=\"twitter:card\" content=\"summary_large_image\" \/>\n<script type=\"application\/ld+json\" class=\"yoast-schema-graph\">{\"@context\":\"https:\/\/schema.org\",\"@graph\":[{\"@type\":\"WebPage\",\"@id\":\"https:\/\/galli.ch\/uhren\/maurice-lacroix\/aikon\/ai6006-ss002-370-1\/\",\"url\":\"https:\/\/galli.ch\/uhren\/maurice-lacroix\/aikon\/ai6006-ss002-370-1\/\",\"name\":\"Maurice Lacroix Aikon Automatic Lady - Galli Uhren Bijouterie\",\"isPartOf\":{\"@id\":\"http:\/\/galli.ch\/en\/#website\"},\"primaryImageOfPage\":{\"@id\":\"https:\/\/galli.ch\/uhren\/maurice-lacroix\/aikon\/ai6006-ss002-370-1\/#primaryimage\"},\"image\":{\"@id\":\"https:\/\/galli.ch\/uhren\/maurice-lacroix\/aikon\/ai6006-ss002-370-1\/#primaryimage\"},\"thumbnailUrl\":\"https:\/\/galli.ch\/wp-content\/uploads\/ai6006_ss002_370_1.png\",\"datePublished\":\"2019-08-24T12:54:52+00:00\",\"dateModified\":\"2026-03-30T08:10:23+00:00\",\"breadcrumb\":{\"@id\":\"https:\/\/galli.ch\/uhren\/maurice-lacroix\/aikon\/ai6006-ss002-370-1\/#breadcrumb\"},\"inLanguage\":\"en-US\",\"potentialAction\":[{\"@type\":\"ReadAction\",\"target\":[\"https:\/\/galli.ch\/uhren\/maurice-lacroix\/aikon\/ai6006-ss002-370-1\/\"]}]},{\"@type\":\"ImageObject\",\"inLanguage\":\"en-US\",\"@id\":\"https:\/\/galli.ch\/uhren\/maurice-lacroix\/aikon\/ai6006-ss002-370-1\/#primaryimage\",\"url\":\"https:\/\/galli.ch\/wp-content\/uploads\/ai6006_ss002_370_1.png\",\"contentUrl\":\"https:\/\/galli.ch\/wp-content\/uploads\/ai6006_ss002_370_1.png\",\"width\":500,\"height\":700,\"caption\":\"Maurice Lacroix Aikon Lady Galli Z\u00fcrich\"},{\"@type\":\"BreadcrumbList\",\"@id\":\"https:\/\/galli.ch\/uhren\/maurice-lacroix\/aikon\/ai6006-ss002-370-1\/#breadcrumb\",\"itemListElement\":[{\"@type\":\"ListItem\",\"position\":1,\"name\":\"Home\",\"item\":\"https:\/\/galli.ch\/en\/\"},{\"@type\":\"ListItem\",\"position\":2,\"name\":\"Uhren\",\"item\":\"https:\/\/galli.ch\/en\/uhren\/\"},{\"@type\":\"ListItem\",\"position\":3,\"name\":\"Aikon Automatic Lady\"}]},{\"@type\":\"WebSite\",\"@id\":\"http:\/\/galli.ch\/en\/#website\",\"url\":\"http:\/\/galli.ch\/en\/\",\"name\":\"Galli Uhren Bijouterie\",\"description\":\"\",\"potentialAction\":[{\"@type\":\"SearchAction\",\"target\":{\"@type\":\"EntryPoint\",\"urlTemplate\":\"http:\/\/galli.ch\/en\/?s={search_term_string}\"},\"query-input\":{\"@type\":\"PropertyValueSpecification\",\"valueRequired\":true,\"valueName\":\"search_term_string\"}}],\"inLanguage\":\"en-US\"}]}<\/script>\n<!-- \/ Yoast SEO plugin. -->","yoast_head_json":{"title":"Maurice Lacroix Aikon Automatic Lady - Galli Uhren Bijouterie","robots":{"index":"index","follow":"follow","max-snippet":"max-snippet:-1","max-image-preview":"max-image-preview:large","max-video-preview":"max-video-preview:-1"},"canonical":"https:\/\/galli.ch\/uhren\/maurice-lacroix\/aikon\/ai6006-ss002-370-1\/","og_locale":"en_US","og_type":"article","og_title":"Maurice Lacroix Aikon Automatic Lady - Galli Uhren Bijouterie","og_description":"Maurice Lacroix hatte sie angek\u00fcndigt, nun ist sie endlich da. Zwei Jahre nach der Markteinf\u00fchrung der Quarzversion wurde das Modell mit historischen Wurzeln umgestaltet, um automatische Kaliber aufzunehmen. Maurice Lacroix, bekannt f\u00fcr sein hochwertiges Design und seine Innovationskraft, schuf eine AIKON, deren Veredelungen ihr einen unvergleichlichen Wert verleihen. Die zeitgem\u00e4sse AIKON Automatic ist jetzt in... Weiter &raquo;","og_url":"https:\/\/galli.ch\/uhren\/maurice-lacroix\/aikon\/ai6006-ss002-370-1\/","og_site_name":"Galli Uhren Bijouterie","article_modified_time":"2026-03-30T08:10:23+00:00","og_image":[{"width":500,"height":700,"url":"https:\/\/galli.ch\/wp-content\/uploads\/ai6006_ss002_370_1.png","type":"image\/png"}],"twitter_card":"summary_large_image","schema":{"@context":"https:\/\/schema.org","@graph":[{"@type":"WebPage","@id":"https:\/\/galli.ch\/uhren\/maurice-lacroix\/aikon\/ai6006-ss002-370-1\/","url":"https:\/\/galli.ch\/uhren\/maurice-lacroix\/aikon\/ai6006-ss002-370-1\/","name":"Maurice Lacroix Aikon Automatic Lady - Galli Uhren Bijouterie","isPartOf":{"@id":"http:\/\/galli.ch\/en\/#website"},"primaryImageOfPage":{"@id":"https:\/\/galli.ch\/uhren\/maurice-lacroix\/aikon\/ai6006-ss002-370-1\/#primaryimage"},"image":{"@id":"https:\/\/galli.ch\/uhren\/maurice-lacroix\/aikon\/ai6006-ss002-370-1\/#primaryimage"},"thumbnailUrl":"https:\/\/galli.ch\/wp-content\/uploads\/ai6006_ss002_370_1.png","datePublished":"2019-08-24T12:54:52+00:00","dateModified":"2026-03-30T08:10:23+00:00","breadcrumb":{"@id":"https:\/\/galli.ch\/uhren\/maurice-lacroix\/aikon\/ai6006-ss002-370-1\/#breadcrumb"},"inLanguage":"en-US","potentialAction":[{"@type":"ReadAction","target":["https:\/\/galli.ch\/uhren\/maurice-lacroix\/aikon\/ai6006-ss002-370-1\/"]}]},{"@type":"ImageObject","inLanguage":"en-US","@id":"https:\/\/galli.ch\/uhren\/maurice-lacroix\/aikon\/ai6006-ss002-370-1\/#primaryimage","url":"https:\/\/galli.ch\/wp-content\/uploads\/ai6006_ss002_370_1.png","contentUrl":"https:\/\/galli.ch\/wp-content\/uploads\/ai6006_ss002_370_1.png","width":500,"height":700,"caption":"Maurice Lacroix Aikon Lady Galli Z\u00fcrich"},{"@type":"BreadcrumbList","@id":"https:\/\/galli.ch\/uhren\/maurice-lacroix\/aikon\/ai6006-ss002-370-1\/#breadcrumb","itemListElement":[{"@type":"ListItem","position":1,"name":"Home","item":"https:\/\/galli.ch\/en\/"},{"@type":"ListItem","position":2,"name":"Uhren","item":"https:\/\/galli.ch\/en\/uhren\/"},{"@type":"ListItem","position":3,"name":"Aikon Automatic Lady"}]},{"@type":"WebSite","@id":"http:\/\/galli.ch\/en\/#website","url":"http:\/\/galli.ch\/en\/","name":"Galli Uhren Bijouterie","description":"","potentialAction":[{"@type":"SearchAction","target":{"@type":"EntryPoint","urlTemplate":"http:\/\/galli.ch\/en\/?s={search_term_string}"},"query-input":{"@type":"PropertyValueSpecification","valueRequired":true,"valueName":"search_term_string"}}],"inLanguage":"en-US"}]}},"_links":{"self":[{"href":"https:\/\/galli.ch\/en\/wp-json\/wp\/v2\/product\/5883","targetHints":{"allow":["GET"]}}],"collection":[{"href":"https:\/\/galli.ch\/en\/wp-json\/wp\/v2\/product"}],"about":[{"href":"https:\/\/galli.ch\/en\/wp-json\/wp\/v2\/types\/product"}],"wp:featuredmedia":[{"embeddable":true,"href":"https:\/\/galli.ch\/en\/wp-json\/wp\/v2\/media\/5854"}],"wp:attachment":[{"href":"https:\/\/galli.ch\/en\/wp-json\/wp\/v2\/media?parent=5883"}],"wp:term":[{"taxonomy":"product_brand","embeddable":true,"href":"https:\/\/galli.ch\/en\/wp-json\/wp\/v2\/product_brand?post=5883"},{"taxonomy":"product_cat","embeddable":true,"href":"https:\/\/galli.ch\/en\/wp-json\/wp\/v2\/product_cat?post=5883"},{"taxonomy":"product_tag","embeddable":true,"href":"https:\/\/galli.ch\/en\/wp-json\/wp\/v2\/product_tag?post=5883"}],"curies":[{"name":"wp","href":"https:\/\/api.w.org\/{rel}","templated":true}]}}