{"id":616,"date":"2018-07-17T19:39:42","date_gmt":"2018-07-17T19:39:42","guid":{"rendered":"http:\/\/galli.ch\/?post_type=uhren&#038;p=616"},"modified":"2026-04-27T18:13:22","modified_gmt":"2026-04-27T16:13:22","slug":"blue-m25600tb-0001","status":"publish","type":"product","link":"https:\/\/galli.ch\/en\/uhren\/tudor\/pelagos\/blue-m25600tb-0001\/","title":{"rendered":"Tudor Pelagos"},"content":{"rendered":"<p>Die langj\u00e4hrige Erfahrung bei der Entwicklung von Modellen f\u00fcr professionelle Taucher f\u00fchrte schliesslich zur Einf\u00fchrung der TUDOR Pelagos \u2013 der ultimativen Taucheruhr. Die Pelagos ist ein funktionaler Zeitmesser und eine der ausge\u00adreiftesten klassischen mechanischen Taucheruhren, die heute auf dem Markt sind.<\/p>\n<p>Diese Taucheruhr ist bis 500 m wasserdicht und mit einem TUDOR Manufakturkaliber ausgestattet. Da sie aus Titan gefertigt ist, f\u00fchlt sie sich sehr leicht und angenehm an Ihrem Handgelenk an.<\/p>\n<p>Mitgeliefert wird ein blaues Kautschukband mit Dornschliesse inklusive zus\u00e4tzlichem Verl\u00e4ngerungselement.<\/p>\n<div class=\"sc-hyCmHO huppcS\">\n<section class=\"sc-cgLTVH foxxZ\">\n<div class=\"sc-fBgefs dhzufT\">\n<div class=\"sc-feUTXB eA-DIbG noTitleWrapper\"><picture><source data-srcset=\"https:\/\/www.tudorwatch.com\/-\/media\/model-assets\/cards\/family\/tudor-diving-watches-thumbnail.jpg?version=1.8.0&amp;sc_lang=de&amp;imwidth=380, https:\/\/www.tudorwatch.com\/-\/media\/model-assets\/cards\/family\/tudor-diving-watches-thumbnail.jpg?version=1.8.0&amp;sc_lang=de&amp;imwidth=720 2x\" media=\"(min-width: 1440px)\" \/><source data-srcset=\"https:\/\/www.tudorwatch.com\/-\/media\/model-assets\/cards\/family\/tudor-diving-watches-thumbnail.jpg?version=1.8.0&amp;sc_lang=de&amp;imwidth=450, https:\/\/www.tudorwatch.com\/-\/media\/model-assets\/cards\/family\/tudor-diving-watches-thumbnail.jpg?version=1.8.0&amp;sc_lang=de&amp;imwidth=720 2x\" media=\"(min-width: 768px) and (max-width: 1439px)\" \/><source data-srcset=\"https:\/\/www.tudorwatch.com\/-\/media\/model-assets\/cards\/family\/tudor-diving-watches-thumbnail.jpg?version=1.8.0&amp;sc_lang=de&amp;imwidth=380, https:\/\/www.tudorwatch.com\/-\/media\/model-assets\/cards\/family\/tudor-diving-watches-thumbnail.jpg?version=1.8.0&amp;sc_lang=de&amp;imwidth=640 2x\" media=\"(min-width: 640px) and (max-width: 767px)\" \/><source data-srcset=\"https:\/\/www.tudorwatch.com\/-\/media\/model-assets\/cards\/family\/tudor-diving-watches-thumbnail.jpg?version=1.8.0&amp;sc_lang=de&amp;imwidth=300, https:\/\/www.tudorwatch.com\/-\/media\/model-assets\/cards\/family\/tudor-diving-watches-thumbnail.jpg?version=1.8.0&amp;sc_lang=de&amp;imwidth=550 2x\" media=\"(max-width: 639px)\" \/><\/picture><\/div>\n<\/div>\n<\/section>\n<\/div>\n<section class=\"sc-kUWnIc fLJtVi on\">\n<div class=\"sc-iqVWFU gEZPeF carol-explore carousel carol\">\n<div class=\"sc-eWfVMQ jkeJCS\"><\/div>\n<\/div>\n<\/section>\n","protected":false},"excerpt":{"rendered":"<p>Die langj\u00e4hrige Erfahrung bei der Entwicklung von Modellen f\u00fcr professionelle Taucher f\u00fchrte schliesslich zur Einf\u00fchrung der TUDOR Pelagos \u2013 der ultimativen Taucheruhr. Die Pelagos ist ein funktionaler Zeitmesser und eine der ausge\u00adreiftesten klassischen mechanischen Taucheruhren, die heute auf dem Markt sind. Diese Taucheruhr ist bis 500 m wasserdicht und mit einem TUDOR Manufakturkaliber ausgestattet. Da&#8230;  <a class=\"excerpt-read-more\" href=\"https:\/\/galli.ch\/en\/uhren\/tudor\/pelagos\/blue-m25600tb-0001\/\" title=\"Read Tudor Pelagos\">Weiter &raquo;<\/a><\/p>\n","protected":false},"featured_media":9297,"template":"","meta":{"_acf_changed":false,"inline_featured_image":false},"product_brand":[],"product_cat":[188],"product_tag":[],"class_list":{"0":"post-616","1":"product","2":"type-product","3":"status-publish","4":"has-post-thumbnail","6":"uhrenhersteller-tudor","7":"uhrenhersteller-pelagos","8":"product_cat-uhren","10":"first","11":"instock","12":"taxable","13":"shipping-taxable","14":"purchasable","15":"product-type-simple"},"acf":[],"yoast_head":"<!-- This site is optimized with the Yoast SEO plugin v25.5 - https:\/\/yoast.com\/wordpress\/plugins\/seo\/ -->\n<title>Tudor Tudor Pelagos - Galli Uhren Bijouterie<\/title>\n<meta name=\"robots\" content=\"index, follow, max-snippet:-1, max-image-preview:large, max-video-preview:-1\" \/>\n<link rel=\"canonical\" href=\"https:\/\/galli.ch\/uhren\/tudor\/pelagos\/blue-m25600tb-0001\/\" \/>\n<meta property=\"og:locale\" content=\"en_US\" \/>\n<meta property=\"og:type\" content=\"article\" \/>\n<meta property=\"og:title\" content=\"Tudor Tudor Pelagos - Galli Uhren Bijouterie\" \/>\n<meta property=\"og:description\" content=\"Die langj\u00e4hrige Erfahrung bei der Entwicklung von Modellen f\u00fcr professionelle Taucher f\u00fchrte schliesslich zur Einf\u00fchrung der TUDOR Pelagos \u2013 der ultimativen Taucheruhr. Die Pelagos ist ein funktionaler Zeitmesser und eine der ausge\u00adreiftesten klassischen mechanischen Taucheruhren, die heute auf dem Markt sind. Diese Taucheruhr ist bis 500 m wasserdicht und mit einem TUDOR Manufakturkaliber ausgestattet. Da... Weiter &raquo;\" \/>\n<meta property=\"og:url\" content=\"https:\/\/galli.ch\/uhren\/tudor\/pelagos\/blue-m25600tb-0001\/\" \/>\n<meta property=\"og:site_name\" content=\"Galli Uhren Bijouterie\" \/>\n<meta property=\"article:modified_time\" content=\"2026-04-27T16:13:22+00:00\" \/>\n<meta property=\"og:image\" content=\"https:\/\/galli.ch\/wp-content\/uploads\/M25600TB-0001.png\" \/>\n\t<meta property=\"og:image:width\" content=\"500\" \/>\n\t<meta property=\"og:image:height\" content=\"700\" \/>\n\t<meta property=\"og:image:type\" content=\"image\/png\" \/>\n<meta name=\"twitter:card\" content=\"summary_large_image\" \/>\n<script type=\"application\/ld+json\" class=\"yoast-schema-graph\">{\"@context\":\"https:\/\/schema.org\",\"@graph\":[{\"@type\":\"WebPage\",\"@id\":\"https:\/\/galli.ch\/uhren\/tudor\/pelagos\/blue-m25600tb-0001\/\",\"url\":\"https:\/\/galli.ch\/uhren\/tudor\/pelagos\/blue-m25600tb-0001\/\",\"name\":\"Tudor Tudor Pelagos - Galli Uhren Bijouterie\",\"isPartOf\":{\"@id\":\"http:\/\/galli.ch\/en\/#website\"},\"primaryImageOfPage\":{\"@id\":\"https:\/\/galli.ch\/uhren\/tudor\/pelagos\/blue-m25600tb-0001\/#primaryimage\"},\"image\":{\"@id\":\"https:\/\/galli.ch\/uhren\/tudor\/pelagos\/blue-m25600tb-0001\/#primaryimage\"},\"thumbnailUrl\":\"https:\/\/galli.ch\/wp-content\/uploads\/M25600TB-0001.png\",\"datePublished\":\"2018-07-17T19:39:42+00:00\",\"dateModified\":\"2026-04-27T16:13:22+00:00\",\"breadcrumb\":{\"@id\":\"https:\/\/galli.ch\/uhren\/tudor\/pelagos\/blue-m25600tb-0001\/#breadcrumb\"},\"inLanguage\":\"en-US\",\"potentialAction\":[{\"@type\":\"ReadAction\",\"target\":[\"https:\/\/galli.ch\/uhren\/tudor\/pelagos\/blue-m25600tb-0001\/\"]}]},{\"@type\":\"ImageObject\",\"inLanguage\":\"en-US\",\"@id\":\"https:\/\/galli.ch\/uhren\/tudor\/pelagos\/blue-m25600tb-0001\/#primaryimage\",\"url\":\"https:\/\/galli.ch\/wp-content\/uploads\/M25600TB-0001.png\",\"contentUrl\":\"https:\/\/galli.ch\/wp-content\/uploads\/M25600TB-0001.png\",\"width\":500,\"height\":700,\"caption\":\"tudor-pelagos-blue\"},{\"@type\":\"BreadcrumbList\",\"@id\":\"https:\/\/galli.ch\/uhren\/tudor\/pelagos\/blue-m25600tb-0001\/#breadcrumb\",\"itemListElement\":[{\"@type\":\"ListItem\",\"position\":1,\"name\":\"Home\",\"item\":\"https:\/\/galli.ch\/en\/\"},{\"@type\":\"ListItem\",\"position\":2,\"name\":\"Uhren\",\"item\":\"https:\/\/galli.ch\/en\/uhren\/\"},{\"@type\":\"ListItem\",\"position\":3,\"name\":\"Tudor Pelagos\"}]},{\"@type\":\"WebSite\",\"@id\":\"http:\/\/galli.ch\/en\/#website\",\"url\":\"http:\/\/galli.ch\/en\/\",\"name\":\"Galli Uhren Bijouterie\",\"description\":\"\",\"potentialAction\":[{\"@type\":\"SearchAction\",\"target\":{\"@type\":\"EntryPoint\",\"urlTemplate\":\"http:\/\/galli.ch\/en\/?s={search_term_string}\"},\"query-input\":{\"@type\":\"PropertyValueSpecification\",\"valueRequired\":true,\"valueName\":\"search_term_string\"}}],\"inLanguage\":\"en-US\"}]}<\/script>\n<!-- \/ Yoast SEO plugin. -->","yoast_head_json":{"title":"Tudor Tudor Pelagos - Galli Uhren Bijouterie","robots":{"index":"index","follow":"follow","max-snippet":"max-snippet:-1","max-image-preview":"max-image-preview:large","max-video-preview":"max-video-preview:-1"},"canonical":"https:\/\/galli.ch\/uhren\/tudor\/pelagos\/blue-m25600tb-0001\/","og_locale":"en_US","og_type":"article","og_title":"Tudor Tudor Pelagos - Galli Uhren Bijouterie","og_description":"Die langj\u00e4hrige Erfahrung bei der Entwicklung von Modellen f\u00fcr professionelle Taucher f\u00fchrte schliesslich zur Einf\u00fchrung der TUDOR Pelagos \u2013 der ultimativen Taucheruhr. Die Pelagos ist ein funktionaler Zeitmesser und eine der ausge\u00adreiftesten klassischen mechanischen Taucheruhren, die heute auf dem Markt sind. Diese Taucheruhr ist bis 500 m wasserdicht und mit einem TUDOR Manufakturkaliber ausgestattet. Da... Weiter &raquo;","og_url":"https:\/\/galli.ch\/uhren\/tudor\/pelagos\/blue-m25600tb-0001\/","og_site_name":"Galli Uhren Bijouterie","article_modified_time":"2026-04-27T16:13:22+00:00","og_image":[{"width":500,"height":700,"url":"https:\/\/galli.ch\/wp-content\/uploads\/M25600TB-0001.png","type":"image\/png"}],"twitter_card":"summary_large_image","schema":{"@context":"https:\/\/schema.org","@graph":[{"@type":"WebPage","@id":"https:\/\/galli.ch\/uhren\/tudor\/pelagos\/blue-m25600tb-0001\/","url":"https:\/\/galli.ch\/uhren\/tudor\/pelagos\/blue-m25600tb-0001\/","name":"Tudor Tudor Pelagos - Galli Uhren Bijouterie","isPartOf":{"@id":"http:\/\/galli.ch\/en\/#website"},"primaryImageOfPage":{"@id":"https:\/\/galli.ch\/uhren\/tudor\/pelagos\/blue-m25600tb-0001\/#primaryimage"},"image":{"@id":"https:\/\/galli.ch\/uhren\/tudor\/pelagos\/blue-m25600tb-0001\/#primaryimage"},"thumbnailUrl":"https:\/\/galli.ch\/wp-content\/uploads\/M25600TB-0001.png","datePublished":"2018-07-17T19:39:42+00:00","dateModified":"2026-04-27T16:13:22+00:00","breadcrumb":{"@id":"https:\/\/galli.ch\/uhren\/tudor\/pelagos\/blue-m25600tb-0001\/#breadcrumb"},"inLanguage":"en-US","potentialAction":[{"@type":"ReadAction","target":["https:\/\/galli.ch\/uhren\/tudor\/pelagos\/blue-m25600tb-0001\/"]}]},{"@type":"ImageObject","inLanguage":"en-US","@id":"https:\/\/galli.ch\/uhren\/tudor\/pelagos\/blue-m25600tb-0001\/#primaryimage","url":"https:\/\/galli.ch\/wp-content\/uploads\/M25600TB-0001.png","contentUrl":"https:\/\/galli.ch\/wp-content\/uploads\/M25600TB-0001.png","width":500,"height":700,"caption":"tudor-pelagos-blue"},{"@type":"BreadcrumbList","@id":"https:\/\/galli.ch\/uhren\/tudor\/pelagos\/blue-m25600tb-0001\/#breadcrumb","itemListElement":[{"@type":"ListItem","position":1,"name":"Home","item":"https:\/\/galli.ch\/en\/"},{"@type":"ListItem","position":2,"name":"Uhren","item":"https:\/\/galli.ch\/en\/uhren\/"},{"@type":"ListItem","position":3,"name":"Tudor Pelagos"}]},{"@type":"WebSite","@id":"http:\/\/galli.ch\/en\/#website","url":"http:\/\/galli.ch\/en\/","name":"Galli Uhren Bijouterie","description":"","potentialAction":[{"@type":"SearchAction","target":{"@type":"EntryPoint","urlTemplate":"http:\/\/galli.ch\/en\/?s={search_term_string}"},"query-input":{"@type":"PropertyValueSpecification","valueRequired":true,"valueName":"search_term_string"}}],"inLanguage":"en-US"}]}},"_links":{"self":[{"href":"https:\/\/galli.ch\/en\/wp-json\/wp\/v2\/product\/616","targetHints":{"allow":["GET"]}}],"collection":[{"href":"https:\/\/galli.ch\/en\/wp-json\/wp\/v2\/product"}],"about":[{"href":"https:\/\/galli.ch\/en\/wp-json\/wp\/v2\/types\/product"}],"wp:featuredmedia":[{"embeddable":true,"href":"https:\/\/galli.ch\/en\/wp-json\/wp\/v2\/media\/9297"}],"wp:attachment":[{"href":"https:\/\/galli.ch\/en\/wp-json\/wp\/v2\/media?parent=616"}],"wp:term":[{"taxonomy":"product_brand","embeddable":true,"href":"https:\/\/galli.ch\/en\/wp-json\/wp\/v2\/product_brand?post=616"},{"taxonomy":"product_cat","embeddable":true,"href":"https:\/\/galli.ch\/en\/wp-json\/wp\/v2\/product_cat?post=616"},{"taxonomy":"product_tag","embeddable":true,"href":"https:\/\/galli.ch\/en\/wp-json\/wp\/v2\/product_tag?post=616"}],"curies":[{"name":"wp","href":"https:\/\/api.w.org\/{rel}","templated":true}]}}