{"id":6208,"date":"2019-10-02T17:00:49","date_gmt":"2019-10-02T15:00:49","guid":{"rendered":"http:\/\/galli.ch\/?post_type=uhren&#038;p=6208"},"modified":"2025-03-13T13:44:20","modified_gmt":"2025-03-13T12:44:20","slug":"b01-chronograph-43-mosquito-ab01194a1b1x2","status":"publish","type":"product","link":"https:\/\/galli.ch\/en\/uhren\/breitling\/classic-avi\/b01-chronograph-43-mosquito-ab01194a1b1x2\/","title":{"rendered":"Breitling Aviator 8 B01 Chronograph 43 Mosquito"},"content":{"rendered":"<p>Mit der neuen Aviator 8 Mosquito greift Breitling zwei Designs auf: einerseits das der Borduhren, die in den 1930er und 1940er-Jahren vom Huit Aviation Department entworfen wurden, andererseits das seiner renommierten Referenz 765 AVI, die auch unter dem Namen Co-Pilot bekannt ist.<\/p>\n<p>Dieser Zeitmesser ehrt ein fast ausschliesslich aus Holz gebautes Flugzeug, die de Havilland Mosquito. Deren Schnelligkeit und Wendigkeit trugen zu ihrem unglaublichen Erfolg und ihrer unwahrscheinlichen Rollenvielfalt bei \u2013 beispielsweise als unbewaffneter Leichtbomber, Tagj\u00e4ger, Nachtj\u00e4ger und sogar als fotografisches Aufkl\u00e4rungsflugzeug.\u00a0Die Aviator 8 Mosquito verf\u00fcgt \u00fcber ein 43-mm-Edelstahlgeh\u00e4use und eine schwarz satinierte, ADLC-beschichtete Edelstahll\u00fcnette mit einem praktischen roten Merkpfeil, Indizes und arabischen Ziffern. Das schwarze Zifferblatt verf\u00fcgt \u00fcber kontrastierende silberne Hilfszifferbl\u00e4tter \u2013 ein Hinweis auf das mechanische Breitling-Manufakturkaliber 01, das die Uhr antreibt.<\/p>\n","protected":false},"excerpt":{"rendered":"<p>Mit der neuen Aviator 8 Mosquito greift Breitling zwei Designs auf: einerseits das der Borduhren, die in den 1930er und 1940er-Jahren vom Huit Aviation Department entworfen wurden, andererseits das seiner renommierten Referenz 765 AVI, die auch unter dem Namen Co-Pilot bekannt ist. Dieser Zeitmesser ehrt ein fast ausschliesslich aus Holz gebautes Flugzeug, die de Havilland&#8230;  <a class=\"excerpt-read-more\" href=\"https:\/\/galli.ch\/en\/uhren\/breitling\/classic-avi\/b01-chronograph-43-mosquito-ab01194a1b1x2\/\" title=\"Read Breitling Aviator 8 B01 Chronograph 43 Mosquito\">Weiter &raquo;<\/a><\/p>\n","protected":false},"featured_media":6182,"template":"","meta":{"_acf_changed":false,"inline_featured_image":false},"product_brand":[],"product_cat":[188],"product_tag":[],"class_list":{"0":"post-6208","1":"product","2":"type-product","3":"status-publish","4":"has-post-thumbnail","6":"uhrenhersteller-breitling","7":"uhrenhersteller-classic-avi","8":"product_cat-uhren","10":"first","11":"outofstock","12":"taxable","13":"shipping-taxable","14":"purchasable","15":"product-type-simple"},"acf":[],"yoast_head":"<!-- This site is optimized with the Yoast SEO plugin v25.5 - https:\/\/yoast.com\/wordpress\/plugins\/seo\/ -->\n<title>Breitling Aviator 8 B01 Chronograph 43 Mosquito - Galli Uhren Bijouterie<\/title>\n<meta name=\"robots\" content=\"index, follow, max-snippet:-1, max-image-preview:large, max-video-preview:-1\" \/>\n<link rel=\"canonical\" href=\"https:\/\/galli.ch\/uhren\/breitling\/classic-avi\/b01-chronograph-43-mosquito-ab01194a1b1x2\/\" \/>\n<meta property=\"og:locale\" content=\"en_US\" \/>\n<meta property=\"og:type\" content=\"article\" \/>\n<meta property=\"og:title\" content=\"Breitling Aviator 8 B01 Chronograph 43 Mosquito - Galli Uhren Bijouterie\" \/>\n<meta property=\"og:description\" content=\"Mit der neuen Aviator 8 Mosquito greift Breitling zwei Designs auf: einerseits das der Borduhren, die in den 1930er und 1940er-Jahren vom Huit Aviation Department entworfen wurden, andererseits das seiner renommierten Referenz 765 AVI, die auch unter dem Namen Co-Pilot bekannt ist. Dieser Zeitmesser ehrt ein fast ausschliesslich aus Holz gebautes Flugzeug, die de Havilland... Weiter &raquo;\" \/>\n<meta property=\"og:url\" content=\"https:\/\/galli.ch\/uhren\/breitling\/classic-avi\/b01-chronograph-43-mosquito-ab01194a1b1x2\/\" \/>\n<meta property=\"og:site_name\" content=\"Galli Uhren Bijouterie\" \/>\n<meta property=\"article:modified_time\" content=\"2025-03-13T12:44:20+00:00\" \/>\n<meta property=\"og:image\" content=\"https:\/\/galli.ch\/wp-content\/uploads\/03_aviator-8-mosquito-3.png\" \/>\n\t<meta property=\"og:image:width\" content=\"1000\" \/>\n\t<meta property=\"og:image:height\" content=\"1400\" \/>\n\t<meta property=\"og:image:type\" content=\"image\/png\" \/>\n<meta name=\"twitter:card\" content=\"summary_large_image\" \/>\n<script type=\"application\/ld+json\" class=\"yoast-schema-graph\">{\"@context\":\"https:\/\/schema.org\",\"@graph\":[{\"@type\":\"WebPage\",\"@id\":\"https:\/\/galli.ch\/uhren\/breitling\/classic-avi\/b01-chronograph-43-mosquito-ab01194a1b1x2\/\",\"url\":\"https:\/\/galli.ch\/uhren\/breitling\/classic-avi\/b01-chronograph-43-mosquito-ab01194a1b1x2\/\",\"name\":\"Breitling Aviator 8 B01 Chronograph 43 Mosquito - Galli Uhren Bijouterie\",\"isPartOf\":{\"@id\":\"http:\/\/galli.ch\/en\/#website\"},\"primaryImageOfPage\":{\"@id\":\"https:\/\/galli.ch\/uhren\/breitling\/classic-avi\/b01-chronograph-43-mosquito-ab01194a1b1x2\/#primaryimage\"},\"image\":{\"@id\":\"https:\/\/galli.ch\/uhren\/breitling\/classic-avi\/b01-chronograph-43-mosquito-ab01194a1b1x2\/#primaryimage\"},\"thumbnailUrl\":\"https:\/\/galli.ch\/wp-content\/uploads\/03_aviator-8-mosquito-3.png\",\"datePublished\":\"2019-10-02T15:00:49+00:00\",\"dateModified\":\"2025-03-13T12:44:20+00:00\",\"breadcrumb\":{\"@id\":\"https:\/\/galli.ch\/uhren\/breitling\/classic-avi\/b01-chronograph-43-mosquito-ab01194a1b1x2\/#breadcrumb\"},\"inLanguage\":\"en-US\",\"potentialAction\":[{\"@type\":\"ReadAction\",\"target\":[\"https:\/\/galli.ch\/uhren\/breitling\/classic-avi\/b01-chronograph-43-mosquito-ab01194a1b1x2\/\"]}]},{\"@type\":\"ImageObject\",\"inLanguage\":\"en-US\",\"@id\":\"https:\/\/galli.ch\/uhren\/breitling\/classic-avi\/b01-chronograph-43-mosquito-ab01194a1b1x2\/#primaryimage\",\"url\":\"https:\/\/galli.ch\/wp-content\/uploads\/03_aviator-8-mosquito-3.png\",\"contentUrl\":\"https:\/\/galli.ch\/wp-content\/uploads\/03_aviator-8-mosquito-3.png\",\"width\":1000,\"height\":1400,\"caption\":\"Breitling Aviator 8 Mosquito Galli Z\u00fcrich\"},{\"@type\":\"BreadcrumbList\",\"@id\":\"https:\/\/galli.ch\/uhren\/breitling\/classic-avi\/b01-chronograph-43-mosquito-ab01194a1b1x2\/#breadcrumb\",\"itemListElement\":[{\"@type\":\"ListItem\",\"position\":1,\"name\":\"Home\",\"item\":\"https:\/\/galli.ch\/en\/\"},{\"@type\":\"ListItem\",\"position\":2,\"name\":\"Uhren\",\"item\":\"https:\/\/galli.ch\/en\/uhren\/\"},{\"@type\":\"ListItem\",\"position\":3,\"name\":\"Aviator 8 B01 Chronograph 43 Mosquito\"}]},{\"@type\":\"WebSite\",\"@id\":\"http:\/\/galli.ch\/en\/#website\",\"url\":\"http:\/\/galli.ch\/en\/\",\"name\":\"Galli Uhren Bijouterie\",\"description\":\"\",\"potentialAction\":[{\"@type\":\"SearchAction\",\"target\":{\"@type\":\"EntryPoint\",\"urlTemplate\":\"http:\/\/galli.ch\/en\/?s={search_term_string}\"},\"query-input\":{\"@type\":\"PropertyValueSpecification\",\"valueRequired\":true,\"valueName\":\"search_term_string\"}}],\"inLanguage\":\"en-US\"}]}<\/script>\n<!-- \/ Yoast SEO plugin. -->","yoast_head_json":{"title":"Breitling Aviator 8 B01 Chronograph 43 Mosquito - Galli Uhren Bijouterie","robots":{"index":"index","follow":"follow","max-snippet":"max-snippet:-1","max-image-preview":"max-image-preview:large","max-video-preview":"max-video-preview:-1"},"canonical":"https:\/\/galli.ch\/uhren\/breitling\/classic-avi\/b01-chronograph-43-mosquito-ab01194a1b1x2\/","og_locale":"en_US","og_type":"article","og_title":"Breitling Aviator 8 B01 Chronograph 43 Mosquito - Galli Uhren Bijouterie","og_description":"Mit der neuen Aviator 8 Mosquito greift Breitling zwei Designs auf: einerseits das der Borduhren, die in den 1930er und 1940er-Jahren vom Huit Aviation Department entworfen wurden, andererseits das seiner renommierten Referenz 765 AVI, die auch unter dem Namen Co-Pilot bekannt ist. Dieser Zeitmesser ehrt ein fast ausschliesslich aus Holz gebautes Flugzeug, die de Havilland... Weiter &raquo;","og_url":"https:\/\/galli.ch\/uhren\/breitling\/classic-avi\/b01-chronograph-43-mosquito-ab01194a1b1x2\/","og_site_name":"Galli Uhren Bijouterie","article_modified_time":"2025-03-13T12:44:20+00:00","og_image":[{"width":1000,"height":1400,"url":"https:\/\/galli.ch\/wp-content\/uploads\/03_aviator-8-mosquito-3.png","type":"image\/png"}],"twitter_card":"summary_large_image","schema":{"@context":"https:\/\/schema.org","@graph":[{"@type":"WebPage","@id":"https:\/\/galli.ch\/uhren\/breitling\/classic-avi\/b01-chronograph-43-mosquito-ab01194a1b1x2\/","url":"https:\/\/galli.ch\/uhren\/breitling\/classic-avi\/b01-chronograph-43-mosquito-ab01194a1b1x2\/","name":"Breitling Aviator 8 B01 Chronograph 43 Mosquito - Galli Uhren Bijouterie","isPartOf":{"@id":"http:\/\/galli.ch\/en\/#website"},"primaryImageOfPage":{"@id":"https:\/\/galli.ch\/uhren\/breitling\/classic-avi\/b01-chronograph-43-mosquito-ab01194a1b1x2\/#primaryimage"},"image":{"@id":"https:\/\/galli.ch\/uhren\/breitling\/classic-avi\/b01-chronograph-43-mosquito-ab01194a1b1x2\/#primaryimage"},"thumbnailUrl":"https:\/\/galli.ch\/wp-content\/uploads\/03_aviator-8-mosquito-3.png","datePublished":"2019-10-02T15:00:49+00:00","dateModified":"2025-03-13T12:44:20+00:00","breadcrumb":{"@id":"https:\/\/galli.ch\/uhren\/breitling\/classic-avi\/b01-chronograph-43-mosquito-ab01194a1b1x2\/#breadcrumb"},"inLanguage":"en-US","potentialAction":[{"@type":"ReadAction","target":["https:\/\/galli.ch\/uhren\/breitling\/classic-avi\/b01-chronograph-43-mosquito-ab01194a1b1x2\/"]}]},{"@type":"ImageObject","inLanguage":"en-US","@id":"https:\/\/galli.ch\/uhren\/breitling\/classic-avi\/b01-chronograph-43-mosquito-ab01194a1b1x2\/#primaryimage","url":"https:\/\/galli.ch\/wp-content\/uploads\/03_aviator-8-mosquito-3.png","contentUrl":"https:\/\/galli.ch\/wp-content\/uploads\/03_aviator-8-mosquito-3.png","width":1000,"height":1400,"caption":"Breitling Aviator 8 Mosquito Galli Z\u00fcrich"},{"@type":"BreadcrumbList","@id":"https:\/\/galli.ch\/uhren\/breitling\/classic-avi\/b01-chronograph-43-mosquito-ab01194a1b1x2\/#breadcrumb","itemListElement":[{"@type":"ListItem","position":1,"name":"Home","item":"https:\/\/galli.ch\/en\/"},{"@type":"ListItem","position":2,"name":"Uhren","item":"https:\/\/galli.ch\/en\/uhren\/"},{"@type":"ListItem","position":3,"name":"Aviator 8 B01 Chronograph 43 Mosquito"}]},{"@type":"WebSite","@id":"http:\/\/galli.ch\/en\/#website","url":"http:\/\/galli.ch\/en\/","name":"Galli Uhren Bijouterie","description":"","potentialAction":[{"@type":"SearchAction","target":{"@type":"EntryPoint","urlTemplate":"http:\/\/galli.ch\/en\/?s={search_term_string}"},"query-input":{"@type":"PropertyValueSpecification","valueRequired":true,"valueName":"search_term_string"}}],"inLanguage":"en-US"}]}},"_links":{"self":[{"href":"https:\/\/galli.ch\/en\/wp-json\/wp\/v2\/product\/6208","targetHints":{"allow":["GET"]}}],"collection":[{"href":"https:\/\/galli.ch\/en\/wp-json\/wp\/v2\/product"}],"about":[{"href":"https:\/\/galli.ch\/en\/wp-json\/wp\/v2\/types\/product"}],"wp:featuredmedia":[{"embeddable":true,"href":"https:\/\/galli.ch\/en\/wp-json\/wp\/v2\/media\/6182"}],"wp:attachment":[{"href":"https:\/\/galli.ch\/en\/wp-json\/wp\/v2\/media?parent=6208"}],"wp:term":[{"taxonomy":"product_brand","embeddable":true,"href":"https:\/\/galli.ch\/en\/wp-json\/wp\/v2\/product_brand?post=6208"},{"taxonomy":"product_cat","embeddable":true,"href":"https:\/\/galli.ch\/en\/wp-json\/wp\/v2\/product_cat?post=6208"},{"taxonomy":"product_tag","embeddable":true,"href":"https:\/\/galli.ch\/en\/wp-json\/wp\/v2\/product_tag?post=6208"}],"curies":[{"name":"wp","href":"https:\/\/api.w.org\/{rel}","templated":true}]}}