{"id":6211,"date":"2019-10-02T18:12:06","date_gmt":"2019-10-02T16:12:06","guid":{"rendered":"http:\/\/galli.ch\/?post_type=uhren&#038;p=6211"},"modified":"2026-03-30T10:14:19","modified_gmt":"2026-03-30T08:14:19","slug":"charles-darwin-iw379503","status":"publish","type":"product","link":"https:\/\/galli.ch\/en\/uhren\/iwc\/aquatimer\/charles-darwin-iw379503\/","title":{"rendered":"IWC Aquatimer Chronograph Edition &#8220;Expedition Charles Darwin&#8221;"},"content":{"rendered":"<div class=\"iwc-inner\">\n<p class=\"iwc-description-text iwc-contracted\">Das attraktive Material Bronze f\u00fcr das Geh\u00e4use ist eine Hommage an Darwins ber\u00fchmtes Expeditionsschiff HMS Beagle, das ihn auch zu den Galapagos-Inseln f\u00fchrte. Zu jener Zeit wurde das korrosionsbest\u00e4ndige Bronze under anderem f\u00fcr Bullaugen, Beschl\u00e4ge und nautische Instrumente verwendet. Bronze nimmt im Laufe der Zeit je nach Nutzung eine leichte Patina an und dunkelt nach \u2013 das verleiht der Aquatimer Chronograph Edition \u00abExpedition Charles Darwin\u00bb ihren eigenen, unverwechselbaren Charakter. Der bronzefarbene Ton findet sich als Leuchtmasse auf den Zeigern, Indizes und der Viertelstundenskala des Innendrehrings wieder.<\/p>\n<p class=\"iwc-description-text iwc-contracted\">Ausgestattet mit dem IWC-Manufakturwerk 89365, kautschukbeschichteten Dr\u00fcckern, SafeDive-System und einer Wasserdichtheit von 30 bar, empfiehlt sich diese Sonderedition auch f\u00fcr moderne Expeditionen \u00fcber und unter Wasser. Die Gravur auf dem Uhrenboden zeigt das ausdrucksstarke Portr\u00e4t Darwins, dessen Evolutionstheorie das Denken der Menschen f\u00fcr immer ver\u00e4nderte.<\/p>\n<\/div>\n","protected":false},"excerpt":{"rendered":"<p>Das attraktive Material Bronze f\u00fcr das Geh\u00e4use ist eine Hommage an Darwins ber\u00fchmtes Expeditionsschiff HMS Beagle, das ihn auch zu den Galapagos-Inseln f\u00fchrte. Zu jener Zeit wurde das korrosionsbest\u00e4ndige Bronze under anderem f\u00fcr Bullaugen, Beschl\u00e4ge und nautische Instrumente verwendet. Bronze nimmt im Laufe der Zeit je nach Nutzung eine leichte Patina an und dunkelt nach&#8230;  <a class=\"excerpt-read-more\" href=\"https:\/\/galli.ch\/en\/uhren\/iwc\/aquatimer\/charles-darwin-iw379503\/\" title=\"Read IWC Aquatimer Chronograph Edition &#8220;Expedition Charles Darwin&#8221;\">Weiter &raquo;<\/a><\/p>\n","protected":false},"featured_media":6102,"template":"","meta":{"_acf_changed":false,"inline_featured_image":false},"product_brand":[],"product_cat":[188],"product_tag":[],"class_list":{"0":"post-6211","1":"product","2":"type-product","3":"status-publish","4":"has-post-thumbnail","6":"uhrenhersteller-iwc","7":"uhrenhersteller-aquatimer","8":"product_cat-uhren","10":"first","11":"outofstock","12":"taxable","13":"shipping-taxable","14":"purchasable","15":"product-type-simple"},"acf":[],"yoast_head":"<!-- This site is optimized with the Yoast SEO plugin v25.5 - https:\/\/yoast.com\/wordpress\/plugins\/seo\/ -->\n<title>IWC Aquatimer Chronograph Edition &quot;Expedition Charles Darwin&quot; - Galli Uhren Bijouterie<\/title>\n<meta name=\"robots\" content=\"index, follow, max-snippet:-1, max-image-preview:large, max-video-preview:-1\" \/>\n<link rel=\"canonical\" href=\"https:\/\/galli.ch\/uhren\/iwc\/aquatimer\/charles-darwin-iw379503\/\" \/>\n<meta property=\"og:locale\" content=\"en_US\" \/>\n<meta property=\"og:type\" content=\"article\" \/>\n<meta property=\"og:title\" content=\"IWC Aquatimer Chronograph Edition &quot;Expedition Charles Darwin&quot; - Galli Uhren Bijouterie\" \/>\n<meta property=\"og:description\" content=\"Das attraktive Material Bronze f\u00fcr das Geh\u00e4use ist eine Hommage an Darwins ber\u00fchmtes Expeditionsschiff HMS Beagle, das ihn auch zu den Galapagos-Inseln f\u00fchrte. Zu jener Zeit wurde das korrosionsbest\u00e4ndige Bronze under anderem f\u00fcr Bullaugen, Beschl\u00e4ge und nautische Instrumente verwendet. Bronze nimmt im Laufe der Zeit je nach Nutzung eine leichte Patina an und dunkelt nach... Weiter &raquo;\" \/>\n<meta property=\"og:url\" content=\"https:\/\/galli.ch\/uhren\/iwc\/aquatimer\/charles-darwin-iw379503\/\" \/>\n<meta property=\"og:site_name\" content=\"Galli Uhren Bijouterie\" \/>\n<meta property=\"article:modified_time\" content=\"2026-03-30T08:14:19+00:00\" \/>\n<meta property=\"og:image\" content=\"https:\/\/galli.ch\/wp-content\/uploads\/IW379503-Aquatimer-Chronograph-Edition-Expedition-Charles-Darwin_1107764-1.png\" \/>\n\t<meta property=\"og:image:width\" content=\"1000\" \/>\n\t<meta property=\"og:image:height\" content=\"1400\" \/>\n\t<meta property=\"og:image:type\" content=\"image\/png\" \/>\n<meta name=\"twitter:card\" content=\"summary_large_image\" \/>\n<script type=\"application\/ld+json\" class=\"yoast-schema-graph\">{\"@context\":\"https:\/\/schema.org\",\"@graph\":[{\"@type\":\"WebPage\",\"@id\":\"https:\/\/galli.ch\/uhren\/iwc\/aquatimer\/charles-darwin-iw379503\/\",\"url\":\"https:\/\/galli.ch\/uhren\/iwc\/aquatimer\/charles-darwin-iw379503\/\",\"name\":\"IWC Aquatimer Chronograph Edition \\\"Expedition Charles Darwin\\\" - Galli Uhren Bijouterie\",\"isPartOf\":{\"@id\":\"http:\/\/galli.ch\/en\/#website\"},\"primaryImageOfPage\":{\"@id\":\"https:\/\/galli.ch\/uhren\/iwc\/aquatimer\/charles-darwin-iw379503\/#primaryimage\"},\"image\":{\"@id\":\"https:\/\/galli.ch\/uhren\/iwc\/aquatimer\/charles-darwin-iw379503\/#primaryimage\"},\"thumbnailUrl\":\"https:\/\/galli.ch\/wp-content\/uploads\/IW379503-Aquatimer-Chronograph-Edition-Expedition-Charles-Darwin_1107764-1.png\",\"datePublished\":\"2019-10-02T16:12:06+00:00\",\"dateModified\":\"2026-03-30T08:14:19+00:00\",\"breadcrumb\":{\"@id\":\"https:\/\/galli.ch\/uhren\/iwc\/aquatimer\/charles-darwin-iw379503\/#breadcrumb\"},\"inLanguage\":\"en-US\",\"potentialAction\":[{\"@type\":\"ReadAction\",\"target\":[\"https:\/\/galli.ch\/uhren\/iwc\/aquatimer\/charles-darwin-iw379503\/\"]}]},{\"@type\":\"ImageObject\",\"inLanguage\":\"en-US\",\"@id\":\"https:\/\/galli.ch\/uhren\/iwc\/aquatimer\/charles-darwin-iw379503\/#primaryimage\",\"url\":\"https:\/\/galli.ch\/wp-content\/uploads\/IW379503-Aquatimer-Chronograph-Edition-Expedition-Charles-Darwin_1107764-1.png\",\"contentUrl\":\"https:\/\/galli.ch\/wp-content\/uploads\/IW379503-Aquatimer-Chronograph-Edition-Expedition-Charles-Darwin_1107764-1.png\",\"width\":1000,\"height\":1400,\"caption\":\"IWC Aquatimer Bronze Edition Galli Z\u00fcrich\"},{\"@type\":\"BreadcrumbList\",\"@id\":\"https:\/\/galli.ch\/uhren\/iwc\/aquatimer\/charles-darwin-iw379503\/#breadcrumb\",\"itemListElement\":[{\"@type\":\"ListItem\",\"position\":1,\"name\":\"Home\",\"item\":\"https:\/\/galli.ch\/en\/\"},{\"@type\":\"ListItem\",\"position\":2,\"name\":\"Uhren\",\"item\":\"https:\/\/galli.ch\/en\/uhren\/\"},{\"@type\":\"ListItem\",\"position\":3,\"name\":\"Aquatimer Chronograph Edition &#8220;Expedition Charles Darwin&#8221;\"}]},{\"@type\":\"WebSite\",\"@id\":\"http:\/\/galli.ch\/en\/#website\",\"url\":\"http:\/\/galli.ch\/en\/\",\"name\":\"Galli Uhren Bijouterie\",\"description\":\"\",\"potentialAction\":[{\"@type\":\"SearchAction\",\"target\":{\"@type\":\"EntryPoint\",\"urlTemplate\":\"http:\/\/galli.ch\/en\/?s={search_term_string}\"},\"query-input\":{\"@type\":\"PropertyValueSpecification\",\"valueRequired\":true,\"valueName\":\"search_term_string\"}}],\"inLanguage\":\"en-US\"}]}<\/script>\n<!-- \/ Yoast SEO plugin. -->","yoast_head_json":{"title":"IWC Aquatimer Chronograph Edition \"Expedition Charles Darwin\" - Galli Uhren Bijouterie","robots":{"index":"index","follow":"follow","max-snippet":"max-snippet:-1","max-image-preview":"max-image-preview:large","max-video-preview":"max-video-preview:-1"},"canonical":"https:\/\/galli.ch\/uhren\/iwc\/aquatimer\/charles-darwin-iw379503\/","og_locale":"en_US","og_type":"article","og_title":"IWC Aquatimer Chronograph Edition \"Expedition Charles Darwin\" - Galli Uhren Bijouterie","og_description":"Das attraktive Material Bronze f\u00fcr das Geh\u00e4use ist eine Hommage an Darwins ber\u00fchmtes Expeditionsschiff HMS Beagle, das ihn auch zu den Galapagos-Inseln f\u00fchrte. Zu jener Zeit wurde das korrosionsbest\u00e4ndige Bronze under anderem f\u00fcr Bullaugen, Beschl\u00e4ge und nautische Instrumente verwendet. Bronze nimmt im Laufe der Zeit je nach Nutzung eine leichte Patina an und dunkelt nach... Weiter &raquo;","og_url":"https:\/\/galli.ch\/uhren\/iwc\/aquatimer\/charles-darwin-iw379503\/","og_site_name":"Galli Uhren Bijouterie","article_modified_time":"2026-03-30T08:14:19+00:00","og_image":[{"width":1000,"height":1400,"url":"https:\/\/galli.ch\/wp-content\/uploads\/IW379503-Aquatimer-Chronograph-Edition-Expedition-Charles-Darwin_1107764-1.png","type":"image\/png"}],"twitter_card":"summary_large_image","schema":{"@context":"https:\/\/schema.org","@graph":[{"@type":"WebPage","@id":"https:\/\/galli.ch\/uhren\/iwc\/aquatimer\/charles-darwin-iw379503\/","url":"https:\/\/galli.ch\/uhren\/iwc\/aquatimer\/charles-darwin-iw379503\/","name":"IWC Aquatimer Chronograph Edition \"Expedition Charles Darwin\" - Galli Uhren Bijouterie","isPartOf":{"@id":"http:\/\/galli.ch\/en\/#website"},"primaryImageOfPage":{"@id":"https:\/\/galli.ch\/uhren\/iwc\/aquatimer\/charles-darwin-iw379503\/#primaryimage"},"image":{"@id":"https:\/\/galli.ch\/uhren\/iwc\/aquatimer\/charles-darwin-iw379503\/#primaryimage"},"thumbnailUrl":"https:\/\/galli.ch\/wp-content\/uploads\/IW379503-Aquatimer-Chronograph-Edition-Expedition-Charles-Darwin_1107764-1.png","datePublished":"2019-10-02T16:12:06+00:00","dateModified":"2026-03-30T08:14:19+00:00","breadcrumb":{"@id":"https:\/\/galli.ch\/uhren\/iwc\/aquatimer\/charles-darwin-iw379503\/#breadcrumb"},"inLanguage":"en-US","potentialAction":[{"@type":"ReadAction","target":["https:\/\/galli.ch\/uhren\/iwc\/aquatimer\/charles-darwin-iw379503\/"]}]},{"@type":"ImageObject","inLanguage":"en-US","@id":"https:\/\/galli.ch\/uhren\/iwc\/aquatimer\/charles-darwin-iw379503\/#primaryimage","url":"https:\/\/galli.ch\/wp-content\/uploads\/IW379503-Aquatimer-Chronograph-Edition-Expedition-Charles-Darwin_1107764-1.png","contentUrl":"https:\/\/galli.ch\/wp-content\/uploads\/IW379503-Aquatimer-Chronograph-Edition-Expedition-Charles-Darwin_1107764-1.png","width":1000,"height":1400,"caption":"IWC Aquatimer Bronze Edition Galli Z\u00fcrich"},{"@type":"BreadcrumbList","@id":"https:\/\/galli.ch\/uhren\/iwc\/aquatimer\/charles-darwin-iw379503\/#breadcrumb","itemListElement":[{"@type":"ListItem","position":1,"name":"Home","item":"https:\/\/galli.ch\/en\/"},{"@type":"ListItem","position":2,"name":"Uhren","item":"https:\/\/galli.ch\/en\/uhren\/"},{"@type":"ListItem","position":3,"name":"Aquatimer Chronograph Edition &#8220;Expedition Charles Darwin&#8221;"}]},{"@type":"WebSite","@id":"http:\/\/galli.ch\/en\/#website","url":"http:\/\/galli.ch\/en\/","name":"Galli Uhren Bijouterie","description":"","potentialAction":[{"@type":"SearchAction","target":{"@type":"EntryPoint","urlTemplate":"http:\/\/galli.ch\/en\/?s={search_term_string}"},"query-input":{"@type":"PropertyValueSpecification","valueRequired":true,"valueName":"search_term_string"}}],"inLanguage":"en-US"}]}},"_links":{"self":[{"href":"https:\/\/galli.ch\/en\/wp-json\/wp\/v2\/product\/6211","targetHints":{"allow":["GET"]}}],"collection":[{"href":"https:\/\/galli.ch\/en\/wp-json\/wp\/v2\/product"}],"about":[{"href":"https:\/\/galli.ch\/en\/wp-json\/wp\/v2\/types\/product"}],"wp:featuredmedia":[{"embeddable":true,"href":"https:\/\/galli.ch\/en\/wp-json\/wp\/v2\/media\/6102"}],"wp:attachment":[{"href":"https:\/\/galli.ch\/en\/wp-json\/wp\/v2\/media?parent=6211"}],"wp:term":[{"taxonomy":"product_brand","embeddable":true,"href":"https:\/\/galli.ch\/en\/wp-json\/wp\/v2\/product_brand?post=6211"},{"taxonomy":"product_cat","embeddable":true,"href":"https:\/\/galli.ch\/en\/wp-json\/wp\/v2\/product_cat?post=6211"},{"taxonomy":"product_tag","embeddable":true,"href":"https:\/\/galli.ch\/en\/wp-json\/wp\/v2\/product_tag?post=6211"}],"curies":[{"name":"wp","href":"https:\/\/api.w.org\/{rel}","templated":true}]}}