{"id":6212,"date":"2019-10-02T18:16:26","date_gmt":"2019-10-02T16:16:26","guid":{"rendered":"http:\/\/galli.ch\/?post_type=uhren&#038;p=6212"},"modified":"2025-09-30T16:28:59","modified_gmt":"2025-09-30T14:28:59","slug":"automatic-iw328803","status":"publish","type":"product","link":"https:\/\/galli.ch\/en\/uhren\/iwc\/aquatimer\/automatic-iw328803\/","title":{"rendered":"IWC Aquatimer Automatic"},"content":{"rendered":"<div class=\"iwc-inner\">\n<p class=\"text iwc-dh-text\">Die vom hauseigenen IWC-Kaliber 32111 angetriebene Aquatimer Automatic ist mit einem Edelstahl-Geh\u00e4use, einem schwarzen Zifferblatt und einem Edelstahlarmband ausgestattet.<\/p>\n<p>Robustes Design, hohe Druckbest\u00e4ndigkeit, gute Ablesbarkeit und innovative technische Funktionalit\u00e4t: Dies sind die wichtigsten Merkmale der seit 1967 von IWC entwickelten Aquatimer-Taucheruhren, die sowohl von Profi- als auch Freizeittauchern gesch\u00e4tzt werden.<\/p>\n<\/div>\n","protected":false},"excerpt":{"rendered":"<p>Die vom hauseigenen IWC-Kaliber 32111 angetriebene Aquatimer Automatic ist mit einem Edelstahl-Geh\u00e4use, einem schwarzen Zifferblatt und einem Edelstahlarmband ausgestattet. Robustes Design, hohe Druckbest\u00e4ndigkeit, gute Ablesbarkeit und innovative technische Funktionalit\u00e4t: Dies sind die wichtigsten Merkmale der seit 1967 von IWC entwickelten Aquatimer-Taucheruhren, die sowohl von Profi- als auch Freizeittauchern gesch\u00e4tzt werden.<\/p>\n","protected":false},"featured_media":15006,"template":"","meta":{"_acf_changed":false,"inline_featured_image":false},"product_brand":[],"product_cat":[188],"product_tag":[],"class_list":{"0":"post-6212","1":"product","2":"type-product","3":"status-publish","4":"has-post-thumbnail","6":"uhrenhersteller-iwc","7":"uhrenhersteller-aquatimer","8":"product_cat-uhren","10":"first","11":"outofstock","12":"taxable","13":"shipping-taxable","14":"purchasable","15":"product-type-simple"},"acf":[],"yoast_head":"<!-- This site is optimized with the Yoast SEO plugin v25.5 - https:\/\/yoast.com\/wordpress\/plugins\/seo\/ -->\n<title>IWC Aquatimer Automatic - Galli Uhren Bijouterie<\/title>\n<meta name=\"robots\" content=\"index, follow, max-snippet:-1, max-image-preview:large, max-video-preview:-1\" \/>\n<link rel=\"canonical\" href=\"https:\/\/galli.ch\/uhren\/iwc\/aquatimer\/automatic-iw328803\/\" \/>\n<meta property=\"og:locale\" content=\"en_US\" \/>\n<meta property=\"og:type\" content=\"article\" \/>\n<meta property=\"og:title\" content=\"IWC Aquatimer Automatic - Galli Uhren Bijouterie\" \/>\n<meta property=\"og:description\" content=\"Die vom hauseigenen IWC-Kaliber 32111 angetriebene Aquatimer Automatic ist mit einem Edelstahl-Geh\u00e4use, einem schwarzen Zifferblatt und einem Edelstahlarmband ausgestattet. Robustes Design, hohe Druckbest\u00e4ndigkeit, gute Ablesbarkeit und innovative technische Funktionalit\u00e4t: Dies sind die wichtigsten Merkmale der seit 1967 von IWC entwickelten Aquatimer-Taucheruhren, die sowohl von Profi- als auch Freizeittauchern gesch\u00e4tzt werden.\" \/>\n<meta property=\"og:url\" content=\"https:\/\/galli.ch\/uhren\/iwc\/aquatimer\/automatic-iw328803\/\" \/>\n<meta property=\"og:site_name\" content=\"Galli Uhren Bijouterie\" \/>\n<meta property=\"article:modified_time\" content=\"2025-09-30T14:28:59+00:00\" \/>\n<meta property=\"og:image\" content=\"https:\/\/galli.ch\/wp-content\/uploads\/2371426-png-transform-global_image_940_2x.png\" \/>\n\t<meta property=\"og:image:width\" content=\"1000\" \/>\n\t<meta property=\"og:image:height\" content=\"1400\" \/>\n\t<meta property=\"og:image:type\" content=\"image\/png\" \/>\n<meta name=\"twitter:card\" content=\"summary_large_image\" \/>\n<script type=\"application\/ld+json\" class=\"yoast-schema-graph\">{\"@context\":\"https:\/\/schema.org\",\"@graph\":[{\"@type\":\"WebPage\",\"@id\":\"https:\/\/galli.ch\/uhren\/iwc\/aquatimer\/automatic-iw328803\/\",\"url\":\"https:\/\/galli.ch\/uhren\/iwc\/aquatimer\/automatic-iw328803\/\",\"name\":\"IWC Aquatimer Automatic - Galli Uhren Bijouterie\",\"isPartOf\":{\"@id\":\"http:\/\/galli.ch\/en\/#website\"},\"primaryImageOfPage\":{\"@id\":\"https:\/\/galli.ch\/uhren\/iwc\/aquatimer\/automatic-iw328803\/#primaryimage\"},\"image\":{\"@id\":\"https:\/\/galli.ch\/uhren\/iwc\/aquatimer\/automatic-iw328803\/#primaryimage\"},\"thumbnailUrl\":\"https:\/\/galli.ch\/wp-content\/uploads\/2371426-png-transform-global_image_940_2x.png\",\"datePublished\":\"2019-10-02T16:16:26+00:00\",\"dateModified\":\"2025-09-30T14:28:59+00:00\",\"breadcrumb\":{\"@id\":\"https:\/\/galli.ch\/uhren\/iwc\/aquatimer\/automatic-iw328803\/#breadcrumb\"},\"inLanguage\":\"en-US\",\"potentialAction\":[{\"@type\":\"ReadAction\",\"target\":[\"https:\/\/galli.ch\/uhren\/iwc\/aquatimer\/automatic-iw328803\/\"]}]},{\"@type\":\"ImageObject\",\"inLanguage\":\"en-US\",\"@id\":\"https:\/\/galli.ch\/uhren\/iwc\/aquatimer\/automatic-iw328803\/#primaryimage\",\"url\":\"https:\/\/galli.ch\/wp-content\/uploads\/2371426-png-transform-global_image_940_2x.png\",\"contentUrl\":\"https:\/\/galli.ch\/wp-content\/uploads\/2371426-png-transform-global_image_940_2x.png\",\"width\":1000,\"height\":1400,\"caption\":\"iwc-aquatimer-automatic-IW3288.03\"},{\"@type\":\"BreadcrumbList\",\"@id\":\"https:\/\/galli.ch\/uhren\/iwc\/aquatimer\/automatic-iw328803\/#breadcrumb\",\"itemListElement\":[{\"@type\":\"ListItem\",\"position\":1,\"name\":\"Home\",\"item\":\"https:\/\/galli.ch\/en\/\"},{\"@type\":\"ListItem\",\"position\":2,\"name\":\"Uhren\",\"item\":\"https:\/\/galli.ch\/en\/uhren\/\"},{\"@type\":\"ListItem\",\"position\":3,\"name\":\"IWC Aquatimer Automatic\"}]},{\"@type\":\"WebSite\",\"@id\":\"http:\/\/galli.ch\/en\/#website\",\"url\":\"http:\/\/galli.ch\/en\/\",\"name\":\"Galli Uhren Bijouterie\",\"description\":\"\",\"potentialAction\":[{\"@type\":\"SearchAction\",\"target\":{\"@type\":\"EntryPoint\",\"urlTemplate\":\"http:\/\/galli.ch\/en\/?s={search_term_string}\"},\"query-input\":{\"@type\":\"PropertyValueSpecification\",\"valueRequired\":true,\"valueName\":\"search_term_string\"}}],\"inLanguage\":\"en-US\"}]}<\/script>\n<!-- \/ Yoast SEO plugin. -->","yoast_head_json":{"title":"IWC Aquatimer Automatic - Galli Uhren Bijouterie","robots":{"index":"index","follow":"follow","max-snippet":"max-snippet:-1","max-image-preview":"max-image-preview:large","max-video-preview":"max-video-preview:-1"},"canonical":"https:\/\/galli.ch\/uhren\/iwc\/aquatimer\/automatic-iw328803\/","og_locale":"en_US","og_type":"article","og_title":"IWC Aquatimer Automatic - Galli Uhren Bijouterie","og_description":"Die vom hauseigenen IWC-Kaliber 32111 angetriebene Aquatimer Automatic ist mit einem Edelstahl-Geh\u00e4use, einem schwarzen Zifferblatt und einem Edelstahlarmband ausgestattet. Robustes Design, hohe Druckbest\u00e4ndigkeit, gute Ablesbarkeit und innovative technische Funktionalit\u00e4t: Dies sind die wichtigsten Merkmale der seit 1967 von IWC entwickelten Aquatimer-Taucheruhren, die sowohl von Profi- als auch Freizeittauchern gesch\u00e4tzt werden.","og_url":"https:\/\/galli.ch\/uhren\/iwc\/aquatimer\/automatic-iw328803\/","og_site_name":"Galli Uhren Bijouterie","article_modified_time":"2025-09-30T14:28:59+00:00","og_image":[{"width":1000,"height":1400,"url":"https:\/\/galli.ch\/wp-content\/uploads\/2371426-png-transform-global_image_940_2x.png","type":"image\/png"}],"twitter_card":"summary_large_image","schema":{"@context":"https:\/\/schema.org","@graph":[{"@type":"WebPage","@id":"https:\/\/galli.ch\/uhren\/iwc\/aquatimer\/automatic-iw328803\/","url":"https:\/\/galli.ch\/uhren\/iwc\/aquatimer\/automatic-iw328803\/","name":"IWC Aquatimer Automatic - Galli Uhren Bijouterie","isPartOf":{"@id":"http:\/\/galli.ch\/en\/#website"},"primaryImageOfPage":{"@id":"https:\/\/galli.ch\/uhren\/iwc\/aquatimer\/automatic-iw328803\/#primaryimage"},"image":{"@id":"https:\/\/galli.ch\/uhren\/iwc\/aquatimer\/automatic-iw328803\/#primaryimage"},"thumbnailUrl":"https:\/\/galli.ch\/wp-content\/uploads\/2371426-png-transform-global_image_940_2x.png","datePublished":"2019-10-02T16:16:26+00:00","dateModified":"2025-09-30T14:28:59+00:00","breadcrumb":{"@id":"https:\/\/galli.ch\/uhren\/iwc\/aquatimer\/automatic-iw328803\/#breadcrumb"},"inLanguage":"en-US","potentialAction":[{"@type":"ReadAction","target":["https:\/\/galli.ch\/uhren\/iwc\/aquatimer\/automatic-iw328803\/"]}]},{"@type":"ImageObject","inLanguage":"en-US","@id":"https:\/\/galli.ch\/uhren\/iwc\/aquatimer\/automatic-iw328803\/#primaryimage","url":"https:\/\/galli.ch\/wp-content\/uploads\/2371426-png-transform-global_image_940_2x.png","contentUrl":"https:\/\/galli.ch\/wp-content\/uploads\/2371426-png-transform-global_image_940_2x.png","width":1000,"height":1400,"caption":"iwc-aquatimer-automatic-IW3288.03"},{"@type":"BreadcrumbList","@id":"https:\/\/galli.ch\/uhren\/iwc\/aquatimer\/automatic-iw328803\/#breadcrumb","itemListElement":[{"@type":"ListItem","position":1,"name":"Home","item":"https:\/\/galli.ch\/en\/"},{"@type":"ListItem","position":2,"name":"Uhren","item":"https:\/\/galli.ch\/en\/uhren\/"},{"@type":"ListItem","position":3,"name":"IWC Aquatimer Automatic"}]},{"@type":"WebSite","@id":"http:\/\/galli.ch\/en\/#website","url":"http:\/\/galli.ch\/en\/","name":"Galli Uhren Bijouterie","description":"","potentialAction":[{"@type":"SearchAction","target":{"@type":"EntryPoint","urlTemplate":"http:\/\/galli.ch\/en\/?s={search_term_string}"},"query-input":{"@type":"PropertyValueSpecification","valueRequired":true,"valueName":"search_term_string"}}],"inLanguage":"en-US"}]}},"_links":{"self":[{"href":"https:\/\/galli.ch\/en\/wp-json\/wp\/v2\/product\/6212","targetHints":{"allow":["GET"]}}],"collection":[{"href":"https:\/\/galli.ch\/en\/wp-json\/wp\/v2\/product"}],"about":[{"href":"https:\/\/galli.ch\/en\/wp-json\/wp\/v2\/types\/product"}],"wp:featuredmedia":[{"embeddable":true,"href":"https:\/\/galli.ch\/en\/wp-json\/wp\/v2\/media\/15006"}],"wp:attachment":[{"href":"https:\/\/galli.ch\/en\/wp-json\/wp\/v2\/media?parent=6212"}],"wp:term":[{"taxonomy":"product_brand","embeddable":true,"href":"https:\/\/galli.ch\/en\/wp-json\/wp\/v2\/product_brand?post=6212"},{"taxonomy":"product_cat","embeddable":true,"href":"https:\/\/galli.ch\/en\/wp-json\/wp\/v2\/product_cat?post=6212"},{"taxonomy":"product_tag","embeddable":true,"href":"https:\/\/galli.ch\/en\/wp-json\/wp\/v2\/product_tag?post=6212"}],"curies":[{"name":"wp","href":"https:\/\/api.w.org\/{rel}","templated":true}]}}