{"id":6216,"date":"2019-10-02T18:42:09","date_gmt":"2019-10-02T16:42:09","guid":{"rendered":"http:\/\/galli.ch\/?post_type=uhren&#038;p=6216"},"modified":"2026-04-20T18:13:59","modified_gmt":"2026-04-20T16:13:59","slug":"automatic-iw356523","status":"publish","type":"product","link":"https:\/\/galli.ch\/en\/uhren\/iwc\/portofino\/automatic-iw356523\/","title":{"rendered":"IWC Portofino Automatic"},"content":{"rendered":"<div class=\"iwc-inner\">\n<p class=\"iwc-description-text iwc-contracted\">Seit 1984 bringen die Uhren der Portofino-Familie von IWC die Leichtigkeit der mediterranen Lebensart zusammen mit einen Hauch von Luxus und zeitloser Eleganz ans Handgelenk. Einfache Dreizeigeruhren sind seit der Lancierung der ersten Kollektion ein wichtiger Bestandteil der Linie. Die Portofino Automatic, wie wir sie heute kennen, wurde im Jahr 2003 eingef\u00fchrt. Dank einer perfekten Symbiose von Einfachheit und Eleganz hat sie sich zu einem der beliebtesten Zeitmesser aus Schaffhausen entwickelt.<\/p>\n<p class=\"iwc-description-text iwc-contracted\">Seit dem Jahr 2019 ist das Modell zum ersten Mal in einer unlimitierten Version mit einem Geh\u00e4use aus Edelstahl und einem tiefblauen Zifferblatt erh\u00e4ltlich. Diese Zifferblattfarbe kontrastiert sch\u00f6n mit den vergoldeten Zeigern und Appliken. Getragen wird diese Uhr an einem handgef\u00e4rbten schwarzen Alligatorleder-Armband.<\/p>\n<\/div>\n","protected":false},"excerpt":{"rendered":"<p>Seit 1984 bringen die Uhren der Portofino-Familie von IWC die Leichtigkeit der mediterranen Lebensart zusammen mit einen Hauch von Luxus und zeitloser Eleganz ans Handgelenk. Einfache Dreizeigeruhren sind seit der Lancierung der ersten Kollektion ein wichtiger Bestandteil der Linie. Die Portofino Automatic, wie wir sie heute kennen, wurde im Jahr 2003 eingef\u00fchrt. Dank einer perfekten&#8230;  <a class=\"excerpt-read-more\" href=\"https:\/\/galli.ch\/en\/uhren\/iwc\/portofino\/automatic-iw356523\/\" title=\"Read IWC Portofino Automatic\">Weiter &raquo;<\/a><\/p>\n","protected":false},"featured_media":6108,"template":"","meta":{"_acf_changed":false,"inline_featured_image":false},"product_brand":[],"product_cat":[188],"product_tag":[],"class_list":{"0":"post-6216","1":"product","2":"type-product","3":"status-publish","4":"has-post-thumbnail","6":"uhrenhersteller-iwc","7":"uhrenhersteller-portofino","8":"product_cat-uhren","10":"first","11":"instock","12":"taxable","13":"shipping-taxable","14":"purchasable","15":"product-type-simple"},"acf":[],"yoast_head":"<!-- This site is optimized with the Yoast SEO plugin v25.5 - https:\/\/yoast.com\/wordpress\/plugins\/seo\/ -->\n<title>IWC Portofino Automatic - Galli Uhren Bijouterie<\/title>\n<meta name=\"robots\" content=\"index, follow, max-snippet:-1, max-image-preview:large, max-video-preview:-1\" \/>\n<link rel=\"canonical\" href=\"https:\/\/galli.ch\/uhren\/iwc\/portofino\/automatic-iw356523\/\" \/>\n<meta property=\"og:locale\" content=\"en_US\" \/>\n<meta property=\"og:type\" content=\"article\" \/>\n<meta property=\"og:title\" content=\"IWC Portofino Automatic - Galli Uhren Bijouterie\" \/>\n<meta property=\"og:description\" content=\"Seit 1984 bringen die Uhren der Portofino-Familie von IWC die Leichtigkeit der mediterranen Lebensart zusammen mit einen Hauch von Luxus und zeitloser Eleganz ans Handgelenk. Einfache Dreizeigeruhren sind seit der Lancierung der ersten Kollektion ein wichtiger Bestandteil der Linie. Die Portofino Automatic, wie wir sie heute kennen, wurde im Jahr 2003 eingef\u00fchrt. Dank einer perfekten... Weiter &raquo;\" \/>\n<meta property=\"og:url\" content=\"https:\/\/galli.ch\/uhren\/iwc\/portofino\/automatic-iw356523\/\" \/>\n<meta property=\"og:site_name\" content=\"Galli Uhren Bijouterie\" \/>\n<meta property=\"article:modified_time\" content=\"2026-04-20T16:13:59+00:00\" \/>\n<meta property=\"og:image\" content=\"https:\/\/galli.ch\/wp-content\/uploads\/iwc-356523-270735-1.png\" \/>\n\t<meta property=\"og:image:width\" content=\"1000\" \/>\n\t<meta property=\"og:image:height\" content=\"1400\" \/>\n\t<meta property=\"og:image:type\" content=\"image\/png\" \/>\n<meta name=\"twitter:card\" content=\"summary_large_image\" \/>\n<script type=\"application\/ld+json\" class=\"yoast-schema-graph\">{\"@context\":\"https:\/\/schema.org\",\"@graph\":[{\"@type\":\"WebPage\",\"@id\":\"https:\/\/galli.ch\/uhren\/iwc\/portofino\/automatic-iw356523\/\",\"url\":\"https:\/\/galli.ch\/uhren\/iwc\/portofino\/automatic-iw356523\/\",\"name\":\"IWC Portofino Automatic - Galli Uhren Bijouterie\",\"isPartOf\":{\"@id\":\"http:\/\/galli.ch\/en\/#website\"},\"primaryImageOfPage\":{\"@id\":\"https:\/\/galli.ch\/uhren\/iwc\/portofino\/automatic-iw356523\/#primaryimage\"},\"image\":{\"@id\":\"https:\/\/galli.ch\/uhren\/iwc\/portofino\/automatic-iw356523\/#primaryimage\"},\"thumbnailUrl\":\"https:\/\/galli.ch\/wp-content\/uploads\/iwc-356523-270735-1.png\",\"datePublished\":\"2019-10-02T16:42:09+00:00\",\"dateModified\":\"2026-04-20T16:13:59+00:00\",\"breadcrumb\":{\"@id\":\"https:\/\/galli.ch\/uhren\/iwc\/portofino\/automatic-iw356523\/#breadcrumb\"},\"inLanguage\":\"en-US\",\"potentialAction\":[{\"@type\":\"ReadAction\",\"target\":[\"https:\/\/galli.ch\/uhren\/iwc\/portofino\/automatic-iw356523\/\"]}]},{\"@type\":\"ImageObject\",\"inLanguage\":\"en-US\",\"@id\":\"https:\/\/galli.ch\/uhren\/iwc\/portofino\/automatic-iw356523\/#primaryimage\",\"url\":\"https:\/\/galli.ch\/wp-content\/uploads\/iwc-356523-270735-1.png\",\"contentUrl\":\"https:\/\/galli.ch\/wp-content\/uploads\/iwc-356523-270735-1.png\",\"width\":1000,\"height\":1400,\"caption\":\"IWC Portofino Automatic Blau Galli Z\u00fcrich\"},{\"@type\":\"BreadcrumbList\",\"@id\":\"https:\/\/galli.ch\/uhren\/iwc\/portofino\/automatic-iw356523\/#breadcrumb\",\"itemListElement\":[{\"@type\":\"ListItem\",\"position\":1,\"name\":\"Home\",\"item\":\"https:\/\/galli.ch\/en\/\"},{\"@type\":\"ListItem\",\"position\":2,\"name\":\"Uhren\",\"item\":\"https:\/\/galli.ch\/en\/uhren\/\"},{\"@type\":\"ListItem\",\"position\":3,\"name\":\"Portofino Automatic\"}]},{\"@type\":\"WebSite\",\"@id\":\"http:\/\/galli.ch\/en\/#website\",\"url\":\"http:\/\/galli.ch\/en\/\",\"name\":\"Galli Uhren Bijouterie\",\"description\":\"\",\"potentialAction\":[{\"@type\":\"SearchAction\",\"target\":{\"@type\":\"EntryPoint\",\"urlTemplate\":\"http:\/\/galli.ch\/en\/?s={search_term_string}\"},\"query-input\":{\"@type\":\"PropertyValueSpecification\",\"valueRequired\":true,\"valueName\":\"search_term_string\"}}],\"inLanguage\":\"en-US\"}]}<\/script>\n<!-- \/ Yoast SEO plugin. -->","yoast_head_json":{"title":"IWC Portofino Automatic - Galli Uhren Bijouterie","robots":{"index":"index","follow":"follow","max-snippet":"max-snippet:-1","max-image-preview":"max-image-preview:large","max-video-preview":"max-video-preview:-1"},"canonical":"https:\/\/galli.ch\/uhren\/iwc\/portofino\/automatic-iw356523\/","og_locale":"en_US","og_type":"article","og_title":"IWC Portofino Automatic - Galli Uhren Bijouterie","og_description":"Seit 1984 bringen die Uhren der Portofino-Familie von IWC die Leichtigkeit der mediterranen Lebensart zusammen mit einen Hauch von Luxus und zeitloser Eleganz ans Handgelenk. Einfache Dreizeigeruhren sind seit der Lancierung der ersten Kollektion ein wichtiger Bestandteil der Linie. Die Portofino Automatic, wie wir sie heute kennen, wurde im Jahr 2003 eingef\u00fchrt. Dank einer perfekten... Weiter &raquo;","og_url":"https:\/\/galli.ch\/uhren\/iwc\/portofino\/automatic-iw356523\/","og_site_name":"Galli Uhren Bijouterie","article_modified_time":"2026-04-20T16:13:59+00:00","og_image":[{"width":1000,"height":1400,"url":"https:\/\/galli.ch\/wp-content\/uploads\/iwc-356523-270735-1.png","type":"image\/png"}],"twitter_card":"summary_large_image","schema":{"@context":"https:\/\/schema.org","@graph":[{"@type":"WebPage","@id":"https:\/\/galli.ch\/uhren\/iwc\/portofino\/automatic-iw356523\/","url":"https:\/\/galli.ch\/uhren\/iwc\/portofino\/automatic-iw356523\/","name":"IWC Portofino Automatic - Galli Uhren Bijouterie","isPartOf":{"@id":"http:\/\/galli.ch\/en\/#website"},"primaryImageOfPage":{"@id":"https:\/\/galli.ch\/uhren\/iwc\/portofino\/automatic-iw356523\/#primaryimage"},"image":{"@id":"https:\/\/galli.ch\/uhren\/iwc\/portofino\/automatic-iw356523\/#primaryimage"},"thumbnailUrl":"https:\/\/galli.ch\/wp-content\/uploads\/iwc-356523-270735-1.png","datePublished":"2019-10-02T16:42:09+00:00","dateModified":"2026-04-20T16:13:59+00:00","breadcrumb":{"@id":"https:\/\/galli.ch\/uhren\/iwc\/portofino\/automatic-iw356523\/#breadcrumb"},"inLanguage":"en-US","potentialAction":[{"@type":"ReadAction","target":["https:\/\/galli.ch\/uhren\/iwc\/portofino\/automatic-iw356523\/"]}]},{"@type":"ImageObject","inLanguage":"en-US","@id":"https:\/\/galli.ch\/uhren\/iwc\/portofino\/automatic-iw356523\/#primaryimage","url":"https:\/\/galli.ch\/wp-content\/uploads\/iwc-356523-270735-1.png","contentUrl":"https:\/\/galli.ch\/wp-content\/uploads\/iwc-356523-270735-1.png","width":1000,"height":1400,"caption":"IWC Portofino Automatic Blau Galli Z\u00fcrich"},{"@type":"BreadcrumbList","@id":"https:\/\/galli.ch\/uhren\/iwc\/portofino\/automatic-iw356523\/#breadcrumb","itemListElement":[{"@type":"ListItem","position":1,"name":"Home","item":"https:\/\/galli.ch\/en\/"},{"@type":"ListItem","position":2,"name":"Uhren","item":"https:\/\/galli.ch\/en\/uhren\/"},{"@type":"ListItem","position":3,"name":"Portofino Automatic"}]},{"@type":"WebSite","@id":"http:\/\/galli.ch\/en\/#website","url":"http:\/\/galli.ch\/en\/","name":"Galli Uhren Bijouterie","description":"","potentialAction":[{"@type":"SearchAction","target":{"@type":"EntryPoint","urlTemplate":"http:\/\/galli.ch\/en\/?s={search_term_string}"},"query-input":{"@type":"PropertyValueSpecification","valueRequired":true,"valueName":"search_term_string"}}],"inLanguage":"en-US"}]}},"_links":{"self":[{"href":"https:\/\/galli.ch\/en\/wp-json\/wp\/v2\/product\/6216","targetHints":{"allow":["GET"]}}],"collection":[{"href":"https:\/\/galli.ch\/en\/wp-json\/wp\/v2\/product"}],"about":[{"href":"https:\/\/galli.ch\/en\/wp-json\/wp\/v2\/types\/product"}],"wp:featuredmedia":[{"embeddable":true,"href":"https:\/\/galli.ch\/en\/wp-json\/wp\/v2\/media\/6108"}],"wp:attachment":[{"href":"https:\/\/galli.ch\/en\/wp-json\/wp\/v2\/media?parent=6216"}],"wp:term":[{"taxonomy":"product_brand","embeddable":true,"href":"https:\/\/galli.ch\/en\/wp-json\/wp\/v2\/product_brand?post=6216"},{"taxonomy":"product_cat","embeddable":true,"href":"https:\/\/galli.ch\/en\/wp-json\/wp\/v2\/product_cat?post=6216"},{"taxonomy":"product_tag","embeddable":true,"href":"https:\/\/galli.ch\/en\/wp-json\/wp\/v2\/product_tag?post=6216"}],"curies":[{"name":"wp","href":"https:\/\/api.w.org\/{rel}","templated":true}]}}