{"id":624,"date":"2018-07-17T19:42:06","date_gmt":"2018-07-17T19:42:06","guid":{"rendered":"http:\/\/galli.ch\/?post_type=uhren&#038;p=624"},"modified":"2026-03-30T10:13:23","modified_gmt":"2026-03-30T08:13:23","slug":"lhd-m25610tnl-0001","status":"publish","type":"product","link":"https:\/\/galli.ch\/en\/uhren\/tudor\/pelagos\/lhd-m25610tnl-0001\/","title":{"rendered":"Tudor Pelagos LHD"},"content":{"rendered":"<p>Die Pelagos ist ein grossartiges Beispiel f\u00fcr eine Werkzeuguhr und ein Symbol des Abenteuers. Sie ist eine der vollst\u00e4ndigsten traditionellen mechanischen Taucheruhren, die heute erh\u00e4ltlich sind. Wasserdicht bis 500m, ist der Pelagos mit einem TUDOR Manufakturkaliber ausgestattet. Trotz seiner gr\u00f6sse hat sie ein niedriges Gewicht. Grund daf\u00fcr ist, dass Sie in Titan gemacht wurde anstatt in Edelstahl.<\/p>\n<p>Dieses besondere Modell hat die Krone auf der linken Seite anstelle der rechten. Einfach gesagt ist sie eher f\u00fcr Linksh\u00e4nder gemacht.<\/p>\n","protected":false},"excerpt":{"rendered":"<p>Die Pelagos ist ein grossartiges Beispiel f\u00fcr eine Werkzeuguhr und ein Symbol des Abenteuers. Sie ist eine der vollst\u00e4ndigsten traditionellen mechanischen Taucheruhren, die heute erh\u00e4ltlich sind. Wasserdicht bis 500m, ist der Pelagos mit einem TUDOR Manufakturkaliber ausgestattet. Trotz seiner gr\u00f6sse hat sie ein niedriges Gewicht. Grund daf\u00fcr ist, dass Sie in Titan gemacht wurde anstatt&#8230;  <a class=\"excerpt-read-more\" href=\"https:\/\/galli.ch\/en\/uhren\/tudor\/pelagos\/lhd-m25610tnl-0001\/\" title=\"Read Tudor Pelagos LHD\">Weiter &raquo;<\/a><\/p>\n","protected":false},"featured_media":9301,"template":"","meta":{"_acf_changed":false,"inline_featured_image":false},"product_brand":[],"product_cat":[188],"product_tag":[],"class_list":{"0":"post-624","1":"product","2":"type-product","3":"status-publish","4":"has-post-thumbnail","6":"uhrenhersteller-tudor","7":"uhrenhersteller-pelagos","8":"product_cat-uhren","10":"first","11":"instock","12":"taxable","13":"shipping-taxable","14":"purchasable","15":"product-type-simple"},"acf":[],"yoast_head":"<!-- This site is optimized with the Yoast SEO plugin v25.5 - https:\/\/yoast.com\/wordpress\/plugins\/seo\/ -->\n<title>Tudor Pelagos LHD - Galli Uhren Bijouterie<\/title>\n<meta name=\"robots\" content=\"index, follow, max-snippet:-1, max-image-preview:large, max-video-preview:-1\" \/>\n<link rel=\"canonical\" href=\"https:\/\/galli.ch\/uhren\/tudor\/pelagos\/lhd-m25610tnl-0001\/\" \/>\n<meta property=\"og:locale\" content=\"en_US\" \/>\n<meta property=\"og:type\" content=\"article\" \/>\n<meta property=\"og:title\" content=\"Tudor Pelagos LHD - Galli Uhren Bijouterie\" \/>\n<meta property=\"og:description\" content=\"Die Pelagos ist ein grossartiges Beispiel f\u00fcr eine Werkzeuguhr und ein Symbol des Abenteuers. Sie ist eine der vollst\u00e4ndigsten traditionellen mechanischen Taucheruhren, die heute erh\u00e4ltlich sind. Wasserdicht bis 500m, ist der Pelagos mit einem TUDOR Manufakturkaliber ausgestattet. Trotz seiner gr\u00f6sse hat sie ein niedriges Gewicht. Grund daf\u00fcr ist, dass Sie in Titan gemacht wurde anstatt... Weiter &raquo;\" \/>\n<meta property=\"og:url\" content=\"https:\/\/galli.ch\/uhren\/tudor\/pelagos\/lhd-m25610tnl-0001\/\" \/>\n<meta property=\"og:site_name\" content=\"Galli Uhren Bijouterie\" \/>\n<meta property=\"article:modified_time\" content=\"2026-03-30T08:13:23+00:00\" \/>\n<meta property=\"og:image\" content=\"https:\/\/galli.ch\/wp-content\/uploads\/M25610TNL-0001.png\" \/>\n\t<meta property=\"og:image:width\" content=\"500\" \/>\n\t<meta property=\"og:image:height\" content=\"700\" \/>\n\t<meta property=\"og:image:type\" content=\"image\/png\" \/>\n<meta name=\"twitter:card\" content=\"summary_large_image\" \/>\n<script type=\"application\/ld+json\" class=\"yoast-schema-graph\">{\"@context\":\"https:\/\/schema.org\",\"@graph\":[{\"@type\":\"WebPage\",\"@id\":\"https:\/\/galli.ch\/uhren\/tudor\/pelagos\/lhd-m25610tnl-0001\/\",\"url\":\"https:\/\/galli.ch\/uhren\/tudor\/pelagos\/lhd-m25610tnl-0001\/\",\"name\":\"Tudor Pelagos LHD - Galli Uhren Bijouterie\",\"isPartOf\":{\"@id\":\"http:\/\/galli.ch\/en\/#website\"},\"primaryImageOfPage\":{\"@id\":\"https:\/\/galli.ch\/uhren\/tudor\/pelagos\/lhd-m25610tnl-0001\/#primaryimage\"},\"image\":{\"@id\":\"https:\/\/galli.ch\/uhren\/tudor\/pelagos\/lhd-m25610tnl-0001\/#primaryimage\"},\"thumbnailUrl\":\"https:\/\/galli.ch\/wp-content\/uploads\/M25610TNL-0001.png\",\"datePublished\":\"2018-07-17T19:42:06+00:00\",\"dateModified\":\"2026-03-30T08:13:23+00:00\",\"breadcrumb\":{\"@id\":\"https:\/\/galli.ch\/uhren\/tudor\/pelagos\/lhd-m25610tnl-0001\/#breadcrumb\"},\"inLanguage\":\"en-US\",\"potentialAction\":[{\"@type\":\"ReadAction\",\"target\":[\"https:\/\/galli.ch\/uhren\/tudor\/pelagos\/lhd-m25610tnl-0001\/\"]}]},{\"@type\":\"ImageObject\",\"inLanguage\":\"en-US\",\"@id\":\"https:\/\/galli.ch\/uhren\/tudor\/pelagos\/lhd-m25610tnl-0001\/#primaryimage\",\"url\":\"https:\/\/galli.ch\/wp-content\/uploads\/M25610TNL-0001.png\",\"contentUrl\":\"https:\/\/galli.ch\/wp-content\/uploads\/M25610TNL-0001.png\",\"width\":500,\"height\":700,\"caption\":\"tudor-pelagos-left-handed\"},{\"@type\":\"BreadcrumbList\",\"@id\":\"https:\/\/galli.ch\/uhren\/tudor\/pelagos\/lhd-m25610tnl-0001\/#breadcrumb\",\"itemListElement\":[{\"@type\":\"ListItem\",\"position\":1,\"name\":\"Home\",\"item\":\"https:\/\/galli.ch\/en\/\"},{\"@type\":\"ListItem\",\"position\":2,\"name\":\"Uhren\",\"item\":\"https:\/\/galli.ch\/en\/uhren\/\"},{\"@type\":\"ListItem\",\"position\":3,\"name\":\"Tudor Pelagos LHD\"}]},{\"@type\":\"WebSite\",\"@id\":\"http:\/\/galli.ch\/en\/#website\",\"url\":\"http:\/\/galli.ch\/en\/\",\"name\":\"Galli Uhren Bijouterie\",\"description\":\"\",\"potentialAction\":[{\"@type\":\"SearchAction\",\"target\":{\"@type\":\"EntryPoint\",\"urlTemplate\":\"http:\/\/galli.ch\/en\/?s={search_term_string}\"},\"query-input\":{\"@type\":\"PropertyValueSpecification\",\"valueRequired\":true,\"valueName\":\"search_term_string\"}}],\"inLanguage\":\"en-US\"}]}<\/script>\n<!-- \/ Yoast SEO plugin. -->","yoast_head_json":{"title":"Tudor Pelagos LHD - Galli Uhren Bijouterie","robots":{"index":"index","follow":"follow","max-snippet":"max-snippet:-1","max-image-preview":"max-image-preview:large","max-video-preview":"max-video-preview:-1"},"canonical":"https:\/\/galli.ch\/uhren\/tudor\/pelagos\/lhd-m25610tnl-0001\/","og_locale":"en_US","og_type":"article","og_title":"Tudor Pelagos LHD - Galli Uhren Bijouterie","og_description":"Die Pelagos ist ein grossartiges Beispiel f\u00fcr eine Werkzeuguhr und ein Symbol des Abenteuers. Sie ist eine der vollst\u00e4ndigsten traditionellen mechanischen Taucheruhren, die heute erh\u00e4ltlich sind. Wasserdicht bis 500m, ist der Pelagos mit einem TUDOR Manufakturkaliber ausgestattet. Trotz seiner gr\u00f6sse hat sie ein niedriges Gewicht. Grund daf\u00fcr ist, dass Sie in Titan gemacht wurde anstatt... Weiter &raquo;","og_url":"https:\/\/galli.ch\/uhren\/tudor\/pelagos\/lhd-m25610tnl-0001\/","og_site_name":"Galli Uhren Bijouterie","article_modified_time":"2026-03-30T08:13:23+00:00","og_image":[{"width":500,"height":700,"url":"https:\/\/galli.ch\/wp-content\/uploads\/M25610TNL-0001.png","type":"image\/png"}],"twitter_card":"summary_large_image","schema":{"@context":"https:\/\/schema.org","@graph":[{"@type":"WebPage","@id":"https:\/\/galli.ch\/uhren\/tudor\/pelagos\/lhd-m25610tnl-0001\/","url":"https:\/\/galli.ch\/uhren\/tudor\/pelagos\/lhd-m25610tnl-0001\/","name":"Tudor Pelagos LHD - Galli Uhren Bijouterie","isPartOf":{"@id":"http:\/\/galli.ch\/en\/#website"},"primaryImageOfPage":{"@id":"https:\/\/galli.ch\/uhren\/tudor\/pelagos\/lhd-m25610tnl-0001\/#primaryimage"},"image":{"@id":"https:\/\/galli.ch\/uhren\/tudor\/pelagos\/lhd-m25610tnl-0001\/#primaryimage"},"thumbnailUrl":"https:\/\/galli.ch\/wp-content\/uploads\/M25610TNL-0001.png","datePublished":"2018-07-17T19:42:06+00:00","dateModified":"2026-03-30T08:13:23+00:00","breadcrumb":{"@id":"https:\/\/galli.ch\/uhren\/tudor\/pelagos\/lhd-m25610tnl-0001\/#breadcrumb"},"inLanguage":"en-US","potentialAction":[{"@type":"ReadAction","target":["https:\/\/galli.ch\/uhren\/tudor\/pelagos\/lhd-m25610tnl-0001\/"]}]},{"@type":"ImageObject","inLanguage":"en-US","@id":"https:\/\/galli.ch\/uhren\/tudor\/pelagos\/lhd-m25610tnl-0001\/#primaryimage","url":"https:\/\/galli.ch\/wp-content\/uploads\/M25610TNL-0001.png","contentUrl":"https:\/\/galli.ch\/wp-content\/uploads\/M25610TNL-0001.png","width":500,"height":700,"caption":"tudor-pelagos-left-handed"},{"@type":"BreadcrumbList","@id":"https:\/\/galli.ch\/uhren\/tudor\/pelagos\/lhd-m25610tnl-0001\/#breadcrumb","itemListElement":[{"@type":"ListItem","position":1,"name":"Home","item":"https:\/\/galli.ch\/en\/"},{"@type":"ListItem","position":2,"name":"Uhren","item":"https:\/\/galli.ch\/en\/uhren\/"},{"@type":"ListItem","position":3,"name":"Tudor Pelagos LHD"}]},{"@type":"WebSite","@id":"http:\/\/galli.ch\/en\/#website","url":"http:\/\/galli.ch\/en\/","name":"Galli Uhren Bijouterie","description":"","potentialAction":[{"@type":"SearchAction","target":{"@type":"EntryPoint","urlTemplate":"http:\/\/galli.ch\/en\/?s={search_term_string}"},"query-input":{"@type":"PropertyValueSpecification","valueRequired":true,"valueName":"search_term_string"}}],"inLanguage":"en-US"}]}},"_links":{"self":[{"href":"https:\/\/galli.ch\/en\/wp-json\/wp\/v2\/product\/624","targetHints":{"allow":["GET"]}}],"collection":[{"href":"https:\/\/galli.ch\/en\/wp-json\/wp\/v2\/product"}],"about":[{"href":"https:\/\/galli.ch\/en\/wp-json\/wp\/v2\/types\/product"}],"wp:featuredmedia":[{"embeddable":true,"href":"https:\/\/galli.ch\/en\/wp-json\/wp\/v2\/media\/9301"}],"wp:attachment":[{"href":"https:\/\/galli.ch\/en\/wp-json\/wp\/v2\/media?parent=624"}],"wp:term":[{"taxonomy":"product_brand","embeddable":true,"href":"https:\/\/galli.ch\/en\/wp-json\/wp\/v2\/product_brand?post=624"},{"taxonomy":"product_cat","embeddable":true,"href":"https:\/\/galli.ch\/en\/wp-json\/wp\/v2\/product_cat?post=624"},{"taxonomy":"product_tag","embeddable":true,"href":"https:\/\/galli.ch\/en\/wp-json\/wp\/v2\/product_tag?post=624"}],"curies":[{"name":"wp","href":"https:\/\/api.w.org\/{rel}","templated":true}]}}