{"id":6463,"date":"2019-11-25T16:22:00","date_gmt":"2019-11-25T14:22:00","guid":{"rendered":"http:\/\/galli.ch\/?post_type=uhren&#038;p=6463"},"modified":"2026-04-20T18:11:26","modified_gmt":"2026-04-20T16:11:26","slug":"heritage-classic-l2-828-4-73-2","status":"publish","type":"product","link":"https:\/\/galli.ch\/en\/uhren\/longines\/watchmaking-tradition\/heritage-classic-l2-828-4-73-2\/","title":{"rendered":"Longines Heritage Classic"},"content":{"rendered":"<p>F\u00fcr die Heritage Classic greift Longines ein f\u00fcr die 1930er Jahre typisches Modell auf, das sich durch die \u00c4sthetik seines Sektorzifferblatts auszeichnet. Eine opalisierende, silberfarbene Scheibe, deren heller Ton die schlanken Zeiger aus gebl\u00e4utem Stahl fein veredelt, befindet sich in seinem Zentrum. Ein streben nach absoluter Treue zum Originalmodell.<\/p>\n<p>Die lange und reiche Geschichte von Longines wird in jedes Design der Marke geschrieben. Jedes St\u00fcck, das im Laufe der Jahre hergestellt wurde, ist Teil der Schweizer Uhrenidentit\u00e4t, ein historisches Erbe, das Longines stets bewahren und hervorheben wollte. Deshalb sch\u00f6pft es regelm\u00e4ssig aus diesem Erbe, um seine Heritage-Linie zu inspirieren.<\/p>\n","protected":false},"excerpt":{"rendered":"<p>F\u00fcr die Heritage Classic greift Longines ein f\u00fcr die 1930er Jahre typisches Modell auf, das sich durch die \u00c4sthetik seines Sektorzifferblatts auszeichnet. Eine opalisierende, silberfarbene Scheibe, deren heller Ton die schlanken Zeiger aus gebl\u00e4utem Stahl fein veredelt, befindet sich in seinem Zentrum. Ein streben nach absoluter Treue zum Originalmodell. Die lange und reiche Geschichte von&#8230;  <a class=\"excerpt-read-more\" href=\"https:\/\/galli.ch\/en\/uhren\/longines\/watchmaking-tradition\/heritage-classic-l2-828-4-73-2\/\" title=\"Read Longines Heritage Classic\">Weiter &raquo;<\/a><\/p>\n","protected":false},"featured_media":6413,"template":"","meta":{"_acf_changed":false,"inline_featured_image":false},"product_brand":[],"product_cat":[188],"product_tag":[],"class_list":{"0":"post-6463","1":"product","2":"type-product","3":"status-publish","4":"has-post-thumbnail","6":"uhrenhersteller-longines","7":"uhrenhersteller-watchmaking-tradition","8":"product_cat-uhren","10":"first","11":"outofstock","12":"taxable","13":"shipping-taxable","14":"purchasable","15":"product-type-simple"},"acf":[],"yoast_head":"<!-- This site is optimized with the Yoast SEO plugin v25.5 - https:\/\/yoast.com\/wordpress\/plugins\/seo\/ -->\n<title>Longines Heritage Classic - Galli Uhren Bijouterie<\/title>\n<meta name=\"robots\" content=\"index, follow, max-snippet:-1, max-image-preview:large, max-video-preview:-1\" \/>\n<link rel=\"canonical\" href=\"https:\/\/galli.ch\/uhren\/longines\/avigation\/heritage-classic-l2-828-4-73-2\/\" \/>\n<meta property=\"og:locale\" content=\"en_US\" \/>\n<meta property=\"og:type\" content=\"article\" \/>\n<meta property=\"og:title\" content=\"Longines Heritage Classic - Galli Uhren Bijouterie\" \/>\n<meta property=\"og:description\" content=\"F\u00fcr die Heritage Classic greift Longines ein f\u00fcr die 1930er Jahre typisches Modell auf, das sich durch die \u00c4sthetik seines Sektorzifferblatts auszeichnet. Eine opalisierende, silberfarbene Scheibe, deren heller Ton die schlanken Zeiger aus gebl\u00e4utem Stahl fein veredelt, befindet sich in seinem Zentrum. Ein streben nach absoluter Treue zum Originalmodell. Die lange und reiche Geschichte von... Weiter &raquo;\" \/>\n<meta property=\"og:url\" content=\"https:\/\/galli.ch\/uhren\/longines\/avigation\/heritage-classic-l2-828-4-73-2\/\" \/>\n<meta property=\"og:site_name\" content=\"Galli Uhren Bijouterie\" \/>\n<meta property=\"article:modified_time\" content=\"2026-04-20T16:11:26+00:00\" \/>\n<meta property=\"og:image\" content=\"https:\/\/galli.ch\/wp-content\/uploads\/1571399543-L2.828.png\" \/>\n\t<meta property=\"og:image:width\" content=\"1000\" \/>\n\t<meta property=\"og:image:height\" content=\"1400\" \/>\n\t<meta property=\"og:image:type\" content=\"image\/png\" \/>\n<meta name=\"twitter:card\" content=\"summary_large_image\" \/>\n<script type=\"application\/ld+json\" class=\"yoast-schema-graph\">{\"@context\":\"https:\/\/schema.org\",\"@graph\":[{\"@type\":\"WebPage\",\"@id\":\"https:\/\/galli.ch\/uhren\/longines\/avigation\/heritage-classic-l2-828-4-73-2\/\",\"url\":\"https:\/\/galli.ch\/uhren\/longines\/avigation\/heritage-classic-l2-828-4-73-2\/\",\"name\":\"Longines Heritage Classic - Galli Uhren Bijouterie\",\"isPartOf\":{\"@id\":\"http:\/\/galli.ch\/en\/#website\"},\"primaryImageOfPage\":{\"@id\":\"https:\/\/galli.ch\/uhren\/longines\/avigation\/heritage-classic-l2-828-4-73-2\/#primaryimage\"},\"image\":{\"@id\":\"https:\/\/galli.ch\/uhren\/longines\/avigation\/heritage-classic-l2-828-4-73-2\/#primaryimage\"},\"thumbnailUrl\":\"https:\/\/galli.ch\/wp-content\/uploads\/1571399543-L2.828.png\",\"datePublished\":\"2019-11-25T14:22:00+00:00\",\"dateModified\":\"2026-04-20T16:11:26+00:00\",\"breadcrumb\":{\"@id\":\"https:\/\/galli.ch\/uhren\/longines\/avigation\/heritage-classic-l2-828-4-73-2\/#breadcrumb\"},\"inLanguage\":\"en-US\",\"potentialAction\":[{\"@type\":\"ReadAction\",\"target\":[\"https:\/\/galli.ch\/uhren\/longines\/avigation\/heritage-classic-l2-828-4-73-2\/\"]}]},{\"@type\":\"ImageObject\",\"inLanguage\":\"en-US\",\"@id\":\"https:\/\/galli.ch\/uhren\/longines\/avigation\/heritage-classic-l2-828-4-73-2\/#primaryimage\",\"url\":\"https:\/\/galli.ch\/wp-content\/uploads\/1571399543-L2.828.png\",\"contentUrl\":\"https:\/\/galli.ch\/wp-content\/uploads\/1571399543-L2.828.png\",\"width\":1000,\"height\":1400,\"caption\":\"longines-heritage-classic\"},{\"@type\":\"BreadcrumbList\",\"@id\":\"https:\/\/galli.ch\/uhren\/longines\/avigation\/heritage-classic-l2-828-4-73-2\/#breadcrumb\",\"itemListElement\":[{\"@type\":\"ListItem\",\"position\":1,\"name\":\"Home\",\"item\":\"https:\/\/galli.ch\/en\/\"},{\"@type\":\"ListItem\",\"position\":2,\"name\":\"Uhren\",\"item\":\"https:\/\/galli.ch\/en\/uhren\/\"},{\"@type\":\"ListItem\",\"position\":3,\"name\":\"Heritage Classic\"}]},{\"@type\":\"WebSite\",\"@id\":\"http:\/\/galli.ch\/en\/#website\",\"url\":\"http:\/\/galli.ch\/en\/\",\"name\":\"Galli Uhren Bijouterie\",\"description\":\"\",\"potentialAction\":[{\"@type\":\"SearchAction\",\"target\":{\"@type\":\"EntryPoint\",\"urlTemplate\":\"http:\/\/galli.ch\/en\/?s={search_term_string}\"},\"query-input\":{\"@type\":\"PropertyValueSpecification\",\"valueRequired\":true,\"valueName\":\"search_term_string\"}}],\"inLanguage\":\"en-US\"}]}<\/script>\n<!-- \/ Yoast SEO plugin. -->","yoast_head_json":{"title":"Longines Heritage Classic - Galli Uhren Bijouterie","robots":{"index":"index","follow":"follow","max-snippet":"max-snippet:-1","max-image-preview":"max-image-preview:large","max-video-preview":"max-video-preview:-1"},"canonical":"https:\/\/galli.ch\/uhren\/longines\/avigation\/heritage-classic-l2-828-4-73-2\/","og_locale":"en_US","og_type":"article","og_title":"Longines Heritage Classic - Galli Uhren Bijouterie","og_description":"F\u00fcr die Heritage Classic greift Longines ein f\u00fcr die 1930er Jahre typisches Modell auf, das sich durch die \u00c4sthetik seines Sektorzifferblatts auszeichnet. Eine opalisierende, silberfarbene Scheibe, deren heller Ton die schlanken Zeiger aus gebl\u00e4utem Stahl fein veredelt, befindet sich in seinem Zentrum. Ein streben nach absoluter Treue zum Originalmodell. Die lange und reiche Geschichte von... Weiter &raquo;","og_url":"https:\/\/galli.ch\/uhren\/longines\/avigation\/heritage-classic-l2-828-4-73-2\/","og_site_name":"Galli Uhren Bijouterie","article_modified_time":"2026-04-20T16:11:26+00:00","og_image":[{"width":1000,"height":1400,"url":"https:\/\/galli.ch\/wp-content\/uploads\/1571399543-L2.828.png","type":"image\/png"}],"twitter_card":"summary_large_image","schema":{"@context":"https:\/\/schema.org","@graph":[{"@type":"WebPage","@id":"https:\/\/galli.ch\/uhren\/longines\/avigation\/heritage-classic-l2-828-4-73-2\/","url":"https:\/\/galli.ch\/uhren\/longines\/avigation\/heritage-classic-l2-828-4-73-2\/","name":"Longines Heritage Classic - Galli Uhren Bijouterie","isPartOf":{"@id":"http:\/\/galli.ch\/en\/#website"},"primaryImageOfPage":{"@id":"https:\/\/galli.ch\/uhren\/longines\/avigation\/heritage-classic-l2-828-4-73-2\/#primaryimage"},"image":{"@id":"https:\/\/galli.ch\/uhren\/longines\/avigation\/heritage-classic-l2-828-4-73-2\/#primaryimage"},"thumbnailUrl":"https:\/\/galli.ch\/wp-content\/uploads\/1571399543-L2.828.png","datePublished":"2019-11-25T14:22:00+00:00","dateModified":"2026-04-20T16:11:26+00:00","breadcrumb":{"@id":"https:\/\/galli.ch\/uhren\/longines\/avigation\/heritage-classic-l2-828-4-73-2\/#breadcrumb"},"inLanguage":"en-US","potentialAction":[{"@type":"ReadAction","target":["https:\/\/galli.ch\/uhren\/longines\/avigation\/heritage-classic-l2-828-4-73-2\/"]}]},{"@type":"ImageObject","inLanguage":"en-US","@id":"https:\/\/galli.ch\/uhren\/longines\/avigation\/heritage-classic-l2-828-4-73-2\/#primaryimage","url":"https:\/\/galli.ch\/wp-content\/uploads\/1571399543-L2.828.png","contentUrl":"https:\/\/galli.ch\/wp-content\/uploads\/1571399543-L2.828.png","width":1000,"height":1400,"caption":"longines-heritage-classic"},{"@type":"BreadcrumbList","@id":"https:\/\/galli.ch\/uhren\/longines\/avigation\/heritage-classic-l2-828-4-73-2\/#breadcrumb","itemListElement":[{"@type":"ListItem","position":1,"name":"Home","item":"https:\/\/galli.ch\/en\/"},{"@type":"ListItem","position":2,"name":"Uhren","item":"https:\/\/galli.ch\/en\/uhren\/"},{"@type":"ListItem","position":3,"name":"Heritage Classic"}]},{"@type":"WebSite","@id":"http:\/\/galli.ch\/en\/#website","url":"http:\/\/galli.ch\/en\/","name":"Galli Uhren Bijouterie","description":"","potentialAction":[{"@type":"SearchAction","target":{"@type":"EntryPoint","urlTemplate":"http:\/\/galli.ch\/en\/?s={search_term_string}"},"query-input":{"@type":"PropertyValueSpecification","valueRequired":true,"valueName":"search_term_string"}}],"inLanguage":"en-US"}]}},"_links":{"self":[{"href":"https:\/\/galli.ch\/en\/wp-json\/wp\/v2\/product\/6463","targetHints":{"allow":["GET"]}}],"collection":[{"href":"https:\/\/galli.ch\/en\/wp-json\/wp\/v2\/product"}],"about":[{"href":"https:\/\/galli.ch\/en\/wp-json\/wp\/v2\/types\/product"}],"wp:featuredmedia":[{"embeddable":true,"href":"https:\/\/galli.ch\/en\/wp-json\/wp\/v2\/media\/6413"}],"wp:attachment":[{"href":"https:\/\/galli.ch\/en\/wp-json\/wp\/v2\/media?parent=6463"}],"wp:term":[{"taxonomy":"product_brand","embeddable":true,"href":"https:\/\/galli.ch\/en\/wp-json\/wp\/v2\/product_brand?post=6463"},{"taxonomy":"product_cat","embeddable":true,"href":"https:\/\/galli.ch\/en\/wp-json\/wp\/v2\/product_cat?post=6463"},{"taxonomy":"product_tag","embeddable":true,"href":"https:\/\/galli.ch\/en\/wp-json\/wp\/v2\/product_tag?post=6463"}],"curies":[{"name":"wp","href":"https:\/\/api.w.org\/{rel}","templated":true}]}}