{"id":6471,"date":"2019-11-25T16:55:09","date_gmt":"2019-11-25T14:55:09","guid":{"rendered":"http:\/\/galli.ch\/?post_type=uhren&#038;p=6471"},"modified":"2025-03-13T13:44:21","modified_gmt":"2025-03-13T12:44:21","slug":"the-longines-master-collection-l2-909-4-97-0","status":"publish","type":"product","link":"https:\/\/galli.ch\/en\/uhren\/longines\/watchmaking-tradition\/the-longines-master-collection-l2-909-4-97-0\/","title":{"rendered":"Longines Master Collection"},"content":{"rendered":"<p>Longines bekr\u00e4ftigt seine uhrmacherische Kompetenz durch die Hinzuf\u00fcgung neuer Kreationen, die eine seiner Flaggschifflinien, die Longines Master Collection, st\u00e4rken.<\/p>\n<p>Angetrieben von einem neuen Automatikwerk, das exklusiv f\u00fcr Longines entwickelt wurde, zeichnen sich diese Zeitmesser durch eine Mondphasenanzeige und eine raffinierte \u00c4sthetik aus, die ein Gleichgewicht zwischen technischer Exzellenz und klassischer Eleganz schaffen.<\/p>\n","protected":false},"excerpt":{"rendered":"<p>Longines bekr\u00e4ftigt seine uhrmacherische Kompetenz durch die Hinzuf\u00fcgung neuer Kreationen, die eine seiner Flaggschifflinien, die Longines Master Collection, st\u00e4rken. Angetrieben von einem neuen Automatikwerk, das exklusiv f\u00fcr Longines entwickelt wurde, zeichnen sich diese Zeitmesser durch eine Mondphasenanzeige und eine raffinierte \u00c4sthetik aus, die ein Gleichgewicht zwischen technischer Exzellenz und klassischer Eleganz schaffen.<\/p>\n","protected":false},"featured_media":6423,"template":"","meta":{"_acf_changed":false,"inline_featured_image":false},"product_brand":[],"product_cat":[188],"product_tag":[],"class_list":{"0":"post-6471","1":"product","2":"type-product","3":"status-publish","4":"has-post-thumbnail","6":"uhrenhersteller-longines","7":"uhrenhersteller-watchmaking-tradition","8":"product_cat-uhren","10":"first","11":"outofstock","12":"taxable","13":"shipping-taxable","14":"purchasable","15":"product-type-simple"},"acf":[],"yoast_head":"<!-- This site is optimized with the Yoast SEO plugin v25.5 - https:\/\/yoast.com\/wordpress\/plugins\/seo\/ -->\n<title>Longines Master Collection - Galli Uhren Bijouterie<\/title>\n<meta name=\"robots\" content=\"index, follow, max-snippet:-1, max-image-preview:large, max-video-preview:-1\" \/>\n<link rel=\"canonical\" href=\"https:\/\/galli.ch\/uhren\/longines\/watchmaking-tradition\/the-longines-master-collection-l2-909-4-97-0\/\" \/>\n<meta property=\"og:locale\" content=\"en_US\" \/>\n<meta property=\"og:type\" content=\"article\" \/>\n<meta property=\"og:title\" content=\"Longines Master Collection - Galli Uhren Bijouterie\" \/>\n<meta property=\"og:description\" content=\"Longines bekr\u00e4ftigt seine uhrmacherische Kompetenz durch die Hinzuf\u00fcgung neuer Kreationen, die eine seiner Flaggschifflinien, die Longines Master Collection, st\u00e4rken. Angetrieben von einem neuen Automatikwerk, das exklusiv f\u00fcr Longines entwickelt wurde, zeichnen sich diese Zeitmesser durch eine Mondphasenanzeige und eine raffinierte \u00c4sthetik aus, die ein Gleichgewicht zwischen technischer Exzellenz und klassischer Eleganz schaffen.\" \/>\n<meta property=\"og:url\" content=\"https:\/\/galli.ch\/uhren\/longines\/watchmaking-tradition\/the-longines-master-collection-l2-909-4-97-0\/\" \/>\n<meta property=\"og:site_name\" content=\"Galli Uhren Bijouterie\" \/>\n<meta property=\"article:modified_time\" content=\"2025-03-13T12:44:21+00:00\" \/>\n<meta property=\"og:image\" content=\"https:\/\/galli.ch\/wp-content\/uploads\/L2.909.4.97.0.png\" \/>\n\t<meta property=\"og:image:width\" content=\"1000\" \/>\n\t<meta property=\"og:image:height\" content=\"1400\" \/>\n\t<meta property=\"og:image:type\" content=\"image\/png\" \/>\n<meta name=\"twitter:card\" content=\"summary_large_image\" \/>\n<script type=\"application\/ld+json\" class=\"yoast-schema-graph\">{\"@context\":\"https:\/\/schema.org\",\"@graph\":[{\"@type\":\"WebPage\",\"@id\":\"https:\/\/galli.ch\/uhren\/longines\/watchmaking-tradition\/the-longines-master-collection-l2-909-4-97-0\/\",\"url\":\"https:\/\/galli.ch\/uhren\/longines\/watchmaking-tradition\/the-longines-master-collection-l2-909-4-97-0\/\",\"name\":\"Longines Master Collection - Galli Uhren Bijouterie\",\"isPartOf\":{\"@id\":\"http:\/\/galli.ch\/en\/#website\"},\"primaryImageOfPage\":{\"@id\":\"https:\/\/galli.ch\/uhren\/longines\/watchmaking-tradition\/the-longines-master-collection-l2-909-4-97-0\/#primaryimage\"},\"image\":{\"@id\":\"https:\/\/galli.ch\/uhren\/longines\/watchmaking-tradition\/the-longines-master-collection-l2-909-4-97-0\/#primaryimage\"},\"thumbnailUrl\":\"https:\/\/galli.ch\/wp-content\/uploads\/L2.909.4.97.0.png\",\"datePublished\":\"2019-11-25T14:55:09+00:00\",\"dateModified\":\"2025-03-13T12:44:21+00:00\",\"breadcrumb\":{\"@id\":\"https:\/\/galli.ch\/uhren\/longines\/watchmaking-tradition\/the-longines-master-collection-l2-909-4-97-0\/#breadcrumb\"},\"inLanguage\":\"en-US\",\"potentialAction\":[{\"@type\":\"ReadAction\",\"target\":[\"https:\/\/galli.ch\/uhren\/longines\/watchmaking-tradition\/the-longines-master-collection-l2-909-4-97-0\/\"]}]},{\"@type\":\"ImageObject\",\"inLanguage\":\"en-US\",\"@id\":\"https:\/\/galli.ch\/uhren\/longines\/watchmaking-tradition\/the-longines-master-collection-l2-909-4-97-0\/#primaryimage\",\"url\":\"https:\/\/galli.ch\/wp-content\/uploads\/L2.909.4.97.0.png\",\"contentUrl\":\"https:\/\/galli.ch\/wp-content\/uploads\/L2.909.4.97.0.png\",\"width\":1000,\"height\":1400,\"caption\":\"longines-master-collection-moon-phase\"},{\"@type\":\"BreadcrumbList\",\"@id\":\"https:\/\/galli.ch\/uhren\/longines\/watchmaking-tradition\/the-longines-master-collection-l2-909-4-97-0\/#breadcrumb\",\"itemListElement\":[{\"@type\":\"ListItem\",\"position\":1,\"name\":\"Home\",\"item\":\"https:\/\/galli.ch\/en\/\"},{\"@type\":\"ListItem\",\"position\":2,\"name\":\"Uhren\",\"item\":\"https:\/\/galli.ch\/en\/uhren\/\"},{\"@type\":\"ListItem\",\"position\":3,\"name\":\"Master Collection\"}]},{\"@type\":\"WebSite\",\"@id\":\"http:\/\/galli.ch\/en\/#website\",\"url\":\"http:\/\/galli.ch\/en\/\",\"name\":\"Galli Uhren Bijouterie\",\"description\":\"\",\"potentialAction\":[{\"@type\":\"SearchAction\",\"target\":{\"@type\":\"EntryPoint\",\"urlTemplate\":\"http:\/\/galli.ch\/en\/?s={search_term_string}\"},\"query-input\":{\"@type\":\"PropertyValueSpecification\",\"valueRequired\":true,\"valueName\":\"search_term_string\"}}],\"inLanguage\":\"en-US\"}]}<\/script>\n<!-- \/ Yoast SEO plugin. -->","yoast_head_json":{"title":"Longines Master Collection - Galli Uhren Bijouterie","robots":{"index":"index","follow":"follow","max-snippet":"max-snippet:-1","max-image-preview":"max-image-preview:large","max-video-preview":"max-video-preview:-1"},"canonical":"https:\/\/galli.ch\/uhren\/longines\/watchmaking-tradition\/the-longines-master-collection-l2-909-4-97-0\/","og_locale":"en_US","og_type":"article","og_title":"Longines Master Collection - Galli Uhren Bijouterie","og_description":"Longines bekr\u00e4ftigt seine uhrmacherische Kompetenz durch die Hinzuf\u00fcgung neuer Kreationen, die eine seiner Flaggschifflinien, die Longines Master Collection, st\u00e4rken. Angetrieben von einem neuen Automatikwerk, das exklusiv f\u00fcr Longines entwickelt wurde, zeichnen sich diese Zeitmesser durch eine Mondphasenanzeige und eine raffinierte \u00c4sthetik aus, die ein Gleichgewicht zwischen technischer Exzellenz und klassischer Eleganz schaffen.","og_url":"https:\/\/galli.ch\/uhren\/longines\/watchmaking-tradition\/the-longines-master-collection-l2-909-4-97-0\/","og_site_name":"Galli Uhren Bijouterie","article_modified_time":"2025-03-13T12:44:21+00:00","og_image":[{"width":1000,"height":1400,"url":"https:\/\/galli.ch\/wp-content\/uploads\/L2.909.4.97.0.png","type":"image\/png"}],"twitter_card":"summary_large_image","schema":{"@context":"https:\/\/schema.org","@graph":[{"@type":"WebPage","@id":"https:\/\/galli.ch\/uhren\/longines\/watchmaking-tradition\/the-longines-master-collection-l2-909-4-97-0\/","url":"https:\/\/galli.ch\/uhren\/longines\/watchmaking-tradition\/the-longines-master-collection-l2-909-4-97-0\/","name":"Longines Master Collection - Galli Uhren Bijouterie","isPartOf":{"@id":"http:\/\/galli.ch\/en\/#website"},"primaryImageOfPage":{"@id":"https:\/\/galli.ch\/uhren\/longines\/watchmaking-tradition\/the-longines-master-collection-l2-909-4-97-0\/#primaryimage"},"image":{"@id":"https:\/\/galli.ch\/uhren\/longines\/watchmaking-tradition\/the-longines-master-collection-l2-909-4-97-0\/#primaryimage"},"thumbnailUrl":"https:\/\/galli.ch\/wp-content\/uploads\/L2.909.4.97.0.png","datePublished":"2019-11-25T14:55:09+00:00","dateModified":"2025-03-13T12:44:21+00:00","breadcrumb":{"@id":"https:\/\/galli.ch\/uhren\/longines\/watchmaking-tradition\/the-longines-master-collection-l2-909-4-97-0\/#breadcrumb"},"inLanguage":"en-US","potentialAction":[{"@type":"ReadAction","target":["https:\/\/galli.ch\/uhren\/longines\/watchmaking-tradition\/the-longines-master-collection-l2-909-4-97-0\/"]}]},{"@type":"ImageObject","inLanguage":"en-US","@id":"https:\/\/galli.ch\/uhren\/longines\/watchmaking-tradition\/the-longines-master-collection-l2-909-4-97-0\/#primaryimage","url":"https:\/\/galli.ch\/wp-content\/uploads\/L2.909.4.97.0.png","contentUrl":"https:\/\/galli.ch\/wp-content\/uploads\/L2.909.4.97.0.png","width":1000,"height":1400,"caption":"longines-master-collection-moon-phase"},{"@type":"BreadcrumbList","@id":"https:\/\/galli.ch\/uhren\/longines\/watchmaking-tradition\/the-longines-master-collection-l2-909-4-97-0\/#breadcrumb","itemListElement":[{"@type":"ListItem","position":1,"name":"Home","item":"https:\/\/galli.ch\/en\/"},{"@type":"ListItem","position":2,"name":"Uhren","item":"https:\/\/galli.ch\/en\/uhren\/"},{"@type":"ListItem","position":3,"name":"Master Collection"}]},{"@type":"WebSite","@id":"http:\/\/galli.ch\/en\/#website","url":"http:\/\/galli.ch\/en\/","name":"Galli Uhren Bijouterie","description":"","potentialAction":[{"@type":"SearchAction","target":{"@type":"EntryPoint","urlTemplate":"http:\/\/galli.ch\/en\/?s={search_term_string}"},"query-input":{"@type":"PropertyValueSpecification","valueRequired":true,"valueName":"search_term_string"}}],"inLanguage":"en-US"}]}},"_links":{"self":[{"href":"https:\/\/galli.ch\/en\/wp-json\/wp\/v2\/product\/6471","targetHints":{"allow":["GET"]}}],"collection":[{"href":"https:\/\/galli.ch\/en\/wp-json\/wp\/v2\/product"}],"about":[{"href":"https:\/\/galli.ch\/en\/wp-json\/wp\/v2\/types\/product"}],"wp:featuredmedia":[{"embeddable":true,"href":"https:\/\/galli.ch\/en\/wp-json\/wp\/v2\/media\/6423"}],"wp:attachment":[{"href":"https:\/\/galli.ch\/en\/wp-json\/wp\/v2\/media?parent=6471"}],"wp:term":[{"taxonomy":"product_brand","embeddable":true,"href":"https:\/\/galli.ch\/en\/wp-json\/wp\/v2\/product_brand?post=6471"},{"taxonomy":"product_cat","embeddable":true,"href":"https:\/\/galli.ch\/en\/wp-json\/wp\/v2\/product_cat?post=6471"},{"taxonomy":"product_tag","embeddable":true,"href":"https:\/\/galli.ch\/en\/wp-json\/wp\/v2\/product_tag?post=6471"}],"curies":[{"name":"wp","href":"https:\/\/api.w.org\/{rel}","templated":true}]}}