{"id":6486,"date":"2019-11-28T16:56:07","date_gmt":"2019-11-28T14:56:07","guid":{"rendered":"http:\/\/galli.ch\/?post_type=uhren&#038;p=6486"},"modified":"2026-04-26T18:16:21","modified_gmt":"2026-04-26T16:16:21","slug":"pr-100-sport-chic-chrono-t101-917-22-116-00","status":"publish","type":"product","link":"https:\/\/galli.ch\/en\/uhren\/tissot\/t-classic\/pr-100-sport-chic-chrono-t101-917-22-116-00\/","title":{"rendered":"Tissot PR 100 Sport Chic Chrono"},"content":{"rendered":"<p>Die Tissot PR 100 ist eine klassische Uhr, die oft und zu jeder Gelegenheit getragen werden kann. Ihr elegantes Aussehen sowie die schlichte \u00c4sthetik, die f\u00fcr Luxus, Qualit\u00e4t und klassischen Stil steht, ist der Grund, warum die Kollektion so beliebt ist.<\/p>\n<p>Das Perlmutt Zifferblatt mit Index und Diamanten kann zu jedem Anlass getragen werden. Ausserdem ist sie wasserdicht bis 100 Meter.<\/p>\n","protected":false},"excerpt":{"rendered":"<p>Die Tissot PR 100 ist eine klassische Uhr, die oft und zu jeder Gelegenheit getragen werden kann. Ihr elegantes Aussehen sowie die schlichte \u00c4sthetik, die f\u00fcr Luxus, Qualit\u00e4t und klassischen Stil steht, ist der Grund, warum die Kollektion so beliebt ist. Das Perlmutt Zifferblatt mit Index und Diamanten kann zu jedem Anlass getragen werden. Ausserdem&#8230;  <a class=\"excerpt-read-more\" href=\"https:\/\/galli.ch\/en\/uhren\/tissot\/t-classic\/pr-100-sport-chic-chrono-t101-917-22-116-00\/\" title=\"Read Tissot PR 100 Sport Chic Chrono\">Weiter &raquo;<\/a><\/p>\n","protected":false},"featured_media":6431,"template":"","meta":{"_acf_changed":false,"inline_featured_image":false},"product_brand":[],"product_cat":[188],"product_tag":[],"class_list":{"0":"post-6486","1":"product","2":"type-product","3":"status-publish","4":"has-post-thumbnail","6":"uhrenhersteller-tissot","7":"uhrenhersteller-t-classic","8":"product_cat-uhren","10":"first","11":"instock","12":"taxable","13":"shipping-taxable","14":"purchasable","15":"product-type-simple"},"acf":[],"yoast_head":"<!-- This site is optimized with the Yoast SEO plugin v25.5 - https:\/\/yoast.com\/wordpress\/plugins\/seo\/ -->\n<title>Tissot PR 100 Sport Chic Chrono - Galli Uhren Bijouterie<\/title>\n<meta name=\"robots\" content=\"index, follow, max-snippet:-1, max-image-preview:large, max-video-preview:-1\" \/>\n<link rel=\"canonical\" href=\"https:\/\/galli.ch\/uhren\/tissot\/t-classic\/pr-100-sport-chic-chrono-t101-917-22-116-00\/\" \/>\n<meta property=\"og:locale\" content=\"en_US\" \/>\n<meta property=\"og:type\" content=\"article\" \/>\n<meta property=\"og:title\" content=\"Tissot PR 100 Sport Chic Chrono - Galli Uhren Bijouterie\" \/>\n<meta property=\"og:description\" content=\"Die Tissot PR 100 ist eine klassische Uhr, die oft und zu jeder Gelegenheit getragen werden kann. Ihr elegantes Aussehen sowie die schlichte \u00c4sthetik, die f\u00fcr Luxus, Qualit\u00e4t und klassischen Stil steht, ist der Grund, warum die Kollektion so beliebt ist. Das Perlmutt Zifferblatt mit Index und Diamanten kann zu jedem Anlass getragen werden. Ausserdem... Weiter &raquo;\" \/>\n<meta property=\"og:url\" content=\"https:\/\/galli.ch\/uhren\/tissot\/t-classic\/pr-100-sport-chic-chrono-t101-917-22-116-00\/\" \/>\n<meta property=\"og:site_name\" content=\"Galli Uhren Bijouterie\" \/>\n<meta property=\"article:modified_time\" content=\"2026-04-26T16:16:21+00:00\" \/>\n<meta property=\"og:image\" content=\"https:\/\/galli.ch\/wp-content\/uploads\/T101_917_22_116_00.png\" \/>\n\t<meta property=\"og:image:width\" content=\"1000\" \/>\n\t<meta property=\"og:image:height\" content=\"1400\" \/>\n\t<meta property=\"og:image:type\" content=\"image\/png\" \/>\n<meta name=\"twitter:card\" content=\"summary_large_image\" \/>\n<script type=\"application\/ld+json\" class=\"yoast-schema-graph\">{\"@context\":\"https:\/\/schema.org\",\"@graph\":[{\"@type\":\"WebPage\",\"@id\":\"https:\/\/galli.ch\/uhren\/tissot\/t-classic\/pr-100-sport-chic-chrono-t101-917-22-116-00\/\",\"url\":\"https:\/\/galli.ch\/uhren\/tissot\/t-classic\/pr-100-sport-chic-chrono-t101-917-22-116-00\/\",\"name\":\"Tissot PR 100 Sport Chic Chrono - Galli Uhren Bijouterie\",\"isPartOf\":{\"@id\":\"http:\/\/galli.ch\/en\/#website\"},\"primaryImageOfPage\":{\"@id\":\"https:\/\/galli.ch\/uhren\/tissot\/t-classic\/pr-100-sport-chic-chrono-t101-917-22-116-00\/#primaryimage\"},\"image\":{\"@id\":\"https:\/\/galli.ch\/uhren\/tissot\/t-classic\/pr-100-sport-chic-chrono-t101-917-22-116-00\/#primaryimage\"},\"thumbnailUrl\":\"https:\/\/galli.ch\/wp-content\/uploads\/T101_917_22_116_00.png\",\"datePublished\":\"2019-11-28T14:56:07+00:00\",\"dateModified\":\"2026-04-26T16:16:21+00:00\",\"breadcrumb\":{\"@id\":\"https:\/\/galli.ch\/uhren\/tissot\/t-classic\/pr-100-sport-chic-chrono-t101-917-22-116-00\/#breadcrumb\"},\"inLanguage\":\"en-US\",\"potentialAction\":[{\"@type\":\"ReadAction\",\"target\":[\"https:\/\/galli.ch\/uhren\/tissot\/t-classic\/pr-100-sport-chic-chrono-t101-917-22-116-00\/\"]}]},{\"@type\":\"ImageObject\",\"inLanguage\":\"en-US\",\"@id\":\"https:\/\/galli.ch\/uhren\/tissot\/t-classic\/pr-100-sport-chic-chrono-t101-917-22-116-00\/#primaryimage\",\"url\":\"https:\/\/galli.ch\/wp-content\/uploads\/T101_917_22_116_00.png\",\"contentUrl\":\"https:\/\/galli.ch\/wp-content\/uploads\/T101_917_22_116_00.png\",\"width\":1000,\"height\":1400,\"caption\":\"PR-100-Sport-Chic-Chrono\"},{\"@type\":\"BreadcrumbList\",\"@id\":\"https:\/\/galli.ch\/uhren\/tissot\/t-classic\/pr-100-sport-chic-chrono-t101-917-22-116-00\/#breadcrumb\",\"itemListElement\":[{\"@type\":\"ListItem\",\"position\":1,\"name\":\"Home\",\"item\":\"https:\/\/galli.ch\/en\/\"},{\"@type\":\"ListItem\",\"position\":2,\"name\":\"Uhren\",\"item\":\"https:\/\/galli.ch\/en\/uhren\/\"},{\"@type\":\"ListItem\",\"position\":3,\"name\":\"PR 100 Sport Chic Chrono\"}]},{\"@type\":\"WebSite\",\"@id\":\"http:\/\/galli.ch\/en\/#website\",\"url\":\"http:\/\/galli.ch\/en\/\",\"name\":\"Galli Uhren Bijouterie\",\"description\":\"\",\"potentialAction\":[{\"@type\":\"SearchAction\",\"target\":{\"@type\":\"EntryPoint\",\"urlTemplate\":\"http:\/\/galli.ch\/en\/?s={search_term_string}\"},\"query-input\":{\"@type\":\"PropertyValueSpecification\",\"valueRequired\":true,\"valueName\":\"search_term_string\"}}],\"inLanguage\":\"en-US\"}]}<\/script>\n<!-- \/ Yoast SEO plugin. -->","yoast_head_json":{"title":"Tissot PR 100 Sport Chic Chrono - Galli Uhren Bijouterie","robots":{"index":"index","follow":"follow","max-snippet":"max-snippet:-1","max-image-preview":"max-image-preview:large","max-video-preview":"max-video-preview:-1"},"canonical":"https:\/\/galli.ch\/uhren\/tissot\/t-classic\/pr-100-sport-chic-chrono-t101-917-22-116-00\/","og_locale":"en_US","og_type":"article","og_title":"Tissot PR 100 Sport Chic Chrono - Galli Uhren Bijouterie","og_description":"Die Tissot PR 100 ist eine klassische Uhr, die oft und zu jeder Gelegenheit getragen werden kann. Ihr elegantes Aussehen sowie die schlichte \u00c4sthetik, die f\u00fcr Luxus, Qualit\u00e4t und klassischen Stil steht, ist der Grund, warum die Kollektion so beliebt ist. Das Perlmutt Zifferblatt mit Index und Diamanten kann zu jedem Anlass getragen werden. Ausserdem... Weiter &raquo;","og_url":"https:\/\/galli.ch\/uhren\/tissot\/t-classic\/pr-100-sport-chic-chrono-t101-917-22-116-00\/","og_site_name":"Galli Uhren Bijouterie","article_modified_time":"2026-04-26T16:16:21+00:00","og_image":[{"width":1000,"height":1400,"url":"https:\/\/galli.ch\/wp-content\/uploads\/T101_917_22_116_00.png","type":"image\/png"}],"twitter_card":"summary_large_image","schema":{"@context":"https:\/\/schema.org","@graph":[{"@type":"WebPage","@id":"https:\/\/galli.ch\/uhren\/tissot\/t-classic\/pr-100-sport-chic-chrono-t101-917-22-116-00\/","url":"https:\/\/galli.ch\/uhren\/tissot\/t-classic\/pr-100-sport-chic-chrono-t101-917-22-116-00\/","name":"Tissot PR 100 Sport Chic Chrono - Galli Uhren Bijouterie","isPartOf":{"@id":"http:\/\/galli.ch\/en\/#website"},"primaryImageOfPage":{"@id":"https:\/\/galli.ch\/uhren\/tissot\/t-classic\/pr-100-sport-chic-chrono-t101-917-22-116-00\/#primaryimage"},"image":{"@id":"https:\/\/galli.ch\/uhren\/tissot\/t-classic\/pr-100-sport-chic-chrono-t101-917-22-116-00\/#primaryimage"},"thumbnailUrl":"https:\/\/galli.ch\/wp-content\/uploads\/T101_917_22_116_00.png","datePublished":"2019-11-28T14:56:07+00:00","dateModified":"2026-04-26T16:16:21+00:00","breadcrumb":{"@id":"https:\/\/galli.ch\/uhren\/tissot\/t-classic\/pr-100-sport-chic-chrono-t101-917-22-116-00\/#breadcrumb"},"inLanguage":"en-US","potentialAction":[{"@type":"ReadAction","target":["https:\/\/galli.ch\/uhren\/tissot\/t-classic\/pr-100-sport-chic-chrono-t101-917-22-116-00\/"]}]},{"@type":"ImageObject","inLanguage":"en-US","@id":"https:\/\/galli.ch\/uhren\/tissot\/t-classic\/pr-100-sport-chic-chrono-t101-917-22-116-00\/#primaryimage","url":"https:\/\/galli.ch\/wp-content\/uploads\/T101_917_22_116_00.png","contentUrl":"https:\/\/galli.ch\/wp-content\/uploads\/T101_917_22_116_00.png","width":1000,"height":1400,"caption":"PR-100-Sport-Chic-Chrono"},{"@type":"BreadcrumbList","@id":"https:\/\/galli.ch\/uhren\/tissot\/t-classic\/pr-100-sport-chic-chrono-t101-917-22-116-00\/#breadcrumb","itemListElement":[{"@type":"ListItem","position":1,"name":"Home","item":"https:\/\/galli.ch\/en\/"},{"@type":"ListItem","position":2,"name":"Uhren","item":"https:\/\/galli.ch\/en\/uhren\/"},{"@type":"ListItem","position":3,"name":"PR 100 Sport Chic Chrono"}]},{"@type":"WebSite","@id":"http:\/\/galli.ch\/en\/#website","url":"http:\/\/galli.ch\/en\/","name":"Galli Uhren Bijouterie","description":"","potentialAction":[{"@type":"SearchAction","target":{"@type":"EntryPoint","urlTemplate":"http:\/\/galli.ch\/en\/?s={search_term_string}"},"query-input":{"@type":"PropertyValueSpecification","valueRequired":true,"valueName":"search_term_string"}}],"inLanguage":"en-US"}]}},"_links":{"self":[{"href":"https:\/\/galli.ch\/en\/wp-json\/wp\/v2\/product\/6486","targetHints":{"allow":["GET"]}}],"collection":[{"href":"https:\/\/galli.ch\/en\/wp-json\/wp\/v2\/product"}],"about":[{"href":"https:\/\/galli.ch\/en\/wp-json\/wp\/v2\/types\/product"}],"wp:featuredmedia":[{"embeddable":true,"href":"https:\/\/galli.ch\/en\/wp-json\/wp\/v2\/media\/6431"}],"wp:attachment":[{"href":"https:\/\/galli.ch\/en\/wp-json\/wp\/v2\/media?parent=6486"}],"wp:term":[{"taxonomy":"product_brand","embeddable":true,"href":"https:\/\/galli.ch\/en\/wp-json\/wp\/v2\/product_brand?post=6486"},{"taxonomy":"product_cat","embeddable":true,"href":"https:\/\/galli.ch\/en\/wp-json\/wp\/v2\/product_cat?post=6486"},{"taxonomy":"product_tag","embeddable":true,"href":"https:\/\/galli.ch\/en\/wp-json\/wp\/v2\/product_tag?post=6486"}],"curies":[{"name":"wp","href":"https:\/\/api.w.org\/{rel}","templated":true}]}}