{"id":6489,"date":"2019-11-28T17:10:36","date_gmt":"2019-11-28T15:10:36","guid":{"rendered":"http:\/\/galli.ch\/?post_type=uhren&#038;p=6489"},"modified":"2025-03-13T13:44:22","modified_gmt":"2025-03-13T12:44:22","slug":"carson-premium-lady-t122-210-16-033-00","status":"publish","type":"product","link":"https:\/\/galli.ch\/en\/uhren\/tissot\/t-classic\/carson-premium-lady-t122-210-16-033-00\/","title":{"rendered":"Tissot Carson Premium Lady"},"content":{"rendered":"<p>Durch ihr puristisches Design, ihre Stilsicherheit und die schmeichelhaften Veredelungen wird die Tissot Carson Premium -Kollektion immer perfekt sein. Als \u201eInnovator by Tradition\u201c f\u00fcgt Tissot dem die Anerkennung und Kraft seines Namens hinzu, der international f\u00fcr die Qualit\u00e4t seiner Swiss Made Produkte ger\u00fchmt wird.<\/p>\n<p>Die Tissot Carson Premium pr\u00e4sentiert sich in unterschiedlichen Ausf\u00fchrungen mit Leder- oder 316L &#8211; Edelstahlarmband sowie mit PVD-Beschichtungen oder ganz klassisch in Edelstahl.<\/p>\n","protected":false},"excerpt":{"rendered":"<p>Durch ihr puristisches Design, ihre Stilsicherheit und die schmeichelhaften Veredelungen wird die Tissot Carson Premium -Kollektion immer perfekt sein. Als \u201eInnovator by Tradition\u201c f\u00fcgt Tissot dem die Anerkennung und Kraft seines Namens hinzu, der international f\u00fcr die Qualit\u00e4t seiner Swiss Made Produkte ger\u00fchmt wird. Die Tissot Carson Premium pr\u00e4sentiert sich in unterschiedlichen Ausf\u00fchrungen mit Leder-&#8230;  <a class=\"excerpt-read-more\" href=\"https:\/\/galli.ch\/en\/uhren\/tissot\/t-classic\/carson-premium-lady-t122-210-16-033-00\/\" title=\"Read Tissot Carson Premium Lady\">Weiter &raquo;<\/a><\/p>\n","protected":false},"featured_media":6437,"template":"","meta":{"_acf_changed":false,"inline_featured_image":false},"product_brand":[],"product_cat":[188],"product_tag":[],"class_list":{"0":"post-6489","1":"product","2":"type-product","3":"status-publish","4":"has-post-thumbnail","6":"uhrenhersteller-tissot","7":"uhrenhersteller-t-classic","8":"product_cat-uhren","10":"first","11":"outofstock","12":"taxable","13":"shipping-taxable","14":"purchasable","15":"product-type-simple"},"acf":[],"yoast_head":"<!-- This site is optimized with the Yoast SEO plugin v25.5 - https:\/\/yoast.com\/wordpress\/plugins\/seo\/ -->\n<title>Tissot Carson Premium Lady - Galli Uhren Bijouterie<\/title>\n<meta name=\"robots\" content=\"index, follow, max-snippet:-1, max-image-preview:large, max-video-preview:-1\" \/>\n<link rel=\"canonical\" href=\"https:\/\/galli.ch\/uhren\/tissot\/t-classic\/carson-premium-lady-t122-210-16-033-00\/\" \/>\n<meta property=\"og:locale\" content=\"en_US\" \/>\n<meta property=\"og:type\" content=\"article\" \/>\n<meta property=\"og:title\" content=\"Tissot Carson Premium Lady - Galli Uhren Bijouterie\" \/>\n<meta property=\"og:description\" content=\"Durch ihr puristisches Design, ihre Stilsicherheit und die schmeichelhaften Veredelungen wird die Tissot Carson Premium -Kollektion immer perfekt sein. Als \u201eInnovator by Tradition\u201c f\u00fcgt Tissot dem die Anerkennung und Kraft seines Namens hinzu, der international f\u00fcr die Qualit\u00e4t seiner Swiss Made Produkte ger\u00fchmt wird. Die Tissot Carson Premium pr\u00e4sentiert sich in unterschiedlichen Ausf\u00fchrungen mit Leder-... Weiter &raquo;\" \/>\n<meta property=\"og:url\" content=\"https:\/\/galli.ch\/uhren\/tissot\/t-classic\/carson-premium-lady-t122-210-16-033-00\/\" \/>\n<meta property=\"og:site_name\" content=\"Galli Uhren Bijouterie\" \/>\n<meta property=\"article:modified_time\" content=\"2025-03-13T12:44:22+00:00\" \/>\n<meta property=\"og:image\" content=\"https:\/\/galli.ch\/wp-content\/uploads\/T122_210_16_033_00.png\" \/>\n\t<meta property=\"og:image:width\" content=\"1000\" \/>\n\t<meta property=\"og:image:height\" content=\"1400\" \/>\n\t<meta property=\"og:image:type\" content=\"image\/png\" \/>\n<meta name=\"twitter:card\" content=\"summary_large_image\" \/>\n<script type=\"application\/ld+json\" class=\"yoast-schema-graph\">{\"@context\":\"https:\/\/schema.org\",\"@graph\":[{\"@type\":\"WebPage\",\"@id\":\"https:\/\/galli.ch\/uhren\/tissot\/t-classic\/carson-premium-lady-t122-210-16-033-00\/\",\"url\":\"https:\/\/galli.ch\/uhren\/tissot\/t-classic\/carson-premium-lady-t122-210-16-033-00\/\",\"name\":\"Tissot Carson Premium Lady - Galli Uhren Bijouterie\",\"isPartOf\":{\"@id\":\"http:\/\/galli.ch\/en\/#website\"},\"primaryImageOfPage\":{\"@id\":\"https:\/\/galli.ch\/uhren\/tissot\/t-classic\/carson-premium-lady-t122-210-16-033-00\/#primaryimage\"},\"image\":{\"@id\":\"https:\/\/galli.ch\/uhren\/tissot\/t-classic\/carson-premium-lady-t122-210-16-033-00\/#primaryimage\"},\"thumbnailUrl\":\"https:\/\/galli.ch\/wp-content\/uploads\/T122_210_16_033_00.png\",\"datePublished\":\"2019-11-28T15:10:36+00:00\",\"dateModified\":\"2025-03-13T12:44:22+00:00\",\"breadcrumb\":{\"@id\":\"https:\/\/galli.ch\/uhren\/tissot\/t-classic\/carson-premium-lady-t122-210-16-033-00\/#breadcrumb\"},\"inLanguage\":\"en-US\",\"potentialAction\":[{\"@type\":\"ReadAction\",\"target\":[\"https:\/\/galli.ch\/uhren\/tissot\/t-classic\/carson-premium-lady-t122-210-16-033-00\/\"]}]},{\"@type\":\"ImageObject\",\"inLanguage\":\"en-US\",\"@id\":\"https:\/\/galli.ch\/uhren\/tissot\/t-classic\/carson-premium-lady-t122-210-16-033-00\/#primaryimage\",\"url\":\"https:\/\/galli.ch\/wp-content\/uploads\/T122_210_16_033_00.png\",\"contentUrl\":\"https:\/\/galli.ch\/wp-content\/uploads\/T122_210_16_033_00.png\",\"width\":1000,\"height\":1400,\"caption\":\"tissot-carson-premium-lady\"},{\"@type\":\"BreadcrumbList\",\"@id\":\"https:\/\/galli.ch\/uhren\/tissot\/t-classic\/carson-premium-lady-t122-210-16-033-00\/#breadcrumb\",\"itemListElement\":[{\"@type\":\"ListItem\",\"position\":1,\"name\":\"Home\",\"item\":\"https:\/\/galli.ch\/en\/\"},{\"@type\":\"ListItem\",\"position\":2,\"name\":\"Uhren\",\"item\":\"https:\/\/galli.ch\/en\/uhren\/\"},{\"@type\":\"ListItem\",\"position\":3,\"name\":\"Carson Premium Lady\"}]},{\"@type\":\"WebSite\",\"@id\":\"http:\/\/galli.ch\/en\/#website\",\"url\":\"http:\/\/galli.ch\/en\/\",\"name\":\"Galli Uhren Bijouterie\",\"description\":\"\",\"potentialAction\":[{\"@type\":\"SearchAction\",\"target\":{\"@type\":\"EntryPoint\",\"urlTemplate\":\"http:\/\/galli.ch\/en\/?s={search_term_string}\"},\"query-input\":{\"@type\":\"PropertyValueSpecification\",\"valueRequired\":true,\"valueName\":\"search_term_string\"}}],\"inLanguage\":\"en-US\"}]}<\/script>\n<!-- \/ Yoast SEO plugin. -->","yoast_head_json":{"title":"Tissot Carson Premium Lady - Galli Uhren Bijouterie","robots":{"index":"index","follow":"follow","max-snippet":"max-snippet:-1","max-image-preview":"max-image-preview:large","max-video-preview":"max-video-preview:-1"},"canonical":"https:\/\/galli.ch\/uhren\/tissot\/t-classic\/carson-premium-lady-t122-210-16-033-00\/","og_locale":"en_US","og_type":"article","og_title":"Tissot Carson Premium Lady - Galli Uhren Bijouterie","og_description":"Durch ihr puristisches Design, ihre Stilsicherheit und die schmeichelhaften Veredelungen wird die Tissot Carson Premium -Kollektion immer perfekt sein. Als \u201eInnovator by Tradition\u201c f\u00fcgt Tissot dem die Anerkennung und Kraft seines Namens hinzu, der international f\u00fcr die Qualit\u00e4t seiner Swiss Made Produkte ger\u00fchmt wird. Die Tissot Carson Premium pr\u00e4sentiert sich in unterschiedlichen Ausf\u00fchrungen mit Leder-... Weiter &raquo;","og_url":"https:\/\/galli.ch\/uhren\/tissot\/t-classic\/carson-premium-lady-t122-210-16-033-00\/","og_site_name":"Galli Uhren Bijouterie","article_modified_time":"2025-03-13T12:44:22+00:00","og_image":[{"width":1000,"height":1400,"url":"https:\/\/galli.ch\/wp-content\/uploads\/T122_210_16_033_00.png","type":"image\/png"}],"twitter_card":"summary_large_image","schema":{"@context":"https:\/\/schema.org","@graph":[{"@type":"WebPage","@id":"https:\/\/galli.ch\/uhren\/tissot\/t-classic\/carson-premium-lady-t122-210-16-033-00\/","url":"https:\/\/galli.ch\/uhren\/tissot\/t-classic\/carson-premium-lady-t122-210-16-033-00\/","name":"Tissot Carson Premium Lady - Galli Uhren Bijouterie","isPartOf":{"@id":"http:\/\/galli.ch\/en\/#website"},"primaryImageOfPage":{"@id":"https:\/\/galli.ch\/uhren\/tissot\/t-classic\/carson-premium-lady-t122-210-16-033-00\/#primaryimage"},"image":{"@id":"https:\/\/galli.ch\/uhren\/tissot\/t-classic\/carson-premium-lady-t122-210-16-033-00\/#primaryimage"},"thumbnailUrl":"https:\/\/galli.ch\/wp-content\/uploads\/T122_210_16_033_00.png","datePublished":"2019-11-28T15:10:36+00:00","dateModified":"2025-03-13T12:44:22+00:00","breadcrumb":{"@id":"https:\/\/galli.ch\/uhren\/tissot\/t-classic\/carson-premium-lady-t122-210-16-033-00\/#breadcrumb"},"inLanguage":"en-US","potentialAction":[{"@type":"ReadAction","target":["https:\/\/galli.ch\/uhren\/tissot\/t-classic\/carson-premium-lady-t122-210-16-033-00\/"]}]},{"@type":"ImageObject","inLanguage":"en-US","@id":"https:\/\/galli.ch\/uhren\/tissot\/t-classic\/carson-premium-lady-t122-210-16-033-00\/#primaryimage","url":"https:\/\/galli.ch\/wp-content\/uploads\/T122_210_16_033_00.png","contentUrl":"https:\/\/galli.ch\/wp-content\/uploads\/T122_210_16_033_00.png","width":1000,"height":1400,"caption":"tissot-carson-premium-lady"},{"@type":"BreadcrumbList","@id":"https:\/\/galli.ch\/uhren\/tissot\/t-classic\/carson-premium-lady-t122-210-16-033-00\/#breadcrumb","itemListElement":[{"@type":"ListItem","position":1,"name":"Home","item":"https:\/\/galli.ch\/en\/"},{"@type":"ListItem","position":2,"name":"Uhren","item":"https:\/\/galli.ch\/en\/uhren\/"},{"@type":"ListItem","position":3,"name":"Carson Premium Lady"}]},{"@type":"WebSite","@id":"http:\/\/galli.ch\/en\/#website","url":"http:\/\/galli.ch\/en\/","name":"Galli Uhren Bijouterie","description":"","potentialAction":[{"@type":"SearchAction","target":{"@type":"EntryPoint","urlTemplate":"http:\/\/galli.ch\/en\/?s={search_term_string}"},"query-input":{"@type":"PropertyValueSpecification","valueRequired":true,"valueName":"search_term_string"}}],"inLanguage":"en-US"}]}},"_links":{"self":[{"href":"https:\/\/galli.ch\/en\/wp-json\/wp\/v2\/product\/6489","targetHints":{"allow":["GET"]}}],"collection":[{"href":"https:\/\/galli.ch\/en\/wp-json\/wp\/v2\/product"}],"about":[{"href":"https:\/\/galli.ch\/en\/wp-json\/wp\/v2\/types\/product"}],"wp:featuredmedia":[{"embeddable":true,"href":"https:\/\/galli.ch\/en\/wp-json\/wp\/v2\/media\/6437"}],"wp:attachment":[{"href":"https:\/\/galli.ch\/en\/wp-json\/wp\/v2\/media?parent=6489"}],"wp:term":[{"taxonomy":"product_brand","embeddable":true,"href":"https:\/\/galli.ch\/en\/wp-json\/wp\/v2\/product_brand?post=6489"},{"taxonomy":"product_cat","embeddable":true,"href":"https:\/\/galli.ch\/en\/wp-json\/wp\/v2\/product_cat?post=6489"},{"taxonomy":"product_tag","embeddable":true,"href":"https:\/\/galli.ch\/en\/wp-json\/wp\/v2\/product_tag?post=6489"}],"curies":[{"name":"wp","href":"https:\/\/api.w.org\/{rel}","templated":true}]}}