{"id":6499,"date":"2019-12-05T15:03:08","date_gmt":"2019-12-05T13:03:08","guid":{"rendered":"http:\/\/galli.ch\/?post_type=uhren&#038;p=6499"},"modified":"2026-04-20T18:17:36","modified_gmt":"2026-04-20T16:17:36","slug":"diver-300m-007-edition-210-90-42-20-01-001","status":"publish","type":"product","link":"https:\/\/galli.ch\/en\/uhren\/omega\/seamaster\/diver-300m-007-edition-210-90-42-20-01-001\/","title":{"rendered":"Omega Seamaster Diver 300M 007 Edition"},"content":{"rendered":"<p>Das 25. James Bond Abenteuer, Keine Zeit Zu Sterben, kam im Oktober 2021 in die Kinos. Der Zeitmesser aus dem Film erg\u00e4nzt als unlimitierte Uhr die aktuelle Seamaster Kollektion.<\/p>\n<p>Bei der Konzeption der neuen Seamaster Diver 300M 007 Edition wurden auch milit\u00e4rische Bed\u00fcrfnisse ber\u00fccksichtigt und es flossen sogar Inputs von Daniel Craig sowie der 007- Produzenten mit ein. OMEGA stand w\u00e4hrend des gesamten Designprozesses in engem Kontakt mit dem Schauspieler, der durch sein besonderes Verh\u00e4ltnis zur Figur James Bond weiss, welche Anforderungen ein Spion an eine Uhr haben k\u00f6nnte.<\/p>\n<p>Sowohl das 42 Millimeter Geh\u00e4use als auch das Mesh-Armband mit seiner innovativen, verstellbaren Schliesse wurden aus Titan Grade 2 gefertigt. Das Material ist robust und leicht zugleich \u2013 ideal f\u00fcr einen Undercover-Agenten.<\/p>\n","protected":false},"excerpt":{"rendered":"<p>Das 25. James Bond Abenteuer, Keine Zeit Zu Sterben, kam im Oktober 2021 in die Kinos. Der Zeitmesser aus dem Film erg\u00e4nzt als unlimitierte Uhr die aktuelle Seamaster Kollektion. Bei der Konzeption der neuen Seamaster Diver 300M 007 Edition wurden auch milit\u00e4rische Bed\u00fcrfnisse ber\u00fccksichtigt und es flossen sogar Inputs von Daniel Craig sowie der 007-&#8230;  <a class=\"excerpt-read-more\" href=\"https:\/\/galli.ch\/en\/uhren\/omega\/seamaster\/diver-300m-007-edition-210-90-42-20-01-001\/\" title=\"Read Omega Seamaster Diver 300M 007 Edition\">Weiter &raquo;<\/a><\/p>\n","protected":false},"featured_media":6497,"template":"","meta":{"_acf_changed":false,"inline_featured_image":false},"product_brand":[],"product_cat":[188],"product_tag":[],"class_list":{"0":"post-6499","1":"product","2":"type-product","3":"status-publish","4":"has-post-thumbnail","6":"uhrenhersteller-omega","7":"uhrenhersteller-seamaster","8":"product_cat-uhren","10":"first","11":"outofstock","12":"taxable","13":"shipping-taxable","14":"purchasable","15":"product-type-simple"},"acf":[],"yoast_head":"<!-- This site is optimized with the Yoast SEO plugin v25.5 - https:\/\/yoast.com\/wordpress\/plugins\/seo\/ -->\n<title>Omega Seamaster Diver 300M 007 Edition - Galli Uhren Bijouterie<\/title>\n<meta name=\"description\" content=\"Das 25. James Bond Abenteuer, Keine Zeit Zu Sterben, kommt im April 2020 in die Kinos \u2013 Getragen wird dieses Modell von James Bond h\u00f6chstpers\u00f6nlich.\" \/>\n<meta name=\"robots\" content=\"index, follow, max-snippet:-1, max-image-preview:large, max-video-preview:-1\" \/>\n<link rel=\"canonical\" href=\"https:\/\/galli.ch\/uhren\/omega\/seamaster\/diver-300m-007-edition-210-90-42-20-01-001\/\" \/>\n<meta property=\"og:locale\" content=\"en_US\" \/>\n<meta property=\"og:type\" content=\"article\" \/>\n<meta property=\"og:title\" content=\"Omega Seamaster Diver 300M 007 Edition - Galli Uhren Bijouterie\" \/>\n<meta property=\"og:description\" content=\"Das 25. James Bond Abenteuer, Keine Zeit Zu Sterben, kommt im April 2020 in die Kinos \u2013 Getragen wird dieses Modell von James Bond h\u00f6chstpers\u00f6nlich.\" \/>\n<meta property=\"og:url\" content=\"https:\/\/galli.ch\/uhren\/omega\/seamaster\/diver-300m-007-edition-210-90-42-20-01-001\/\" \/>\n<meta property=\"og:site_name\" content=\"Galli Uhren Bijouterie\" \/>\n<meta property=\"article:modified_time\" content=\"2026-04-20T16:17:36+00:00\" \/>\n<meta property=\"og:image\" content=\"https:\/\/galli.ch\/wp-content\/uploads\/omega-seamaster-diver-300m-21090422001001-1-product-zoom.png\" \/>\n\t<meta property=\"og:image:width\" content=\"1000\" \/>\n\t<meta property=\"og:image:height\" content=\"1400\" \/>\n\t<meta property=\"og:image:type\" content=\"image\/png\" \/>\n<meta name=\"twitter:card\" content=\"summary_large_image\" \/>\n<script type=\"application\/ld+json\" class=\"yoast-schema-graph\">{\"@context\":\"https:\/\/schema.org\",\"@graph\":[{\"@type\":\"WebPage\",\"@id\":\"https:\/\/galli.ch\/uhren\/omega\/seamaster\/diver-300m-007-edition-210-90-42-20-01-001\/\",\"url\":\"https:\/\/galli.ch\/uhren\/omega\/seamaster\/diver-300m-007-edition-210-90-42-20-01-001\/\",\"name\":\"Omega Seamaster Diver 300M 007 Edition - Galli Uhren Bijouterie\",\"isPartOf\":{\"@id\":\"http:\/\/galli.ch\/en\/#website\"},\"primaryImageOfPage\":{\"@id\":\"https:\/\/galli.ch\/uhren\/omega\/seamaster\/diver-300m-007-edition-210-90-42-20-01-001\/#primaryimage\"},\"image\":{\"@id\":\"https:\/\/galli.ch\/uhren\/omega\/seamaster\/diver-300m-007-edition-210-90-42-20-01-001\/#primaryimage\"},\"thumbnailUrl\":\"https:\/\/galli.ch\/wp-content\/uploads\/omega-seamaster-diver-300m-21090422001001-1-product-zoom.png\",\"datePublished\":\"2019-12-05T13:03:08+00:00\",\"dateModified\":\"2026-04-20T16:17:36+00:00\",\"description\":\"Das 25. James Bond Abenteuer, Keine Zeit Zu Sterben, kommt im April 2020 in die Kinos \u2013 Getragen wird dieses Modell von James Bond h\u00f6chstpers\u00f6nlich.\",\"breadcrumb\":{\"@id\":\"https:\/\/galli.ch\/uhren\/omega\/seamaster\/diver-300m-007-edition-210-90-42-20-01-001\/#breadcrumb\"},\"inLanguage\":\"en-US\",\"potentialAction\":[{\"@type\":\"ReadAction\",\"target\":[\"https:\/\/galli.ch\/uhren\/omega\/seamaster\/diver-300m-007-edition-210-90-42-20-01-001\/\"]}]},{\"@type\":\"ImageObject\",\"inLanguage\":\"en-US\",\"@id\":\"https:\/\/galli.ch\/uhren\/omega\/seamaster\/diver-300m-007-edition-210-90-42-20-01-001\/#primaryimage\",\"url\":\"https:\/\/galli.ch\/wp-content\/uploads\/omega-seamaster-diver-300m-21090422001001-1-product-zoom.png\",\"contentUrl\":\"https:\/\/galli.ch\/wp-content\/uploads\/omega-seamaster-diver-300m-21090422001001-1-product-zoom.png\",\"width\":1000,\"height\":1400,\"caption\":\"omega-seamaster-diver-007-edition\"},{\"@type\":\"BreadcrumbList\",\"@id\":\"https:\/\/galli.ch\/uhren\/omega\/seamaster\/diver-300m-007-edition-210-90-42-20-01-001\/#breadcrumb\",\"itemListElement\":[{\"@type\":\"ListItem\",\"position\":1,\"name\":\"Home\",\"item\":\"https:\/\/galli.ch\/en\/\"},{\"@type\":\"ListItem\",\"position\":2,\"name\":\"Uhren\",\"item\":\"https:\/\/galli.ch\/en\/uhren\/\"},{\"@type\":\"ListItem\",\"position\":3,\"name\":\"Omega Seamaster Diver 300M 007 Edition\"}]},{\"@type\":\"WebSite\",\"@id\":\"http:\/\/galli.ch\/en\/#website\",\"url\":\"http:\/\/galli.ch\/en\/\",\"name\":\"Galli Uhren Bijouterie\",\"description\":\"\",\"potentialAction\":[{\"@type\":\"SearchAction\",\"target\":{\"@type\":\"EntryPoint\",\"urlTemplate\":\"http:\/\/galli.ch\/en\/?s={search_term_string}\"},\"query-input\":{\"@type\":\"PropertyValueSpecification\",\"valueRequired\":true,\"valueName\":\"search_term_string\"}}],\"inLanguage\":\"en-US\"}]}<\/script>\n<!-- \/ Yoast SEO plugin. -->","yoast_head_json":{"title":"Omega Seamaster Diver 300M 007 Edition - Galli Uhren Bijouterie","description":"Das 25. James Bond Abenteuer, Keine Zeit Zu Sterben, kommt im April 2020 in die Kinos \u2013 Getragen wird dieses Modell von James Bond h\u00f6chstpers\u00f6nlich.","robots":{"index":"index","follow":"follow","max-snippet":"max-snippet:-1","max-image-preview":"max-image-preview:large","max-video-preview":"max-video-preview:-1"},"canonical":"https:\/\/galli.ch\/uhren\/omega\/seamaster\/diver-300m-007-edition-210-90-42-20-01-001\/","og_locale":"en_US","og_type":"article","og_title":"Omega Seamaster Diver 300M 007 Edition - Galli Uhren Bijouterie","og_description":"Das 25. James Bond Abenteuer, Keine Zeit Zu Sterben, kommt im April 2020 in die Kinos \u2013 Getragen wird dieses Modell von James Bond h\u00f6chstpers\u00f6nlich.","og_url":"https:\/\/galli.ch\/uhren\/omega\/seamaster\/diver-300m-007-edition-210-90-42-20-01-001\/","og_site_name":"Galli Uhren Bijouterie","article_modified_time":"2026-04-20T16:17:36+00:00","og_image":[{"width":1000,"height":1400,"url":"https:\/\/galli.ch\/wp-content\/uploads\/omega-seamaster-diver-300m-21090422001001-1-product-zoom.png","type":"image\/png"}],"twitter_card":"summary_large_image","schema":{"@context":"https:\/\/schema.org","@graph":[{"@type":"WebPage","@id":"https:\/\/galli.ch\/uhren\/omega\/seamaster\/diver-300m-007-edition-210-90-42-20-01-001\/","url":"https:\/\/galli.ch\/uhren\/omega\/seamaster\/diver-300m-007-edition-210-90-42-20-01-001\/","name":"Omega Seamaster Diver 300M 007 Edition - Galli Uhren Bijouterie","isPartOf":{"@id":"http:\/\/galli.ch\/en\/#website"},"primaryImageOfPage":{"@id":"https:\/\/galli.ch\/uhren\/omega\/seamaster\/diver-300m-007-edition-210-90-42-20-01-001\/#primaryimage"},"image":{"@id":"https:\/\/galli.ch\/uhren\/omega\/seamaster\/diver-300m-007-edition-210-90-42-20-01-001\/#primaryimage"},"thumbnailUrl":"https:\/\/galli.ch\/wp-content\/uploads\/omega-seamaster-diver-300m-21090422001001-1-product-zoom.png","datePublished":"2019-12-05T13:03:08+00:00","dateModified":"2026-04-20T16:17:36+00:00","description":"Das 25. James Bond Abenteuer, Keine Zeit Zu Sterben, kommt im April 2020 in die Kinos \u2013 Getragen wird dieses Modell von James Bond h\u00f6chstpers\u00f6nlich.","breadcrumb":{"@id":"https:\/\/galli.ch\/uhren\/omega\/seamaster\/diver-300m-007-edition-210-90-42-20-01-001\/#breadcrumb"},"inLanguage":"en-US","potentialAction":[{"@type":"ReadAction","target":["https:\/\/galli.ch\/uhren\/omega\/seamaster\/diver-300m-007-edition-210-90-42-20-01-001\/"]}]},{"@type":"ImageObject","inLanguage":"en-US","@id":"https:\/\/galli.ch\/uhren\/omega\/seamaster\/diver-300m-007-edition-210-90-42-20-01-001\/#primaryimage","url":"https:\/\/galli.ch\/wp-content\/uploads\/omega-seamaster-diver-300m-21090422001001-1-product-zoom.png","contentUrl":"https:\/\/galli.ch\/wp-content\/uploads\/omega-seamaster-diver-300m-21090422001001-1-product-zoom.png","width":1000,"height":1400,"caption":"omega-seamaster-diver-007-edition"},{"@type":"BreadcrumbList","@id":"https:\/\/galli.ch\/uhren\/omega\/seamaster\/diver-300m-007-edition-210-90-42-20-01-001\/#breadcrumb","itemListElement":[{"@type":"ListItem","position":1,"name":"Home","item":"https:\/\/galli.ch\/en\/"},{"@type":"ListItem","position":2,"name":"Uhren","item":"https:\/\/galli.ch\/en\/uhren\/"},{"@type":"ListItem","position":3,"name":"Omega Seamaster Diver 300M 007 Edition"}]},{"@type":"WebSite","@id":"http:\/\/galli.ch\/en\/#website","url":"http:\/\/galli.ch\/en\/","name":"Galli Uhren Bijouterie","description":"","potentialAction":[{"@type":"SearchAction","target":{"@type":"EntryPoint","urlTemplate":"http:\/\/galli.ch\/en\/?s={search_term_string}"},"query-input":{"@type":"PropertyValueSpecification","valueRequired":true,"valueName":"search_term_string"}}],"inLanguage":"en-US"}]}},"_links":{"self":[{"href":"https:\/\/galli.ch\/en\/wp-json\/wp\/v2\/product\/6499","targetHints":{"allow":["GET"]}}],"collection":[{"href":"https:\/\/galli.ch\/en\/wp-json\/wp\/v2\/product"}],"about":[{"href":"https:\/\/galli.ch\/en\/wp-json\/wp\/v2\/types\/product"}],"wp:featuredmedia":[{"embeddable":true,"href":"https:\/\/galli.ch\/en\/wp-json\/wp\/v2\/media\/6497"}],"wp:attachment":[{"href":"https:\/\/galli.ch\/en\/wp-json\/wp\/v2\/media?parent=6499"}],"wp:term":[{"taxonomy":"product_brand","embeddable":true,"href":"https:\/\/galli.ch\/en\/wp-json\/wp\/v2\/product_brand?post=6499"},{"taxonomy":"product_cat","embeddable":true,"href":"https:\/\/galli.ch\/en\/wp-json\/wp\/v2\/product_cat?post=6499"},{"taxonomy":"product_tag","embeddable":true,"href":"https:\/\/galli.ch\/en\/wp-json\/wp\/v2\/product_tag?post=6499"}],"curies":[{"name":"wp","href":"https:\/\/api.w.org\/{rel}","templated":true}]}}