{"id":66,"date":"2018-06-21T14:35:54","date_gmt":"2018-06-21T14:35:54","guid":{"rendered":"http:\/\/galli.ch\/?post_type=uhren&#038;p=66"},"modified":"2026-03-30T10:18:18","modified_gmt":"2026-03-30T08:18:18","slug":"cappucino-324-28-38-50-02-002","status":"publish","type":"product","link":"https:\/\/galli.ch\/en\/uhren\/omega\/speedmaster\/cappucino-324-28-38-50-02-002\/","title":{"rendered":"Omega Speedmaster 38 Co-Axial Chronograph"},"content":{"rendered":"<p>Auch wenn sich die Speedmaster 38 mm-Kollektion in \u00e4sthetischer Hinsicht an einer bestimmten Form von Schlichtheit, Gr\u00f6sse und Farbe orientiert, bleibt sie dem Erscheinungsbild und uhrmacherischen Erbe von OMEGAs ber\u00fchmtestem Chronographen treu.<\/p>\n<p>Dieses Modell verf\u00fcgt \u00fcber ein Geh\u00e4use aus Edelstahl und 18 K Sedna\u2122-Gold mit zweiteiligem L\u00fcnettendesign. W\u00e4hrend sich der innere Bereich der L\u00fcnette durch eine Tachymeterskala auf einem braunen Aluminiumring auszeichnet, ist der \u00e4ussere Bereich mit Diamanten besetzt.<\/p>\n<p>Das \u201eCappuccino\u201c-Zifferblatt ist mit horizontal ausgerichteten braunen ovalen Hilfszifferbl\u00e4ttern und einem vertikal ausgerichteten ovalen Datumsfenster bei 6 Uhr best\u00fcckt. W\u00e4hrend die Indizes und Zeiger aus 18 K Sedna\u2122-Gold bestehen, sind der Stunden-, Minuten- und Chronographensekundenzeiger mit weisser Super-LumiNova beschichtet.<\/p>\n<p>Die Uhr wartet mit einem taupe-braunen Lederarmband sowie einem Seepferdchen-Medaillon auf dem Geh\u00e4useboden auf und wird von OMEGAs Co-Axial Kaliber 3330 angetrieben.<\/p>\n","protected":false},"excerpt":{"rendered":"<p>Auch wenn sich die Speedmaster 38 mm-Kollektion in \u00e4sthetischer Hinsicht an einer bestimmten Form von Schlichtheit, Gr\u00f6sse und Farbe orientiert, bleibt sie dem Erscheinungsbild und uhrmacherischen Erbe von OMEGAs ber\u00fchmtestem Chronographen treu. Dieses Modell verf\u00fcgt \u00fcber ein Geh\u00e4use aus Edelstahl und 18 K Sedna\u2122-Gold mit zweiteiligem L\u00fcnettendesign. W\u00e4hrend sich der innere Bereich der L\u00fcnette durch&#8230;  <a class=\"excerpt-read-more\" href=\"https:\/\/galli.ch\/en\/uhren\/omega\/speedmaster\/cappucino-324-28-38-50-02-002\/\" title=\"Read Omega Speedmaster 38 Co-Axial Chronograph\">Weiter &raquo;<\/a><\/p>\n","protected":false},"featured_media":2027,"template":"","meta":{"_acf_changed":false,"inline_featured_image":false},"product_brand":[],"product_cat":[188],"product_tag":[],"class_list":{"0":"post-66","1":"product","2":"type-product","3":"status-publish","4":"has-post-thumbnail","6":"uhrenhersteller-omega","7":"uhrenhersteller-speedmaster","8":"product_cat-uhren","10":"first","11":"instock","12":"taxable","13":"shipping-taxable","14":"purchasable","15":"product-type-simple"},"acf":[],"yoast_head":"<!-- This site is optimized with the Yoast SEO plugin v25.5 - https:\/\/yoast.com\/wordpress\/plugins\/seo\/ -->\n<title>Omega Speedmaster 38 Co-Axial Chronograph - Galli Uhren Bijouterie<\/title>\n<meta name=\"robots\" content=\"index, follow, max-snippet:-1, max-image-preview:large, max-video-preview:-1\" \/>\n<link rel=\"canonical\" href=\"https:\/\/galli.ch\/uhren\/omega\/speedmaster\/cappucino-324-28-38-50-02-002\/\" \/>\n<meta property=\"og:locale\" content=\"en_US\" \/>\n<meta property=\"og:type\" content=\"article\" \/>\n<meta property=\"og:title\" content=\"Omega Speedmaster 38 Co-Axial Chronograph - Galli Uhren Bijouterie\" \/>\n<meta property=\"og:description\" content=\"Auch wenn sich die Speedmaster 38 mm-Kollektion in \u00e4sthetischer Hinsicht an einer bestimmten Form von Schlichtheit, Gr\u00f6sse und Farbe orientiert, bleibt sie dem Erscheinungsbild und uhrmacherischen Erbe von OMEGAs ber\u00fchmtestem Chronographen treu. Dieses Modell verf\u00fcgt \u00fcber ein Geh\u00e4use aus Edelstahl und 18 K Sedna\u2122-Gold mit zweiteiligem L\u00fcnettendesign. W\u00e4hrend sich der innere Bereich der L\u00fcnette durch... Weiter &raquo;\" \/>\n<meta property=\"og:url\" content=\"https:\/\/galli.ch\/uhren\/omega\/speedmaster\/cappucino-324-28-38-50-02-002\/\" \/>\n<meta property=\"og:site_name\" content=\"Galli Uhren Bijouterie\" \/>\n<meta property=\"article:modified_time\" content=\"2026-03-30T08:18:18+00:00\" \/>\n<meta property=\"og:image\" content=\"https:\/\/galli.ch\/wp-content\/uploads\/324-28-38-50-02-002.png\" \/>\n\t<meta property=\"og:image:width\" content=\"1000\" \/>\n\t<meta property=\"og:image:height\" content=\"1400\" \/>\n\t<meta property=\"og:image:type\" content=\"image\/png\" \/>\n<meta name=\"twitter:card\" content=\"summary_large_image\" \/>\n<script type=\"application\/ld+json\" class=\"yoast-schema-graph\">{\"@context\":\"https:\/\/schema.org\",\"@graph\":[{\"@type\":\"WebPage\",\"@id\":\"https:\/\/galli.ch\/uhren\/omega\/speedmaster\/cappucino-324-28-38-50-02-002\/\",\"url\":\"https:\/\/galli.ch\/uhren\/omega\/speedmaster\/cappucino-324-28-38-50-02-002\/\",\"name\":\"Omega Speedmaster 38 Co-Axial Chronograph - Galli Uhren Bijouterie\",\"isPartOf\":{\"@id\":\"http:\/\/galli.ch\/en\/#website\"},\"primaryImageOfPage\":{\"@id\":\"https:\/\/galli.ch\/uhren\/omega\/speedmaster\/cappucino-324-28-38-50-02-002\/#primaryimage\"},\"image\":{\"@id\":\"https:\/\/galli.ch\/uhren\/omega\/speedmaster\/cappucino-324-28-38-50-02-002\/#primaryimage\"},\"thumbnailUrl\":\"https:\/\/galli.ch\/wp-content\/uploads\/324-28-38-50-02-002.png\",\"datePublished\":\"2018-06-21T14:35:54+00:00\",\"dateModified\":\"2026-03-30T08:18:18+00:00\",\"breadcrumb\":{\"@id\":\"https:\/\/galli.ch\/uhren\/omega\/speedmaster\/cappucino-324-28-38-50-02-002\/#breadcrumb\"},\"inLanguage\":\"en-US\",\"potentialAction\":[{\"@type\":\"ReadAction\",\"target\":[\"https:\/\/galli.ch\/uhren\/omega\/speedmaster\/cappucino-324-28-38-50-02-002\/\"]}]},{\"@type\":\"ImageObject\",\"inLanguage\":\"en-US\",\"@id\":\"https:\/\/galli.ch\/uhren\/omega\/speedmaster\/cappucino-324-28-38-50-02-002\/#primaryimage\",\"url\":\"https:\/\/galli.ch\/wp-content\/uploads\/324-28-38-50-02-002.png\",\"contentUrl\":\"https:\/\/galli.ch\/wp-content\/uploads\/324-28-38-50-02-002.png\",\"width\":1000,\"height\":1400,\"caption\":\"Omega Speedmaster\"},{\"@type\":\"BreadcrumbList\",\"@id\":\"https:\/\/galli.ch\/uhren\/omega\/speedmaster\/cappucino-324-28-38-50-02-002\/#breadcrumb\",\"itemListElement\":[{\"@type\":\"ListItem\",\"position\":1,\"name\":\"Home\",\"item\":\"https:\/\/galli.ch\/en\/\"},{\"@type\":\"ListItem\",\"position\":2,\"name\":\"Uhren\",\"item\":\"https:\/\/galli.ch\/en\/uhren\/\"},{\"@type\":\"ListItem\",\"position\":3,\"name\":\"Omega Speedmaster 38 Co-Axial Chronograph\"}]},{\"@type\":\"WebSite\",\"@id\":\"http:\/\/galli.ch\/en\/#website\",\"url\":\"http:\/\/galli.ch\/en\/\",\"name\":\"Galli Uhren Bijouterie\",\"description\":\"\",\"potentialAction\":[{\"@type\":\"SearchAction\",\"target\":{\"@type\":\"EntryPoint\",\"urlTemplate\":\"http:\/\/galli.ch\/en\/?s={search_term_string}\"},\"query-input\":{\"@type\":\"PropertyValueSpecification\",\"valueRequired\":true,\"valueName\":\"search_term_string\"}}],\"inLanguage\":\"en-US\"}]}<\/script>\n<!-- \/ Yoast SEO plugin. -->","yoast_head_json":{"title":"Omega Speedmaster 38 Co-Axial Chronograph - Galli Uhren Bijouterie","robots":{"index":"index","follow":"follow","max-snippet":"max-snippet:-1","max-image-preview":"max-image-preview:large","max-video-preview":"max-video-preview:-1"},"canonical":"https:\/\/galli.ch\/uhren\/omega\/speedmaster\/cappucino-324-28-38-50-02-002\/","og_locale":"en_US","og_type":"article","og_title":"Omega Speedmaster 38 Co-Axial Chronograph - Galli Uhren Bijouterie","og_description":"Auch wenn sich die Speedmaster 38 mm-Kollektion in \u00e4sthetischer Hinsicht an einer bestimmten Form von Schlichtheit, Gr\u00f6sse und Farbe orientiert, bleibt sie dem Erscheinungsbild und uhrmacherischen Erbe von OMEGAs ber\u00fchmtestem Chronographen treu. Dieses Modell verf\u00fcgt \u00fcber ein Geh\u00e4use aus Edelstahl und 18 K Sedna\u2122-Gold mit zweiteiligem L\u00fcnettendesign. W\u00e4hrend sich der innere Bereich der L\u00fcnette durch... Weiter &raquo;","og_url":"https:\/\/galli.ch\/uhren\/omega\/speedmaster\/cappucino-324-28-38-50-02-002\/","og_site_name":"Galli Uhren Bijouterie","article_modified_time":"2026-03-30T08:18:18+00:00","og_image":[{"width":1000,"height":1400,"url":"https:\/\/galli.ch\/wp-content\/uploads\/324-28-38-50-02-002.png","type":"image\/png"}],"twitter_card":"summary_large_image","schema":{"@context":"https:\/\/schema.org","@graph":[{"@type":"WebPage","@id":"https:\/\/galli.ch\/uhren\/omega\/speedmaster\/cappucino-324-28-38-50-02-002\/","url":"https:\/\/galli.ch\/uhren\/omega\/speedmaster\/cappucino-324-28-38-50-02-002\/","name":"Omega Speedmaster 38 Co-Axial Chronograph - Galli Uhren Bijouterie","isPartOf":{"@id":"http:\/\/galli.ch\/en\/#website"},"primaryImageOfPage":{"@id":"https:\/\/galli.ch\/uhren\/omega\/speedmaster\/cappucino-324-28-38-50-02-002\/#primaryimage"},"image":{"@id":"https:\/\/galli.ch\/uhren\/omega\/speedmaster\/cappucino-324-28-38-50-02-002\/#primaryimage"},"thumbnailUrl":"https:\/\/galli.ch\/wp-content\/uploads\/324-28-38-50-02-002.png","datePublished":"2018-06-21T14:35:54+00:00","dateModified":"2026-03-30T08:18:18+00:00","breadcrumb":{"@id":"https:\/\/galli.ch\/uhren\/omega\/speedmaster\/cappucino-324-28-38-50-02-002\/#breadcrumb"},"inLanguage":"en-US","potentialAction":[{"@type":"ReadAction","target":["https:\/\/galli.ch\/uhren\/omega\/speedmaster\/cappucino-324-28-38-50-02-002\/"]}]},{"@type":"ImageObject","inLanguage":"en-US","@id":"https:\/\/galli.ch\/uhren\/omega\/speedmaster\/cappucino-324-28-38-50-02-002\/#primaryimage","url":"https:\/\/galli.ch\/wp-content\/uploads\/324-28-38-50-02-002.png","contentUrl":"https:\/\/galli.ch\/wp-content\/uploads\/324-28-38-50-02-002.png","width":1000,"height":1400,"caption":"Omega Speedmaster"},{"@type":"BreadcrumbList","@id":"https:\/\/galli.ch\/uhren\/omega\/speedmaster\/cappucino-324-28-38-50-02-002\/#breadcrumb","itemListElement":[{"@type":"ListItem","position":1,"name":"Home","item":"https:\/\/galli.ch\/en\/"},{"@type":"ListItem","position":2,"name":"Uhren","item":"https:\/\/galli.ch\/en\/uhren\/"},{"@type":"ListItem","position":3,"name":"Omega Speedmaster 38 Co-Axial Chronograph"}]},{"@type":"WebSite","@id":"http:\/\/galli.ch\/en\/#website","url":"http:\/\/galli.ch\/en\/","name":"Galli Uhren Bijouterie","description":"","potentialAction":[{"@type":"SearchAction","target":{"@type":"EntryPoint","urlTemplate":"http:\/\/galli.ch\/en\/?s={search_term_string}"},"query-input":{"@type":"PropertyValueSpecification","valueRequired":true,"valueName":"search_term_string"}}],"inLanguage":"en-US"}]}},"_links":{"self":[{"href":"https:\/\/galli.ch\/en\/wp-json\/wp\/v2\/product\/66","targetHints":{"allow":["GET"]}}],"collection":[{"href":"https:\/\/galli.ch\/en\/wp-json\/wp\/v2\/product"}],"about":[{"href":"https:\/\/galli.ch\/en\/wp-json\/wp\/v2\/types\/product"}],"wp:featuredmedia":[{"embeddable":true,"href":"https:\/\/galli.ch\/en\/wp-json\/wp\/v2\/media\/2027"}],"wp:attachment":[{"href":"https:\/\/galli.ch\/en\/wp-json\/wp\/v2\/media?parent=66"}],"wp:term":[{"taxonomy":"product_brand","embeddable":true,"href":"https:\/\/galli.ch\/en\/wp-json\/wp\/v2\/product_brand?post=66"},{"taxonomy":"product_cat","embeddable":true,"href":"https:\/\/galli.ch\/en\/wp-json\/wp\/v2\/product_cat?post=66"},{"taxonomy":"product_tag","embeddable":true,"href":"https:\/\/galli.ch\/en\/wp-json\/wp\/v2\/product_tag?post=66"}],"curies":[{"name":"wp","href":"https:\/\/api.w.org\/{rel}","templated":true}]}}