{"id":6617,"date":"2020-01-09T10:48:39","date_gmt":"2020-01-09T08:48:39","guid":{"rendered":"http:\/\/galli.ch\/?post_type=uhren&#038;p=6617"},"modified":"2026-05-02T10:18:12","modified_gmt":"2026-05-02T08:18:12","slug":"moonwatch-chronograph-321","status":"publish","type":"product","link":"https:\/\/galli.ch\/en\/uhren\/omega\/speedmaster\/moonwatch-chronograph-321\/","title":{"rendered":"Omega Moonwatch Chronograph 321"},"content":{"rendered":"<p>Als der Astronaut Edward White 1965 als erster Amerikaner einen Weltraumspaziergang absolvierte, trug er eine Speedmaster ST 105.003 an seinem Handgelenk. Und von genau diesem Modell ist auch der im 2020 pr\u00e4sentierte OMEGA Zeitmesser inspiriert. Das 39,7-Millimeter-Geh\u00e4use aus Edelstahl wurde vom Stil der Speedmaster der 3. Generation beeinflusst, wie sie auch Ed White auf dem Arm hatte.<\/p>\n<p>Nach umfangreicher Recherche wurden die besonders einzigartigen und ikonischen Teile des Kaliber 321 (welches seid 1968 nicht mehr serienm\u00e4ssig produziert wurde)\u00a0 in einer eigenen Werkstatt rekonstruiert und passend zum 50-j\u00e4hrigen Jubil\u00e4um der ersten Mondlandung lanciert. Da ein so sch\u00f6nes Uhrwerk wie das Kaliber 321 nat\u00fcrlich sichtbar sein sollte, kann es jederzeit durch den Saphirglasboden bewundert werden.<\/p>\n<p>Den L\u00fcnettenring aus polierter schwarzer Keramik ziert eine Tachymeterskala aus weissem Emaille. Auf dem Zifferblatt im \u201estep dial\u201c-Look finden sich die typischen Moonwatch-Zeiger inklusive zentralem Chronographen-Zeiger sowie die Hilfszifferbl\u00e4tter f\u00fcr die kleine Sekunde, 30-Minuten- und 12-Stunden-Z\u00e4hler.<\/p>\n","protected":false},"excerpt":{"rendered":"<p>Als der Astronaut Edward White 1965 als erster Amerikaner einen Weltraumspaziergang absolvierte, trug er eine Speedmaster ST 105.003 an seinem Handgelenk. Und von genau diesem Modell ist auch der im 2020 pr\u00e4sentierte OMEGA Zeitmesser inspiriert. Das 39,7-Millimeter-Geh\u00e4use aus Edelstahl wurde vom Stil der Speedmaster der 3. Generation beeinflusst, wie sie auch Ed White auf dem&#8230;  <a class=\"excerpt-read-more\" href=\"https:\/\/galli.ch\/en\/uhren\/omega\/speedmaster\/moonwatch-chronograph-321\/\" title=\"Read Omega Moonwatch Chronograph 321\">Weiter &raquo;<\/a><\/p>\n","protected":false},"featured_media":6615,"template":"","meta":{"_acf_changed":false,"inline_featured_image":false},"product_brand":[],"product_cat":[188],"product_tag":[],"class_list":{"0":"post-6617","1":"product","2":"type-product","3":"status-publish","4":"has-post-thumbnail","6":"uhrenhersteller-omega","7":"uhrenhersteller-speedmaster","8":"product_cat-uhren","10":"first","11":"outofstock","12":"taxable","13":"shipping-taxable","14":"purchasable","15":"product-type-simple"},"acf":[],"yoast_head":"<!-- This site is optimized with the Yoast SEO plugin v25.5 - https:\/\/yoast.com\/wordpress\/plugins\/seo\/ -->\n<title>Omega Moonwatch Chronograph 321 - Galli Uhren Bijouterie<\/title>\n<meta name=\"robots\" content=\"index, follow, max-snippet:-1, max-image-preview:large, max-video-preview:-1\" \/>\n<link rel=\"canonical\" href=\"https:\/\/galli.ch\/uhren\/omega\/speedmaster\/moonwatch-chronograph-321\/\" \/>\n<meta property=\"og:locale\" content=\"en_US\" \/>\n<meta property=\"og:type\" content=\"article\" \/>\n<meta property=\"og:title\" content=\"Omega Moonwatch Chronograph 321 - Galli Uhren Bijouterie\" \/>\n<meta property=\"og:description\" content=\"Als der Astronaut Edward White 1965 als erster Amerikaner einen Weltraumspaziergang absolvierte, trug er eine Speedmaster ST 105.003 an seinem Handgelenk. Und von genau diesem Modell ist auch der im 2020 pr\u00e4sentierte OMEGA Zeitmesser inspiriert. Das 39,7-Millimeter-Geh\u00e4use aus Edelstahl wurde vom Stil der Speedmaster der 3. Generation beeinflusst, wie sie auch Ed White auf dem... Weiter &raquo;\" \/>\n<meta property=\"og:url\" content=\"https:\/\/galli.ch\/uhren\/omega\/speedmaster\/moonwatch-chronograph-321\/\" \/>\n<meta property=\"og:site_name\" content=\"Galli Uhren Bijouterie\" \/>\n<meta property=\"article:modified_time\" content=\"2026-05-02T08:18:12+00:00\" \/>\n<meta property=\"og:image\" content=\"https:\/\/galli.ch\/wp-content\/uploads\/omega-speedmaster-moonwatch-31130403001001-1-product-zoom.png\" \/>\n\t<meta property=\"og:image:width\" content=\"1000\" \/>\n\t<meta property=\"og:image:height\" content=\"1400\" \/>\n\t<meta property=\"og:image:type\" content=\"image\/png\" \/>\n<meta name=\"twitter:card\" content=\"summary_large_image\" \/>\n<script type=\"application\/ld+json\" class=\"yoast-schema-graph\">{\"@context\":\"https:\/\/schema.org\",\"@graph\":[{\"@type\":\"WebPage\",\"@id\":\"https:\/\/galli.ch\/uhren\/omega\/speedmaster\/moonwatch-chronograph-321\/\",\"url\":\"https:\/\/galli.ch\/uhren\/omega\/speedmaster\/moonwatch-chronograph-321\/\",\"name\":\"Omega Moonwatch Chronograph 321 - Galli Uhren Bijouterie\",\"isPartOf\":{\"@id\":\"http:\/\/galli.ch\/en\/#website\"},\"primaryImageOfPage\":{\"@id\":\"https:\/\/galli.ch\/uhren\/omega\/speedmaster\/moonwatch-chronograph-321\/#primaryimage\"},\"image\":{\"@id\":\"https:\/\/galli.ch\/uhren\/omega\/speedmaster\/moonwatch-chronograph-321\/#primaryimage\"},\"thumbnailUrl\":\"https:\/\/galli.ch\/wp-content\/uploads\/omega-speedmaster-moonwatch-31130403001001-1-product-zoom.png\",\"datePublished\":\"2020-01-09T08:48:39+00:00\",\"dateModified\":\"2026-05-02T08:18:12+00:00\",\"breadcrumb\":{\"@id\":\"https:\/\/galli.ch\/uhren\/omega\/speedmaster\/moonwatch-chronograph-321\/#breadcrumb\"},\"inLanguage\":\"en-US\",\"potentialAction\":[{\"@type\":\"ReadAction\",\"target\":[\"https:\/\/galli.ch\/uhren\/omega\/speedmaster\/moonwatch-chronograph-321\/\"]}]},{\"@type\":\"ImageObject\",\"inLanguage\":\"en-US\",\"@id\":\"https:\/\/galli.ch\/uhren\/omega\/speedmaster\/moonwatch-chronograph-321\/#primaryimage\",\"url\":\"https:\/\/galli.ch\/wp-content\/uploads\/omega-speedmaster-moonwatch-31130403001001-1-product-zoom.png\",\"contentUrl\":\"https:\/\/galli.ch\/wp-content\/uploads\/omega-speedmaster-moonwatch-31130403001001-1-product-zoom.png\",\"width\":1000,\"height\":1400,\"caption\":\"omega-speedmaster-moon-321\"},{\"@type\":\"BreadcrumbList\",\"@id\":\"https:\/\/galli.ch\/uhren\/omega\/speedmaster\/moonwatch-chronograph-321\/#breadcrumb\",\"itemListElement\":[{\"@type\":\"ListItem\",\"position\":1,\"name\":\"Home\",\"item\":\"https:\/\/galli.ch\/en\/\"},{\"@type\":\"ListItem\",\"position\":2,\"name\":\"Uhren\",\"item\":\"https:\/\/galli.ch\/en\/uhren\/\"},{\"@type\":\"ListItem\",\"position\":3,\"name\":\"Omega Moonwatch Chronograph 321\"}]},{\"@type\":\"WebSite\",\"@id\":\"http:\/\/galli.ch\/en\/#website\",\"url\":\"http:\/\/galli.ch\/en\/\",\"name\":\"Galli Uhren Bijouterie\",\"description\":\"\",\"potentialAction\":[{\"@type\":\"SearchAction\",\"target\":{\"@type\":\"EntryPoint\",\"urlTemplate\":\"http:\/\/galli.ch\/en\/?s={search_term_string}\"},\"query-input\":{\"@type\":\"PropertyValueSpecification\",\"valueRequired\":true,\"valueName\":\"search_term_string\"}}],\"inLanguage\":\"en-US\"}]}<\/script>\n<!-- \/ Yoast SEO plugin. -->","yoast_head_json":{"title":"Omega Moonwatch Chronograph 321 - Galli Uhren Bijouterie","robots":{"index":"index","follow":"follow","max-snippet":"max-snippet:-1","max-image-preview":"max-image-preview:large","max-video-preview":"max-video-preview:-1"},"canonical":"https:\/\/galli.ch\/uhren\/omega\/speedmaster\/moonwatch-chronograph-321\/","og_locale":"en_US","og_type":"article","og_title":"Omega Moonwatch Chronograph 321 - Galli Uhren Bijouterie","og_description":"Als der Astronaut Edward White 1965 als erster Amerikaner einen Weltraumspaziergang absolvierte, trug er eine Speedmaster ST 105.003 an seinem Handgelenk. Und von genau diesem Modell ist auch der im 2020 pr\u00e4sentierte OMEGA Zeitmesser inspiriert. Das 39,7-Millimeter-Geh\u00e4use aus Edelstahl wurde vom Stil der Speedmaster der 3. Generation beeinflusst, wie sie auch Ed White auf dem... Weiter &raquo;","og_url":"https:\/\/galli.ch\/uhren\/omega\/speedmaster\/moonwatch-chronograph-321\/","og_site_name":"Galli Uhren Bijouterie","article_modified_time":"2026-05-02T08:18:12+00:00","og_image":[{"width":1000,"height":1400,"url":"https:\/\/galli.ch\/wp-content\/uploads\/omega-speedmaster-moonwatch-31130403001001-1-product-zoom.png","type":"image\/png"}],"twitter_card":"summary_large_image","schema":{"@context":"https:\/\/schema.org","@graph":[{"@type":"WebPage","@id":"https:\/\/galli.ch\/uhren\/omega\/speedmaster\/moonwatch-chronograph-321\/","url":"https:\/\/galli.ch\/uhren\/omega\/speedmaster\/moonwatch-chronograph-321\/","name":"Omega Moonwatch Chronograph 321 - Galli Uhren Bijouterie","isPartOf":{"@id":"http:\/\/galli.ch\/en\/#website"},"primaryImageOfPage":{"@id":"https:\/\/galli.ch\/uhren\/omega\/speedmaster\/moonwatch-chronograph-321\/#primaryimage"},"image":{"@id":"https:\/\/galli.ch\/uhren\/omega\/speedmaster\/moonwatch-chronograph-321\/#primaryimage"},"thumbnailUrl":"https:\/\/galli.ch\/wp-content\/uploads\/omega-speedmaster-moonwatch-31130403001001-1-product-zoom.png","datePublished":"2020-01-09T08:48:39+00:00","dateModified":"2026-05-02T08:18:12+00:00","breadcrumb":{"@id":"https:\/\/galli.ch\/uhren\/omega\/speedmaster\/moonwatch-chronograph-321\/#breadcrumb"},"inLanguage":"en-US","potentialAction":[{"@type":"ReadAction","target":["https:\/\/galli.ch\/uhren\/omega\/speedmaster\/moonwatch-chronograph-321\/"]}]},{"@type":"ImageObject","inLanguage":"en-US","@id":"https:\/\/galli.ch\/uhren\/omega\/speedmaster\/moonwatch-chronograph-321\/#primaryimage","url":"https:\/\/galli.ch\/wp-content\/uploads\/omega-speedmaster-moonwatch-31130403001001-1-product-zoom.png","contentUrl":"https:\/\/galli.ch\/wp-content\/uploads\/omega-speedmaster-moonwatch-31130403001001-1-product-zoom.png","width":1000,"height":1400,"caption":"omega-speedmaster-moon-321"},{"@type":"BreadcrumbList","@id":"https:\/\/galli.ch\/uhren\/omega\/speedmaster\/moonwatch-chronograph-321\/#breadcrumb","itemListElement":[{"@type":"ListItem","position":1,"name":"Home","item":"https:\/\/galli.ch\/en\/"},{"@type":"ListItem","position":2,"name":"Uhren","item":"https:\/\/galli.ch\/en\/uhren\/"},{"@type":"ListItem","position":3,"name":"Omega Moonwatch Chronograph 321"}]},{"@type":"WebSite","@id":"http:\/\/galli.ch\/en\/#website","url":"http:\/\/galli.ch\/en\/","name":"Galli Uhren Bijouterie","description":"","potentialAction":[{"@type":"SearchAction","target":{"@type":"EntryPoint","urlTemplate":"http:\/\/galli.ch\/en\/?s={search_term_string}"},"query-input":{"@type":"PropertyValueSpecification","valueRequired":true,"valueName":"search_term_string"}}],"inLanguage":"en-US"}]}},"_links":{"self":[{"href":"https:\/\/galli.ch\/en\/wp-json\/wp\/v2\/product\/6617","targetHints":{"allow":["GET"]}}],"collection":[{"href":"https:\/\/galli.ch\/en\/wp-json\/wp\/v2\/product"}],"about":[{"href":"https:\/\/galli.ch\/en\/wp-json\/wp\/v2\/types\/product"}],"wp:featuredmedia":[{"embeddable":true,"href":"https:\/\/galli.ch\/en\/wp-json\/wp\/v2\/media\/6615"}],"wp:attachment":[{"href":"https:\/\/galli.ch\/en\/wp-json\/wp\/v2\/media?parent=6617"}],"wp:term":[{"taxonomy":"product_brand","embeddable":true,"href":"https:\/\/galli.ch\/en\/wp-json\/wp\/v2\/product_brand?post=6617"},{"taxonomy":"product_cat","embeddable":true,"href":"https:\/\/galli.ch\/en\/wp-json\/wp\/v2\/product_cat?post=6617"},{"taxonomy":"product_tag","embeddable":true,"href":"https:\/\/galli.ch\/en\/wp-json\/wp\/v2\/product_tag?post=6617"}],"curies":[{"name":"wp","href":"https:\/\/api.w.org\/{rel}","templated":true}]}}