{"id":6827,"date":"2020-03-09T14:13:14","date_gmt":"2020-03-09T12:13:14","guid":{"rendered":"http:\/\/galli.ch\/?post_type=uhren&#038;p=6827"},"modified":"2026-03-30T10:14:12","modified_gmt":"2026-03-30T08:14:12","slug":"portugieser-chronograph-iw371605","status":"publish","type":"product","link":"https:\/\/galli.ch\/en\/uhren\/iwc\/portugieser\/portugieser-chronograph-iw371605\/","title":{"rendered":"IWC Portugieser Chronograph"},"content":{"rendered":"<p>Die Portugieser Chronograph ist seit 1998 das begehrteste Modell der Portugieser-Familie. Damals war sie die erste Portugieser-Uhr, von der man Zeit nicht nur ablesen, sondern mit deren Hilfe man sie auch stoppen konnte. Die moderate Geh\u00e4usegr\u00f6sse von 40,9 Millimetern macht den Chronographen auch f\u00fcr schmale Handgelenke attraktiv.<\/p>\n<p>Alles ist harmonisch in das klare Zifferblatt mit umlaufender Pr\u00e4zisionsskala integriert: die vertieften Totalisatoren, die aufgesetzten arabischen Zahlen und die ideal proportionierten Feuille-Zeiger f\u00fcr Stunden und Minuten. Beim Edelstahl-Zeitmesser mit silbernem Zifferblatt setzen die gebl\u00e4uten Zeiger f\u00fcr die Messzeiten farbige Akzente.<\/p>\n<p>Seit Dezember 2019 ist sie nun auch mit Manufakturkaliber und transparentem Geh\u00e4useboden ausgestattet. Der Klassiker, hergestellt in Schaffhausen, gewinnt damit umso mehr an Beliebtheit bei Uhrensammlern.<\/p>\n","protected":false},"excerpt":{"rendered":"<p>Die Portugieser Chronograph ist seit 1998 das begehrteste Modell der Portugieser-Familie. Damals war sie die erste Portugieser-Uhr, von der man Zeit nicht nur ablesen, sondern mit deren Hilfe man sie auch stoppen konnte. Die moderate Geh\u00e4usegr\u00f6sse von 40,9 Millimetern macht den Chronographen auch f\u00fcr schmale Handgelenke attraktiv. Alles ist harmonisch in das klare Zifferblatt mit&#8230;  <a class=\"excerpt-read-more\" href=\"https:\/\/galli.ch\/en\/uhren\/iwc\/portugieser\/portugieser-chronograph-iw371605\/\" title=\"Read IWC Portugieser Chronograph\">Weiter &raquo;<\/a><\/p>\n","protected":false},"featured_media":6815,"template":"","meta":{"_acf_changed":false,"inline_featured_image":false},"product_brand":[],"product_cat":[188],"product_tag":[],"class_list":{"0":"post-6827","1":"product","2":"type-product","3":"status-publish","4":"has-post-thumbnail","6":"uhrenhersteller-iwc","7":"uhrenhersteller-portugieser","8":"product_cat-uhren","10":"first","11":"outofstock","12":"taxable","13":"shipping-taxable","14":"purchasable","15":"product-type-simple"},"acf":[],"yoast_head":"<!-- This site is optimized with the Yoast SEO plugin v25.5 - https:\/\/yoast.com\/wordpress\/plugins\/seo\/ -->\n<title>IWC Portugieser Chronograph - Galli Uhren Bijouterie<\/title>\n<meta name=\"robots\" content=\"index, follow, max-snippet:-1, max-image-preview:large, max-video-preview:-1\" \/>\n<link rel=\"canonical\" href=\"https:\/\/galli.ch\/uhren\/iwc\/portugieser\/portugieser-chronograph-iw371605\/\" \/>\n<meta property=\"og:locale\" content=\"en_US\" \/>\n<meta property=\"og:type\" content=\"article\" \/>\n<meta property=\"og:title\" content=\"IWC Portugieser Chronograph - Galli Uhren Bijouterie\" \/>\n<meta property=\"og:description\" content=\"Die Portugieser Chronograph ist seit 1998 das begehrteste Modell der Portugieser-Familie. Damals war sie die erste Portugieser-Uhr, von der man Zeit nicht nur ablesen, sondern mit deren Hilfe man sie auch stoppen konnte. Die moderate Geh\u00e4usegr\u00f6sse von 40,9 Millimetern macht den Chronographen auch f\u00fcr schmale Handgelenke attraktiv. Alles ist harmonisch in das klare Zifferblatt mit... Weiter &raquo;\" \/>\n<meta property=\"og:url\" content=\"https:\/\/galli.ch\/uhren\/iwc\/portugieser\/portugieser-chronograph-iw371605\/\" \/>\n<meta property=\"og:site_name\" content=\"Galli Uhren Bijouterie\" \/>\n<meta property=\"article:modified_time\" content=\"2026-03-30T08:14:12+00:00\" \/>\n<meta property=\"og:image\" content=\"https:\/\/galli.ch\/wp-content\/uploads\/iw371605.png\" \/>\n\t<meta property=\"og:image:width\" content=\"1000\" \/>\n\t<meta property=\"og:image:height\" content=\"1400\" \/>\n\t<meta property=\"og:image:type\" content=\"image\/png\" \/>\n<meta name=\"twitter:card\" content=\"summary_large_image\" \/>\n<script type=\"application\/ld+json\" class=\"yoast-schema-graph\">{\"@context\":\"https:\/\/schema.org\",\"@graph\":[{\"@type\":\"WebPage\",\"@id\":\"https:\/\/galli.ch\/uhren\/iwc\/portugieser\/portugieser-chronograph-iw371605\/\",\"url\":\"https:\/\/galli.ch\/uhren\/iwc\/portugieser\/portugieser-chronograph-iw371605\/\",\"name\":\"IWC Portugieser Chronograph - Galli Uhren Bijouterie\",\"isPartOf\":{\"@id\":\"http:\/\/galli.ch\/en\/#website\"},\"primaryImageOfPage\":{\"@id\":\"https:\/\/galli.ch\/uhren\/iwc\/portugieser\/portugieser-chronograph-iw371605\/#primaryimage\"},\"image\":{\"@id\":\"https:\/\/galli.ch\/uhren\/iwc\/portugieser\/portugieser-chronograph-iw371605\/#primaryimage\"},\"thumbnailUrl\":\"https:\/\/galli.ch\/wp-content\/uploads\/iw371605.png\",\"datePublished\":\"2020-03-09T12:13:14+00:00\",\"dateModified\":\"2026-03-30T08:14:12+00:00\",\"breadcrumb\":{\"@id\":\"https:\/\/galli.ch\/uhren\/iwc\/portugieser\/portugieser-chronograph-iw371605\/#breadcrumb\"},\"inLanguage\":\"en-US\",\"potentialAction\":[{\"@type\":\"ReadAction\",\"target\":[\"https:\/\/galli.ch\/uhren\/iwc\/portugieser\/portugieser-chronograph-iw371605\/\"]}]},{\"@type\":\"ImageObject\",\"inLanguage\":\"en-US\",\"@id\":\"https:\/\/galli.ch\/uhren\/iwc\/portugieser\/portugieser-chronograph-iw371605\/#primaryimage\",\"url\":\"https:\/\/galli.ch\/wp-content\/uploads\/iw371605.png\",\"contentUrl\":\"https:\/\/galli.ch\/wp-content\/uploads\/iw371605.png\",\"width\":1000,\"height\":1400,\"caption\":\"iwc-portugieser-chronograph\"},{\"@type\":\"BreadcrumbList\",\"@id\":\"https:\/\/galli.ch\/uhren\/iwc\/portugieser\/portugieser-chronograph-iw371605\/#breadcrumb\",\"itemListElement\":[{\"@type\":\"ListItem\",\"position\":1,\"name\":\"Home\",\"item\":\"https:\/\/galli.ch\/en\/\"},{\"@type\":\"ListItem\",\"position\":2,\"name\":\"Uhren\",\"item\":\"https:\/\/galli.ch\/en\/uhren\/\"},{\"@type\":\"ListItem\",\"position\":3,\"name\":\"IWC Portugieser Chronograph\"}]},{\"@type\":\"WebSite\",\"@id\":\"http:\/\/galli.ch\/en\/#website\",\"url\":\"http:\/\/galli.ch\/en\/\",\"name\":\"Galli Uhren Bijouterie\",\"description\":\"\",\"potentialAction\":[{\"@type\":\"SearchAction\",\"target\":{\"@type\":\"EntryPoint\",\"urlTemplate\":\"http:\/\/galli.ch\/en\/?s={search_term_string}\"},\"query-input\":{\"@type\":\"PropertyValueSpecification\",\"valueRequired\":true,\"valueName\":\"search_term_string\"}}],\"inLanguage\":\"en-US\"}]}<\/script>\n<!-- \/ Yoast SEO plugin. -->","yoast_head_json":{"title":"IWC Portugieser Chronograph - Galli Uhren Bijouterie","robots":{"index":"index","follow":"follow","max-snippet":"max-snippet:-1","max-image-preview":"max-image-preview:large","max-video-preview":"max-video-preview:-1"},"canonical":"https:\/\/galli.ch\/uhren\/iwc\/portugieser\/portugieser-chronograph-iw371605\/","og_locale":"en_US","og_type":"article","og_title":"IWC Portugieser Chronograph - Galli Uhren Bijouterie","og_description":"Die Portugieser Chronograph ist seit 1998 das begehrteste Modell der Portugieser-Familie. Damals war sie die erste Portugieser-Uhr, von der man Zeit nicht nur ablesen, sondern mit deren Hilfe man sie auch stoppen konnte. Die moderate Geh\u00e4usegr\u00f6sse von 40,9 Millimetern macht den Chronographen auch f\u00fcr schmale Handgelenke attraktiv. Alles ist harmonisch in das klare Zifferblatt mit... Weiter &raquo;","og_url":"https:\/\/galli.ch\/uhren\/iwc\/portugieser\/portugieser-chronograph-iw371605\/","og_site_name":"Galli Uhren Bijouterie","article_modified_time":"2026-03-30T08:14:12+00:00","og_image":[{"width":1000,"height":1400,"url":"https:\/\/galli.ch\/wp-content\/uploads\/iw371605.png","type":"image\/png"}],"twitter_card":"summary_large_image","schema":{"@context":"https:\/\/schema.org","@graph":[{"@type":"WebPage","@id":"https:\/\/galli.ch\/uhren\/iwc\/portugieser\/portugieser-chronograph-iw371605\/","url":"https:\/\/galli.ch\/uhren\/iwc\/portugieser\/portugieser-chronograph-iw371605\/","name":"IWC Portugieser Chronograph - Galli Uhren Bijouterie","isPartOf":{"@id":"http:\/\/galli.ch\/en\/#website"},"primaryImageOfPage":{"@id":"https:\/\/galli.ch\/uhren\/iwc\/portugieser\/portugieser-chronograph-iw371605\/#primaryimage"},"image":{"@id":"https:\/\/galli.ch\/uhren\/iwc\/portugieser\/portugieser-chronograph-iw371605\/#primaryimage"},"thumbnailUrl":"https:\/\/galli.ch\/wp-content\/uploads\/iw371605.png","datePublished":"2020-03-09T12:13:14+00:00","dateModified":"2026-03-30T08:14:12+00:00","breadcrumb":{"@id":"https:\/\/galli.ch\/uhren\/iwc\/portugieser\/portugieser-chronograph-iw371605\/#breadcrumb"},"inLanguage":"en-US","potentialAction":[{"@type":"ReadAction","target":["https:\/\/galli.ch\/uhren\/iwc\/portugieser\/portugieser-chronograph-iw371605\/"]}]},{"@type":"ImageObject","inLanguage":"en-US","@id":"https:\/\/galli.ch\/uhren\/iwc\/portugieser\/portugieser-chronograph-iw371605\/#primaryimage","url":"https:\/\/galli.ch\/wp-content\/uploads\/iw371605.png","contentUrl":"https:\/\/galli.ch\/wp-content\/uploads\/iw371605.png","width":1000,"height":1400,"caption":"iwc-portugieser-chronograph"},{"@type":"BreadcrumbList","@id":"https:\/\/galli.ch\/uhren\/iwc\/portugieser\/portugieser-chronograph-iw371605\/#breadcrumb","itemListElement":[{"@type":"ListItem","position":1,"name":"Home","item":"https:\/\/galli.ch\/en\/"},{"@type":"ListItem","position":2,"name":"Uhren","item":"https:\/\/galli.ch\/en\/uhren\/"},{"@type":"ListItem","position":3,"name":"IWC Portugieser Chronograph"}]},{"@type":"WebSite","@id":"http:\/\/galli.ch\/en\/#website","url":"http:\/\/galli.ch\/en\/","name":"Galli Uhren Bijouterie","description":"","potentialAction":[{"@type":"SearchAction","target":{"@type":"EntryPoint","urlTemplate":"http:\/\/galli.ch\/en\/?s={search_term_string}"},"query-input":{"@type":"PropertyValueSpecification","valueRequired":true,"valueName":"search_term_string"}}],"inLanguage":"en-US"}]}},"_links":{"self":[{"href":"https:\/\/galli.ch\/en\/wp-json\/wp\/v2\/product\/6827","targetHints":{"allow":["GET"]}}],"collection":[{"href":"https:\/\/galli.ch\/en\/wp-json\/wp\/v2\/product"}],"about":[{"href":"https:\/\/galli.ch\/en\/wp-json\/wp\/v2\/types\/product"}],"wp:featuredmedia":[{"embeddable":true,"href":"https:\/\/galli.ch\/en\/wp-json\/wp\/v2\/media\/6815"}],"wp:attachment":[{"href":"https:\/\/galli.ch\/en\/wp-json\/wp\/v2\/media?parent=6827"}],"wp:term":[{"taxonomy":"product_brand","embeddable":true,"href":"https:\/\/galli.ch\/en\/wp-json\/wp\/v2\/product_brand?post=6827"},{"taxonomy":"product_cat","embeddable":true,"href":"https:\/\/galli.ch\/en\/wp-json\/wp\/v2\/product_cat?post=6827"},{"taxonomy":"product_tag","embeddable":true,"href":"https:\/\/galli.ch\/en\/wp-json\/wp\/v2\/product_tag?post=6827"}],"curies":[{"name":"wp","href":"https:\/\/api.w.org\/{rel}","templated":true}]}}