{"id":6975,"date":"2020-04-07T14:27:08","date_gmt":"2020-04-07T12:27:08","guid":{"rendered":"http:\/\/galli.ch\/?post_type=uhren&#038;p=6975"},"modified":"2026-03-30T10:10:17","modified_gmt":"2026-03-30T08:10:17","slug":"avi-ref-765-1953-re-edition-ab0920131b1x1","status":"publish","type":"product","link":"https:\/\/galli.ch\/en\/uhren\/breitling\/classic-avi\/avi-ref-765-1953-re-edition-ab0920131b1x1\/","title":{"rendered":"Breitling AVI REF. 765 1953 RE-EDITION"},"content":{"rendered":"<p>Bereits in den 1950er-Jahren spielte die originale Co-Pilot Ref. 765 AVI die Hauptrolle neben einer weiteren Legende von Breitling: der Navitimer. Mit ihrem k\u00fchnen Design, ihrer gravierten Drehl\u00fcnette und ihrem besonders gut lesbaren Zifferblatt war die 765 AVI als robuste und zuverl\u00e4ssige Fliegeruhr die perfekte Erg\u00e4nzung zur Navitimer. Die heutige AVI Ref. 765 1953 Re-Edition ist bis ins letzte Detail einer der fr\u00fchen Ausf\u00fchrungen der Co-Pilot Ref. 765 AVI nachempfunden. Ihr ganz in Schwarz gehaltenes Zifferblatt wird von einem stark gew\u00f6lbten Hesalitglas gesch\u00fctzt und verf\u00fcgt \u00fcber die gleichen arabischen Ziffern wie die originale Co-Pilot aus dem Jahr 1953. Das 41-mm-Edelstahlgeh\u00e4use ist ebenso identisch, und die L\u00fcnette wird von drei Schrauben arretiert, die sich an der exakt gleichen Stelle befinden wie bei der Uhr aus dem Jahr 1953.<\/p>\n<p>Es gibt nur zwei Zugest\u00e4ndnisse an die heutige Zeit, durch die sich dieses neue Modell von seinem ber\u00fchmten Vorg\u00e4nger unterscheidet: Die Wasserdichtigkeit wurde auf 3 Bar (30 Meter) erh\u00f6ht, und wer ganz genau schaut, wird sehen, dass die Aufschrift \u00abGENEVE\u00bb nicht mehr auf dem Zifferblatt zu sehen ist. Angetrieben wird die AVI Ref. 765 1953 Re-Edition vom hauseigenen Breitling-Manufakturkaliber B09. Dieses COSC-zertifizierte Kaliber mit Handaufzug basiert auf dem ber\u00fchmten Breitling-Kaliber 01 und wurde speziell f\u00fcr die Neuauflagen historischer Uhren entwickelt. Die Uhr verf\u00fcgt \u00fcber ein schwarzes Lederarmband im Vintage-Stil mit Dornschliesse und ist auf 1953 St\u00fcck limitiert, die alle die Gravur \u00abONE OF 1953\u00bb tragen.<\/p>\n","protected":false},"excerpt":{"rendered":"<p>Bereits in den 1950er-Jahren spielte die originale Co-Pilot Ref. 765 AVI die Hauptrolle neben einer weiteren Legende von Breitling: der Navitimer. Mit ihrem k\u00fchnen Design, ihrer gravierten Drehl\u00fcnette und ihrem besonders gut lesbaren Zifferblatt war die 765 AVI als robuste und zuverl\u00e4ssige Fliegeruhr die perfekte Erg\u00e4nzung zur Navitimer. Die heutige AVI Ref. 765 1953 Re-Edition&#8230;  <a class=\"excerpt-read-more\" href=\"https:\/\/galli.ch\/en\/uhren\/breitling\/classic-avi\/avi-ref-765-1953-re-edition-ab0920131b1x1\/\" title=\"Read Breitling AVI REF. 765 1953 RE-EDITION\">Weiter &raquo;<\/a><\/p>\n","protected":false},"featured_media":6928,"template":"","meta":{"_acf_changed":false,"inline_featured_image":false},"product_brand":[],"product_cat":[188],"product_tag":[],"class_list":{"0":"post-6975","1":"product","2":"type-product","3":"status-publish","4":"has-post-thumbnail","6":"uhrenhersteller-breitling","7":"uhrenhersteller-classic-avi","8":"product_cat-uhren","10":"first","11":"outofstock","12":"taxable","13":"shipping-taxable","14":"purchasable","15":"product-type-simple"},"acf":[],"yoast_head":"<!-- This site is optimized with the Yoast SEO plugin v25.5 - https:\/\/yoast.com\/wordpress\/plugins\/seo\/ -->\n<title>Breitling AVI REF. 765 1953 RE-EDITION - Galli Uhren Bijouterie<\/title>\n<meta name=\"robots\" content=\"index, follow, max-snippet:-1, max-image-preview:large, max-video-preview:-1\" \/>\n<link rel=\"canonical\" href=\"https:\/\/galli.ch\/uhren\/breitling\/classic-avi\/avi-ref-765-1953-re-edition-ab0920131b1x1\/\" \/>\n<meta property=\"og:locale\" content=\"en_US\" \/>\n<meta property=\"og:type\" content=\"article\" \/>\n<meta property=\"og:title\" content=\"Breitling AVI REF. 765 1953 RE-EDITION - Galli Uhren Bijouterie\" \/>\n<meta property=\"og:description\" content=\"Bereits in den 1950er-Jahren spielte die originale Co-Pilot Ref. 765 AVI die Hauptrolle neben einer weiteren Legende von Breitling: der Navitimer. Mit ihrem k\u00fchnen Design, ihrer gravierten Drehl\u00fcnette und ihrem besonders gut lesbaren Zifferblatt war die 765 AVI als robuste und zuverl\u00e4ssige Fliegeruhr die perfekte Erg\u00e4nzung zur Navitimer. Die heutige AVI Ref. 765 1953 Re-Edition... Weiter &raquo;\" \/>\n<meta property=\"og:url\" content=\"https:\/\/galli.ch\/uhren\/breitling\/classic-avi\/avi-ref-765-1953-re-edition-ab0920131b1x1\/\" \/>\n<meta property=\"og:site_name\" content=\"Galli Uhren Bijouterie\" \/>\n<meta property=\"article:modified_time\" content=\"2026-03-30T08:10:17+00:00\" \/>\n<meta property=\"og:image\" content=\"https:\/\/galli.ch\/wp-content\/uploads\/ab0920131b1x1-aviator-8-ref-765-avi-1953-re-edition-soldier.png\" \/>\n\t<meta property=\"og:image:width\" content=\"1000\" \/>\n\t<meta property=\"og:image:height\" content=\"1400\" \/>\n\t<meta property=\"og:image:type\" content=\"image\/png\" \/>\n<meta name=\"twitter:card\" content=\"summary_large_image\" \/>\n<script type=\"application\/ld+json\" class=\"yoast-schema-graph\">{\"@context\":\"https:\/\/schema.org\",\"@graph\":[{\"@type\":\"WebPage\",\"@id\":\"https:\/\/galli.ch\/uhren\/breitling\/classic-avi\/avi-ref-765-1953-re-edition-ab0920131b1x1\/\",\"url\":\"https:\/\/galli.ch\/uhren\/breitling\/classic-avi\/avi-ref-765-1953-re-edition-ab0920131b1x1\/\",\"name\":\"Breitling AVI REF. 765 1953 RE-EDITION - Galli Uhren Bijouterie\",\"isPartOf\":{\"@id\":\"http:\/\/galli.ch\/en\/#website\"},\"primaryImageOfPage\":{\"@id\":\"https:\/\/galli.ch\/uhren\/breitling\/classic-avi\/avi-ref-765-1953-re-edition-ab0920131b1x1\/#primaryimage\"},\"image\":{\"@id\":\"https:\/\/galli.ch\/uhren\/breitling\/classic-avi\/avi-ref-765-1953-re-edition-ab0920131b1x1\/#primaryimage\"},\"thumbnailUrl\":\"https:\/\/galli.ch\/wp-content\/uploads\/ab0920131b1x1-aviator-8-ref-765-avi-1953-re-edition-soldier.png\",\"datePublished\":\"2020-04-07T12:27:08+00:00\",\"dateModified\":\"2026-03-30T08:10:17+00:00\",\"breadcrumb\":{\"@id\":\"https:\/\/galli.ch\/uhren\/breitling\/classic-avi\/avi-ref-765-1953-re-edition-ab0920131b1x1\/#breadcrumb\"},\"inLanguage\":\"en-US\",\"potentialAction\":[{\"@type\":\"ReadAction\",\"target\":[\"https:\/\/galli.ch\/uhren\/breitling\/classic-avi\/avi-ref-765-1953-re-edition-ab0920131b1x1\/\"]}]},{\"@type\":\"ImageObject\",\"inLanguage\":\"en-US\",\"@id\":\"https:\/\/galli.ch\/uhren\/breitling\/classic-avi\/avi-ref-765-1953-re-edition-ab0920131b1x1\/#primaryimage\",\"url\":\"https:\/\/galli.ch\/wp-content\/uploads\/ab0920131b1x1-aviator-8-ref-765-avi-1953-re-edition-soldier.png\",\"contentUrl\":\"https:\/\/galli.ch\/wp-content\/uploads\/ab0920131b1x1-aviator-8-ref-765-avi-1953-re-edition-soldier.png\",\"width\":1000,\"height\":1400,\"caption\":\"AVI-REF-765-1953-RE-EDITION\"},{\"@type\":\"BreadcrumbList\",\"@id\":\"https:\/\/galli.ch\/uhren\/breitling\/classic-avi\/avi-ref-765-1953-re-edition-ab0920131b1x1\/#breadcrumb\",\"itemListElement\":[{\"@type\":\"ListItem\",\"position\":1,\"name\":\"Home\",\"item\":\"https:\/\/galli.ch\/en\/\"},{\"@type\":\"ListItem\",\"position\":2,\"name\":\"Uhren\",\"item\":\"https:\/\/galli.ch\/en\/uhren\/\"},{\"@type\":\"ListItem\",\"position\":3,\"name\":\"AVI REF. 765 1953 RE-EDITION\"}]},{\"@type\":\"WebSite\",\"@id\":\"http:\/\/galli.ch\/en\/#website\",\"url\":\"http:\/\/galli.ch\/en\/\",\"name\":\"Galli Uhren Bijouterie\",\"description\":\"\",\"potentialAction\":[{\"@type\":\"SearchAction\",\"target\":{\"@type\":\"EntryPoint\",\"urlTemplate\":\"http:\/\/galli.ch\/en\/?s={search_term_string}\"},\"query-input\":{\"@type\":\"PropertyValueSpecification\",\"valueRequired\":true,\"valueName\":\"search_term_string\"}}],\"inLanguage\":\"en-US\"}]}<\/script>\n<!-- \/ Yoast SEO plugin. -->","yoast_head_json":{"title":"Breitling AVI REF. 765 1953 RE-EDITION - Galli Uhren Bijouterie","robots":{"index":"index","follow":"follow","max-snippet":"max-snippet:-1","max-image-preview":"max-image-preview:large","max-video-preview":"max-video-preview:-1"},"canonical":"https:\/\/galli.ch\/uhren\/breitling\/classic-avi\/avi-ref-765-1953-re-edition-ab0920131b1x1\/","og_locale":"en_US","og_type":"article","og_title":"Breitling AVI REF. 765 1953 RE-EDITION - Galli Uhren Bijouterie","og_description":"Bereits in den 1950er-Jahren spielte die originale Co-Pilot Ref. 765 AVI die Hauptrolle neben einer weiteren Legende von Breitling: der Navitimer. Mit ihrem k\u00fchnen Design, ihrer gravierten Drehl\u00fcnette und ihrem besonders gut lesbaren Zifferblatt war die 765 AVI als robuste und zuverl\u00e4ssige Fliegeruhr die perfekte Erg\u00e4nzung zur Navitimer. Die heutige AVI Ref. 765 1953 Re-Edition... Weiter &raquo;","og_url":"https:\/\/galli.ch\/uhren\/breitling\/classic-avi\/avi-ref-765-1953-re-edition-ab0920131b1x1\/","og_site_name":"Galli Uhren Bijouterie","article_modified_time":"2026-03-30T08:10:17+00:00","og_image":[{"width":1000,"height":1400,"url":"https:\/\/galli.ch\/wp-content\/uploads\/ab0920131b1x1-aviator-8-ref-765-avi-1953-re-edition-soldier.png","type":"image\/png"}],"twitter_card":"summary_large_image","schema":{"@context":"https:\/\/schema.org","@graph":[{"@type":"WebPage","@id":"https:\/\/galli.ch\/uhren\/breitling\/classic-avi\/avi-ref-765-1953-re-edition-ab0920131b1x1\/","url":"https:\/\/galli.ch\/uhren\/breitling\/classic-avi\/avi-ref-765-1953-re-edition-ab0920131b1x1\/","name":"Breitling AVI REF. 765 1953 RE-EDITION - Galli Uhren Bijouterie","isPartOf":{"@id":"http:\/\/galli.ch\/en\/#website"},"primaryImageOfPage":{"@id":"https:\/\/galli.ch\/uhren\/breitling\/classic-avi\/avi-ref-765-1953-re-edition-ab0920131b1x1\/#primaryimage"},"image":{"@id":"https:\/\/galli.ch\/uhren\/breitling\/classic-avi\/avi-ref-765-1953-re-edition-ab0920131b1x1\/#primaryimage"},"thumbnailUrl":"https:\/\/galli.ch\/wp-content\/uploads\/ab0920131b1x1-aviator-8-ref-765-avi-1953-re-edition-soldier.png","datePublished":"2020-04-07T12:27:08+00:00","dateModified":"2026-03-30T08:10:17+00:00","breadcrumb":{"@id":"https:\/\/galli.ch\/uhren\/breitling\/classic-avi\/avi-ref-765-1953-re-edition-ab0920131b1x1\/#breadcrumb"},"inLanguage":"en-US","potentialAction":[{"@type":"ReadAction","target":["https:\/\/galli.ch\/uhren\/breitling\/classic-avi\/avi-ref-765-1953-re-edition-ab0920131b1x1\/"]}]},{"@type":"ImageObject","inLanguage":"en-US","@id":"https:\/\/galli.ch\/uhren\/breitling\/classic-avi\/avi-ref-765-1953-re-edition-ab0920131b1x1\/#primaryimage","url":"https:\/\/galli.ch\/wp-content\/uploads\/ab0920131b1x1-aviator-8-ref-765-avi-1953-re-edition-soldier.png","contentUrl":"https:\/\/galli.ch\/wp-content\/uploads\/ab0920131b1x1-aviator-8-ref-765-avi-1953-re-edition-soldier.png","width":1000,"height":1400,"caption":"AVI-REF-765-1953-RE-EDITION"},{"@type":"BreadcrumbList","@id":"https:\/\/galli.ch\/uhren\/breitling\/classic-avi\/avi-ref-765-1953-re-edition-ab0920131b1x1\/#breadcrumb","itemListElement":[{"@type":"ListItem","position":1,"name":"Home","item":"https:\/\/galli.ch\/en\/"},{"@type":"ListItem","position":2,"name":"Uhren","item":"https:\/\/galli.ch\/en\/uhren\/"},{"@type":"ListItem","position":3,"name":"AVI REF. 765 1953 RE-EDITION"}]},{"@type":"WebSite","@id":"http:\/\/galli.ch\/en\/#website","url":"http:\/\/galli.ch\/en\/","name":"Galli Uhren Bijouterie","description":"","potentialAction":[{"@type":"SearchAction","target":{"@type":"EntryPoint","urlTemplate":"http:\/\/galli.ch\/en\/?s={search_term_string}"},"query-input":{"@type":"PropertyValueSpecification","valueRequired":true,"valueName":"search_term_string"}}],"inLanguage":"en-US"}]}},"_links":{"self":[{"href":"https:\/\/galli.ch\/en\/wp-json\/wp\/v2\/product\/6975","targetHints":{"allow":["GET"]}}],"collection":[{"href":"https:\/\/galli.ch\/en\/wp-json\/wp\/v2\/product"}],"about":[{"href":"https:\/\/galli.ch\/en\/wp-json\/wp\/v2\/types\/product"}],"wp:featuredmedia":[{"embeddable":true,"href":"https:\/\/galli.ch\/en\/wp-json\/wp\/v2\/media\/6928"}],"wp:attachment":[{"href":"https:\/\/galli.ch\/en\/wp-json\/wp\/v2\/media?parent=6975"}],"wp:term":[{"taxonomy":"product_brand","embeddable":true,"href":"https:\/\/galli.ch\/en\/wp-json\/wp\/v2\/product_brand?post=6975"},{"taxonomy":"product_cat","embeddable":true,"href":"https:\/\/galli.ch\/en\/wp-json\/wp\/v2\/product_cat?post=6975"},{"taxonomy":"product_tag","embeddable":true,"href":"https:\/\/galli.ch\/en\/wp-json\/wp\/v2\/product_tag?post=6975"}],"curies":[{"name":"wp","href":"https:\/\/api.w.org\/{rel}","templated":true}]}}