{"id":71,"date":"2018-06-25T13:30:35","date_gmt":"2018-06-25T13:30:35","guid":{"rendered":"http:\/\/galli.ch\/?post_type=uhren&#038;p=71"},"modified":"2026-04-20T18:18:10","modified_gmt":"2026-04-20T16:18:10","slug":"prestige-424-13-40-20-02-001","status":"publish","type":"product","link":"https:\/\/galli.ch\/en\/uhren\/omega\/de-ville\/prestige-424-13-40-20-02-001\/","title":{"rendered":"Omega Prestige Co-Axial 39,5"},"content":{"rendered":"<p>Die OMEGA De Ville Prestige-Kollektion konnte sich im Laufe der Jahre dank ihres klassisch-eleganten Designs eine grosse und treue Anh\u00e4ngerschaft sichern. Diese Zeitmesser, die sich durch ihren reinen Stil mit luxuri\u00f6ser Endverarbeitung auszeichnen, verk\u00f6rpern ein zeitloses Design.<\/p>\n<p>Dieses Modell verf\u00fcgt \u00fcber ein bemerkenswertes, aus zwei voneinander abgesetzten Zonen bestehendes, silberfarbenes Zifferblatt mit r\u00f6mischen Ziffern bei 3, 6, 9 und 12 Uhr. Ein kratzresistentes Saphirglas sch\u00fctzt das eindrucksvolle Zifferblatt mit Datumsfenster bei 3 Uhr.<\/p>\n<p>Die L\u00fcnette ist auf einem 39,5-mm-Geh\u00e4use aus Edelstahl mit schwarzem Lederarmband angebracht. Das Herzst\u00fcck dieses Zeitmessers bildet das Co-Axial Kaliber 2500.<\/p>\n","protected":false},"excerpt":{"rendered":"<p>Die OMEGA De Ville Prestige-Kollektion konnte sich im Laufe der Jahre dank ihres klassisch-eleganten Designs eine grosse und treue Anh\u00e4ngerschaft sichern. Diese Zeitmesser, die sich durch ihren reinen Stil mit luxuri\u00f6ser Endverarbeitung auszeichnen, verk\u00f6rpern ein zeitloses Design. Dieses Modell verf\u00fcgt \u00fcber ein bemerkenswertes, aus zwei voneinander abgesetzten Zonen bestehendes, silberfarbenes Zifferblatt mit r\u00f6mischen Ziffern bei&#8230;  <a class=\"excerpt-read-more\" href=\"https:\/\/galli.ch\/en\/uhren\/omega\/de-ville\/prestige-424-13-40-20-02-001\/\" title=\"Read Omega Prestige Co-Axial 39,5\">Weiter &raquo;<\/a><\/p>\n","protected":false},"featured_media":3285,"template":"","meta":{"_acf_changed":false,"inline_featured_image":false},"product_brand":[],"product_cat":[188],"product_tag":[],"class_list":{"0":"post-71","1":"product","2":"type-product","3":"status-publish","4":"has-post-thumbnail","6":"uhrenhersteller-omega","7":"uhrenhersteller-de-ville","8":"product_cat-uhren","10":"first","11":"outofstock","12":"taxable","13":"shipping-taxable","14":"purchasable","15":"product-type-simple"},"acf":[],"yoast_head":"<!-- This site is optimized with the Yoast SEO plugin v25.5 - https:\/\/yoast.com\/wordpress\/plugins\/seo\/ -->\n<title>Omega Prestige Co-Axial 39,5 - Galli Uhren Bijouterie<\/title>\n<meta name=\"robots\" content=\"index, follow, max-snippet:-1, max-image-preview:large, max-video-preview:-1\" \/>\n<link rel=\"canonical\" href=\"https:\/\/galli.ch\/uhren\/omega\/de-ville\/prestige-424-13-40-20-02-001\/\" \/>\n<meta property=\"og:locale\" content=\"en_US\" \/>\n<meta property=\"og:type\" content=\"article\" \/>\n<meta property=\"og:title\" content=\"Omega Prestige Co-Axial 39,5 - Galli Uhren Bijouterie\" \/>\n<meta property=\"og:description\" content=\"Die OMEGA De Ville Prestige-Kollektion konnte sich im Laufe der Jahre dank ihres klassisch-eleganten Designs eine grosse und treue Anh\u00e4ngerschaft sichern. Diese Zeitmesser, die sich durch ihren reinen Stil mit luxuri\u00f6ser Endverarbeitung auszeichnen, verk\u00f6rpern ein zeitloses Design. Dieses Modell verf\u00fcgt \u00fcber ein bemerkenswertes, aus zwei voneinander abgesetzten Zonen bestehendes, silberfarbenes Zifferblatt mit r\u00f6mischen Ziffern bei... Weiter &raquo;\" \/>\n<meta property=\"og:url\" content=\"https:\/\/galli.ch\/uhren\/omega\/de-ville\/prestige-424-13-40-20-02-001\/\" \/>\n<meta property=\"og:site_name\" content=\"Galli Uhren Bijouterie\" \/>\n<meta property=\"article:modified_time\" content=\"2026-04-20T16:18:10+00:00\" \/>\n<meta property=\"og:image\" content=\"https:\/\/galli.ch\/wp-content\/uploads\/424_13_40_20_02_001_small-1.png\" \/>\n\t<meta property=\"og:image:width\" content=\"500\" \/>\n\t<meta property=\"og:image:height\" content=\"700\" \/>\n\t<meta property=\"og:image:type\" content=\"image\/png\" \/>\n<meta name=\"twitter:card\" content=\"summary_large_image\" \/>\n<script type=\"application\/ld+json\" class=\"yoast-schema-graph\">{\"@context\":\"https:\/\/schema.org\",\"@graph\":[{\"@type\":\"WebPage\",\"@id\":\"https:\/\/galli.ch\/uhren\/omega\/de-ville\/prestige-424-13-40-20-02-001\/\",\"url\":\"https:\/\/galli.ch\/uhren\/omega\/de-ville\/prestige-424-13-40-20-02-001\/\",\"name\":\"Omega Prestige Co-Axial 39,5 - Galli Uhren Bijouterie\",\"isPartOf\":{\"@id\":\"http:\/\/galli.ch\/en\/#website\"},\"primaryImageOfPage\":{\"@id\":\"https:\/\/galli.ch\/uhren\/omega\/de-ville\/prestige-424-13-40-20-02-001\/#primaryimage\"},\"image\":{\"@id\":\"https:\/\/galli.ch\/uhren\/omega\/de-ville\/prestige-424-13-40-20-02-001\/#primaryimage\"},\"thumbnailUrl\":\"https:\/\/galli.ch\/wp-content\/uploads\/424_13_40_20_02_001_small-1.png\",\"datePublished\":\"2018-06-25T13:30:35+00:00\",\"dateModified\":\"2026-04-20T16:18:10+00:00\",\"breadcrumb\":{\"@id\":\"https:\/\/galli.ch\/uhren\/omega\/de-ville\/prestige-424-13-40-20-02-001\/#breadcrumb\"},\"inLanguage\":\"en-US\",\"potentialAction\":[{\"@type\":\"ReadAction\",\"target\":[\"https:\/\/galli.ch\/uhren\/omega\/de-ville\/prestige-424-13-40-20-02-001\/\"]}]},{\"@type\":\"ImageObject\",\"inLanguage\":\"en-US\",\"@id\":\"https:\/\/galli.ch\/uhren\/omega\/de-ville\/prestige-424-13-40-20-02-001\/#primaryimage\",\"url\":\"https:\/\/galli.ch\/wp-content\/uploads\/424_13_40_20_02_001_small-1.png\",\"contentUrl\":\"https:\/\/galli.ch\/wp-content\/uploads\/424_13_40_20_02_001_small-1.png\",\"width\":500,\"height\":700,\"caption\":\"Omega Uhren\"},{\"@type\":\"BreadcrumbList\",\"@id\":\"https:\/\/galli.ch\/uhren\/omega\/de-ville\/prestige-424-13-40-20-02-001\/#breadcrumb\",\"itemListElement\":[{\"@type\":\"ListItem\",\"position\":1,\"name\":\"Home\",\"item\":\"https:\/\/galli.ch\/en\/\"},{\"@type\":\"ListItem\",\"position\":2,\"name\":\"Uhren\",\"item\":\"https:\/\/galli.ch\/en\/uhren\/\"},{\"@type\":\"ListItem\",\"position\":3,\"name\":\"Omega Prestige Co-Axial 39,5\"}]},{\"@type\":\"WebSite\",\"@id\":\"http:\/\/galli.ch\/en\/#website\",\"url\":\"http:\/\/galli.ch\/en\/\",\"name\":\"Galli Uhren Bijouterie\",\"description\":\"\",\"potentialAction\":[{\"@type\":\"SearchAction\",\"target\":{\"@type\":\"EntryPoint\",\"urlTemplate\":\"http:\/\/galli.ch\/en\/?s={search_term_string}\"},\"query-input\":{\"@type\":\"PropertyValueSpecification\",\"valueRequired\":true,\"valueName\":\"search_term_string\"}}],\"inLanguage\":\"en-US\"}]}<\/script>\n<!-- \/ Yoast SEO plugin. -->","yoast_head_json":{"title":"Omega Prestige Co-Axial 39,5 - Galli Uhren Bijouterie","robots":{"index":"index","follow":"follow","max-snippet":"max-snippet:-1","max-image-preview":"max-image-preview:large","max-video-preview":"max-video-preview:-1"},"canonical":"https:\/\/galli.ch\/uhren\/omega\/de-ville\/prestige-424-13-40-20-02-001\/","og_locale":"en_US","og_type":"article","og_title":"Omega Prestige Co-Axial 39,5 - Galli Uhren Bijouterie","og_description":"Die OMEGA De Ville Prestige-Kollektion konnte sich im Laufe der Jahre dank ihres klassisch-eleganten Designs eine grosse und treue Anh\u00e4ngerschaft sichern. Diese Zeitmesser, die sich durch ihren reinen Stil mit luxuri\u00f6ser Endverarbeitung auszeichnen, verk\u00f6rpern ein zeitloses Design. Dieses Modell verf\u00fcgt \u00fcber ein bemerkenswertes, aus zwei voneinander abgesetzten Zonen bestehendes, silberfarbenes Zifferblatt mit r\u00f6mischen Ziffern bei... Weiter &raquo;","og_url":"https:\/\/galli.ch\/uhren\/omega\/de-ville\/prestige-424-13-40-20-02-001\/","og_site_name":"Galli Uhren Bijouterie","article_modified_time":"2026-04-20T16:18:10+00:00","og_image":[{"width":500,"height":700,"url":"https:\/\/galli.ch\/wp-content\/uploads\/424_13_40_20_02_001_small-1.png","type":"image\/png"}],"twitter_card":"summary_large_image","schema":{"@context":"https:\/\/schema.org","@graph":[{"@type":"WebPage","@id":"https:\/\/galli.ch\/uhren\/omega\/de-ville\/prestige-424-13-40-20-02-001\/","url":"https:\/\/galli.ch\/uhren\/omega\/de-ville\/prestige-424-13-40-20-02-001\/","name":"Omega Prestige Co-Axial 39,5 - Galli Uhren Bijouterie","isPartOf":{"@id":"http:\/\/galli.ch\/en\/#website"},"primaryImageOfPage":{"@id":"https:\/\/galli.ch\/uhren\/omega\/de-ville\/prestige-424-13-40-20-02-001\/#primaryimage"},"image":{"@id":"https:\/\/galli.ch\/uhren\/omega\/de-ville\/prestige-424-13-40-20-02-001\/#primaryimage"},"thumbnailUrl":"https:\/\/galli.ch\/wp-content\/uploads\/424_13_40_20_02_001_small-1.png","datePublished":"2018-06-25T13:30:35+00:00","dateModified":"2026-04-20T16:18:10+00:00","breadcrumb":{"@id":"https:\/\/galli.ch\/uhren\/omega\/de-ville\/prestige-424-13-40-20-02-001\/#breadcrumb"},"inLanguage":"en-US","potentialAction":[{"@type":"ReadAction","target":["https:\/\/galli.ch\/uhren\/omega\/de-ville\/prestige-424-13-40-20-02-001\/"]}]},{"@type":"ImageObject","inLanguage":"en-US","@id":"https:\/\/galli.ch\/uhren\/omega\/de-ville\/prestige-424-13-40-20-02-001\/#primaryimage","url":"https:\/\/galli.ch\/wp-content\/uploads\/424_13_40_20_02_001_small-1.png","contentUrl":"https:\/\/galli.ch\/wp-content\/uploads\/424_13_40_20_02_001_small-1.png","width":500,"height":700,"caption":"Omega Uhren"},{"@type":"BreadcrumbList","@id":"https:\/\/galli.ch\/uhren\/omega\/de-ville\/prestige-424-13-40-20-02-001\/#breadcrumb","itemListElement":[{"@type":"ListItem","position":1,"name":"Home","item":"https:\/\/galli.ch\/en\/"},{"@type":"ListItem","position":2,"name":"Uhren","item":"https:\/\/galli.ch\/en\/uhren\/"},{"@type":"ListItem","position":3,"name":"Omega Prestige Co-Axial 39,5"}]},{"@type":"WebSite","@id":"http:\/\/galli.ch\/en\/#website","url":"http:\/\/galli.ch\/en\/","name":"Galli Uhren Bijouterie","description":"","potentialAction":[{"@type":"SearchAction","target":{"@type":"EntryPoint","urlTemplate":"http:\/\/galli.ch\/en\/?s={search_term_string}"},"query-input":{"@type":"PropertyValueSpecification","valueRequired":true,"valueName":"search_term_string"}}],"inLanguage":"en-US"}]}},"_links":{"self":[{"href":"https:\/\/galli.ch\/en\/wp-json\/wp\/v2\/product\/71","targetHints":{"allow":["GET"]}}],"collection":[{"href":"https:\/\/galli.ch\/en\/wp-json\/wp\/v2\/product"}],"about":[{"href":"https:\/\/galli.ch\/en\/wp-json\/wp\/v2\/types\/product"}],"wp:featuredmedia":[{"embeddable":true,"href":"https:\/\/galli.ch\/en\/wp-json\/wp\/v2\/media\/3285"}],"wp:attachment":[{"href":"https:\/\/galli.ch\/en\/wp-json\/wp\/v2\/media?parent=71"}],"wp:term":[{"taxonomy":"product_brand","embeddable":true,"href":"https:\/\/galli.ch\/en\/wp-json\/wp\/v2\/product_brand?post=71"},{"taxonomy":"product_cat","embeddable":true,"href":"https:\/\/galli.ch\/en\/wp-json\/wp\/v2\/product_cat?post=71"},{"taxonomy":"product_tag","embeddable":true,"href":"https:\/\/galli.ch\/en\/wp-json\/wp\/v2\/product_tag?post=71"}],"curies":[{"name":"wp","href":"https:\/\/api.w.org\/{rel}","templated":true}]}}