{"id":7260,"date":"2020-05-01T14:55:07","date_gmt":"2020-05-01T12:55:07","guid":{"rendered":"http:\/\/galli.ch\/?post_type=uhren&#038;p=7260"},"modified":"2026-04-23T18:14:23","modified_gmt":"2026-04-23T16:14:23","slug":"yacht-club-chronograph-iw390701","status":"publish","type":"product","link":"https:\/\/galli.ch\/en\/uhren\/iwc\/portugieser\/yacht-club-chronograph-iw390701\/","title":{"rendered":"IWC Portugieser Yacht Club Chronograph"},"content":{"rendered":"<p>Die eleganten Proportionen des Geh\u00e4usedesigns korrespondieren hervorragend mit der robusten Auslegung, die sie auch im Alltag nautischer Aktivit\u00e4ten zum idealen Chronographen f\u00fcr Liebhaber der Seefahrt macht. Selbstverst\u00e4ndlich ist die Portugieser Yacht Club wasserdicht und in insgesamt vier Versionen verf\u00fcgbar. Allen Versionen gemein ist bereits seit der Vorstellung der Yacht Club im Jahre 2010 das zeitlose Design, das auch noch in vielen Jahren ebenso frisch und modern wirken wird wie heute und dabei nicht auf die klassischen Stilelemente nautischer Chronographen verzichtet. Insbesondere die hervorragende Wasserdichtigkeit ist f\u00fcr die Tr\u00e4ger einer solchen Uhr wichtig, obwohl sie nat\u00fcrlich auch hervorragend an Land getragen werden kann. Mit einem Durchmesser von 44 Millimetern wirkt sie weder zu filigran noch zu aufdringlich und ist somit die perfekte Uhr f\u00fcr Yachtkapit\u00e4ne und maritim-affine Tr\u00e4ger.<\/p>\n<p>Das IWC-Manufakturkaliber 89361 mit Flyback-Funktion stellt die gestoppten Stunden und Minuten kombiniert auf einem Compteur bei 12 Uhr dar und bietet eine Gangreserve von 68 Stunden. F\u00fcr einen perfekten Sitz am Handgelenk sorgt das hochwertige Edelstahlarmband mit polierten und satinieren Fl\u00e4chen.<\/p>\n","protected":false},"excerpt":{"rendered":"<p>Die eleganten Proportionen des Geh\u00e4usedesigns korrespondieren hervorragend mit der robusten Auslegung, die sie auch im Alltag nautischer Aktivit\u00e4ten zum idealen Chronographen f\u00fcr Liebhaber der Seefahrt macht. Selbstverst\u00e4ndlich ist die Portugieser Yacht Club wasserdicht und in insgesamt vier Versionen verf\u00fcgbar. Allen Versionen gemein ist bereits seit der Vorstellung der Yacht Club im Jahre 2010 das zeitlose&#8230;  <a class=\"excerpt-read-more\" href=\"https:\/\/galli.ch\/en\/uhren\/iwc\/portugieser\/yacht-club-chronograph-iw390701\/\" title=\"Read IWC Portugieser Yacht Club Chronograph\">Weiter &raquo;<\/a><\/p>\n","protected":false},"featured_media":7221,"template":"","meta":{"_acf_changed":false,"inline_featured_image":false},"product_brand":[],"product_cat":[188],"product_tag":[],"class_list":{"0":"post-7260","1":"product","2":"type-product","3":"status-publish","4":"has-post-thumbnail","6":"uhrenhersteller-iwc","7":"uhrenhersteller-portugieser","8":"product_cat-uhren","10":"first","11":"outofstock","12":"taxable","13":"shipping-taxable","14":"purchasable","15":"product-type-simple"},"acf":[],"yoast_head":"<!-- This site is optimized with the Yoast SEO plugin v25.5 - https:\/\/yoast.com\/wordpress\/plugins\/seo\/ -->\n<title>IWC Portugieser Yacht Club Chronograph - Galli Uhren Bijouterie<\/title>\n<meta name=\"robots\" content=\"index, follow, max-snippet:-1, max-image-preview:large, max-video-preview:-1\" \/>\n<link rel=\"canonical\" href=\"https:\/\/galli.ch\/uhren\/iwc\/portugieser\/yacht-club-chronograph-iw390701\/\" \/>\n<meta property=\"og:locale\" content=\"en_US\" \/>\n<meta property=\"og:type\" content=\"article\" \/>\n<meta property=\"og:title\" content=\"IWC Portugieser Yacht Club Chronograph - Galli Uhren Bijouterie\" \/>\n<meta property=\"og:description\" content=\"Die eleganten Proportionen des Geh\u00e4usedesigns korrespondieren hervorragend mit der robusten Auslegung, die sie auch im Alltag nautischer Aktivit\u00e4ten zum idealen Chronographen f\u00fcr Liebhaber der Seefahrt macht. Selbstverst\u00e4ndlich ist die Portugieser Yacht Club wasserdicht und in insgesamt vier Versionen verf\u00fcgbar. Allen Versionen gemein ist bereits seit der Vorstellung der Yacht Club im Jahre 2010 das zeitlose... Weiter &raquo;\" \/>\n<meta property=\"og:url\" content=\"https:\/\/galli.ch\/uhren\/iwc\/portugieser\/yacht-club-chronograph-iw390701\/\" \/>\n<meta property=\"og:site_name\" content=\"Galli Uhren Bijouterie\" \/>\n<meta property=\"article:modified_time\" content=\"2026-04-23T16:14:23+00:00\" \/>\n<meta property=\"og:image\" content=\"https:\/\/galli.ch\/wp-content\/uploads\/iw390701.png\" \/>\n\t<meta property=\"og:image:width\" content=\"1000\" \/>\n\t<meta property=\"og:image:height\" content=\"1400\" \/>\n\t<meta property=\"og:image:type\" content=\"image\/png\" \/>\n<meta name=\"twitter:card\" content=\"summary_large_image\" \/>\n<script type=\"application\/ld+json\" class=\"yoast-schema-graph\">{\"@context\":\"https:\/\/schema.org\",\"@graph\":[{\"@type\":\"WebPage\",\"@id\":\"https:\/\/galli.ch\/uhren\/iwc\/portugieser\/yacht-club-chronograph-iw390701\/\",\"url\":\"https:\/\/galli.ch\/uhren\/iwc\/portugieser\/yacht-club-chronograph-iw390701\/\",\"name\":\"IWC Portugieser Yacht Club Chronograph - Galli Uhren Bijouterie\",\"isPartOf\":{\"@id\":\"http:\/\/galli.ch\/en\/#website\"},\"primaryImageOfPage\":{\"@id\":\"https:\/\/galli.ch\/uhren\/iwc\/portugieser\/yacht-club-chronograph-iw390701\/#primaryimage\"},\"image\":{\"@id\":\"https:\/\/galli.ch\/uhren\/iwc\/portugieser\/yacht-club-chronograph-iw390701\/#primaryimage\"},\"thumbnailUrl\":\"https:\/\/galli.ch\/wp-content\/uploads\/iw390701.png\",\"datePublished\":\"2020-05-01T12:55:07+00:00\",\"dateModified\":\"2026-04-23T16:14:23+00:00\",\"breadcrumb\":{\"@id\":\"https:\/\/galli.ch\/uhren\/iwc\/portugieser\/yacht-club-chronograph-iw390701\/#breadcrumb\"},\"inLanguage\":\"en-US\",\"potentialAction\":[{\"@type\":\"ReadAction\",\"target\":[\"https:\/\/galli.ch\/uhren\/iwc\/portugieser\/yacht-club-chronograph-iw390701\/\"]}]},{\"@type\":\"ImageObject\",\"inLanguage\":\"en-US\",\"@id\":\"https:\/\/galli.ch\/uhren\/iwc\/portugieser\/yacht-club-chronograph-iw390701\/#primaryimage\",\"url\":\"https:\/\/galli.ch\/wp-content\/uploads\/iw390701.png\",\"contentUrl\":\"https:\/\/galli.ch\/wp-content\/uploads\/iw390701.png\",\"width\":1000,\"height\":1400,\"caption\":\"portugieser-yacht-club-chronograph-blue\"},{\"@type\":\"BreadcrumbList\",\"@id\":\"https:\/\/galli.ch\/uhren\/iwc\/portugieser\/yacht-club-chronograph-iw390701\/#breadcrumb\",\"itemListElement\":[{\"@type\":\"ListItem\",\"position\":1,\"name\":\"Home\",\"item\":\"https:\/\/galli.ch\/en\/\"},{\"@type\":\"ListItem\",\"position\":2,\"name\":\"Uhren\",\"item\":\"https:\/\/galli.ch\/en\/uhren\/\"},{\"@type\":\"ListItem\",\"position\":3,\"name\":\"IWC Portugieser Yacht Club Chronograph\"}]},{\"@type\":\"WebSite\",\"@id\":\"http:\/\/galli.ch\/en\/#website\",\"url\":\"http:\/\/galli.ch\/en\/\",\"name\":\"Galli Uhren Bijouterie\",\"description\":\"\",\"potentialAction\":[{\"@type\":\"SearchAction\",\"target\":{\"@type\":\"EntryPoint\",\"urlTemplate\":\"http:\/\/galli.ch\/en\/?s={search_term_string}\"},\"query-input\":{\"@type\":\"PropertyValueSpecification\",\"valueRequired\":true,\"valueName\":\"search_term_string\"}}],\"inLanguage\":\"en-US\"}]}<\/script>\n<!-- \/ Yoast SEO plugin. -->","yoast_head_json":{"title":"IWC Portugieser Yacht Club Chronograph - Galli Uhren Bijouterie","robots":{"index":"index","follow":"follow","max-snippet":"max-snippet:-1","max-image-preview":"max-image-preview:large","max-video-preview":"max-video-preview:-1"},"canonical":"https:\/\/galli.ch\/uhren\/iwc\/portugieser\/yacht-club-chronograph-iw390701\/","og_locale":"en_US","og_type":"article","og_title":"IWC Portugieser Yacht Club Chronograph - Galli Uhren Bijouterie","og_description":"Die eleganten Proportionen des Geh\u00e4usedesigns korrespondieren hervorragend mit der robusten Auslegung, die sie auch im Alltag nautischer Aktivit\u00e4ten zum idealen Chronographen f\u00fcr Liebhaber der Seefahrt macht. Selbstverst\u00e4ndlich ist die Portugieser Yacht Club wasserdicht und in insgesamt vier Versionen verf\u00fcgbar. Allen Versionen gemein ist bereits seit der Vorstellung der Yacht Club im Jahre 2010 das zeitlose... Weiter &raquo;","og_url":"https:\/\/galli.ch\/uhren\/iwc\/portugieser\/yacht-club-chronograph-iw390701\/","og_site_name":"Galli Uhren Bijouterie","article_modified_time":"2026-04-23T16:14:23+00:00","og_image":[{"width":1000,"height":1400,"url":"https:\/\/galli.ch\/wp-content\/uploads\/iw390701.png","type":"image\/png"}],"twitter_card":"summary_large_image","schema":{"@context":"https:\/\/schema.org","@graph":[{"@type":"WebPage","@id":"https:\/\/galli.ch\/uhren\/iwc\/portugieser\/yacht-club-chronograph-iw390701\/","url":"https:\/\/galli.ch\/uhren\/iwc\/portugieser\/yacht-club-chronograph-iw390701\/","name":"IWC Portugieser Yacht Club Chronograph - Galli Uhren Bijouterie","isPartOf":{"@id":"http:\/\/galli.ch\/en\/#website"},"primaryImageOfPage":{"@id":"https:\/\/galli.ch\/uhren\/iwc\/portugieser\/yacht-club-chronograph-iw390701\/#primaryimage"},"image":{"@id":"https:\/\/galli.ch\/uhren\/iwc\/portugieser\/yacht-club-chronograph-iw390701\/#primaryimage"},"thumbnailUrl":"https:\/\/galli.ch\/wp-content\/uploads\/iw390701.png","datePublished":"2020-05-01T12:55:07+00:00","dateModified":"2026-04-23T16:14:23+00:00","breadcrumb":{"@id":"https:\/\/galli.ch\/uhren\/iwc\/portugieser\/yacht-club-chronograph-iw390701\/#breadcrumb"},"inLanguage":"en-US","potentialAction":[{"@type":"ReadAction","target":["https:\/\/galli.ch\/uhren\/iwc\/portugieser\/yacht-club-chronograph-iw390701\/"]}]},{"@type":"ImageObject","inLanguage":"en-US","@id":"https:\/\/galli.ch\/uhren\/iwc\/portugieser\/yacht-club-chronograph-iw390701\/#primaryimage","url":"https:\/\/galli.ch\/wp-content\/uploads\/iw390701.png","contentUrl":"https:\/\/galli.ch\/wp-content\/uploads\/iw390701.png","width":1000,"height":1400,"caption":"portugieser-yacht-club-chronograph-blue"},{"@type":"BreadcrumbList","@id":"https:\/\/galli.ch\/uhren\/iwc\/portugieser\/yacht-club-chronograph-iw390701\/#breadcrumb","itemListElement":[{"@type":"ListItem","position":1,"name":"Home","item":"https:\/\/galli.ch\/en\/"},{"@type":"ListItem","position":2,"name":"Uhren","item":"https:\/\/galli.ch\/en\/uhren\/"},{"@type":"ListItem","position":3,"name":"IWC Portugieser Yacht Club Chronograph"}]},{"@type":"WebSite","@id":"http:\/\/galli.ch\/en\/#website","url":"http:\/\/galli.ch\/en\/","name":"Galli Uhren Bijouterie","description":"","potentialAction":[{"@type":"SearchAction","target":{"@type":"EntryPoint","urlTemplate":"http:\/\/galli.ch\/en\/?s={search_term_string}"},"query-input":{"@type":"PropertyValueSpecification","valueRequired":true,"valueName":"search_term_string"}}],"inLanguage":"en-US"}]}},"_links":{"self":[{"href":"https:\/\/galli.ch\/en\/wp-json\/wp\/v2\/product\/7260","targetHints":{"allow":["GET"]}}],"collection":[{"href":"https:\/\/galli.ch\/en\/wp-json\/wp\/v2\/product"}],"about":[{"href":"https:\/\/galli.ch\/en\/wp-json\/wp\/v2\/types\/product"}],"wp:featuredmedia":[{"embeddable":true,"href":"https:\/\/galli.ch\/en\/wp-json\/wp\/v2\/media\/7221"}],"wp:attachment":[{"href":"https:\/\/galli.ch\/en\/wp-json\/wp\/v2\/media?parent=7260"}],"wp:term":[{"taxonomy":"product_brand","embeddable":true,"href":"https:\/\/galli.ch\/en\/wp-json\/wp\/v2\/product_brand?post=7260"},{"taxonomy":"product_cat","embeddable":true,"href":"https:\/\/galli.ch\/en\/wp-json\/wp\/v2\/product_cat?post=7260"},{"taxonomy":"product_tag","embeddable":true,"href":"https:\/\/galli.ch\/en\/wp-json\/wp\/v2\/product_tag?post=7260"}],"curies":[{"name":"wp","href":"https:\/\/api.w.org\/{rel}","templated":true}]}}