{"id":745,"date":"2018-07-17T20:17:24","date_gmt":"2018-07-17T20:17:24","guid":{"rendered":"http:\/\/galli.ch\/?post_type=uhren&#038;p=745"},"modified":"2026-03-30T10:15:47","modified_gmt":"2026-03-30T08:15:47","slug":"steel-gold-champagne-m79733n-0003","status":"publish","type":"product","link":"https:\/\/galli.ch\/en\/uhren\/tudor\/black-bay\/steel-gold-champagne-m79733n-0003\/","title":{"rendered":"Tudor Black Bay S&#038;G Champagne"},"content":{"rendered":"<p>Die ber\u00fchmte Taucheruhr Black Bay S&amp;G ist seit 2018 auch mit einem Champagne Zifferblatt erh\u00e4ltlich. Ausgestattet mit dem Manufakturwerk Kaliber MT5612 ist ebenfalls eine Datumsanzeige vorhanden.<\/p>\n<p>Die charakteristischen Elemente der Heritage Black Bay sind in der Geschichte von TUDOR verankert. Sie \u00fcbernimmt die allgemeine Linienf\u00fchrung sowie das gew\u00f6lbte Zifferblatt und Uhrglas von den ersten TUDOR Taucheruhren. Das Modell verf\u00fcgt \u00fcber die besonders markante Aufzugskrone der ber\u00fchmten Referenz 7924 von 1958, bekannt als Big Crown. Zudem \u00fcbernimmt es die charakteristischen eckigen Zeiger, genannt Snowflake-Zeiger, von den Uhren, die in den 1970er-Jahren in gro\u00dfen St\u00fcckzahlen an die franz\u00f6sische Marine geliefert wurden.<\/p>\n<p>Die variantenreiche Kollektion sticht durch die weiche, warme Patina antiker Uhren heraus. Alle Modelle haben einen 41mm grossen Geh\u00e4usedurchmesser.<\/p>\n","protected":false},"excerpt":{"rendered":"<p>Die ber\u00fchmte Taucheruhr Black Bay S&amp;G ist seit 2018 auch mit einem Champagne Zifferblatt erh\u00e4ltlich. Ausgestattet mit dem Manufakturwerk Kaliber MT5612 ist ebenfalls eine Datumsanzeige vorhanden. Die charakteristischen Elemente der Heritage Black Bay sind in der Geschichte von TUDOR verankert. Sie \u00fcbernimmt die allgemeine Linienf\u00fchrung sowie das gew\u00f6lbte Zifferblatt und Uhrglas von den ersten TUDOR&#8230;  <a class=\"excerpt-read-more\" href=\"https:\/\/galli.ch\/en\/uhren\/tudor\/black-bay\/steel-gold-champagne-m79733n-0003\/\" title=\"Read Tudor Black Bay S&#038;G Champagne\">Weiter &raquo;<\/a><\/p>\n","protected":false},"featured_media":738,"template":"","meta":{"_acf_changed":false,"inline_featured_image":false},"product_brand":[],"product_cat":[188],"product_tag":[],"class_list":{"0":"post-745","1":"product","2":"type-product","3":"status-publish","4":"has-post-thumbnail","6":"uhrenhersteller-tudor","7":"uhrenhersteller-black-bay","8":"product_cat-uhren","10":"first","11":"outofstock","12":"taxable","13":"shipping-taxable","14":"purchasable","15":"product-type-simple"},"acf":[],"yoast_head":"<!-- This site is optimized with the Yoast SEO plugin v25.5 - https:\/\/yoast.com\/wordpress\/plugins\/seo\/ -->\n<title>Tudor Black Bay S&amp;G Champagne - Galli Uhren Bijouterie<\/title>\n<meta name=\"robots\" content=\"index, follow, max-snippet:-1, max-image-preview:large, max-video-preview:-1\" \/>\n<link rel=\"canonical\" href=\"https:\/\/galli.ch\/uhren\/tudor\/black-bay\/steel-gold-champagne-m79733n-0003\/\" \/>\n<meta property=\"og:locale\" content=\"en_US\" \/>\n<meta property=\"og:type\" content=\"article\" \/>\n<meta property=\"og:title\" content=\"Tudor Black Bay S&amp;G Champagne - Galli Uhren Bijouterie\" \/>\n<meta property=\"og:description\" content=\"Die ber\u00fchmte Taucheruhr Black Bay S&amp;G ist seit 2018 auch mit einem Champagne Zifferblatt erh\u00e4ltlich. Ausgestattet mit dem Manufakturwerk Kaliber MT5612 ist ebenfalls eine Datumsanzeige vorhanden. Die charakteristischen Elemente der Heritage Black Bay sind in der Geschichte von TUDOR verankert. Sie \u00fcbernimmt die allgemeine Linienf\u00fchrung sowie das gew\u00f6lbte Zifferblatt und Uhrglas von den ersten TUDOR... Weiter &raquo;\" \/>\n<meta property=\"og:url\" content=\"https:\/\/galli.ch\/uhren\/tudor\/black-bay\/steel-gold-champagne-m79733n-0003\/\" \/>\n<meta property=\"og:site_name\" content=\"Galli Uhren Bijouterie\" \/>\n<meta property=\"article:modified_time\" content=\"2026-03-30T08:15:47+00:00\" \/>\n<meta property=\"og:image\" content=\"https:\/\/galli.ch\/wp-content\/uploads\/Tudor-Black-Bay-S-G-3a-Champagne.1.png\" \/>\n\t<meta property=\"og:image:width\" content=\"1000\" \/>\n\t<meta property=\"og:image:height\" content=\"1400\" \/>\n\t<meta property=\"og:image:type\" content=\"image\/png\" \/>\n<meta name=\"twitter:card\" content=\"summary_large_image\" \/>\n<script type=\"application\/ld+json\" class=\"yoast-schema-graph\">{\"@context\":\"https:\/\/schema.org\",\"@graph\":[{\"@type\":\"WebPage\",\"@id\":\"https:\/\/galli.ch\/uhren\/tudor\/black-bay\/steel-gold-champagne-m79733n-0003\/\",\"url\":\"https:\/\/galli.ch\/uhren\/tudor\/black-bay\/steel-gold-champagne-m79733n-0003\/\",\"name\":\"Tudor Black Bay S&G Champagne - Galli Uhren Bijouterie\",\"isPartOf\":{\"@id\":\"http:\/\/galli.ch\/en\/#website\"},\"primaryImageOfPage\":{\"@id\":\"https:\/\/galli.ch\/uhren\/tudor\/black-bay\/steel-gold-champagne-m79733n-0003\/#primaryimage\"},\"image\":{\"@id\":\"https:\/\/galli.ch\/uhren\/tudor\/black-bay\/steel-gold-champagne-m79733n-0003\/#primaryimage\"},\"thumbnailUrl\":\"https:\/\/galli.ch\/wp-content\/uploads\/Tudor-Black-Bay-S-G-3a-Champagne.1.png\",\"datePublished\":\"2018-07-17T20:17:24+00:00\",\"dateModified\":\"2026-03-30T08:15:47+00:00\",\"breadcrumb\":{\"@id\":\"https:\/\/galli.ch\/uhren\/tudor\/black-bay\/steel-gold-champagne-m79733n-0003\/#breadcrumb\"},\"inLanguage\":\"en-US\",\"potentialAction\":[{\"@type\":\"ReadAction\",\"target\":[\"https:\/\/galli.ch\/uhren\/tudor\/black-bay\/steel-gold-champagne-m79733n-0003\/\"]}]},{\"@type\":\"ImageObject\",\"inLanguage\":\"en-US\",\"@id\":\"https:\/\/galli.ch\/uhren\/tudor\/black-bay\/steel-gold-champagne-m79733n-0003\/#primaryimage\",\"url\":\"https:\/\/galli.ch\/wp-content\/uploads\/Tudor-Black-Bay-S-G-3a-Champagne.1.png\",\"contentUrl\":\"https:\/\/galli.ch\/wp-content\/uploads\/Tudor-Black-Bay-S-G-3a-Champagne.1.png\",\"width\":1000,\"height\":1400,\"caption\":\"Tudor Black Bay Steel\"},{\"@type\":\"BreadcrumbList\",\"@id\":\"https:\/\/galli.ch\/uhren\/tudor\/black-bay\/steel-gold-champagne-m79733n-0003\/#breadcrumb\",\"itemListElement\":[{\"@type\":\"ListItem\",\"position\":1,\"name\":\"Home\",\"item\":\"https:\/\/galli.ch\/en\/\"},{\"@type\":\"ListItem\",\"position\":2,\"name\":\"Uhren\",\"item\":\"https:\/\/galli.ch\/en\/uhren\/\"},{\"@type\":\"ListItem\",\"position\":3,\"name\":\"Tudor Black Bay S&#038;G Champagne\"}]},{\"@type\":\"WebSite\",\"@id\":\"http:\/\/galli.ch\/en\/#website\",\"url\":\"http:\/\/galli.ch\/en\/\",\"name\":\"Galli Uhren Bijouterie\",\"description\":\"\",\"potentialAction\":[{\"@type\":\"SearchAction\",\"target\":{\"@type\":\"EntryPoint\",\"urlTemplate\":\"http:\/\/galli.ch\/en\/?s={search_term_string}\"},\"query-input\":{\"@type\":\"PropertyValueSpecification\",\"valueRequired\":true,\"valueName\":\"search_term_string\"}}],\"inLanguage\":\"en-US\"}]}<\/script>\n<!-- \/ Yoast SEO plugin. -->","yoast_head_json":{"title":"Tudor Black Bay S&G Champagne - Galli Uhren Bijouterie","robots":{"index":"index","follow":"follow","max-snippet":"max-snippet:-1","max-image-preview":"max-image-preview:large","max-video-preview":"max-video-preview:-1"},"canonical":"https:\/\/galli.ch\/uhren\/tudor\/black-bay\/steel-gold-champagne-m79733n-0003\/","og_locale":"en_US","og_type":"article","og_title":"Tudor Black Bay S&G Champagne - Galli Uhren Bijouterie","og_description":"Die ber\u00fchmte Taucheruhr Black Bay S&amp;G ist seit 2018 auch mit einem Champagne Zifferblatt erh\u00e4ltlich. Ausgestattet mit dem Manufakturwerk Kaliber MT5612 ist ebenfalls eine Datumsanzeige vorhanden. Die charakteristischen Elemente der Heritage Black Bay sind in der Geschichte von TUDOR verankert. Sie \u00fcbernimmt die allgemeine Linienf\u00fchrung sowie das gew\u00f6lbte Zifferblatt und Uhrglas von den ersten TUDOR... Weiter &raquo;","og_url":"https:\/\/galli.ch\/uhren\/tudor\/black-bay\/steel-gold-champagne-m79733n-0003\/","og_site_name":"Galli Uhren Bijouterie","article_modified_time":"2026-03-30T08:15:47+00:00","og_image":[{"width":1000,"height":1400,"url":"https:\/\/galli.ch\/wp-content\/uploads\/Tudor-Black-Bay-S-G-3a-Champagne.1.png","type":"image\/png"}],"twitter_card":"summary_large_image","schema":{"@context":"https:\/\/schema.org","@graph":[{"@type":"WebPage","@id":"https:\/\/galli.ch\/uhren\/tudor\/black-bay\/steel-gold-champagne-m79733n-0003\/","url":"https:\/\/galli.ch\/uhren\/tudor\/black-bay\/steel-gold-champagne-m79733n-0003\/","name":"Tudor Black Bay S&G Champagne - Galli Uhren Bijouterie","isPartOf":{"@id":"http:\/\/galli.ch\/en\/#website"},"primaryImageOfPage":{"@id":"https:\/\/galli.ch\/uhren\/tudor\/black-bay\/steel-gold-champagne-m79733n-0003\/#primaryimage"},"image":{"@id":"https:\/\/galli.ch\/uhren\/tudor\/black-bay\/steel-gold-champagne-m79733n-0003\/#primaryimage"},"thumbnailUrl":"https:\/\/galli.ch\/wp-content\/uploads\/Tudor-Black-Bay-S-G-3a-Champagne.1.png","datePublished":"2018-07-17T20:17:24+00:00","dateModified":"2026-03-30T08:15:47+00:00","breadcrumb":{"@id":"https:\/\/galli.ch\/uhren\/tudor\/black-bay\/steel-gold-champagne-m79733n-0003\/#breadcrumb"},"inLanguage":"en-US","potentialAction":[{"@type":"ReadAction","target":["https:\/\/galli.ch\/uhren\/tudor\/black-bay\/steel-gold-champagne-m79733n-0003\/"]}]},{"@type":"ImageObject","inLanguage":"en-US","@id":"https:\/\/galli.ch\/uhren\/tudor\/black-bay\/steel-gold-champagne-m79733n-0003\/#primaryimage","url":"https:\/\/galli.ch\/wp-content\/uploads\/Tudor-Black-Bay-S-G-3a-Champagne.1.png","contentUrl":"https:\/\/galli.ch\/wp-content\/uploads\/Tudor-Black-Bay-S-G-3a-Champagne.1.png","width":1000,"height":1400,"caption":"Tudor Black Bay Steel"},{"@type":"BreadcrumbList","@id":"https:\/\/galli.ch\/uhren\/tudor\/black-bay\/steel-gold-champagne-m79733n-0003\/#breadcrumb","itemListElement":[{"@type":"ListItem","position":1,"name":"Home","item":"https:\/\/galli.ch\/en\/"},{"@type":"ListItem","position":2,"name":"Uhren","item":"https:\/\/galli.ch\/en\/uhren\/"},{"@type":"ListItem","position":3,"name":"Tudor Black Bay S&#038;G Champagne"}]},{"@type":"WebSite","@id":"http:\/\/galli.ch\/en\/#website","url":"http:\/\/galli.ch\/en\/","name":"Galli Uhren Bijouterie","description":"","potentialAction":[{"@type":"SearchAction","target":{"@type":"EntryPoint","urlTemplate":"http:\/\/galli.ch\/en\/?s={search_term_string}"},"query-input":{"@type":"PropertyValueSpecification","valueRequired":true,"valueName":"search_term_string"}}],"inLanguage":"en-US"}]}},"_links":{"self":[{"href":"https:\/\/galli.ch\/en\/wp-json\/wp\/v2\/product\/745","targetHints":{"allow":["GET"]}}],"collection":[{"href":"https:\/\/galli.ch\/en\/wp-json\/wp\/v2\/product"}],"about":[{"href":"https:\/\/galli.ch\/en\/wp-json\/wp\/v2\/types\/product"}],"wp:featuredmedia":[{"embeddable":true,"href":"https:\/\/galli.ch\/en\/wp-json\/wp\/v2\/media\/738"}],"wp:attachment":[{"href":"https:\/\/galli.ch\/en\/wp-json\/wp\/v2\/media?parent=745"}],"wp:term":[{"taxonomy":"product_brand","embeddable":true,"href":"https:\/\/galli.ch\/en\/wp-json\/wp\/v2\/product_brand?post=745"},{"taxonomy":"product_cat","embeddable":true,"href":"https:\/\/galli.ch\/en\/wp-json\/wp\/v2\/product_cat?post=745"},{"taxonomy":"product_tag","embeddable":true,"href":"https:\/\/galli.ch\/en\/wp-json\/wp\/v2\/product_tag?post=745"}],"curies":[{"name":"wp","href":"https:\/\/api.w.org\/{rel}","templated":true}]}}