{"id":7488,"date":"2020-06-30T16:22:19","date_gmt":"2020-06-30T14:22:19","guid":{"rendered":"http:\/\/galli.ch\/?post_type=uhren&#038;p=7488"},"modified":"2026-04-20T18:13:02","modified_gmt":"2026-04-20T16:13:02","slug":"chronomat-b01-42-anthrazit-ub0134101b1u1","status":"publish","type":"product","link":"https:\/\/galli.ch\/en\/uhren\/breitling\/chronomat\/chronomat-b01-42-anthrazit-ub0134101b1u1\/","title":{"rendered":"Breitling Chronomat B01 42"},"content":{"rendered":"<p>W\u00e4hrend ein Grossteil der Uhrenindustrie in den 80er Jahren bei den platzsparenden Quartzuhrwerken angekommen war, setzte Breitling mit der Chronomat bewusst auf klassische Mechanik. Basierend auf der 1983 erschienenen Frecce-Tricolori-Uhr, wollte Breitling mit der Chronomat ein stilvolles Jubil\u00e4um zum 100. Geburtstag der Uhrenmanufaktur einl\u00e4uten. Es war klar, dass ein solcher Meilenstein der Firmengeschichte nur mit einem hochwertigen, mechanischen Chronometer-Uhrwerk ausgestattet sein konnte.<\/p>\n<p>Trotz des gegenl\u00e4ufigen Trends wurde diese Uhr zu einer sportlichen Stilikone der 80er, die in der Folge die gesamte Uhrenindustrie inspirierte. Das Original ist und bleibt jedoch eines der bemerkenswertesten Muster von Breitling, das nicht nur f\u00fcr Piloten, sondern auch f\u00fcr viele andere Abenteurer und Sportler ein treuer Weggef\u00e4hrte geworden ist. Die Integration des Tachymeters war eine Innovation, die sogar im Rennsport Anklang fand.<\/p>\n<p>Die Chronomat in dieser Ausf\u00fchrung in Stahl-Gold ist mit blauem oder anthrazit farbenen Zifferblatt erh\u00e4ltlich und auf das charakteristische Rouleaux-Armband abgestimmt.<\/p>\n","protected":false},"excerpt":{"rendered":"<p>W\u00e4hrend ein Grossteil der Uhrenindustrie in den 80er Jahren bei den platzsparenden Quartzuhrwerken angekommen war, setzte Breitling mit der Chronomat bewusst auf klassische Mechanik. Basierend auf der 1983 erschienenen Frecce-Tricolori-Uhr, wollte Breitling mit der Chronomat ein stilvolles Jubil\u00e4um zum 100. Geburtstag der Uhrenmanufaktur einl\u00e4uten. Es war klar, dass ein solcher Meilenstein der Firmengeschichte nur mit&#8230;  <a class=\"excerpt-read-more\" href=\"https:\/\/galli.ch\/en\/uhren\/breitling\/chronomat\/chronomat-b01-42-anthrazit-ub0134101b1u1\/\" title=\"Read Breitling Chronomat B01 42\">Weiter &raquo;<\/a><\/p>\n","protected":false},"featured_media":7486,"template":"","meta":{"_acf_changed":false,"inline_featured_image":false},"product_brand":[],"product_cat":[188],"product_tag":[],"class_list":{"0":"post-7488","1":"product","2":"type-product","3":"status-publish","4":"has-post-thumbnail","6":"uhrenhersteller-breitling","7":"uhrenhersteller-chronomat","8":"product_cat-uhren","10":"first","11":"outofstock","12":"taxable","13":"shipping-taxable","14":"purchasable","15":"product-type-simple"},"acf":[],"yoast_head":"<!-- This site is optimized with the Yoast SEO plugin v25.5 - https:\/\/yoast.com\/wordpress\/plugins\/seo\/ -->\n<title>Breitling Chronomat B01 42 - Galli Uhren Bijouterie<\/title>\n<meta name=\"robots\" content=\"index, follow, max-snippet:-1, max-image-preview:large, max-video-preview:-1\" \/>\n<link rel=\"canonical\" href=\"https:\/\/galli.ch\/uhren\/breitling\/chronomat\/chronomat-b01-42-anthrazit-ub0134101b1u1\/\" \/>\n<meta property=\"og:locale\" content=\"en_US\" \/>\n<meta property=\"og:type\" content=\"article\" \/>\n<meta property=\"og:title\" content=\"Breitling Chronomat B01 42 - Galli Uhren Bijouterie\" \/>\n<meta property=\"og:description\" content=\"W\u00e4hrend ein Grossteil der Uhrenindustrie in den 80er Jahren bei den platzsparenden Quartzuhrwerken angekommen war, setzte Breitling mit der Chronomat bewusst auf klassische Mechanik. Basierend auf der 1983 erschienenen Frecce-Tricolori-Uhr, wollte Breitling mit der Chronomat ein stilvolles Jubil\u00e4um zum 100. Geburtstag der Uhrenmanufaktur einl\u00e4uten. Es war klar, dass ein solcher Meilenstein der Firmengeschichte nur mit... Weiter &raquo;\" \/>\n<meta property=\"og:url\" content=\"https:\/\/galli.ch\/uhren\/breitling\/chronomat\/chronomat-b01-42-anthrazit-ub0134101b1u1\/\" \/>\n<meta property=\"og:site_name\" content=\"Galli Uhren Bijouterie\" \/>\n<meta property=\"article:modified_time\" content=\"2026-04-20T16:13:02+00:00\" \/>\n<meta property=\"og:image\" content=\"https:\/\/galli.ch\/wp-content\/uploads\/29_two-tone-chronomat-b01-42-with-an-anthracite-dial-and-black-subdials-highlighted-by-an-18-k-red-gold-bezel-crown-and-pushers_ub0134101b1u1-1.png\" \/>\n\t<meta property=\"og:image:width\" content=\"1000\" \/>\n\t<meta property=\"og:image:height\" content=\"1400\" \/>\n\t<meta property=\"og:image:type\" content=\"image\/png\" \/>\n<meta name=\"twitter:card\" content=\"summary_large_image\" \/>\n<script type=\"application\/ld+json\" class=\"yoast-schema-graph\">{\"@context\":\"https:\/\/schema.org\",\"@graph\":[{\"@type\":\"WebPage\",\"@id\":\"https:\/\/galli.ch\/uhren\/breitling\/chronomat\/chronomat-b01-42-anthrazit-ub0134101b1u1\/\",\"url\":\"https:\/\/galli.ch\/uhren\/breitling\/chronomat\/chronomat-b01-42-anthrazit-ub0134101b1u1\/\",\"name\":\"Breitling Chronomat B01 42 - Galli Uhren Bijouterie\",\"isPartOf\":{\"@id\":\"http:\/\/galli.ch\/en\/#website\"},\"primaryImageOfPage\":{\"@id\":\"https:\/\/galli.ch\/uhren\/breitling\/chronomat\/chronomat-b01-42-anthrazit-ub0134101b1u1\/#primaryimage\"},\"image\":{\"@id\":\"https:\/\/galli.ch\/uhren\/breitling\/chronomat\/chronomat-b01-42-anthrazit-ub0134101b1u1\/#primaryimage\"},\"thumbnailUrl\":\"https:\/\/galli.ch\/wp-content\/uploads\/29_two-tone-chronomat-b01-42-with-an-anthracite-dial-and-black-subdials-highlighted-by-an-18-k-red-gold-bezel-crown-and-pushers_ub0134101b1u1-1.png\",\"datePublished\":\"2020-06-30T14:22:19+00:00\",\"dateModified\":\"2026-04-20T16:13:02+00:00\",\"breadcrumb\":{\"@id\":\"https:\/\/galli.ch\/uhren\/breitling\/chronomat\/chronomat-b01-42-anthrazit-ub0134101b1u1\/#breadcrumb\"},\"inLanguage\":\"en-US\",\"potentialAction\":[{\"@type\":\"ReadAction\",\"target\":[\"https:\/\/galli.ch\/uhren\/breitling\/chronomat\/chronomat-b01-42-anthrazit-ub0134101b1u1\/\"]}]},{\"@type\":\"ImageObject\",\"inLanguage\":\"en-US\",\"@id\":\"https:\/\/galli.ch\/uhren\/breitling\/chronomat\/chronomat-b01-42-anthrazit-ub0134101b1u1\/#primaryimage\",\"url\":\"https:\/\/galli.ch\/wp-content\/uploads\/29_two-tone-chronomat-b01-42-with-an-anthracite-dial-and-black-subdials-highlighted-by-an-18-k-red-gold-bezel-crown-and-pushers_ub0134101b1u1-1.png\",\"contentUrl\":\"https:\/\/galli.ch\/wp-content\/uploads\/29_two-tone-chronomat-b01-42-with-an-anthracite-dial-and-black-subdials-highlighted-by-an-18-k-red-gold-bezel-crown-and-pushers_ub0134101b1u1-1.png\",\"width\":1000,\"height\":1400,\"caption\":\"breitling-chronomat-steel-gold-anthrazit\"},{\"@type\":\"BreadcrumbList\",\"@id\":\"https:\/\/galli.ch\/uhren\/breitling\/chronomat\/chronomat-b01-42-anthrazit-ub0134101b1u1\/#breadcrumb\",\"itemListElement\":[{\"@type\":\"ListItem\",\"position\":1,\"name\":\"Home\",\"item\":\"https:\/\/galli.ch\/en\/\"},{\"@type\":\"ListItem\",\"position\":2,\"name\":\"Uhren\",\"item\":\"https:\/\/galli.ch\/en\/uhren\/\"},{\"@type\":\"ListItem\",\"position\":3,\"name\":\"Breitling Chronomat B01 42\"}]},{\"@type\":\"WebSite\",\"@id\":\"http:\/\/galli.ch\/en\/#website\",\"url\":\"http:\/\/galli.ch\/en\/\",\"name\":\"Galli Uhren Bijouterie\",\"description\":\"\",\"potentialAction\":[{\"@type\":\"SearchAction\",\"target\":{\"@type\":\"EntryPoint\",\"urlTemplate\":\"http:\/\/galli.ch\/en\/?s={search_term_string}\"},\"query-input\":{\"@type\":\"PropertyValueSpecification\",\"valueRequired\":true,\"valueName\":\"search_term_string\"}}],\"inLanguage\":\"en-US\"}]}<\/script>\n<!-- \/ Yoast SEO plugin. -->","yoast_head_json":{"title":"Breitling Chronomat B01 42 - Galli Uhren Bijouterie","robots":{"index":"index","follow":"follow","max-snippet":"max-snippet:-1","max-image-preview":"max-image-preview:large","max-video-preview":"max-video-preview:-1"},"canonical":"https:\/\/galli.ch\/uhren\/breitling\/chronomat\/chronomat-b01-42-anthrazit-ub0134101b1u1\/","og_locale":"en_US","og_type":"article","og_title":"Breitling Chronomat B01 42 - Galli Uhren Bijouterie","og_description":"W\u00e4hrend ein Grossteil der Uhrenindustrie in den 80er Jahren bei den platzsparenden Quartzuhrwerken angekommen war, setzte Breitling mit der Chronomat bewusst auf klassische Mechanik. Basierend auf der 1983 erschienenen Frecce-Tricolori-Uhr, wollte Breitling mit der Chronomat ein stilvolles Jubil\u00e4um zum 100. Geburtstag der Uhrenmanufaktur einl\u00e4uten. Es war klar, dass ein solcher Meilenstein der Firmengeschichte nur mit... Weiter &raquo;","og_url":"https:\/\/galli.ch\/uhren\/breitling\/chronomat\/chronomat-b01-42-anthrazit-ub0134101b1u1\/","og_site_name":"Galli Uhren Bijouterie","article_modified_time":"2026-04-20T16:13:02+00:00","og_image":[{"width":1000,"height":1400,"url":"https:\/\/galli.ch\/wp-content\/uploads\/29_two-tone-chronomat-b01-42-with-an-anthracite-dial-and-black-subdials-highlighted-by-an-18-k-red-gold-bezel-crown-and-pushers_ub0134101b1u1-1.png","type":"image\/png"}],"twitter_card":"summary_large_image","schema":{"@context":"https:\/\/schema.org","@graph":[{"@type":"WebPage","@id":"https:\/\/galli.ch\/uhren\/breitling\/chronomat\/chronomat-b01-42-anthrazit-ub0134101b1u1\/","url":"https:\/\/galli.ch\/uhren\/breitling\/chronomat\/chronomat-b01-42-anthrazit-ub0134101b1u1\/","name":"Breitling Chronomat B01 42 - Galli Uhren Bijouterie","isPartOf":{"@id":"http:\/\/galli.ch\/en\/#website"},"primaryImageOfPage":{"@id":"https:\/\/galli.ch\/uhren\/breitling\/chronomat\/chronomat-b01-42-anthrazit-ub0134101b1u1\/#primaryimage"},"image":{"@id":"https:\/\/galli.ch\/uhren\/breitling\/chronomat\/chronomat-b01-42-anthrazit-ub0134101b1u1\/#primaryimage"},"thumbnailUrl":"https:\/\/galli.ch\/wp-content\/uploads\/29_two-tone-chronomat-b01-42-with-an-anthracite-dial-and-black-subdials-highlighted-by-an-18-k-red-gold-bezel-crown-and-pushers_ub0134101b1u1-1.png","datePublished":"2020-06-30T14:22:19+00:00","dateModified":"2026-04-20T16:13:02+00:00","breadcrumb":{"@id":"https:\/\/galli.ch\/uhren\/breitling\/chronomat\/chronomat-b01-42-anthrazit-ub0134101b1u1\/#breadcrumb"},"inLanguage":"en-US","potentialAction":[{"@type":"ReadAction","target":["https:\/\/galli.ch\/uhren\/breitling\/chronomat\/chronomat-b01-42-anthrazit-ub0134101b1u1\/"]}]},{"@type":"ImageObject","inLanguage":"en-US","@id":"https:\/\/galli.ch\/uhren\/breitling\/chronomat\/chronomat-b01-42-anthrazit-ub0134101b1u1\/#primaryimage","url":"https:\/\/galli.ch\/wp-content\/uploads\/29_two-tone-chronomat-b01-42-with-an-anthracite-dial-and-black-subdials-highlighted-by-an-18-k-red-gold-bezel-crown-and-pushers_ub0134101b1u1-1.png","contentUrl":"https:\/\/galli.ch\/wp-content\/uploads\/29_two-tone-chronomat-b01-42-with-an-anthracite-dial-and-black-subdials-highlighted-by-an-18-k-red-gold-bezel-crown-and-pushers_ub0134101b1u1-1.png","width":1000,"height":1400,"caption":"breitling-chronomat-steel-gold-anthrazit"},{"@type":"BreadcrumbList","@id":"https:\/\/galli.ch\/uhren\/breitling\/chronomat\/chronomat-b01-42-anthrazit-ub0134101b1u1\/#breadcrumb","itemListElement":[{"@type":"ListItem","position":1,"name":"Home","item":"https:\/\/galli.ch\/en\/"},{"@type":"ListItem","position":2,"name":"Uhren","item":"https:\/\/galli.ch\/en\/uhren\/"},{"@type":"ListItem","position":3,"name":"Breitling Chronomat B01 42"}]},{"@type":"WebSite","@id":"http:\/\/galli.ch\/en\/#website","url":"http:\/\/galli.ch\/en\/","name":"Galli Uhren Bijouterie","description":"","potentialAction":[{"@type":"SearchAction","target":{"@type":"EntryPoint","urlTemplate":"http:\/\/galli.ch\/en\/?s={search_term_string}"},"query-input":{"@type":"PropertyValueSpecification","valueRequired":true,"valueName":"search_term_string"}}],"inLanguage":"en-US"}]}},"_links":{"self":[{"href":"https:\/\/galli.ch\/en\/wp-json\/wp\/v2\/product\/7488","targetHints":{"allow":["GET"]}}],"collection":[{"href":"https:\/\/galli.ch\/en\/wp-json\/wp\/v2\/product"}],"about":[{"href":"https:\/\/galli.ch\/en\/wp-json\/wp\/v2\/types\/product"}],"wp:featuredmedia":[{"embeddable":true,"href":"https:\/\/galli.ch\/en\/wp-json\/wp\/v2\/media\/7486"}],"wp:attachment":[{"href":"https:\/\/galli.ch\/en\/wp-json\/wp\/v2\/media?parent=7488"}],"wp:term":[{"taxonomy":"product_brand","embeddable":true,"href":"https:\/\/galli.ch\/en\/wp-json\/wp\/v2\/product_brand?post=7488"},{"taxonomy":"product_cat","embeddable":true,"href":"https:\/\/galli.ch\/en\/wp-json\/wp\/v2\/product_cat?post=7488"},{"taxonomy":"product_tag","embeddable":true,"href":"https:\/\/galli.ch\/en\/wp-json\/wp\/v2\/product_tag?post=7488"}],"curies":[{"name":"wp","href":"https:\/\/api.w.org\/{rel}","templated":true}]}}