{"id":7507,"date":"2020-07-01T14:45:34","date_gmt":"2020-07-01T12:45:34","guid":{"rendered":"http:\/\/galli.ch\/?post_type=uhren&#038;p=7507"},"modified":"2026-04-20T18:15:13","modified_gmt":"2026-04-20T16:15:13","slug":"navy-blue-m79030b-0003","status":"publish","type":"product","link":"https:\/\/galli.ch\/en\/uhren\/tudor\/black-bay-58\/navy-blue-m79030b-0003\/","title":{"rendered":"Tudor Black Bay 58 Navy Blue"},"content":{"rendered":"<p>Seiner langen Tradition blauer Sportuhren getreu bietet TUDOR ab Juli 2020 eine \u201eNavy Blue\u201c-Version des Flaggschiff-Modells Black Bay 58 an.<\/p>\n<p>Der Name der Black Bay 58 \u201eNavy Blue\u201c leitet sich selbstverst\u00e4ndlich aus ihrer Farbe ab, aber auch aus dem Jahr 1958, in dem die erste TUDOR Taucheruhr mit einer Wasserdichtheit bis zu einer Tiefe von 200 Metern, Referenz 7924 oder \u201eBig Crown\u201c, pr\u00e4sentiert wurde. Neben anderen \u00e4sthetischen Bez\u00fcgen auf diese historische Armbanduhr ist dieses Modell mit einem 39-mm-Geh\u00e4use ausgestattet und bleibt damit den charakteristischen Proportionen der Modelle aus den 1950er-Jahren treu.<\/p>\n<p>Ideal f\u00fcr schmale Handgelenke, f\u00fcr diejenigen, die gerne kompaktere Armbanduhren tragen, und f\u00fcr Liebhaber klassischer Modelle, f\u00fchrt die Black Bay 58 \u201eNavy Blue\u201c ausserdem die lange Tradition der blauen Sportuhren fort.<\/p>\n","protected":false},"excerpt":{"rendered":"<p>Seiner langen Tradition blauer Sportuhren getreu bietet TUDOR ab Juli 2020 eine \u201eNavy Blue\u201c-Version des Flaggschiff-Modells Black Bay 58 an. Der Name der Black Bay 58 \u201eNavy Blue\u201c leitet sich selbstverst\u00e4ndlich aus ihrer Farbe ab, aber auch aus dem Jahr 1958, in dem die erste TUDOR Taucheruhr mit einer Wasserdichtheit bis zu einer Tiefe von&#8230;  <a class=\"excerpt-read-more\" href=\"https:\/\/galli.ch\/en\/uhren\/tudor\/black-bay-58\/navy-blue-m79030b-0003\/\" title=\"Read Tudor Black Bay 58 Navy Blue\">Weiter &raquo;<\/a><\/p>\n","protected":false},"featured_media":7495,"template":"","meta":{"_acf_changed":false,"inline_featured_image":false},"product_brand":[],"product_cat":[188],"product_tag":[],"class_list":{"0":"post-7507","1":"product","2":"type-product","3":"status-publish","4":"has-post-thumbnail","6":"uhrenhersteller-tudor","7":"uhrenhersteller-black-bay-58","8":"product_cat-uhren","10":"first","11":"outofstock","12":"taxable","13":"shipping-taxable","14":"purchasable","15":"product-type-simple"},"acf":[],"yoast_head":"<!-- This site is optimized with the Yoast SEO plugin v25.5 - https:\/\/yoast.com\/wordpress\/plugins\/seo\/ -->\n<title>Tudor Black Bay 58 Navy Blue - Galli Uhren Bijouterie<\/title>\n<meta name=\"robots\" content=\"index, follow, max-snippet:-1, max-image-preview:large, max-video-preview:-1\" \/>\n<link rel=\"canonical\" href=\"https:\/\/galli.ch\/uhren\/tudor\/black-bay-58\/navy-blue-m79030b-0003\/\" \/>\n<meta property=\"og:locale\" content=\"en_US\" \/>\n<meta property=\"og:type\" content=\"article\" \/>\n<meta property=\"og:title\" content=\"Tudor Black Bay 58 Navy Blue - Galli Uhren Bijouterie\" \/>\n<meta property=\"og:description\" content=\"Seiner langen Tradition blauer Sportuhren getreu bietet TUDOR ab Juli 2020 eine \u201eNavy Blue\u201c-Version des Flaggschiff-Modells Black Bay 58 an. Der Name der Black Bay 58 \u201eNavy Blue\u201c leitet sich selbstverst\u00e4ndlich aus ihrer Farbe ab, aber auch aus dem Jahr 1958, in dem die erste TUDOR Taucheruhr mit einer Wasserdichtheit bis zu einer Tiefe von... Weiter &raquo;\" \/>\n<meta property=\"og:url\" content=\"https:\/\/galli.ch\/uhren\/tudor\/black-bay-58\/navy-blue-m79030b-0003\/\" \/>\n<meta property=\"og:site_name\" content=\"Galli Uhren Bijouterie\" \/>\n<meta property=\"article:modified_time\" content=\"2026-04-20T16:15:13+00:00\" \/>\n<meta property=\"og:image\" content=\"https:\/\/galli.ch\/wp-content\/uploads\/BB58NavyBlue_4.png\" \/>\n\t<meta property=\"og:image:width\" content=\"1000\" \/>\n\t<meta property=\"og:image:height\" content=\"1400\" \/>\n\t<meta property=\"og:image:type\" content=\"image\/png\" \/>\n<meta name=\"twitter:card\" content=\"summary_large_image\" \/>\n<script type=\"application\/ld+json\" class=\"yoast-schema-graph\">{\"@context\":\"https:\/\/schema.org\",\"@graph\":[{\"@type\":\"WebPage\",\"@id\":\"https:\/\/galli.ch\/uhren\/tudor\/black-bay-58\/navy-blue-m79030b-0003\/\",\"url\":\"https:\/\/galli.ch\/uhren\/tudor\/black-bay-58\/navy-blue-m79030b-0003\/\",\"name\":\"Tudor Black Bay 58 Navy Blue - Galli Uhren Bijouterie\",\"isPartOf\":{\"@id\":\"http:\/\/galli.ch\/en\/#website\"},\"primaryImageOfPage\":{\"@id\":\"https:\/\/galli.ch\/uhren\/tudor\/black-bay-58\/navy-blue-m79030b-0003\/#primaryimage\"},\"image\":{\"@id\":\"https:\/\/galli.ch\/uhren\/tudor\/black-bay-58\/navy-blue-m79030b-0003\/#primaryimage\"},\"thumbnailUrl\":\"https:\/\/galli.ch\/wp-content\/uploads\/BB58NavyBlue_4.png\",\"datePublished\":\"2020-07-01T12:45:34+00:00\",\"dateModified\":\"2026-04-20T16:15:13+00:00\",\"breadcrumb\":{\"@id\":\"https:\/\/galli.ch\/uhren\/tudor\/black-bay-58\/navy-blue-m79030b-0003\/#breadcrumb\"},\"inLanguage\":\"en-US\",\"potentialAction\":[{\"@type\":\"ReadAction\",\"target\":[\"https:\/\/galli.ch\/uhren\/tudor\/black-bay-58\/navy-blue-m79030b-0003\/\"]}]},{\"@type\":\"ImageObject\",\"inLanguage\":\"en-US\",\"@id\":\"https:\/\/galli.ch\/uhren\/tudor\/black-bay-58\/navy-blue-m79030b-0003\/#primaryimage\",\"url\":\"https:\/\/galli.ch\/wp-content\/uploads\/BB58NavyBlue_4.png\",\"contentUrl\":\"https:\/\/galli.ch\/wp-content\/uploads\/BB58NavyBlue_4.png\",\"width\":1000,\"height\":1400,\"caption\":\"tudor-black-bay-fifty-eigt-navy-blue\"},{\"@type\":\"BreadcrumbList\",\"@id\":\"https:\/\/galli.ch\/uhren\/tudor\/black-bay-58\/navy-blue-m79030b-0003\/#breadcrumb\",\"itemListElement\":[{\"@type\":\"ListItem\",\"position\":1,\"name\":\"Home\",\"item\":\"https:\/\/galli.ch\/en\/\"},{\"@type\":\"ListItem\",\"position\":2,\"name\":\"Uhren\",\"item\":\"https:\/\/galli.ch\/en\/uhren\/\"},{\"@type\":\"ListItem\",\"position\":3,\"name\":\"Tudor Black Bay 58 Navy Blue\"}]},{\"@type\":\"WebSite\",\"@id\":\"http:\/\/galli.ch\/en\/#website\",\"url\":\"http:\/\/galli.ch\/en\/\",\"name\":\"Galli Uhren Bijouterie\",\"description\":\"\",\"potentialAction\":[{\"@type\":\"SearchAction\",\"target\":{\"@type\":\"EntryPoint\",\"urlTemplate\":\"http:\/\/galli.ch\/en\/?s={search_term_string}\"},\"query-input\":{\"@type\":\"PropertyValueSpecification\",\"valueRequired\":true,\"valueName\":\"search_term_string\"}}],\"inLanguage\":\"en-US\"}]}<\/script>\n<!-- \/ Yoast SEO plugin. -->","yoast_head_json":{"title":"Tudor Black Bay 58 Navy Blue - Galli Uhren Bijouterie","robots":{"index":"index","follow":"follow","max-snippet":"max-snippet:-1","max-image-preview":"max-image-preview:large","max-video-preview":"max-video-preview:-1"},"canonical":"https:\/\/galli.ch\/uhren\/tudor\/black-bay-58\/navy-blue-m79030b-0003\/","og_locale":"en_US","og_type":"article","og_title":"Tudor Black Bay 58 Navy Blue - Galli Uhren Bijouterie","og_description":"Seiner langen Tradition blauer Sportuhren getreu bietet TUDOR ab Juli 2020 eine \u201eNavy Blue\u201c-Version des Flaggschiff-Modells Black Bay 58 an. Der Name der Black Bay 58 \u201eNavy Blue\u201c leitet sich selbstverst\u00e4ndlich aus ihrer Farbe ab, aber auch aus dem Jahr 1958, in dem die erste TUDOR Taucheruhr mit einer Wasserdichtheit bis zu einer Tiefe von... Weiter &raquo;","og_url":"https:\/\/galli.ch\/uhren\/tudor\/black-bay-58\/navy-blue-m79030b-0003\/","og_site_name":"Galli Uhren Bijouterie","article_modified_time":"2026-04-20T16:15:13+00:00","og_image":[{"width":1000,"height":1400,"url":"https:\/\/galli.ch\/wp-content\/uploads\/BB58NavyBlue_4.png","type":"image\/png"}],"twitter_card":"summary_large_image","schema":{"@context":"https:\/\/schema.org","@graph":[{"@type":"WebPage","@id":"https:\/\/galli.ch\/uhren\/tudor\/black-bay-58\/navy-blue-m79030b-0003\/","url":"https:\/\/galli.ch\/uhren\/tudor\/black-bay-58\/navy-blue-m79030b-0003\/","name":"Tudor Black Bay 58 Navy Blue - Galli Uhren Bijouterie","isPartOf":{"@id":"http:\/\/galli.ch\/en\/#website"},"primaryImageOfPage":{"@id":"https:\/\/galli.ch\/uhren\/tudor\/black-bay-58\/navy-blue-m79030b-0003\/#primaryimage"},"image":{"@id":"https:\/\/galli.ch\/uhren\/tudor\/black-bay-58\/navy-blue-m79030b-0003\/#primaryimage"},"thumbnailUrl":"https:\/\/galli.ch\/wp-content\/uploads\/BB58NavyBlue_4.png","datePublished":"2020-07-01T12:45:34+00:00","dateModified":"2026-04-20T16:15:13+00:00","breadcrumb":{"@id":"https:\/\/galli.ch\/uhren\/tudor\/black-bay-58\/navy-blue-m79030b-0003\/#breadcrumb"},"inLanguage":"en-US","potentialAction":[{"@type":"ReadAction","target":["https:\/\/galli.ch\/uhren\/tudor\/black-bay-58\/navy-blue-m79030b-0003\/"]}]},{"@type":"ImageObject","inLanguage":"en-US","@id":"https:\/\/galli.ch\/uhren\/tudor\/black-bay-58\/navy-blue-m79030b-0003\/#primaryimage","url":"https:\/\/galli.ch\/wp-content\/uploads\/BB58NavyBlue_4.png","contentUrl":"https:\/\/galli.ch\/wp-content\/uploads\/BB58NavyBlue_4.png","width":1000,"height":1400,"caption":"tudor-black-bay-fifty-eigt-navy-blue"},{"@type":"BreadcrumbList","@id":"https:\/\/galli.ch\/uhren\/tudor\/black-bay-58\/navy-blue-m79030b-0003\/#breadcrumb","itemListElement":[{"@type":"ListItem","position":1,"name":"Home","item":"https:\/\/galli.ch\/en\/"},{"@type":"ListItem","position":2,"name":"Uhren","item":"https:\/\/galli.ch\/en\/uhren\/"},{"@type":"ListItem","position":3,"name":"Tudor Black Bay 58 Navy Blue"}]},{"@type":"WebSite","@id":"http:\/\/galli.ch\/en\/#website","url":"http:\/\/galli.ch\/en\/","name":"Galli Uhren Bijouterie","description":"","potentialAction":[{"@type":"SearchAction","target":{"@type":"EntryPoint","urlTemplate":"http:\/\/galli.ch\/en\/?s={search_term_string}"},"query-input":{"@type":"PropertyValueSpecification","valueRequired":true,"valueName":"search_term_string"}}],"inLanguage":"en-US"}]}},"_links":{"self":[{"href":"https:\/\/galli.ch\/en\/wp-json\/wp\/v2\/product\/7507","targetHints":{"allow":["GET"]}}],"collection":[{"href":"https:\/\/galli.ch\/en\/wp-json\/wp\/v2\/product"}],"about":[{"href":"https:\/\/galli.ch\/en\/wp-json\/wp\/v2\/types\/product"}],"wp:featuredmedia":[{"embeddable":true,"href":"https:\/\/galli.ch\/en\/wp-json\/wp\/v2\/media\/7495"}],"wp:attachment":[{"href":"https:\/\/galli.ch\/en\/wp-json\/wp\/v2\/media?parent=7507"}],"wp:term":[{"taxonomy":"product_brand","embeddable":true,"href":"https:\/\/galli.ch\/en\/wp-json\/wp\/v2\/product_brand?post=7507"},{"taxonomy":"product_cat","embeddable":true,"href":"https:\/\/galli.ch\/en\/wp-json\/wp\/v2\/product_cat?post=7507"},{"taxonomy":"product_tag","embeddable":true,"href":"https:\/\/galli.ch\/en\/wp-json\/wp\/v2\/product_tag?post=7507"}],"curies":[{"name":"wp","href":"https:\/\/api.w.org\/{rel}","templated":true}]}}