{"id":7679,"date":"2020-07-29T13:24:54","date_gmt":"2020-07-29T11:24:54","guid":{"rendered":"http:\/\/galli.ch\/?post_type=uhren&#038;p=7679"},"modified":"2026-04-19T14:12:17","modified_gmt":"2026-04-19T12:12:17","slug":"prima-luna-l8-115-4-87-6","status":"publish","type":"product","link":"https:\/\/galli.ch\/en\/uhren\/longines\/elegant\/prima-luna-l8-115-4-87-6\/","title":{"rendered":"Longines PrimaLuna"},"content":{"rendered":"<p>Die Longines PrimaLuna verk\u00f6rpert perfekt die weibliche Eleganz im Sinne der Marke mit der gefl\u00fcgelten Sanduhr. Die Kollektion ist inspiriert von der geheimnisvollen und fesselnden Sch\u00f6nheit des Mondes. Ihre verschiedenen Zifferbl\u00e4tter, das charakteristische Geh\u00e4use und die Glieder ihres ausdrucksstarken Armbands greifen die Rundungen des Vollmonds auf.<\/p>\n<p>Diese exklusiv weibliche Linie passt zu allen Anl\u00e4ssen, ob schick oder allt\u00e4glich, am Tag wie bei Nacht. Sie vervollst\u00e4ndigt genauso ein edles Outfit, wie sie einem l\u00e4ssigen Look Glanz verleiht.<\/p>\n","protected":false},"excerpt":{"rendered":"<p>Die Longines PrimaLuna verk\u00f6rpert perfekt die weibliche Eleganz im Sinne der Marke mit der gefl\u00fcgelten Sanduhr. Die Kollektion ist inspiriert von der geheimnisvollen und fesselnden Sch\u00f6nheit des Mondes. Ihre verschiedenen Zifferbl\u00e4tter, das charakteristische Geh\u00e4use und die Glieder ihres ausdrucksstarken Armbands greifen die Rundungen des Vollmonds auf. Diese exklusiv weibliche Linie passt zu allen Anl\u00e4ssen, ob&#8230;  <a class=\"excerpt-read-more\" href=\"https:\/\/galli.ch\/en\/uhren\/longines\/elegant\/prima-luna-l8-115-4-87-6\/\" title=\"Read Longines PrimaLuna\">Weiter &raquo;<\/a><\/p>\n","protected":false},"featured_media":7566,"template":"","meta":{"_acf_changed":false,"inline_featured_image":false},"product_brand":[],"product_cat":[188],"product_tag":[],"class_list":{"0":"post-7679","1":"product","2":"type-product","3":"status-publish","4":"has-post-thumbnail","6":"uhrenhersteller-longines","7":"uhrenhersteller-elegant","8":"product_cat-uhren","10":"first","11":"outofstock","12":"taxable","13":"shipping-taxable","14":"purchasable","15":"product-type-simple"},"acf":[],"yoast_head":"<!-- This site is optimized with the Yoast SEO plugin v25.5 - https:\/\/yoast.com\/wordpress\/plugins\/seo\/ -->\n<title>Longines PrimaLuna - Galli Uhren Bijouterie<\/title>\n<meta name=\"robots\" content=\"index, follow, max-snippet:-1, max-image-preview:large, max-video-preview:-1\" \/>\n<link rel=\"canonical\" href=\"https:\/\/galli.ch\/uhren\/longines\/elegant\/prima-luna-l8-115-4-87-6\/\" \/>\n<meta property=\"og:locale\" content=\"en_US\" \/>\n<meta property=\"og:type\" content=\"article\" \/>\n<meta property=\"og:title\" content=\"Longines PrimaLuna - Galli Uhren Bijouterie\" \/>\n<meta property=\"og:description\" content=\"Die Longines PrimaLuna verk\u00f6rpert perfekt die weibliche Eleganz im Sinne der Marke mit der gefl\u00fcgelten Sanduhr. Die Kollektion ist inspiriert von der geheimnisvollen und fesselnden Sch\u00f6nheit des Mondes. Ihre verschiedenen Zifferbl\u00e4tter, das charakteristische Geh\u00e4use und die Glieder ihres ausdrucksstarken Armbands greifen die Rundungen des Vollmonds auf. Diese exklusiv weibliche Linie passt zu allen Anl\u00e4ssen, ob... Weiter &raquo;\" \/>\n<meta property=\"og:url\" content=\"https:\/\/galli.ch\/uhren\/longines\/elegant\/prima-luna-l8-115-4-87-6\/\" \/>\n<meta property=\"og:site_name\" content=\"Galli Uhren Bijouterie\" \/>\n<meta property=\"article:modified_time\" content=\"2026-04-19T12:12:17+00:00\" \/>\n<meta property=\"og:image\" content=\"https:\/\/galli.ch\/wp-content\/uploads\/L8-116-4.png\" \/>\n\t<meta property=\"og:image:width\" content=\"1000\" \/>\n\t<meta property=\"og:image:height\" content=\"1400\" \/>\n\t<meta property=\"og:image:type\" content=\"image\/png\" \/>\n<meta name=\"twitter:card\" content=\"summary_large_image\" \/>\n<script type=\"application\/ld+json\" class=\"yoast-schema-graph\">{\"@context\":\"https:\/\/schema.org\",\"@graph\":[{\"@type\":\"WebPage\",\"@id\":\"https:\/\/galli.ch\/uhren\/longines\/elegant\/prima-luna-l8-115-4-87-6\/\",\"url\":\"https:\/\/galli.ch\/uhren\/longines\/elegant\/prima-luna-l8-115-4-87-6\/\",\"name\":\"Longines PrimaLuna - Galli Uhren Bijouterie\",\"isPartOf\":{\"@id\":\"http:\/\/galli.ch\/en\/#website\"},\"primaryImageOfPage\":{\"@id\":\"https:\/\/galli.ch\/uhren\/longines\/elegant\/prima-luna-l8-115-4-87-6\/#primaryimage\"},\"image\":{\"@id\":\"https:\/\/galli.ch\/uhren\/longines\/elegant\/prima-luna-l8-115-4-87-6\/#primaryimage\"},\"thumbnailUrl\":\"https:\/\/galli.ch\/wp-content\/uploads\/L8-116-4.png\",\"datePublished\":\"2020-07-29T11:24:54+00:00\",\"dateModified\":\"2026-04-19T12:12:17+00:00\",\"breadcrumb\":{\"@id\":\"https:\/\/galli.ch\/uhren\/longines\/elegant\/prima-luna-l8-115-4-87-6\/#breadcrumb\"},\"inLanguage\":\"en-US\",\"potentialAction\":[{\"@type\":\"ReadAction\",\"target\":[\"https:\/\/galli.ch\/uhren\/longines\/elegant\/prima-luna-l8-115-4-87-6\/\"]}]},{\"@type\":\"ImageObject\",\"inLanguage\":\"en-US\",\"@id\":\"https:\/\/galli.ch\/uhren\/longines\/elegant\/prima-luna-l8-115-4-87-6\/#primaryimage\",\"url\":\"https:\/\/galli.ch\/wp-content\/uploads\/L8-116-4.png\",\"contentUrl\":\"https:\/\/galli.ch\/wp-content\/uploads\/L8-116-4.png\",\"width\":1000,\"height\":1400,\"caption\":\"longines-prima-luna-moonphase\"},{\"@type\":\"BreadcrumbList\",\"@id\":\"https:\/\/galli.ch\/uhren\/longines\/elegant\/prima-luna-l8-115-4-87-6\/#breadcrumb\",\"itemListElement\":[{\"@type\":\"ListItem\",\"position\":1,\"name\":\"Home\",\"item\":\"https:\/\/galli.ch\/en\/\"},{\"@type\":\"ListItem\",\"position\":2,\"name\":\"Uhren\",\"item\":\"https:\/\/galli.ch\/en\/uhren\/\"},{\"@type\":\"ListItem\",\"position\":3,\"name\":\"PrimaLuna\"}]},{\"@type\":\"WebSite\",\"@id\":\"http:\/\/galli.ch\/en\/#website\",\"url\":\"http:\/\/galli.ch\/en\/\",\"name\":\"Galli Uhren Bijouterie\",\"description\":\"\",\"potentialAction\":[{\"@type\":\"SearchAction\",\"target\":{\"@type\":\"EntryPoint\",\"urlTemplate\":\"http:\/\/galli.ch\/en\/?s={search_term_string}\"},\"query-input\":{\"@type\":\"PropertyValueSpecification\",\"valueRequired\":true,\"valueName\":\"search_term_string\"}}],\"inLanguage\":\"en-US\"}]}<\/script>\n<!-- \/ Yoast SEO plugin. -->","yoast_head_json":{"title":"Longines PrimaLuna - Galli Uhren Bijouterie","robots":{"index":"index","follow":"follow","max-snippet":"max-snippet:-1","max-image-preview":"max-image-preview:large","max-video-preview":"max-video-preview:-1"},"canonical":"https:\/\/galli.ch\/uhren\/longines\/elegant\/prima-luna-l8-115-4-87-6\/","og_locale":"en_US","og_type":"article","og_title":"Longines PrimaLuna - Galli Uhren Bijouterie","og_description":"Die Longines PrimaLuna verk\u00f6rpert perfekt die weibliche Eleganz im Sinne der Marke mit der gefl\u00fcgelten Sanduhr. Die Kollektion ist inspiriert von der geheimnisvollen und fesselnden Sch\u00f6nheit des Mondes. Ihre verschiedenen Zifferbl\u00e4tter, das charakteristische Geh\u00e4use und die Glieder ihres ausdrucksstarken Armbands greifen die Rundungen des Vollmonds auf. Diese exklusiv weibliche Linie passt zu allen Anl\u00e4ssen, ob... Weiter &raquo;","og_url":"https:\/\/galli.ch\/uhren\/longines\/elegant\/prima-luna-l8-115-4-87-6\/","og_site_name":"Galli Uhren Bijouterie","article_modified_time":"2026-04-19T12:12:17+00:00","og_image":[{"width":1000,"height":1400,"url":"https:\/\/galli.ch\/wp-content\/uploads\/L8-116-4.png","type":"image\/png"}],"twitter_card":"summary_large_image","schema":{"@context":"https:\/\/schema.org","@graph":[{"@type":"WebPage","@id":"https:\/\/galli.ch\/uhren\/longines\/elegant\/prima-luna-l8-115-4-87-6\/","url":"https:\/\/galli.ch\/uhren\/longines\/elegant\/prima-luna-l8-115-4-87-6\/","name":"Longines PrimaLuna - Galli Uhren Bijouterie","isPartOf":{"@id":"http:\/\/galli.ch\/en\/#website"},"primaryImageOfPage":{"@id":"https:\/\/galli.ch\/uhren\/longines\/elegant\/prima-luna-l8-115-4-87-6\/#primaryimage"},"image":{"@id":"https:\/\/galli.ch\/uhren\/longines\/elegant\/prima-luna-l8-115-4-87-6\/#primaryimage"},"thumbnailUrl":"https:\/\/galli.ch\/wp-content\/uploads\/L8-116-4.png","datePublished":"2020-07-29T11:24:54+00:00","dateModified":"2026-04-19T12:12:17+00:00","breadcrumb":{"@id":"https:\/\/galli.ch\/uhren\/longines\/elegant\/prima-luna-l8-115-4-87-6\/#breadcrumb"},"inLanguage":"en-US","potentialAction":[{"@type":"ReadAction","target":["https:\/\/galli.ch\/uhren\/longines\/elegant\/prima-luna-l8-115-4-87-6\/"]}]},{"@type":"ImageObject","inLanguage":"en-US","@id":"https:\/\/galli.ch\/uhren\/longines\/elegant\/prima-luna-l8-115-4-87-6\/#primaryimage","url":"https:\/\/galli.ch\/wp-content\/uploads\/L8-116-4.png","contentUrl":"https:\/\/galli.ch\/wp-content\/uploads\/L8-116-4.png","width":1000,"height":1400,"caption":"longines-prima-luna-moonphase"},{"@type":"BreadcrumbList","@id":"https:\/\/galli.ch\/uhren\/longines\/elegant\/prima-luna-l8-115-4-87-6\/#breadcrumb","itemListElement":[{"@type":"ListItem","position":1,"name":"Home","item":"https:\/\/galli.ch\/en\/"},{"@type":"ListItem","position":2,"name":"Uhren","item":"https:\/\/galli.ch\/en\/uhren\/"},{"@type":"ListItem","position":3,"name":"PrimaLuna"}]},{"@type":"WebSite","@id":"http:\/\/galli.ch\/en\/#website","url":"http:\/\/galli.ch\/en\/","name":"Galli Uhren Bijouterie","description":"","potentialAction":[{"@type":"SearchAction","target":{"@type":"EntryPoint","urlTemplate":"http:\/\/galli.ch\/en\/?s={search_term_string}"},"query-input":{"@type":"PropertyValueSpecification","valueRequired":true,"valueName":"search_term_string"}}],"inLanguage":"en-US"}]}},"_links":{"self":[{"href":"https:\/\/galli.ch\/en\/wp-json\/wp\/v2\/product\/7679","targetHints":{"allow":["GET"]}}],"collection":[{"href":"https:\/\/galli.ch\/en\/wp-json\/wp\/v2\/product"}],"about":[{"href":"https:\/\/galli.ch\/en\/wp-json\/wp\/v2\/types\/product"}],"wp:featuredmedia":[{"embeddable":true,"href":"https:\/\/galli.ch\/en\/wp-json\/wp\/v2\/media\/7566"}],"wp:attachment":[{"href":"https:\/\/galli.ch\/en\/wp-json\/wp\/v2\/media?parent=7679"}],"wp:term":[{"taxonomy":"product_brand","embeddable":true,"href":"https:\/\/galli.ch\/en\/wp-json\/wp\/v2\/product_brand?post=7679"},{"taxonomy":"product_cat","embeddable":true,"href":"https:\/\/galli.ch\/en\/wp-json\/wp\/v2\/product_cat?post=7679"},{"taxonomy":"product_tag","embeddable":true,"href":"https:\/\/galli.ch\/en\/wp-json\/wp\/v2\/product_tag?post=7679"}],"curies":[{"name":"wp","href":"https:\/\/api.w.org\/{rel}","templated":true}]}}