{"id":7686,"date":"2020-07-29T14:04:14","date_gmt":"2020-07-29T12:04:14","guid":{"rendered":"http:\/\/galli.ch\/?post_type=uhren&#038;p=7686"},"modified":"2026-03-30T10:11:28","modified_gmt":"2026-03-30T08:11:28","slug":"classic-l2-830-4-93-0","status":"publish","type":"product","link":"https:\/\/galli.ch\/en\/uhren\/longines\/watchmaking-tradition\/classic-l2-830-4-93-0\/","title":{"rendered":"Longines Heritage Classic"},"content":{"rendered":"<p>Longines feiert den unbek\u00fcmmerten Geist der sp\u00e4ten 1940er Jahre. Nach dem harten Krieg kam eine Zeit des Wohlstands und des Feierns. Eleganz war wieder in Mode; M\u00e4nner trugen Anz\u00fcge und Frauen trugen k\u00fcrzlich eingef\u00fchrte Nylonstr\u00fcmpfe. Die Menschen verkleideten sich, um hinauszugehen und im Rhythmus von Jazzbands zu tanzen.<\/p>\n<p>Die neue Longines Heritage Classic Tuxedo-Kreationen, eine mit 3 Zeiger und die andere mit einem Chronographen &#8211; sind von zwei historischen St\u00fccken inspiriert, die im Geist ihrer Zeit entworfen und modernisiert wurden.<\/p>\n","protected":false},"excerpt":{"rendered":"<p>Longines feiert den unbek\u00fcmmerten Geist der sp\u00e4ten 1940er Jahre. Nach dem harten Krieg kam eine Zeit des Wohlstands und des Feierns. Eleganz war wieder in Mode; M\u00e4nner trugen Anz\u00fcge und Frauen trugen k\u00fcrzlich eingef\u00fchrte Nylonstr\u00fcmpfe. Die Menschen verkleideten sich, um hinauszugehen und im Rhythmus von Jazzbands zu tanzen. Die neue Longines Heritage Classic Tuxedo-Kreationen, eine&#8230;  <a class=\"excerpt-read-more\" href=\"https:\/\/galli.ch\/en\/uhren\/longines\/watchmaking-tradition\/classic-l2-830-4-93-0\/\" title=\"Read Longines Heritage Classic\">Weiter &raquo;<\/a><\/p>\n","protected":false},"featured_media":7590,"template":"","meta":{"_acf_changed":false,"inline_featured_image":false},"product_brand":[],"product_cat":[188],"product_tag":[],"class_list":{"0":"post-7686","1":"product","2":"type-product","3":"status-publish","4":"has-post-thumbnail","6":"uhrenhersteller-longines","7":"uhrenhersteller-watchmaking-tradition","8":"product_cat-uhren","10":"first","11":"instock","12":"taxable","13":"shipping-taxable","14":"purchasable","15":"product-type-simple"},"acf":[],"yoast_head":"<!-- This site is optimized with the Yoast SEO plugin v25.5 - https:\/\/yoast.com\/wordpress\/plugins\/seo\/ -->\n<title>Longines Heritage Classic - Galli Uhren Bijouterie<\/title>\n<meta name=\"robots\" content=\"index, follow, max-snippet:-1, max-image-preview:large, max-video-preview:-1\" \/>\n<link rel=\"canonical\" href=\"https:\/\/galli.ch\/uhren\/longines\/watchmaking-tradition\/classic-l2-830-4-93-0\/\" \/>\n<meta property=\"og:locale\" content=\"en_US\" \/>\n<meta property=\"og:type\" content=\"article\" \/>\n<meta property=\"og:title\" content=\"Longines Heritage Classic - Galli Uhren Bijouterie\" \/>\n<meta property=\"og:description\" content=\"Longines feiert den unbek\u00fcmmerten Geist der sp\u00e4ten 1940er Jahre. Nach dem harten Krieg kam eine Zeit des Wohlstands und des Feierns. Eleganz war wieder in Mode; M\u00e4nner trugen Anz\u00fcge und Frauen trugen k\u00fcrzlich eingef\u00fchrte Nylonstr\u00fcmpfe. Die Menschen verkleideten sich, um hinauszugehen und im Rhythmus von Jazzbands zu tanzen. Die neue Longines Heritage Classic Tuxedo-Kreationen, eine... Weiter &raquo;\" \/>\n<meta property=\"og:url\" content=\"https:\/\/galli.ch\/uhren\/longines\/watchmaking-tradition\/classic-l2-830-4-93-0\/\" \/>\n<meta property=\"og:site_name\" content=\"Galli Uhren Bijouterie\" \/>\n<meta property=\"article:modified_time\" content=\"2026-03-30T08:11:28+00:00\" \/>\n<meta property=\"og:image\" content=\"https:\/\/galli.ch\/wp-content\/uploads\/L2-830.png\" \/>\n\t<meta property=\"og:image:width\" content=\"1000\" \/>\n\t<meta property=\"og:image:height\" content=\"1400\" \/>\n\t<meta property=\"og:image:type\" content=\"image\/png\" \/>\n<meta name=\"twitter:card\" content=\"summary_large_image\" \/>\n<script type=\"application\/ld+json\" class=\"yoast-schema-graph\">{\"@context\":\"https:\/\/schema.org\",\"@graph\":[{\"@type\":\"WebPage\",\"@id\":\"https:\/\/galli.ch\/uhren\/longines\/watchmaking-tradition\/classic-l2-830-4-93-0\/\",\"url\":\"https:\/\/galli.ch\/uhren\/longines\/watchmaking-tradition\/classic-l2-830-4-93-0\/\",\"name\":\"Longines Heritage Classic - Galli Uhren Bijouterie\",\"isPartOf\":{\"@id\":\"http:\/\/galli.ch\/en\/#website\"},\"primaryImageOfPage\":{\"@id\":\"https:\/\/galli.ch\/uhren\/longines\/watchmaking-tradition\/classic-l2-830-4-93-0\/#primaryimage\"},\"image\":{\"@id\":\"https:\/\/galli.ch\/uhren\/longines\/watchmaking-tradition\/classic-l2-830-4-93-0\/#primaryimage\"},\"thumbnailUrl\":\"https:\/\/galli.ch\/wp-content\/uploads\/L2-830.png\",\"datePublished\":\"2020-07-29T12:04:14+00:00\",\"dateModified\":\"2026-03-30T08:11:28+00:00\",\"breadcrumb\":{\"@id\":\"https:\/\/galli.ch\/uhren\/longines\/watchmaking-tradition\/classic-l2-830-4-93-0\/#breadcrumb\"},\"inLanguage\":\"en-US\",\"potentialAction\":[{\"@type\":\"ReadAction\",\"target\":[\"https:\/\/galli.ch\/uhren\/longines\/watchmaking-tradition\/classic-l2-830-4-93-0\/\"]}]},{\"@type\":\"ImageObject\",\"inLanguage\":\"en-US\",\"@id\":\"https:\/\/galli.ch\/uhren\/longines\/watchmaking-tradition\/classic-l2-830-4-93-0\/#primaryimage\",\"url\":\"https:\/\/galli.ch\/wp-content\/uploads\/L2-830.png\",\"contentUrl\":\"https:\/\/galli.ch\/wp-content\/uploads\/L2-830.png\",\"width\":1000,\"height\":1400,\"caption\":\"longines-heritage-classic-tuxedo-chronograph\"},{\"@type\":\"BreadcrumbList\",\"@id\":\"https:\/\/galli.ch\/uhren\/longines\/watchmaking-tradition\/classic-l2-830-4-93-0\/#breadcrumb\",\"itemListElement\":[{\"@type\":\"ListItem\",\"position\":1,\"name\":\"Home\",\"item\":\"https:\/\/galli.ch\/en\/\"},{\"@type\":\"ListItem\",\"position\":2,\"name\":\"Uhren\",\"item\":\"https:\/\/galli.ch\/en\/uhren\/\"},{\"@type\":\"ListItem\",\"position\":3,\"name\":\"Heritage Classic\"}]},{\"@type\":\"WebSite\",\"@id\":\"http:\/\/galli.ch\/en\/#website\",\"url\":\"http:\/\/galli.ch\/en\/\",\"name\":\"Galli Uhren Bijouterie\",\"description\":\"\",\"potentialAction\":[{\"@type\":\"SearchAction\",\"target\":{\"@type\":\"EntryPoint\",\"urlTemplate\":\"http:\/\/galli.ch\/en\/?s={search_term_string}\"},\"query-input\":{\"@type\":\"PropertyValueSpecification\",\"valueRequired\":true,\"valueName\":\"search_term_string\"}}],\"inLanguage\":\"en-US\"}]}<\/script>\n<!-- \/ Yoast SEO plugin. -->","yoast_head_json":{"title":"Longines Heritage Classic - Galli Uhren Bijouterie","robots":{"index":"index","follow":"follow","max-snippet":"max-snippet:-1","max-image-preview":"max-image-preview:large","max-video-preview":"max-video-preview:-1"},"canonical":"https:\/\/galli.ch\/uhren\/longines\/watchmaking-tradition\/classic-l2-830-4-93-0\/","og_locale":"en_US","og_type":"article","og_title":"Longines Heritage Classic - Galli Uhren Bijouterie","og_description":"Longines feiert den unbek\u00fcmmerten Geist der sp\u00e4ten 1940er Jahre. Nach dem harten Krieg kam eine Zeit des Wohlstands und des Feierns. Eleganz war wieder in Mode; M\u00e4nner trugen Anz\u00fcge und Frauen trugen k\u00fcrzlich eingef\u00fchrte Nylonstr\u00fcmpfe. Die Menschen verkleideten sich, um hinauszugehen und im Rhythmus von Jazzbands zu tanzen. Die neue Longines Heritage Classic Tuxedo-Kreationen, eine... Weiter &raquo;","og_url":"https:\/\/galli.ch\/uhren\/longines\/watchmaking-tradition\/classic-l2-830-4-93-0\/","og_site_name":"Galli Uhren Bijouterie","article_modified_time":"2026-03-30T08:11:28+00:00","og_image":[{"width":1000,"height":1400,"url":"https:\/\/galli.ch\/wp-content\/uploads\/L2-830.png","type":"image\/png"}],"twitter_card":"summary_large_image","schema":{"@context":"https:\/\/schema.org","@graph":[{"@type":"WebPage","@id":"https:\/\/galli.ch\/uhren\/longines\/watchmaking-tradition\/classic-l2-830-4-93-0\/","url":"https:\/\/galli.ch\/uhren\/longines\/watchmaking-tradition\/classic-l2-830-4-93-0\/","name":"Longines Heritage Classic - Galli Uhren Bijouterie","isPartOf":{"@id":"http:\/\/galli.ch\/en\/#website"},"primaryImageOfPage":{"@id":"https:\/\/galli.ch\/uhren\/longines\/watchmaking-tradition\/classic-l2-830-4-93-0\/#primaryimage"},"image":{"@id":"https:\/\/galli.ch\/uhren\/longines\/watchmaking-tradition\/classic-l2-830-4-93-0\/#primaryimage"},"thumbnailUrl":"https:\/\/galli.ch\/wp-content\/uploads\/L2-830.png","datePublished":"2020-07-29T12:04:14+00:00","dateModified":"2026-03-30T08:11:28+00:00","breadcrumb":{"@id":"https:\/\/galli.ch\/uhren\/longines\/watchmaking-tradition\/classic-l2-830-4-93-0\/#breadcrumb"},"inLanguage":"en-US","potentialAction":[{"@type":"ReadAction","target":["https:\/\/galli.ch\/uhren\/longines\/watchmaking-tradition\/classic-l2-830-4-93-0\/"]}]},{"@type":"ImageObject","inLanguage":"en-US","@id":"https:\/\/galli.ch\/uhren\/longines\/watchmaking-tradition\/classic-l2-830-4-93-0\/#primaryimage","url":"https:\/\/galli.ch\/wp-content\/uploads\/L2-830.png","contentUrl":"https:\/\/galli.ch\/wp-content\/uploads\/L2-830.png","width":1000,"height":1400,"caption":"longines-heritage-classic-tuxedo-chronograph"},{"@type":"BreadcrumbList","@id":"https:\/\/galli.ch\/uhren\/longines\/watchmaking-tradition\/classic-l2-830-4-93-0\/#breadcrumb","itemListElement":[{"@type":"ListItem","position":1,"name":"Home","item":"https:\/\/galli.ch\/en\/"},{"@type":"ListItem","position":2,"name":"Uhren","item":"https:\/\/galli.ch\/en\/uhren\/"},{"@type":"ListItem","position":3,"name":"Heritage Classic"}]},{"@type":"WebSite","@id":"http:\/\/galli.ch\/en\/#website","url":"http:\/\/galli.ch\/en\/","name":"Galli Uhren Bijouterie","description":"","potentialAction":[{"@type":"SearchAction","target":{"@type":"EntryPoint","urlTemplate":"http:\/\/galli.ch\/en\/?s={search_term_string}"},"query-input":{"@type":"PropertyValueSpecification","valueRequired":true,"valueName":"search_term_string"}}],"inLanguage":"en-US"}]}},"_links":{"self":[{"href":"https:\/\/galli.ch\/en\/wp-json\/wp\/v2\/product\/7686","targetHints":{"allow":["GET"]}}],"collection":[{"href":"https:\/\/galli.ch\/en\/wp-json\/wp\/v2\/product"}],"about":[{"href":"https:\/\/galli.ch\/en\/wp-json\/wp\/v2\/types\/product"}],"wp:featuredmedia":[{"embeddable":true,"href":"https:\/\/galli.ch\/en\/wp-json\/wp\/v2\/media\/7590"}],"wp:attachment":[{"href":"https:\/\/galli.ch\/en\/wp-json\/wp\/v2\/media?parent=7686"}],"wp:term":[{"taxonomy":"product_brand","embeddable":true,"href":"https:\/\/galli.ch\/en\/wp-json\/wp\/v2\/product_brand?post=7686"},{"taxonomy":"product_cat","embeddable":true,"href":"https:\/\/galli.ch\/en\/wp-json\/wp\/v2\/product_cat?post=7686"},{"taxonomy":"product_tag","embeddable":true,"href":"https:\/\/galli.ch\/en\/wp-json\/wp\/v2\/product_tag?post=7686"}],"curies":[{"name":"wp","href":"https:\/\/api.w.org\/{rel}","templated":true}]}}