{"id":7787,"date":"2020-08-27T15:38:40","date_gmt":"2020-08-27T13:38:40","guid":{"rendered":"http:\/\/galli.ch\/?post_type=uhren&#038;p=7787"},"modified":"2026-03-30T10:13:16","modified_gmt":"2026-03-30T08:13:16","slug":"endurance-pro-44-x82310d51b1s1","status":"publish","type":"product","link":"https:\/\/galli.ch\/en\/uhren\/breitling\/professional\/endurance-pro-44-x82310d51b1s1\/","title":{"rendered":"Breitling Endurance Pro 44"},"content":{"rendered":"<p>Die Breitling Endurance Pro mit ihrem thermokompensierten SuperQuartz\u2122 Werk reiht sich als ultimative Athleisure-Uhr in die Professional-Palette der Marke ein. Sie ist sowohl als federleichte Wettkampfuhr (5.8x leichter als Edelstahl) wie auch als l\u00e4ssiger Sportchronograph f\u00fcr alle Tage konzipiert. Leicht, lebenslustig und luxuri\u00f6s, vereint sie h\u00f6chste Pr\u00e4zision mit innovativer Technologie und frischem, farbenfrohem Design.<\/p>\n<p>In ihrem ultraleichten Breitlight Geh\u00e4use mit 44 Millimetern Durchmesser verbirgt die Breitling Endurance Pro ein Quarzwerk, welches 10 Mal genauer ist als ein herk\u00f6mmliches. Zudem bietet sie optimalen Tragekomfort, unerreichte Ganggenauigkeit und Funktionen, die Profi- und Amateursportler gleichermassen begr\u00fcssen werden. Entworfen f\u00fcr Frauen und M\u00e4nner, in deren aktivem Leben sich Professionalit\u00e4t und Sportlichkeit die Waage halten, h\u00e4lt die Endurance Pro nicht nur den Herausforderungen eines anstrengenden Workouts stand, sondern unterstreicht auch die L\u00e4ssigkeit des Alltagsoutfits.<\/p>\n","protected":false},"excerpt":{"rendered":"<p>Die Breitling Endurance Pro mit ihrem thermokompensierten SuperQuartz\u2122 Werk reiht sich als ultimative Athleisure-Uhr in die Professional-Palette der Marke ein. Sie ist sowohl als federleichte Wettkampfuhr (5.8x leichter als Edelstahl) wie auch als l\u00e4ssiger Sportchronograph f\u00fcr alle Tage konzipiert. Leicht, lebenslustig und luxuri\u00f6s, vereint sie h\u00f6chste Pr\u00e4zision mit innovativer Technologie und frischem, farbenfrohem Design. In&#8230;  <a class=\"excerpt-read-more\" href=\"https:\/\/galli.ch\/en\/uhren\/breitling\/professional\/endurance-pro-44-x82310d51b1s1\/\" title=\"Read Breitling Endurance Pro 44\">Weiter &raquo;<\/a><\/p>\n","protected":false},"featured_media":7755,"template":"","meta":{"_acf_changed":false,"inline_featured_image":false},"product_brand":[],"product_cat":[188],"product_tag":[],"class_list":{"0":"post-7787","1":"product","2":"type-product","3":"status-publish","4":"has-post-thumbnail","6":"uhrenhersteller-breitling","7":"uhrenhersteller-professional","8":"product_cat-uhren","10":"first","11":"outofstock","12":"taxable","13":"shipping-taxable","14":"purchasable","15":"product-type-simple"},"acf":[],"yoast_head":"<!-- This site is optimized with the Yoast SEO plugin v25.5 - https:\/\/yoast.com\/wordpress\/plugins\/seo\/ -->\n<title>Breitling Endurance Pro 44 - Galli Uhren Bijouterie<\/title>\n<meta name=\"robots\" content=\"index, follow, max-snippet:-1, max-image-preview:large, max-video-preview:-1\" \/>\n<link rel=\"canonical\" href=\"https:\/\/galli.ch\/uhren\/breitling\/professional\/endurance-pro-44-x82310d51b1s1\/\" \/>\n<meta property=\"og:locale\" content=\"en_US\" \/>\n<meta property=\"og:type\" content=\"article\" \/>\n<meta property=\"og:title\" content=\"Breitling Endurance Pro 44 - Galli Uhren Bijouterie\" \/>\n<meta property=\"og:description\" content=\"Die Breitling Endurance Pro mit ihrem thermokompensierten SuperQuartz\u2122 Werk reiht sich als ultimative Athleisure-Uhr in die Professional-Palette der Marke ein. Sie ist sowohl als federleichte Wettkampfuhr (5.8x leichter als Edelstahl) wie auch als l\u00e4ssiger Sportchronograph f\u00fcr alle Tage konzipiert. Leicht, lebenslustig und luxuri\u00f6s, vereint sie h\u00f6chste Pr\u00e4zision mit innovativer Technologie und frischem, farbenfrohem Design. In... Weiter &raquo;\" \/>\n<meta property=\"og:url\" content=\"https:\/\/galli.ch\/uhren\/breitling\/professional\/endurance-pro-44-x82310d51b1s1\/\" \/>\n<meta property=\"og:site_name\" content=\"Galli Uhren Bijouterie\" \/>\n<meta property=\"article:modified_time\" content=\"2026-03-30T08:13:16+00:00\" \/>\n<meta property=\"og:image\" content=\"https:\/\/galli.ch\/wp-content\/uploads\/22_endurance-pro-with-a-blue-inner-bezel-and-rubber-strap_x82310d51b1s1.png\" \/>\n\t<meta property=\"og:image:width\" content=\"1000\" \/>\n\t<meta property=\"og:image:height\" content=\"1400\" \/>\n\t<meta property=\"og:image:type\" content=\"image\/png\" \/>\n<meta name=\"twitter:card\" content=\"summary_large_image\" \/>\n<script type=\"application\/ld+json\" class=\"yoast-schema-graph\">{\"@context\":\"https:\/\/schema.org\",\"@graph\":[{\"@type\":\"WebPage\",\"@id\":\"https:\/\/galli.ch\/uhren\/breitling\/professional\/endurance-pro-44-x82310d51b1s1\/\",\"url\":\"https:\/\/galli.ch\/uhren\/breitling\/professional\/endurance-pro-44-x82310d51b1s1\/\",\"name\":\"Breitling Endurance Pro 44 - Galli Uhren Bijouterie\",\"isPartOf\":{\"@id\":\"http:\/\/galli.ch\/en\/#website\"},\"primaryImageOfPage\":{\"@id\":\"https:\/\/galli.ch\/uhren\/breitling\/professional\/endurance-pro-44-x82310d51b1s1\/#primaryimage\"},\"image\":{\"@id\":\"https:\/\/galli.ch\/uhren\/breitling\/professional\/endurance-pro-44-x82310d51b1s1\/#primaryimage\"},\"thumbnailUrl\":\"https:\/\/galli.ch\/wp-content\/uploads\/22_endurance-pro-with-a-blue-inner-bezel-and-rubber-strap_x82310d51b1s1.png\",\"datePublished\":\"2020-08-27T13:38:40+00:00\",\"dateModified\":\"2026-03-30T08:13:16+00:00\",\"breadcrumb\":{\"@id\":\"https:\/\/galli.ch\/uhren\/breitling\/professional\/endurance-pro-44-x82310d51b1s1\/#breadcrumb\"},\"inLanguage\":\"en-US\",\"potentialAction\":[{\"@type\":\"ReadAction\",\"target\":[\"https:\/\/galli.ch\/uhren\/breitling\/professional\/endurance-pro-44-x82310d51b1s1\/\"]}]},{\"@type\":\"ImageObject\",\"inLanguage\":\"en-US\",\"@id\":\"https:\/\/galli.ch\/uhren\/breitling\/professional\/endurance-pro-44-x82310d51b1s1\/#primaryimage\",\"url\":\"https:\/\/galli.ch\/wp-content\/uploads\/22_endurance-pro-with-a-blue-inner-bezel-and-rubber-strap_x82310d51b1s1.png\",\"contentUrl\":\"https:\/\/galli.ch\/wp-content\/uploads\/22_endurance-pro-with-a-blue-inner-bezel-and-rubber-strap_x82310d51b1s1.png\",\"width\":1000,\"height\":1400,\"caption\":\"breitling-endurance-pro-blue\"},{\"@type\":\"BreadcrumbList\",\"@id\":\"https:\/\/galli.ch\/uhren\/breitling\/professional\/endurance-pro-44-x82310d51b1s1\/#breadcrumb\",\"itemListElement\":[{\"@type\":\"ListItem\",\"position\":1,\"name\":\"Home\",\"item\":\"https:\/\/galli.ch\/en\/\"},{\"@type\":\"ListItem\",\"position\":2,\"name\":\"Uhren\",\"item\":\"https:\/\/galli.ch\/en\/uhren\/\"},{\"@type\":\"ListItem\",\"position\":3,\"name\":\"Endurance Pro 44\"}]},{\"@type\":\"WebSite\",\"@id\":\"http:\/\/galli.ch\/en\/#website\",\"url\":\"http:\/\/galli.ch\/en\/\",\"name\":\"Galli Uhren Bijouterie\",\"description\":\"\",\"potentialAction\":[{\"@type\":\"SearchAction\",\"target\":{\"@type\":\"EntryPoint\",\"urlTemplate\":\"http:\/\/galli.ch\/en\/?s={search_term_string}\"},\"query-input\":{\"@type\":\"PropertyValueSpecification\",\"valueRequired\":true,\"valueName\":\"search_term_string\"}}],\"inLanguage\":\"en-US\"}]}<\/script>\n<!-- \/ Yoast SEO plugin. -->","yoast_head_json":{"title":"Breitling Endurance Pro 44 - Galli Uhren Bijouterie","robots":{"index":"index","follow":"follow","max-snippet":"max-snippet:-1","max-image-preview":"max-image-preview:large","max-video-preview":"max-video-preview:-1"},"canonical":"https:\/\/galli.ch\/uhren\/breitling\/professional\/endurance-pro-44-x82310d51b1s1\/","og_locale":"en_US","og_type":"article","og_title":"Breitling Endurance Pro 44 - Galli Uhren Bijouterie","og_description":"Die Breitling Endurance Pro mit ihrem thermokompensierten SuperQuartz\u2122 Werk reiht sich als ultimative Athleisure-Uhr in die Professional-Palette der Marke ein. Sie ist sowohl als federleichte Wettkampfuhr (5.8x leichter als Edelstahl) wie auch als l\u00e4ssiger Sportchronograph f\u00fcr alle Tage konzipiert. Leicht, lebenslustig und luxuri\u00f6s, vereint sie h\u00f6chste Pr\u00e4zision mit innovativer Technologie und frischem, farbenfrohem Design. In... Weiter &raquo;","og_url":"https:\/\/galli.ch\/uhren\/breitling\/professional\/endurance-pro-44-x82310d51b1s1\/","og_site_name":"Galli Uhren Bijouterie","article_modified_time":"2026-03-30T08:13:16+00:00","og_image":[{"width":1000,"height":1400,"url":"https:\/\/galli.ch\/wp-content\/uploads\/22_endurance-pro-with-a-blue-inner-bezel-and-rubber-strap_x82310d51b1s1.png","type":"image\/png"}],"twitter_card":"summary_large_image","schema":{"@context":"https:\/\/schema.org","@graph":[{"@type":"WebPage","@id":"https:\/\/galli.ch\/uhren\/breitling\/professional\/endurance-pro-44-x82310d51b1s1\/","url":"https:\/\/galli.ch\/uhren\/breitling\/professional\/endurance-pro-44-x82310d51b1s1\/","name":"Breitling Endurance Pro 44 - Galli Uhren Bijouterie","isPartOf":{"@id":"http:\/\/galli.ch\/en\/#website"},"primaryImageOfPage":{"@id":"https:\/\/galli.ch\/uhren\/breitling\/professional\/endurance-pro-44-x82310d51b1s1\/#primaryimage"},"image":{"@id":"https:\/\/galli.ch\/uhren\/breitling\/professional\/endurance-pro-44-x82310d51b1s1\/#primaryimage"},"thumbnailUrl":"https:\/\/galli.ch\/wp-content\/uploads\/22_endurance-pro-with-a-blue-inner-bezel-and-rubber-strap_x82310d51b1s1.png","datePublished":"2020-08-27T13:38:40+00:00","dateModified":"2026-03-30T08:13:16+00:00","breadcrumb":{"@id":"https:\/\/galli.ch\/uhren\/breitling\/professional\/endurance-pro-44-x82310d51b1s1\/#breadcrumb"},"inLanguage":"en-US","potentialAction":[{"@type":"ReadAction","target":["https:\/\/galli.ch\/uhren\/breitling\/professional\/endurance-pro-44-x82310d51b1s1\/"]}]},{"@type":"ImageObject","inLanguage":"en-US","@id":"https:\/\/galli.ch\/uhren\/breitling\/professional\/endurance-pro-44-x82310d51b1s1\/#primaryimage","url":"https:\/\/galli.ch\/wp-content\/uploads\/22_endurance-pro-with-a-blue-inner-bezel-and-rubber-strap_x82310d51b1s1.png","contentUrl":"https:\/\/galli.ch\/wp-content\/uploads\/22_endurance-pro-with-a-blue-inner-bezel-and-rubber-strap_x82310d51b1s1.png","width":1000,"height":1400,"caption":"breitling-endurance-pro-blue"},{"@type":"BreadcrumbList","@id":"https:\/\/galli.ch\/uhren\/breitling\/professional\/endurance-pro-44-x82310d51b1s1\/#breadcrumb","itemListElement":[{"@type":"ListItem","position":1,"name":"Home","item":"https:\/\/galli.ch\/en\/"},{"@type":"ListItem","position":2,"name":"Uhren","item":"https:\/\/galli.ch\/en\/uhren\/"},{"@type":"ListItem","position":3,"name":"Endurance Pro 44"}]},{"@type":"WebSite","@id":"http:\/\/galli.ch\/en\/#website","url":"http:\/\/galli.ch\/en\/","name":"Galli Uhren Bijouterie","description":"","potentialAction":[{"@type":"SearchAction","target":{"@type":"EntryPoint","urlTemplate":"http:\/\/galli.ch\/en\/?s={search_term_string}"},"query-input":{"@type":"PropertyValueSpecification","valueRequired":true,"valueName":"search_term_string"}}],"inLanguage":"en-US"}]}},"_links":{"self":[{"href":"https:\/\/galli.ch\/en\/wp-json\/wp\/v2\/product\/7787","targetHints":{"allow":["GET"]}}],"collection":[{"href":"https:\/\/galli.ch\/en\/wp-json\/wp\/v2\/product"}],"about":[{"href":"https:\/\/galli.ch\/en\/wp-json\/wp\/v2\/types\/product"}],"wp:featuredmedia":[{"embeddable":true,"href":"https:\/\/galli.ch\/en\/wp-json\/wp\/v2\/media\/7755"}],"wp:attachment":[{"href":"https:\/\/galli.ch\/en\/wp-json\/wp\/v2\/media?parent=7787"}],"wp:term":[{"taxonomy":"product_brand","embeddable":true,"href":"https:\/\/galli.ch\/en\/wp-json\/wp\/v2\/product_brand?post=7787"},{"taxonomy":"product_cat","embeddable":true,"href":"https:\/\/galli.ch\/en\/wp-json\/wp\/v2\/product_cat?post=7787"},{"taxonomy":"product_tag","embeddable":true,"href":"https:\/\/galli.ch\/en\/wp-json\/wp\/v2\/product_tag?post=7787"}],"curies":[{"name":"wp","href":"https:\/\/api.w.org\/{rel}","templated":true}]}}