{"id":7884,"date":"2020-09-14T15:39:19","date_gmt":"2020-09-14T13:39:19","guid":{"rendered":"http:\/\/galli.ch\/?post_type=uhren&#038;p=7884"},"modified":"2025-03-13T13:44:26","modified_gmt":"2025-03-13T12:44:26","slug":"chronograph-pt6388-ss002-120-1","status":"publish","type":"product","link":"https:\/\/galli.ch\/en\/uhren\/maurice-lacroix\/pontos\/chronograph-pt6388-ss002-120-1\/","title":{"rendered":"Maurice Lacroix Pontos Chronograph"},"content":{"rendered":"<p>Im Pontos Chronographen befindet sich ein automatisches Werk mit einer Gangreserve von 42 Stunden. Dieses Modell ist auf Leder- oder Stahlband erh\u00e4ltlich.\u00a0 Von Anfang an wurde der Geist dieser Sammlung durch ihre Linien und ihr Geh\u00e4use verk\u00f6rpert.<\/p>\n<p>Ihre Suche nach Zeitlosigkeit ist weit entfernt von dem, was gew\u00f6hnlich oder einfach ist. Das sehr detaillierte runde Geh\u00e4use bringt die ganze Pers\u00f6nlichkeit der Pontos-Kollektion zum Ausdruck.<\/p>\n","protected":false},"excerpt":{"rendered":"<p>Im Pontos Chronographen befindet sich ein automatisches Werk mit einer Gangreserve von 42 Stunden. Dieses Modell ist auf Leder- oder Stahlband erh\u00e4ltlich.\u00a0 Von Anfang an wurde der Geist dieser Sammlung durch ihre Linien und ihr Geh\u00e4use verk\u00f6rpert. Ihre Suche nach Zeitlosigkeit ist weit entfernt von dem, was gew\u00f6hnlich oder einfach ist. Das sehr detaillierte runde&#8230;  <a class=\"excerpt-read-more\" href=\"https:\/\/galli.ch\/en\/uhren\/maurice-lacroix\/pontos\/chronograph-pt6388-ss002-120-1\/\" title=\"Read Maurice Lacroix Pontos Chronograph\">Weiter &raquo;<\/a><\/p>\n","protected":false},"featured_media":7813,"template":"","meta":{"_acf_changed":false,"inline_featured_image":false},"product_brand":[],"product_cat":[188],"product_tag":[],"class_list":{"0":"post-7884","1":"product","2":"type-product","3":"status-publish","4":"has-post-thumbnail","6":"uhrenhersteller-maurice-lacroix","7":"uhrenhersteller-pontos","8":"product_cat-uhren","10":"first","11":"outofstock","12":"taxable","13":"shipping-taxable","14":"purchasable","15":"product-type-simple"},"acf":[],"yoast_head":"<!-- This site is optimized with the Yoast SEO plugin v25.5 - https:\/\/yoast.com\/wordpress\/plugins\/seo\/ -->\n<title>Maurice Lacroix Pontos Chronograph - Galli Uhren Bijouterie<\/title>\n<meta name=\"robots\" content=\"index, follow, max-snippet:-1, max-image-preview:large, max-video-preview:-1\" \/>\n<link rel=\"canonical\" href=\"https:\/\/galli.ch\/uhren\/maurice-lacroix\/pontos\/chronograph-pt6388-ss002-120-1\/\" \/>\n<meta property=\"og:locale\" content=\"en_US\" \/>\n<meta property=\"og:type\" content=\"article\" \/>\n<meta property=\"og:title\" content=\"Maurice Lacroix Pontos Chronograph - Galli Uhren Bijouterie\" \/>\n<meta property=\"og:description\" content=\"Im Pontos Chronographen befindet sich ein automatisches Werk mit einer Gangreserve von 42 Stunden. Dieses Modell ist auf Leder- oder Stahlband erh\u00e4ltlich.\u00a0 Von Anfang an wurde der Geist dieser Sammlung durch ihre Linien und ihr Geh\u00e4use verk\u00f6rpert. Ihre Suche nach Zeitlosigkeit ist weit entfernt von dem, was gew\u00f6hnlich oder einfach ist. Das sehr detaillierte runde... Weiter &raquo;\" \/>\n<meta property=\"og:url\" content=\"https:\/\/galli.ch\/uhren\/maurice-lacroix\/pontos\/chronograph-pt6388-ss002-120-1\/\" \/>\n<meta property=\"og:site_name\" content=\"Galli Uhren Bijouterie\" \/>\n<meta property=\"article:modified_time\" content=\"2025-03-13T12:44:26+00:00\" \/>\n<meta property=\"og:image\" content=\"https:\/\/galli.ch\/wp-content\/uploads\/PT6388_SS002_120_1.png\" \/>\n\t<meta property=\"og:image:width\" content=\"1000\" \/>\n\t<meta property=\"og:image:height\" content=\"1400\" \/>\n\t<meta property=\"og:image:type\" content=\"image\/png\" \/>\n<meta name=\"twitter:card\" content=\"summary_large_image\" \/>\n<script type=\"application\/ld+json\" class=\"yoast-schema-graph\">{\"@context\":\"https:\/\/schema.org\",\"@graph\":[{\"@type\":\"WebPage\",\"@id\":\"https:\/\/galli.ch\/uhren\/maurice-lacroix\/pontos\/chronograph-pt6388-ss002-120-1\/\",\"url\":\"https:\/\/galli.ch\/uhren\/maurice-lacroix\/pontos\/chronograph-pt6388-ss002-120-1\/\",\"name\":\"Maurice Lacroix Pontos Chronograph - Galli Uhren Bijouterie\",\"isPartOf\":{\"@id\":\"http:\/\/galli.ch\/en\/#website\"},\"primaryImageOfPage\":{\"@id\":\"https:\/\/galli.ch\/uhren\/maurice-lacroix\/pontos\/chronograph-pt6388-ss002-120-1\/#primaryimage\"},\"image\":{\"@id\":\"https:\/\/galli.ch\/uhren\/maurice-lacroix\/pontos\/chronograph-pt6388-ss002-120-1\/#primaryimage\"},\"thumbnailUrl\":\"https:\/\/galli.ch\/wp-content\/uploads\/PT6388_SS002_120_1.png\",\"datePublished\":\"2020-09-14T13:39:19+00:00\",\"dateModified\":\"2025-03-13T12:44:26+00:00\",\"breadcrumb\":{\"@id\":\"https:\/\/galli.ch\/uhren\/maurice-lacroix\/pontos\/chronograph-pt6388-ss002-120-1\/#breadcrumb\"},\"inLanguage\":\"en-US\",\"potentialAction\":[{\"@type\":\"ReadAction\",\"target\":[\"https:\/\/galli.ch\/uhren\/maurice-lacroix\/pontos\/chronograph-pt6388-ss002-120-1\/\"]}]},{\"@type\":\"ImageObject\",\"inLanguage\":\"en-US\",\"@id\":\"https:\/\/galli.ch\/uhren\/maurice-lacroix\/pontos\/chronograph-pt6388-ss002-120-1\/#primaryimage\",\"url\":\"https:\/\/galli.ch\/wp-content\/uploads\/PT6388_SS002_120_1.png\",\"contentUrl\":\"https:\/\/galli.ch\/wp-content\/uploads\/PT6388_SS002_120_1.png\",\"width\":1000,\"height\":1400,\"caption\":\"maurice-lacroix-pontos-chronograph\"},{\"@type\":\"BreadcrumbList\",\"@id\":\"https:\/\/galli.ch\/uhren\/maurice-lacroix\/pontos\/chronograph-pt6388-ss002-120-1\/#breadcrumb\",\"itemListElement\":[{\"@type\":\"ListItem\",\"position\":1,\"name\":\"Home\",\"item\":\"https:\/\/galli.ch\/en\/\"},{\"@type\":\"ListItem\",\"position\":2,\"name\":\"Uhren\",\"item\":\"https:\/\/galli.ch\/en\/uhren\/\"},{\"@type\":\"ListItem\",\"position\":3,\"name\":\"Pontos Chronograph\"}]},{\"@type\":\"WebSite\",\"@id\":\"http:\/\/galli.ch\/en\/#website\",\"url\":\"http:\/\/galli.ch\/en\/\",\"name\":\"Galli Uhren Bijouterie\",\"description\":\"\",\"potentialAction\":[{\"@type\":\"SearchAction\",\"target\":{\"@type\":\"EntryPoint\",\"urlTemplate\":\"http:\/\/galli.ch\/en\/?s={search_term_string}\"},\"query-input\":{\"@type\":\"PropertyValueSpecification\",\"valueRequired\":true,\"valueName\":\"search_term_string\"}}],\"inLanguage\":\"en-US\"}]}<\/script>\n<!-- \/ Yoast SEO plugin. -->","yoast_head_json":{"title":"Maurice Lacroix Pontos Chronograph - Galli Uhren Bijouterie","robots":{"index":"index","follow":"follow","max-snippet":"max-snippet:-1","max-image-preview":"max-image-preview:large","max-video-preview":"max-video-preview:-1"},"canonical":"https:\/\/galli.ch\/uhren\/maurice-lacroix\/pontos\/chronograph-pt6388-ss002-120-1\/","og_locale":"en_US","og_type":"article","og_title":"Maurice Lacroix Pontos Chronograph - Galli Uhren Bijouterie","og_description":"Im Pontos Chronographen befindet sich ein automatisches Werk mit einer Gangreserve von 42 Stunden. Dieses Modell ist auf Leder- oder Stahlband erh\u00e4ltlich.\u00a0 Von Anfang an wurde der Geist dieser Sammlung durch ihre Linien und ihr Geh\u00e4use verk\u00f6rpert. Ihre Suche nach Zeitlosigkeit ist weit entfernt von dem, was gew\u00f6hnlich oder einfach ist. Das sehr detaillierte runde... Weiter &raquo;","og_url":"https:\/\/galli.ch\/uhren\/maurice-lacroix\/pontos\/chronograph-pt6388-ss002-120-1\/","og_site_name":"Galli Uhren Bijouterie","article_modified_time":"2025-03-13T12:44:26+00:00","og_image":[{"width":1000,"height":1400,"url":"https:\/\/galli.ch\/wp-content\/uploads\/PT6388_SS002_120_1.png","type":"image\/png"}],"twitter_card":"summary_large_image","schema":{"@context":"https:\/\/schema.org","@graph":[{"@type":"WebPage","@id":"https:\/\/galli.ch\/uhren\/maurice-lacroix\/pontos\/chronograph-pt6388-ss002-120-1\/","url":"https:\/\/galli.ch\/uhren\/maurice-lacroix\/pontos\/chronograph-pt6388-ss002-120-1\/","name":"Maurice Lacroix Pontos Chronograph - Galli Uhren Bijouterie","isPartOf":{"@id":"http:\/\/galli.ch\/en\/#website"},"primaryImageOfPage":{"@id":"https:\/\/galli.ch\/uhren\/maurice-lacroix\/pontos\/chronograph-pt6388-ss002-120-1\/#primaryimage"},"image":{"@id":"https:\/\/galli.ch\/uhren\/maurice-lacroix\/pontos\/chronograph-pt6388-ss002-120-1\/#primaryimage"},"thumbnailUrl":"https:\/\/galli.ch\/wp-content\/uploads\/PT6388_SS002_120_1.png","datePublished":"2020-09-14T13:39:19+00:00","dateModified":"2025-03-13T12:44:26+00:00","breadcrumb":{"@id":"https:\/\/galli.ch\/uhren\/maurice-lacroix\/pontos\/chronograph-pt6388-ss002-120-1\/#breadcrumb"},"inLanguage":"en-US","potentialAction":[{"@type":"ReadAction","target":["https:\/\/galli.ch\/uhren\/maurice-lacroix\/pontos\/chronograph-pt6388-ss002-120-1\/"]}]},{"@type":"ImageObject","inLanguage":"en-US","@id":"https:\/\/galli.ch\/uhren\/maurice-lacroix\/pontos\/chronograph-pt6388-ss002-120-1\/#primaryimage","url":"https:\/\/galli.ch\/wp-content\/uploads\/PT6388_SS002_120_1.png","contentUrl":"https:\/\/galli.ch\/wp-content\/uploads\/PT6388_SS002_120_1.png","width":1000,"height":1400,"caption":"maurice-lacroix-pontos-chronograph"},{"@type":"BreadcrumbList","@id":"https:\/\/galli.ch\/uhren\/maurice-lacroix\/pontos\/chronograph-pt6388-ss002-120-1\/#breadcrumb","itemListElement":[{"@type":"ListItem","position":1,"name":"Home","item":"https:\/\/galli.ch\/en\/"},{"@type":"ListItem","position":2,"name":"Uhren","item":"https:\/\/galli.ch\/en\/uhren\/"},{"@type":"ListItem","position":3,"name":"Pontos Chronograph"}]},{"@type":"WebSite","@id":"http:\/\/galli.ch\/en\/#website","url":"http:\/\/galli.ch\/en\/","name":"Galli Uhren Bijouterie","description":"","potentialAction":[{"@type":"SearchAction","target":{"@type":"EntryPoint","urlTemplate":"http:\/\/galli.ch\/en\/?s={search_term_string}"},"query-input":{"@type":"PropertyValueSpecification","valueRequired":true,"valueName":"search_term_string"}}],"inLanguage":"en-US"}]}},"_links":{"self":[{"href":"https:\/\/galli.ch\/en\/wp-json\/wp\/v2\/product\/7884","targetHints":{"allow":["GET"]}}],"collection":[{"href":"https:\/\/galli.ch\/en\/wp-json\/wp\/v2\/product"}],"about":[{"href":"https:\/\/galli.ch\/en\/wp-json\/wp\/v2\/types\/product"}],"wp:featuredmedia":[{"embeddable":true,"href":"https:\/\/galli.ch\/en\/wp-json\/wp\/v2\/media\/7813"}],"wp:attachment":[{"href":"https:\/\/galli.ch\/en\/wp-json\/wp\/v2\/media?parent=7884"}],"wp:term":[{"taxonomy":"product_brand","embeddable":true,"href":"https:\/\/galli.ch\/en\/wp-json\/wp\/v2\/product_brand?post=7884"},{"taxonomy":"product_cat","embeddable":true,"href":"https:\/\/galli.ch\/en\/wp-json\/wp\/v2\/product_cat?post=7884"},{"taxonomy":"product_tag","embeddable":true,"href":"https:\/\/galli.ch\/en\/wp-json\/wp\/v2\/product_tag?post=7884"}],"curies":[{"name":"wp","href":"https:\/\/api.w.org\/{rel}","templated":true}]}}