{"id":8028,"date":"2020-10-03T15:09:45","date_gmt":"2020-10-03T13:09:45","guid":{"rendered":"http:\/\/galli.ch\/?post_type=uhren&#038;p=8028"},"modified":"2026-04-20T18:13:32","modified_gmt":"2026-04-20T16:13:32","slug":"date-34-m28403-0007","status":"publish","type":"product","link":"https:\/\/galli.ch\/en\/uhren\/tudor\/royal\/date-34-m28403-0007\/","title":{"rendered":"Tudor Royal Date 34"},"content":{"rendered":"<p>Die Details dieser Uhr verleihen ihr eine einzigartige Pers\u00f6nlichkeit, insbesondere seine charakteristisch gekerbte L\u00fcnette mit ihrer alternierenden Oberfl\u00e4che. Diese Version ist in f\u00fcnf verschiedenen Zifferblattfarben erh\u00e4ltlich (schwarz, blau, silber, gold, Perlmutt) und hat ein Geh\u00e4usedurchmesser von 34 Millimetern. Wasserdicht bis 100 Meter, ist sie auch zum Schwimmen geeignet.<\/p>\n<p>Erh\u00e4ltlich in Edelstahl oder mit abwechselnden Gliedern in Stahl und Gelbgold, bieten die Modelle dieser Serie aufgrund der Komplexit\u00e4t ihrer Ausf\u00fchrung f\u00fcr jeden Geschmack etwas. Die TUDOR Royal ist in vier verschiedenen Gr\u00f6ssen erh\u00e4ltlich und somit f\u00fcr jedes Handgelenk geeignet.<\/p>\n<p>Royal ist ein Name den TUDOR erstmals in den 1950er Jahren verwendet hat um die hohe Qualit\u00e4t seiner Uhren hervorzuheben. Diese Kollektion ist Teil dieses Erbes, denn sie bietet sportliche Automatikuhren mit integrierten Armb\u00e4ndern, die ebenso erschwinglich wie kompromisslos sind.<\/p>\n","protected":false},"excerpt":{"rendered":"<p>Die Details dieser Uhr verleihen ihr eine einzigartige Pers\u00f6nlichkeit, insbesondere seine charakteristisch gekerbte L\u00fcnette mit ihrer alternierenden Oberfl\u00e4che. Diese Version ist in f\u00fcnf verschiedenen Zifferblattfarben erh\u00e4ltlich (schwarz, blau, silber, gold, Perlmutt) und hat ein Geh\u00e4usedurchmesser von 34 Millimetern. Wasserdicht bis 100 Meter, ist sie auch zum Schwimmen geeignet. Erh\u00e4ltlich in Edelstahl oder mit abwechselnden Gliedern&#8230;  <a class=\"excerpt-read-more\" href=\"https:\/\/galli.ch\/en\/uhren\/tudor\/royal\/date-34-m28403-0007\/\" title=\"Read Tudor Royal Date 34\">Weiter &raquo;<\/a><\/p>\n","protected":false},"featured_media":7995,"template":"","meta":{"_acf_changed":false,"inline_featured_image":false},"product_brand":[],"product_cat":[188],"product_tag":[],"class_list":{"0":"post-8028","1":"product","2":"type-product","3":"status-publish","4":"has-post-thumbnail","6":"uhrenhersteller-tudor","7":"uhrenhersteller-royal","8":"product_cat-uhren","10":"first","11":"instock","12":"taxable","13":"shipping-taxable","14":"purchasable","15":"product-type-simple"},"acf":[],"yoast_head":"<!-- This site is optimized with the Yoast SEO plugin v25.5 - https:\/\/yoast.com\/wordpress\/plugins\/seo\/ -->\n<title>Tudor Royal Date 34 - Galli Uhren Bijouterie<\/title>\n<meta name=\"robots\" content=\"index, follow, max-snippet:-1, max-image-preview:large, max-video-preview:-1\" \/>\n<link rel=\"canonical\" href=\"https:\/\/galli.ch\/uhren\/tudor\/royal\/date-34-m28403-0007\/\" \/>\n<meta property=\"og:locale\" content=\"en_US\" \/>\n<meta property=\"og:type\" content=\"article\" \/>\n<meta property=\"og:title\" content=\"Tudor Royal Date 34 - Galli Uhren Bijouterie\" \/>\n<meta property=\"og:description\" content=\"Die Details dieser Uhr verleihen ihr eine einzigartige Pers\u00f6nlichkeit, insbesondere seine charakteristisch gekerbte L\u00fcnette mit ihrer alternierenden Oberfl\u00e4che. Diese Version ist in f\u00fcnf verschiedenen Zifferblattfarben erh\u00e4ltlich (schwarz, blau, silber, gold, Perlmutt) und hat ein Geh\u00e4usedurchmesser von 34 Millimetern. Wasserdicht bis 100 Meter, ist sie auch zum Schwimmen geeignet. Erh\u00e4ltlich in Edelstahl oder mit abwechselnden Gliedern... Weiter &raquo;\" \/>\n<meta property=\"og:url\" content=\"https:\/\/galli.ch\/uhren\/tudor\/royal\/date-34-m28403-0007\/\" \/>\n<meta property=\"og:site_name\" content=\"Galli Uhren Bijouterie\" \/>\n<meta property=\"article:modified_time\" content=\"2026-04-20T16:13:32+00:00\" \/>\n<meta property=\"og:image\" content=\"https:\/\/galli.ch\/wp-content\/uploads\/tudor-m28403-0007.png\" \/>\n\t<meta property=\"og:image:width\" content=\"1000\" \/>\n\t<meta property=\"og:image:height\" content=\"1400\" \/>\n\t<meta property=\"og:image:type\" content=\"image\/png\" \/>\n<meta name=\"twitter:card\" content=\"summary_large_image\" \/>\n<script type=\"application\/ld+json\" class=\"yoast-schema-graph\">{\"@context\":\"https:\/\/schema.org\",\"@graph\":[{\"@type\":\"WebPage\",\"@id\":\"https:\/\/galli.ch\/uhren\/tudor\/royal\/date-34-m28403-0007\/\",\"url\":\"https:\/\/galli.ch\/uhren\/tudor\/royal\/date-34-m28403-0007\/\",\"name\":\"Tudor Royal Date 34 - Galli Uhren Bijouterie\",\"isPartOf\":{\"@id\":\"http:\/\/galli.ch\/en\/#website\"},\"primaryImageOfPage\":{\"@id\":\"https:\/\/galli.ch\/uhren\/tudor\/royal\/date-34-m28403-0007\/#primaryimage\"},\"image\":{\"@id\":\"https:\/\/galli.ch\/uhren\/tudor\/royal\/date-34-m28403-0007\/#primaryimage\"},\"thumbnailUrl\":\"https:\/\/galli.ch\/wp-content\/uploads\/tudor-m28403-0007.png\",\"datePublished\":\"2020-10-03T13:09:45+00:00\",\"dateModified\":\"2026-04-20T16:13:32+00:00\",\"breadcrumb\":{\"@id\":\"https:\/\/galli.ch\/uhren\/tudor\/royal\/date-34-m28403-0007\/#breadcrumb\"},\"inLanguage\":\"en-US\",\"potentialAction\":[{\"@type\":\"ReadAction\",\"target\":[\"https:\/\/galli.ch\/uhren\/tudor\/royal\/date-34-m28403-0007\/\"]}]},{\"@type\":\"ImageObject\",\"inLanguage\":\"en-US\",\"@id\":\"https:\/\/galli.ch\/uhren\/tudor\/royal\/date-34-m28403-0007\/#primaryimage\",\"url\":\"https:\/\/galli.ch\/wp-content\/uploads\/tudor-m28403-0007.png\",\"contentUrl\":\"https:\/\/galli.ch\/wp-content\/uploads\/tudor-m28403-0007.png\",\"width\":1000,\"height\":1400,\"caption\":\"tudor-royal-date-34\"},{\"@type\":\"BreadcrumbList\",\"@id\":\"https:\/\/galli.ch\/uhren\/tudor\/royal\/date-34-m28403-0007\/#breadcrumb\",\"itemListElement\":[{\"@type\":\"ListItem\",\"position\":1,\"name\":\"Home\",\"item\":\"https:\/\/galli.ch\/en\/\"},{\"@type\":\"ListItem\",\"position\":2,\"name\":\"Uhren\",\"item\":\"https:\/\/galli.ch\/en\/uhren\/\"},{\"@type\":\"ListItem\",\"position\":3,\"name\":\"Tudor Royal Date 34\"}]},{\"@type\":\"WebSite\",\"@id\":\"http:\/\/galli.ch\/en\/#website\",\"url\":\"http:\/\/galli.ch\/en\/\",\"name\":\"Galli Uhren Bijouterie\",\"description\":\"\",\"potentialAction\":[{\"@type\":\"SearchAction\",\"target\":{\"@type\":\"EntryPoint\",\"urlTemplate\":\"http:\/\/galli.ch\/en\/?s={search_term_string}\"},\"query-input\":{\"@type\":\"PropertyValueSpecification\",\"valueRequired\":true,\"valueName\":\"search_term_string\"}}],\"inLanguage\":\"en-US\"}]}<\/script>\n<!-- \/ Yoast SEO plugin. -->","yoast_head_json":{"title":"Tudor Royal Date 34 - Galli Uhren Bijouterie","robots":{"index":"index","follow":"follow","max-snippet":"max-snippet:-1","max-image-preview":"max-image-preview:large","max-video-preview":"max-video-preview:-1"},"canonical":"https:\/\/galli.ch\/uhren\/tudor\/royal\/date-34-m28403-0007\/","og_locale":"en_US","og_type":"article","og_title":"Tudor Royal Date 34 - Galli Uhren Bijouterie","og_description":"Die Details dieser Uhr verleihen ihr eine einzigartige Pers\u00f6nlichkeit, insbesondere seine charakteristisch gekerbte L\u00fcnette mit ihrer alternierenden Oberfl\u00e4che. Diese Version ist in f\u00fcnf verschiedenen Zifferblattfarben erh\u00e4ltlich (schwarz, blau, silber, gold, Perlmutt) und hat ein Geh\u00e4usedurchmesser von 34 Millimetern. Wasserdicht bis 100 Meter, ist sie auch zum Schwimmen geeignet. Erh\u00e4ltlich in Edelstahl oder mit abwechselnden Gliedern... Weiter &raquo;","og_url":"https:\/\/galli.ch\/uhren\/tudor\/royal\/date-34-m28403-0007\/","og_site_name":"Galli Uhren Bijouterie","article_modified_time":"2026-04-20T16:13:32+00:00","og_image":[{"width":1000,"height":1400,"url":"https:\/\/galli.ch\/wp-content\/uploads\/tudor-m28403-0007.png","type":"image\/png"}],"twitter_card":"summary_large_image","schema":{"@context":"https:\/\/schema.org","@graph":[{"@type":"WebPage","@id":"https:\/\/galli.ch\/uhren\/tudor\/royal\/date-34-m28403-0007\/","url":"https:\/\/galli.ch\/uhren\/tudor\/royal\/date-34-m28403-0007\/","name":"Tudor Royal Date 34 - Galli Uhren Bijouterie","isPartOf":{"@id":"http:\/\/galli.ch\/en\/#website"},"primaryImageOfPage":{"@id":"https:\/\/galli.ch\/uhren\/tudor\/royal\/date-34-m28403-0007\/#primaryimage"},"image":{"@id":"https:\/\/galli.ch\/uhren\/tudor\/royal\/date-34-m28403-0007\/#primaryimage"},"thumbnailUrl":"https:\/\/galli.ch\/wp-content\/uploads\/tudor-m28403-0007.png","datePublished":"2020-10-03T13:09:45+00:00","dateModified":"2026-04-20T16:13:32+00:00","breadcrumb":{"@id":"https:\/\/galli.ch\/uhren\/tudor\/royal\/date-34-m28403-0007\/#breadcrumb"},"inLanguage":"en-US","potentialAction":[{"@type":"ReadAction","target":["https:\/\/galli.ch\/uhren\/tudor\/royal\/date-34-m28403-0007\/"]}]},{"@type":"ImageObject","inLanguage":"en-US","@id":"https:\/\/galli.ch\/uhren\/tudor\/royal\/date-34-m28403-0007\/#primaryimage","url":"https:\/\/galli.ch\/wp-content\/uploads\/tudor-m28403-0007.png","contentUrl":"https:\/\/galli.ch\/wp-content\/uploads\/tudor-m28403-0007.png","width":1000,"height":1400,"caption":"tudor-royal-date-34"},{"@type":"BreadcrumbList","@id":"https:\/\/galli.ch\/uhren\/tudor\/royal\/date-34-m28403-0007\/#breadcrumb","itemListElement":[{"@type":"ListItem","position":1,"name":"Home","item":"https:\/\/galli.ch\/en\/"},{"@type":"ListItem","position":2,"name":"Uhren","item":"https:\/\/galli.ch\/en\/uhren\/"},{"@type":"ListItem","position":3,"name":"Tudor Royal Date 34"}]},{"@type":"WebSite","@id":"http:\/\/galli.ch\/en\/#website","url":"http:\/\/galli.ch\/en\/","name":"Galli Uhren Bijouterie","description":"","potentialAction":[{"@type":"SearchAction","target":{"@type":"EntryPoint","urlTemplate":"http:\/\/galli.ch\/en\/?s={search_term_string}"},"query-input":{"@type":"PropertyValueSpecification","valueRequired":true,"valueName":"search_term_string"}}],"inLanguage":"en-US"}]}},"_links":{"self":[{"href":"https:\/\/galli.ch\/en\/wp-json\/wp\/v2\/product\/8028","targetHints":{"allow":["GET"]}}],"collection":[{"href":"https:\/\/galli.ch\/en\/wp-json\/wp\/v2\/product"}],"about":[{"href":"https:\/\/galli.ch\/en\/wp-json\/wp\/v2\/types\/product"}],"wp:featuredmedia":[{"embeddable":true,"href":"https:\/\/galli.ch\/en\/wp-json\/wp\/v2\/media\/7995"}],"wp:attachment":[{"href":"https:\/\/galli.ch\/en\/wp-json\/wp\/v2\/media?parent=8028"}],"wp:term":[{"taxonomy":"product_brand","embeddable":true,"href":"https:\/\/galli.ch\/en\/wp-json\/wp\/v2\/product_brand?post=8028"},{"taxonomy":"product_cat","embeddable":true,"href":"https:\/\/galli.ch\/en\/wp-json\/wp\/v2\/product_cat?post=8028"},{"taxonomy":"product_tag","embeddable":true,"href":"https:\/\/galli.ch\/en\/wp-json\/wp\/v2\/product_tag?post=8028"}],"curies":[{"name":"wp","href":"https:\/\/api.w.org\/{rel}","templated":true}]}}