{"id":8129,"date":"2020-10-23T12:45:35","date_gmt":"2020-10-23T10:45:35","guid":{"rendered":"http:\/\/galli.ch\/?post_type=uhren&#038;p=8129"},"modified":"2026-03-30T10:16:31","modified_gmt":"2026-03-30T08:16:31","slug":"connect-solar-t121-420-44-051-00","status":"publish","type":"product","link":"https:\/\/galli.ch\/en\/uhren\/tissot\/touch-collection\/connect-solar-t121-420-44-051-00\/","title":{"rendered":"Tissot T-Touch Connect Solar"},"content":{"rendered":"<p>Als direkter Nachfolger der ersten taktilen Multifunktionsuhr der Geschichte nimmt die Tissot T Touch Connect Solar einen neuen Kurs. Die T-Touch der neuesten Generation ist vollgepackt mit dem charakteristischen uhrmacherischen Know-how von Tissot in all seinen Formen: Dieser Swiss-Made-Zeitmesser ist sicher, privat, interaktiv, autonom, zeitgem\u00e4ss und langlebig.<\/p>\n<p>Die T-Touch Connect Solar ist in erster Linie eine Uhr. Kein Gadget, kein &#8220;Ger\u00e4t&#8221; und kein am Handgelenk getragenes Mini-Tablet. Ihr 47-mm-Titangeh\u00e4use mit einer extrem kratzfesten Keramikl\u00fcnette ist ergonomisch und zeigt die f\u00fcr Tissot charakteristische Liebe zum Detail. Sie ist in mehreren Versionen mit Kautschuk- oder Titanarmb\u00e4ndern und einem Geh\u00e4use aus satiniertem Titan, schwarzem PVD oder Ros\u00e9gold PVD erh\u00e4ltlich. Diese strapazierf\u00e4higen Materialien bedeuten, dass diese Uhr im Gegensatz zu den Einweg-Smart-Uhren auf nat\u00fcrliche Weise vor Veralterung gesch\u00fctzt ist, insbesondere vor der eingebauten Veralterung von elektronischen Produkten.<\/p>\n<p>Die T-Touch Connect Solar verf\u00fcgt zum Beispiel einen ewigen Kalender, Countdown, verschiedene Zeiterfassungsfunktionen und Alarme sowie Meteo- und H\u00f6henmesserfunktionen. Dazu kommen ein Aktivit\u00e4ts-Tracker und die M\u00f6glichkeiten der Interaktion zwischen dem speziell f\u00fcr dieses Projekt entwickelten SwALPS-Betriebssystem und einem Smartphone (iOS, Android, Harmony, Huawei) mit App-Benachrichtigungen und Updates. Und wie jede T-Touch wird es \u00fcber sein urspr\u00fcngliches Erkennungsmerkmal, das taktile Saphirglas, gesteuert.<\/p>\n","protected":false},"excerpt":{"rendered":"<p>Als direkter Nachfolger der ersten taktilen Multifunktionsuhr der Geschichte nimmt die Tissot T Touch Connect Solar einen neuen Kurs. Die T-Touch der neuesten Generation ist vollgepackt mit dem charakteristischen uhrmacherischen Know-how von Tissot in all seinen Formen: Dieser Swiss-Made-Zeitmesser ist sicher, privat, interaktiv, autonom, zeitgem\u00e4ss und langlebig. Die T-Touch Connect Solar ist in erster Linie&#8230;  <a class=\"excerpt-read-more\" href=\"https:\/\/galli.ch\/en\/uhren\/tissot\/touch-collection\/connect-solar-t121-420-44-051-00\/\" title=\"Read Tissot T-Touch Connect Solar\">Weiter &raquo;<\/a><\/p>\n","protected":false},"featured_media":8121,"template":"","meta":{"_acf_changed":false,"inline_featured_image":false},"product_brand":[],"product_cat":[188],"product_tag":[],"class_list":{"0":"post-8129","1":"product","2":"type-product","3":"status-publish","4":"has-post-thumbnail","6":"uhrenhersteller-tissot","7":"uhrenhersteller-touch-collection","8":"product_cat-uhren","10":"first","11":"outofstock","12":"taxable","13":"shipping-taxable","14":"purchasable","15":"product-type-simple"},"acf":[],"yoast_head":"<!-- This site is optimized with the Yoast SEO plugin v25.5 - https:\/\/yoast.com\/wordpress\/plugins\/seo\/ -->\n<title>Tissot T-Touch Connect Solar - Galli Uhren Bijouterie<\/title>\n<meta name=\"robots\" content=\"index, follow, max-snippet:-1, max-image-preview:large, max-video-preview:-1\" \/>\n<link rel=\"canonical\" href=\"https:\/\/galli.ch\/uhren\/tissot\/touch-collection\/connect-solar-t121-420-44-051-00\/\" \/>\n<meta property=\"og:locale\" content=\"en_US\" \/>\n<meta property=\"og:type\" content=\"article\" \/>\n<meta property=\"og:title\" content=\"Tissot T-Touch Connect Solar - Galli Uhren Bijouterie\" \/>\n<meta property=\"og:description\" content=\"Als direkter Nachfolger der ersten taktilen Multifunktionsuhr der Geschichte nimmt die Tissot T Touch Connect Solar einen neuen Kurs. Die T-Touch der neuesten Generation ist vollgepackt mit dem charakteristischen uhrmacherischen Know-how von Tissot in all seinen Formen: Dieser Swiss-Made-Zeitmesser ist sicher, privat, interaktiv, autonom, zeitgem\u00e4ss und langlebig. Die T-Touch Connect Solar ist in erster Linie... Weiter &raquo;\" \/>\n<meta property=\"og:url\" content=\"https:\/\/galli.ch\/uhren\/tissot\/touch-collection\/connect-solar-t121-420-44-051-00\/\" \/>\n<meta property=\"og:site_name\" content=\"Galli Uhren Bijouterie\" \/>\n<meta property=\"article:modified_time\" content=\"2026-03-30T08:16:31+00:00\" \/>\n<meta property=\"og:image\" content=\"https:\/\/galli.ch\/wp-content\/uploads\/T121-420-44-051-00.png\" \/>\n\t<meta property=\"og:image:width\" content=\"1000\" \/>\n\t<meta property=\"og:image:height\" content=\"1400\" \/>\n\t<meta property=\"og:image:type\" content=\"image\/png\" \/>\n<meta name=\"twitter:card\" content=\"summary_large_image\" \/>\n<script type=\"application\/ld+json\" class=\"yoast-schema-graph\">{\"@context\":\"https:\/\/schema.org\",\"@graph\":[{\"@type\":\"WebPage\",\"@id\":\"https:\/\/galli.ch\/uhren\/tissot\/touch-collection\/connect-solar-t121-420-44-051-00\/\",\"url\":\"https:\/\/galli.ch\/uhren\/tissot\/touch-collection\/connect-solar-t121-420-44-051-00\/\",\"name\":\"Tissot T-Touch Connect Solar - Galli Uhren Bijouterie\",\"isPartOf\":{\"@id\":\"http:\/\/galli.ch\/en\/#website\"},\"primaryImageOfPage\":{\"@id\":\"https:\/\/galli.ch\/uhren\/tissot\/touch-collection\/connect-solar-t121-420-44-051-00\/#primaryimage\"},\"image\":{\"@id\":\"https:\/\/galli.ch\/uhren\/tissot\/touch-collection\/connect-solar-t121-420-44-051-00\/#primaryimage\"},\"thumbnailUrl\":\"https:\/\/galli.ch\/wp-content\/uploads\/T121-420-44-051-00.png\",\"datePublished\":\"2020-10-23T10:45:35+00:00\",\"dateModified\":\"2026-03-30T08:16:31+00:00\",\"breadcrumb\":{\"@id\":\"https:\/\/galli.ch\/uhren\/tissot\/touch-collection\/connect-solar-t121-420-44-051-00\/#breadcrumb\"},\"inLanguage\":\"en-US\",\"potentialAction\":[{\"@type\":\"ReadAction\",\"target\":[\"https:\/\/galli.ch\/uhren\/tissot\/touch-collection\/connect-solar-t121-420-44-051-00\/\"]}]},{\"@type\":\"ImageObject\",\"inLanguage\":\"en-US\",\"@id\":\"https:\/\/galli.ch\/uhren\/tissot\/touch-collection\/connect-solar-t121-420-44-051-00\/#primaryimage\",\"url\":\"https:\/\/galli.ch\/wp-content\/uploads\/T121-420-44-051-00.png\",\"contentUrl\":\"https:\/\/galli.ch\/wp-content\/uploads\/T121-420-44-051-00.png\",\"width\":1000,\"height\":1400,\"caption\":\"t-touch-connect-solar-titan\"},{\"@type\":\"BreadcrumbList\",\"@id\":\"https:\/\/galli.ch\/uhren\/tissot\/touch-collection\/connect-solar-t121-420-44-051-00\/#breadcrumb\",\"itemListElement\":[{\"@type\":\"ListItem\",\"position\":1,\"name\":\"Home\",\"item\":\"https:\/\/galli.ch\/en\/\"},{\"@type\":\"ListItem\",\"position\":2,\"name\":\"Uhren\",\"item\":\"https:\/\/galli.ch\/en\/uhren\/\"},{\"@type\":\"ListItem\",\"position\":3,\"name\":\"T-Touch Connect Solar\"}]},{\"@type\":\"WebSite\",\"@id\":\"http:\/\/galli.ch\/en\/#website\",\"url\":\"http:\/\/galli.ch\/en\/\",\"name\":\"Galli Uhren Bijouterie\",\"description\":\"\",\"potentialAction\":[{\"@type\":\"SearchAction\",\"target\":{\"@type\":\"EntryPoint\",\"urlTemplate\":\"http:\/\/galli.ch\/en\/?s={search_term_string}\"},\"query-input\":{\"@type\":\"PropertyValueSpecification\",\"valueRequired\":true,\"valueName\":\"search_term_string\"}}],\"inLanguage\":\"en-US\"}]}<\/script>\n<!-- \/ Yoast SEO plugin. -->","yoast_head_json":{"title":"Tissot T-Touch Connect Solar - Galli Uhren Bijouterie","robots":{"index":"index","follow":"follow","max-snippet":"max-snippet:-1","max-image-preview":"max-image-preview:large","max-video-preview":"max-video-preview:-1"},"canonical":"https:\/\/galli.ch\/uhren\/tissot\/touch-collection\/connect-solar-t121-420-44-051-00\/","og_locale":"en_US","og_type":"article","og_title":"Tissot T-Touch Connect Solar - Galli Uhren Bijouterie","og_description":"Als direkter Nachfolger der ersten taktilen Multifunktionsuhr der Geschichte nimmt die Tissot T Touch Connect Solar einen neuen Kurs. Die T-Touch der neuesten Generation ist vollgepackt mit dem charakteristischen uhrmacherischen Know-how von Tissot in all seinen Formen: Dieser Swiss-Made-Zeitmesser ist sicher, privat, interaktiv, autonom, zeitgem\u00e4ss und langlebig. Die T-Touch Connect Solar ist in erster Linie... Weiter &raquo;","og_url":"https:\/\/galli.ch\/uhren\/tissot\/touch-collection\/connect-solar-t121-420-44-051-00\/","og_site_name":"Galli Uhren Bijouterie","article_modified_time":"2026-03-30T08:16:31+00:00","og_image":[{"width":1000,"height":1400,"url":"https:\/\/galli.ch\/wp-content\/uploads\/T121-420-44-051-00.png","type":"image\/png"}],"twitter_card":"summary_large_image","schema":{"@context":"https:\/\/schema.org","@graph":[{"@type":"WebPage","@id":"https:\/\/galli.ch\/uhren\/tissot\/touch-collection\/connect-solar-t121-420-44-051-00\/","url":"https:\/\/galli.ch\/uhren\/tissot\/touch-collection\/connect-solar-t121-420-44-051-00\/","name":"Tissot T-Touch Connect Solar - Galli Uhren Bijouterie","isPartOf":{"@id":"http:\/\/galli.ch\/en\/#website"},"primaryImageOfPage":{"@id":"https:\/\/galli.ch\/uhren\/tissot\/touch-collection\/connect-solar-t121-420-44-051-00\/#primaryimage"},"image":{"@id":"https:\/\/galli.ch\/uhren\/tissot\/touch-collection\/connect-solar-t121-420-44-051-00\/#primaryimage"},"thumbnailUrl":"https:\/\/galli.ch\/wp-content\/uploads\/T121-420-44-051-00.png","datePublished":"2020-10-23T10:45:35+00:00","dateModified":"2026-03-30T08:16:31+00:00","breadcrumb":{"@id":"https:\/\/galli.ch\/uhren\/tissot\/touch-collection\/connect-solar-t121-420-44-051-00\/#breadcrumb"},"inLanguage":"en-US","potentialAction":[{"@type":"ReadAction","target":["https:\/\/galli.ch\/uhren\/tissot\/touch-collection\/connect-solar-t121-420-44-051-00\/"]}]},{"@type":"ImageObject","inLanguage":"en-US","@id":"https:\/\/galli.ch\/uhren\/tissot\/touch-collection\/connect-solar-t121-420-44-051-00\/#primaryimage","url":"https:\/\/galli.ch\/wp-content\/uploads\/T121-420-44-051-00.png","contentUrl":"https:\/\/galli.ch\/wp-content\/uploads\/T121-420-44-051-00.png","width":1000,"height":1400,"caption":"t-touch-connect-solar-titan"},{"@type":"BreadcrumbList","@id":"https:\/\/galli.ch\/uhren\/tissot\/touch-collection\/connect-solar-t121-420-44-051-00\/#breadcrumb","itemListElement":[{"@type":"ListItem","position":1,"name":"Home","item":"https:\/\/galli.ch\/en\/"},{"@type":"ListItem","position":2,"name":"Uhren","item":"https:\/\/galli.ch\/en\/uhren\/"},{"@type":"ListItem","position":3,"name":"T-Touch Connect Solar"}]},{"@type":"WebSite","@id":"http:\/\/galli.ch\/en\/#website","url":"http:\/\/galli.ch\/en\/","name":"Galli Uhren Bijouterie","description":"","potentialAction":[{"@type":"SearchAction","target":{"@type":"EntryPoint","urlTemplate":"http:\/\/galli.ch\/en\/?s={search_term_string}"},"query-input":{"@type":"PropertyValueSpecification","valueRequired":true,"valueName":"search_term_string"}}],"inLanguage":"en-US"}]}},"_links":{"self":[{"href":"https:\/\/galli.ch\/en\/wp-json\/wp\/v2\/product\/8129","targetHints":{"allow":["GET"]}}],"collection":[{"href":"https:\/\/galli.ch\/en\/wp-json\/wp\/v2\/product"}],"about":[{"href":"https:\/\/galli.ch\/en\/wp-json\/wp\/v2\/types\/product"}],"wp:featuredmedia":[{"embeddable":true,"href":"https:\/\/galli.ch\/en\/wp-json\/wp\/v2\/media\/8121"}],"wp:attachment":[{"href":"https:\/\/galli.ch\/en\/wp-json\/wp\/v2\/media?parent=8129"}],"wp:term":[{"taxonomy":"product_brand","embeddable":true,"href":"https:\/\/galli.ch\/en\/wp-json\/wp\/v2\/product_brand?post=8129"},{"taxonomy":"product_cat","embeddable":true,"href":"https:\/\/galli.ch\/en\/wp-json\/wp\/v2\/product_cat?post=8129"},{"taxonomy":"product_tag","embeddable":true,"href":"https:\/\/galli.ch\/en\/wp-json\/wp\/v2\/product_tag?post=8129"}],"curies":[{"name":"wp","href":"https:\/\/api.w.org\/{rel}","templated":true}]}}