{"id":8317,"date":"2020-11-16T15:45:20","date_gmt":"2020-11-16T13:45:20","guid":{"rendered":"http:\/\/galli.ch\/?post_type=schmuck&#038;p=8317"},"modified":"2025-03-13T13:44:29","modified_gmt":"2025-03-13T12:44:29","slug":"aldusblatt-satinband-asgr42","status":"publish","type":"product","link":"https:\/\/galli.ch\/en\/schmuck\/herzog-loibner\/aldusblatt-satinband-asgr42\/","title":{"rendered":"Herzog Loibner Aldusblatt Satinband"},"content":{"rendered":"<p>Die edlen Satin- und Lederb\u00e4nder von Herzog &amp; Loibner passen perfekt f\u00fcr jeden Anlass. Alle Gr\u00f6ssen der Aldusblatt-Anh\u00e4nger k\u00f6nnen selbstverst\u00e4ndlich an dieses Armband geh\u00e4ngt werden. So kann man mit den bereits bestehenden Anh\u00e4nger verschiedenste Kombinationen ausprobieren.<\/p>\n","protected":false},"excerpt":{"rendered":"<p>Die edlen Satin- und Lederb\u00e4nder von Herzog &amp; Loibner passen perfekt f\u00fcr jeden Anlass. Alle Gr\u00f6ssen der Aldusblatt-Anh\u00e4nger k\u00f6nnen selbstverst\u00e4ndlich an dieses Armband geh\u00e4ngt werden. So kann man mit den bereits bestehenden Anh\u00e4nger verschiedenste Kombinationen ausprobieren.<\/p>\n","protected":false},"featured_media":5705,"template":"","meta":{"_acf_changed":false,"inline_featured_image":false},"product_brand":[],"product_cat":[189],"product_tag":[],"class_list":{"0":"post-8317","1":"product","2":"type-product","3":"status-publish","4":"has-post-thumbnail","6":"schmuckhersteller-herzog-loibner","7":"schmuckthemen-bracelets","8":"product_cat-schmuck","10":"first","11":"outofstock","12":"taxable","13":"shipping-taxable","14":"purchasable","15":"product-type-simple"},"acf":[],"yoast_head":"<!-- This site is optimized with the Yoast SEO plugin v25.5 - https:\/\/yoast.com\/wordpress\/plugins\/seo\/ -->\n<title>Herzog Loibner Aldusblatt Satinband - Galli Uhren Bijouterie<\/title>\n<meta name=\"robots\" content=\"index, follow, max-snippet:-1, max-image-preview:large, max-video-preview:-1\" \/>\n<link rel=\"canonical\" href=\"https:\/\/galli.ch\/en\/schmuck\/herzog-loibner\/aldusblatt-satinband-asgr42\/\" \/>\n<meta property=\"og:locale\" content=\"en_US\" \/>\n<meta property=\"og:type\" content=\"article\" \/>\n<meta property=\"og:title\" content=\"Herzog Loibner Aldusblatt Satinband - Galli Uhren Bijouterie\" \/>\n<meta property=\"og:description\" content=\"Die edlen Satin- und Lederb\u00e4nder von Herzog &amp; Loibner passen perfekt f\u00fcr jeden Anlass. Alle Gr\u00f6ssen der Aldusblatt-Anh\u00e4nger k\u00f6nnen selbstverst\u00e4ndlich an dieses Armband geh\u00e4ngt werden. So kann man mit den bereits bestehenden Anh\u00e4nger verschiedenste Kombinationen ausprobieren.\" \/>\n<meta property=\"og:url\" content=\"https:\/\/galli.ch\/en\/schmuck\/herzog-loibner\/aldusblatt-satinband-asgr42\/\" \/>\n<meta property=\"og:site_name\" content=\"Galli Uhren Bijouterie\" \/>\n<meta property=\"article:modified_time\" content=\"2025-03-13T12:44:29+00:00\" \/>\n<meta property=\"og:image\" content=\"https:\/\/galli.ch\/wp-content\/uploads\/armbaender0003.png\" \/>\n\t<meta property=\"og:image:width\" content=\"1000\" \/>\n\t<meta property=\"og:image:height\" content=\"1400\" \/>\n\t<meta property=\"og:image:type\" content=\"image\/png\" \/>\n<meta name=\"twitter:card\" content=\"summary_large_image\" \/>\n<script type=\"application\/ld+json\" class=\"yoast-schema-graph\">{\"@context\":\"https:\/\/schema.org\",\"@graph\":[{\"@type\":\"WebPage\",\"@id\":\"https:\/\/galli.ch\/en\/schmuck\/herzog-loibner\/aldusblatt-satinband-asgr42\/\",\"url\":\"https:\/\/galli.ch\/en\/schmuck\/herzog-loibner\/aldusblatt-satinband-asgr42\/\",\"name\":\"Herzog Loibner Aldusblatt Satinband - Galli Uhren Bijouterie\",\"isPartOf\":{\"@id\":\"http:\/\/galli.ch\/en\/#website\"},\"primaryImageOfPage\":{\"@id\":\"https:\/\/galli.ch\/en\/schmuck\/herzog-loibner\/aldusblatt-satinband-asgr42\/#primaryimage\"},\"image\":{\"@id\":\"https:\/\/galli.ch\/en\/schmuck\/herzog-loibner\/aldusblatt-satinband-asgr42\/#primaryimage\"},\"thumbnailUrl\":\"https:\/\/galli.ch\/wp-content\/uploads\/armbaender0003.png\",\"datePublished\":\"2020-11-16T13:45:20+00:00\",\"dateModified\":\"2025-03-13T12:44:29+00:00\",\"breadcrumb\":{\"@id\":\"https:\/\/galli.ch\/en\/schmuck\/herzog-loibner\/aldusblatt-satinband-asgr42\/#breadcrumb\"},\"inLanguage\":\"en-US\",\"potentialAction\":[{\"@type\":\"ReadAction\",\"target\":[\"https:\/\/galli.ch\/en\/schmuck\/herzog-loibner\/aldusblatt-satinband-asgr42\/\"]}]},{\"@type\":\"ImageObject\",\"inLanguage\":\"en-US\",\"@id\":\"https:\/\/galli.ch\/en\/schmuck\/herzog-loibner\/aldusblatt-satinband-asgr42\/#primaryimage\",\"url\":\"https:\/\/galli.ch\/wp-content\/uploads\/armbaender0003.png\",\"contentUrl\":\"https:\/\/galli.ch\/wp-content\/uploads\/armbaender0003.png\",\"width\":1000,\"height\":1400,\"caption\":\"herzog-loibner-armband-satin\"},{\"@type\":\"BreadcrumbList\",\"@id\":\"https:\/\/galli.ch\/en\/schmuck\/herzog-loibner\/aldusblatt-satinband-asgr42\/#breadcrumb\",\"itemListElement\":[{\"@type\":\"ListItem\",\"position\":1,\"name\":\"Home\",\"item\":\"https:\/\/galli.ch\/en\/\"},{\"@type\":\"ListItem\",\"position\":2,\"name\":\"Uhren\",\"item\":\"https:\/\/galli.ch\/en\/uhren\/\"},{\"@type\":\"ListItem\",\"position\":3,\"name\":\"Aldusblatt Satinband\"}]},{\"@type\":\"WebSite\",\"@id\":\"http:\/\/galli.ch\/en\/#website\",\"url\":\"http:\/\/galli.ch\/en\/\",\"name\":\"Galli Uhren Bijouterie\",\"description\":\"\",\"potentialAction\":[{\"@type\":\"SearchAction\",\"target\":{\"@type\":\"EntryPoint\",\"urlTemplate\":\"http:\/\/galli.ch\/en\/?s={search_term_string}\"},\"query-input\":{\"@type\":\"PropertyValueSpecification\",\"valueRequired\":true,\"valueName\":\"search_term_string\"}}],\"inLanguage\":\"en-US\"}]}<\/script>\n<!-- \/ Yoast SEO plugin. -->","yoast_head_json":{"title":"Herzog Loibner Aldusblatt Satinband - Galli Uhren Bijouterie","robots":{"index":"index","follow":"follow","max-snippet":"max-snippet:-1","max-image-preview":"max-image-preview:large","max-video-preview":"max-video-preview:-1"},"canonical":"https:\/\/galli.ch\/en\/schmuck\/herzog-loibner\/aldusblatt-satinband-asgr42\/","og_locale":"en_US","og_type":"article","og_title":"Herzog Loibner Aldusblatt Satinband - Galli Uhren Bijouterie","og_description":"Die edlen Satin- und Lederb\u00e4nder von Herzog &amp; Loibner passen perfekt f\u00fcr jeden Anlass. Alle Gr\u00f6ssen der Aldusblatt-Anh\u00e4nger k\u00f6nnen selbstverst\u00e4ndlich an dieses Armband geh\u00e4ngt werden. So kann man mit den bereits bestehenden Anh\u00e4nger verschiedenste Kombinationen ausprobieren.","og_url":"https:\/\/galli.ch\/en\/schmuck\/herzog-loibner\/aldusblatt-satinband-asgr42\/","og_site_name":"Galli Uhren Bijouterie","article_modified_time":"2025-03-13T12:44:29+00:00","og_image":[{"width":1000,"height":1400,"url":"https:\/\/galli.ch\/wp-content\/uploads\/armbaender0003.png","type":"image\/png"}],"twitter_card":"summary_large_image","schema":{"@context":"https:\/\/schema.org","@graph":[{"@type":"WebPage","@id":"https:\/\/galli.ch\/en\/schmuck\/herzog-loibner\/aldusblatt-satinband-asgr42\/","url":"https:\/\/galli.ch\/en\/schmuck\/herzog-loibner\/aldusblatt-satinband-asgr42\/","name":"Herzog Loibner Aldusblatt Satinband - Galli Uhren Bijouterie","isPartOf":{"@id":"http:\/\/galli.ch\/en\/#website"},"primaryImageOfPage":{"@id":"https:\/\/galli.ch\/en\/schmuck\/herzog-loibner\/aldusblatt-satinband-asgr42\/#primaryimage"},"image":{"@id":"https:\/\/galli.ch\/en\/schmuck\/herzog-loibner\/aldusblatt-satinband-asgr42\/#primaryimage"},"thumbnailUrl":"https:\/\/galli.ch\/wp-content\/uploads\/armbaender0003.png","datePublished":"2020-11-16T13:45:20+00:00","dateModified":"2025-03-13T12:44:29+00:00","breadcrumb":{"@id":"https:\/\/galli.ch\/en\/schmuck\/herzog-loibner\/aldusblatt-satinband-asgr42\/#breadcrumb"},"inLanguage":"en-US","potentialAction":[{"@type":"ReadAction","target":["https:\/\/galli.ch\/en\/schmuck\/herzog-loibner\/aldusblatt-satinband-asgr42\/"]}]},{"@type":"ImageObject","inLanguage":"en-US","@id":"https:\/\/galli.ch\/en\/schmuck\/herzog-loibner\/aldusblatt-satinband-asgr42\/#primaryimage","url":"https:\/\/galli.ch\/wp-content\/uploads\/armbaender0003.png","contentUrl":"https:\/\/galli.ch\/wp-content\/uploads\/armbaender0003.png","width":1000,"height":1400,"caption":"herzog-loibner-armband-satin"},{"@type":"BreadcrumbList","@id":"https:\/\/galli.ch\/en\/schmuck\/herzog-loibner\/aldusblatt-satinband-asgr42\/#breadcrumb","itemListElement":[{"@type":"ListItem","position":1,"name":"Home","item":"https:\/\/galli.ch\/en\/"},{"@type":"ListItem","position":2,"name":"Uhren","item":"https:\/\/galli.ch\/en\/uhren\/"},{"@type":"ListItem","position":3,"name":"Aldusblatt Satinband"}]},{"@type":"WebSite","@id":"http:\/\/galli.ch\/en\/#website","url":"http:\/\/galli.ch\/en\/","name":"Galli Uhren Bijouterie","description":"","potentialAction":[{"@type":"SearchAction","target":{"@type":"EntryPoint","urlTemplate":"http:\/\/galli.ch\/en\/?s={search_term_string}"},"query-input":{"@type":"PropertyValueSpecification","valueRequired":true,"valueName":"search_term_string"}}],"inLanguage":"en-US"}]}},"_links":{"self":[{"href":"https:\/\/galli.ch\/en\/wp-json\/wp\/v2\/product\/8317","targetHints":{"allow":["GET"]}}],"collection":[{"href":"https:\/\/galli.ch\/en\/wp-json\/wp\/v2\/product"}],"about":[{"href":"https:\/\/galli.ch\/en\/wp-json\/wp\/v2\/types\/product"}],"wp:featuredmedia":[{"embeddable":true,"href":"https:\/\/galli.ch\/en\/wp-json\/wp\/v2\/media\/5705"}],"wp:attachment":[{"href":"https:\/\/galli.ch\/en\/wp-json\/wp\/v2\/media?parent=8317"}],"wp:term":[{"taxonomy":"product_brand","embeddable":true,"href":"https:\/\/galli.ch\/en\/wp-json\/wp\/v2\/product_brand?post=8317"},{"taxonomy":"product_cat","embeddable":true,"href":"https:\/\/galli.ch\/en\/wp-json\/wp\/v2\/product_cat?post=8317"},{"taxonomy":"product_tag","embeddable":true,"href":"https:\/\/galli.ch\/en\/wp-json\/wp\/v2\/product_tag?post=8317"}],"curies":[{"name":"wp","href":"https:\/\/api.w.org\/{rel}","templated":true}]}}