{"id":8325,"date":"2020-11-16T18:09:05","date_gmt":"2020-11-16T16:09:05","guid":{"rendered":"http:\/\/galli.ch\/?post_type=schmuck&#038;p=8325"},"modified":"2025-03-13T13:44:30","modified_gmt":"2025-03-13T12:44:30","slug":"aldusblatt-peridot-ring-rir10pd","status":"publish","type":"product","link":"https:\/\/galli.ch\/en\/schmuck\/herzog-loibner\/aldusblatt-peridot-ring-rir10pd\/","title":{"rendered":"Herzog Loibner Aldusblatt Peridot Ring"},"content":{"rendered":"<p>Dieses Schmuckst\u00fcck ist mit einem wundersch\u00f6nen Peridot ausgestattet.\u00a0 Der unbehandelte Farbstein ist ein Einzelst\u00fcck und ein besonderer Wertgegenstand, der beim Tragen zur Geltung kommt. Er kann sehr gut auch mit anderen Aldusblatt Ringen getragen werden.<\/p>\n<p>Jeder Stein tr\u00e4gt seine eigene Geschichte und individuelle Heilwirkung in sich. So wird er zum pers\u00f6nlichen Gl\u00fccksbringer, der mit den W\u00fcnschen und Fantasien der Tr\u00e4gerin optimal abgestimmt werden kann. W\u00e4hlen Sie aus verschiedensten Farbedelsteinen Ihren ganz pers\u00f6nlichen Favoriten. Die 2 verschiedenen Gr\u00f6ssen (10.3mm, 8.8mm) in 18 Karat Gold (Rot- Weiss oder Gelbgold) mit oder ohne Brillantfassung erm\u00f6glichen Ihnen eine Vielzahl an Kombinationsm\u00f6glichkeiten und wecken die Lust zum Sammeln.<\/p>\n","protected":false},"excerpt":{"rendered":"<p>Dieses Schmuckst\u00fcck ist mit einem wundersch\u00f6nen Peridot ausgestattet.\u00a0 Der unbehandelte Farbstein ist ein Einzelst\u00fcck und ein besonderer Wertgegenstand, der beim Tragen zur Geltung kommt. Er kann sehr gut auch mit anderen Aldusblatt Ringen getragen werden. Jeder Stein tr\u00e4gt seine eigene Geschichte und individuelle Heilwirkung in sich. So wird er zum pers\u00f6nlichen Gl\u00fccksbringer, der mit den&#8230;  <a class=\"excerpt-read-more\" href=\"https:\/\/galli.ch\/en\/schmuck\/herzog-loibner\/aldusblatt-peridot-ring-rir10pd\/\" title=\"Read Herzog Loibner Aldusblatt Peridot Ring\">Weiter &raquo;<\/a><\/p>\n","protected":false},"featured_media":8273,"template":"","meta":{"_acf_changed":false,"inline_featured_image":false},"product_brand":[],"product_cat":[189],"product_tag":[],"class_list":{"0":"post-8325","1":"product","2":"type-product","3":"status-publish","4":"has-post-thumbnail","6":"schmuckhersteller-herzog-loibner","7":"schmuckthemen-rings","8":"product_cat-schmuck","10":"first","11":"instock","12":"taxable","13":"shipping-taxable","14":"purchasable","15":"product-type-simple"},"acf":[],"yoast_head":"<!-- This site is optimized with the Yoast SEO plugin v25.5 - https:\/\/yoast.com\/wordpress\/plugins\/seo\/ -->\n<title>Herzog Loibner Aldusblatt Peridot Ring - Galli Uhren Bijouterie<\/title>\n<meta name=\"robots\" content=\"index, follow, max-snippet:-1, max-image-preview:large, max-video-preview:-1\" \/>\n<link rel=\"canonical\" href=\"https:\/\/galli.ch\/schmuck\/herzog-loibner\/aldusblatt-peridot-ring-rir10pd\/\" \/>\n<meta property=\"og:locale\" content=\"en_US\" \/>\n<meta property=\"og:type\" content=\"article\" \/>\n<meta property=\"og:title\" content=\"Herzog Loibner Aldusblatt Peridot Ring - Galli Uhren Bijouterie\" \/>\n<meta property=\"og:description\" content=\"Dieses Schmuckst\u00fcck ist mit einem wundersch\u00f6nen Peridot ausgestattet.\u00a0 Der unbehandelte Farbstein ist ein Einzelst\u00fcck und ein besonderer Wertgegenstand, der beim Tragen zur Geltung kommt. Er kann sehr gut auch mit anderen Aldusblatt Ringen getragen werden. Jeder Stein tr\u00e4gt seine eigene Geschichte und individuelle Heilwirkung in sich. So wird er zum pers\u00f6nlichen Gl\u00fccksbringer, der mit den... Weiter &raquo;\" \/>\n<meta property=\"og:url\" content=\"https:\/\/galli.ch\/schmuck\/herzog-loibner\/aldusblatt-peridot-ring-rir10pd\/\" \/>\n<meta property=\"og:site_name\" content=\"Galli Uhren Bijouterie\" \/>\n<meta property=\"article:modified_time\" content=\"2025-03-13T12:44:30+00:00\" \/>\n<meta property=\"og:image\" content=\"https:\/\/galli.ch\/wp-content\/uploads\/Ringe_Gross_Peridot_RG_I-2550.png\" \/>\n\t<meta property=\"og:image:width\" content=\"500\" \/>\n\t<meta property=\"og:image:height\" content=\"700\" \/>\n\t<meta property=\"og:image:type\" content=\"image\/png\" \/>\n<meta name=\"twitter:card\" content=\"summary_large_image\" \/>\n<script type=\"application\/ld+json\" class=\"yoast-schema-graph\">{\"@context\":\"https:\/\/schema.org\",\"@graph\":[{\"@type\":\"WebPage\",\"@id\":\"https:\/\/galli.ch\/schmuck\/herzog-loibner\/aldusblatt-peridot-ring-rir10pd\/\",\"url\":\"https:\/\/galli.ch\/schmuck\/herzog-loibner\/aldusblatt-peridot-ring-rir10pd\/\",\"name\":\"Herzog Loibner Aldusblatt Peridot Ring - Galli Uhren Bijouterie\",\"isPartOf\":{\"@id\":\"http:\/\/galli.ch\/en\/#website\"},\"primaryImageOfPage\":{\"@id\":\"https:\/\/galli.ch\/schmuck\/herzog-loibner\/aldusblatt-peridot-ring-rir10pd\/#primaryimage\"},\"image\":{\"@id\":\"https:\/\/galli.ch\/schmuck\/herzog-loibner\/aldusblatt-peridot-ring-rir10pd\/#primaryimage\"},\"thumbnailUrl\":\"https:\/\/galli.ch\/wp-content\/uploads\/Ringe_Gross_Peridot_RG_I-2550.png\",\"datePublished\":\"2020-11-16T16:09:05+00:00\",\"dateModified\":\"2025-03-13T12:44:30+00:00\",\"breadcrumb\":{\"@id\":\"https:\/\/galli.ch\/schmuck\/herzog-loibner\/aldusblatt-peridot-ring-rir10pd\/#breadcrumb\"},\"inLanguage\":\"en-US\",\"potentialAction\":[{\"@type\":\"ReadAction\",\"target\":[\"https:\/\/galli.ch\/schmuck\/herzog-loibner\/aldusblatt-peridot-ring-rir10pd\/\"]}]},{\"@type\":\"ImageObject\",\"inLanguage\":\"en-US\",\"@id\":\"https:\/\/galli.ch\/schmuck\/herzog-loibner\/aldusblatt-peridot-ring-rir10pd\/#primaryimage\",\"url\":\"https:\/\/galli.ch\/wp-content\/uploads\/Ringe_Gross_Peridot_RG_I-2550.png\",\"contentUrl\":\"https:\/\/galli.ch\/wp-content\/uploads\/Ringe_Gross_Peridot_RG_I-2550.png\",\"width\":500,\"height\":700,\"caption\":\"herzog-loibner-ring-peridot\"},{\"@type\":\"BreadcrumbList\",\"@id\":\"https:\/\/galli.ch\/schmuck\/herzog-loibner\/aldusblatt-peridot-ring-rir10pd\/#breadcrumb\",\"itemListElement\":[{\"@type\":\"ListItem\",\"position\":1,\"name\":\"Home\",\"item\":\"https:\/\/galli.ch\/en\/\"},{\"@type\":\"ListItem\",\"position\":2,\"name\":\"Uhren\",\"item\":\"https:\/\/galli.ch\/en\/uhren\/\"},{\"@type\":\"ListItem\",\"position\":3,\"name\":\"Aldusblatt Peridot Ring\"}]},{\"@type\":\"WebSite\",\"@id\":\"http:\/\/galli.ch\/en\/#website\",\"url\":\"http:\/\/galli.ch\/en\/\",\"name\":\"Galli Uhren Bijouterie\",\"description\":\"\",\"potentialAction\":[{\"@type\":\"SearchAction\",\"target\":{\"@type\":\"EntryPoint\",\"urlTemplate\":\"http:\/\/galli.ch\/en\/?s={search_term_string}\"},\"query-input\":{\"@type\":\"PropertyValueSpecification\",\"valueRequired\":true,\"valueName\":\"search_term_string\"}}],\"inLanguage\":\"en-US\"}]}<\/script>\n<!-- \/ Yoast SEO plugin. -->","yoast_head_json":{"title":"Herzog Loibner Aldusblatt Peridot Ring - Galli Uhren Bijouterie","robots":{"index":"index","follow":"follow","max-snippet":"max-snippet:-1","max-image-preview":"max-image-preview:large","max-video-preview":"max-video-preview:-1"},"canonical":"https:\/\/galli.ch\/schmuck\/herzog-loibner\/aldusblatt-peridot-ring-rir10pd\/","og_locale":"en_US","og_type":"article","og_title":"Herzog Loibner Aldusblatt Peridot Ring - Galli Uhren Bijouterie","og_description":"Dieses Schmuckst\u00fcck ist mit einem wundersch\u00f6nen Peridot ausgestattet.\u00a0 Der unbehandelte Farbstein ist ein Einzelst\u00fcck und ein besonderer Wertgegenstand, der beim Tragen zur Geltung kommt. Er kann sehr gut auch mit anderen Aldusblatt Ringen getragen werden. Jeder Stein tr\u00e4gt seine eigene Geschichte und individuelle Heilwirkung in sich. So wird er zum pers\u00f6nlichen Gl\u00fccksbringer, der mit den... Weiter &raquo;","og_url":"https:\/\/galli.ch\/schmuck\/herzog-loibner\/aldusblatt-peridot-ring-rir10pd\/","og_site_name":"Galli Uhren Bijouterie","article_modified_time":"2025-03-13T12:44:30+00:00","og_image":[{"width":500,"height":700,"url":"https:\/\/galli.ch\/wp-content\/uploads\/Ringe_Gross_Peridot_RG_I-2550.png","type":"image\/png"}],"twitter_card":"summary_large_image","schema":{"@context":"https:\/\/schema.org","@graph":[{"@type":"WebPage","@id":"https:\/\/galli.ch\/schmuck\/herzog-loibner\/aldusblatt-peridot-ring-rir10pd\/","url":"https:\/\/galli.ch\/schmuck\/herzog-loibner\/aldusblatt-peridot-ring-rir10pd\/","name":"Herzog Loibner Aldusblatt Peridot Ring - Galli Uhren Bijouterie","isPartOf":{"@id":"http:\/\/galli.ch\/en\/#website"},"primaryImageOfPage":{"@id":"https:\/\/galli.ch\/schmuck\/herzog-loibner\/aldusblatt-peridot-ring-rir10pd\/#primaryimage"},"image":{"@id":"https:\/\/galli.ch\/schmuck\/herzog-loibner\/aldusblatt-peridot-ring-rir10pd\/#primaryimage"},"thumbnailUrl":"https:\/\/galli.ch\/wp-content\/uploads\/Ringe_Gross_Peridot_RG_I-2550.png","datePublished":"2020-11-16T16:09:05+00:00","dateModified":"2025-03-13T12:44:30+00:00","breadcrumb":{"@id":"https:\/\/galli.ch\/schmuck\/herzog-loibner\/aldusblatt-peridot-ring-rir10pd\/#breadcrumb"},"inLanguage":"en-US","potentialAction":[{"@type":"ReadAction","target":["https:\/\/galli.ch\/schmuck\/herzog-loibner\/aldusblatt-peridot-ring-rir10pd\/"]}]},{"@type":"ImageObject","inLanguage":"en-US","@id":"https:\/\/galli.ch\/schmuck\/herzog-loibner\/aldusblatt-peridot-ring-rir10pd\/#primaryimage","url":"https:\/\/galli.ch\/wp-content\/uploads\/Ringe_Gross_Peridot_RG_I-2550.png","contentUrl":"https:\/\/galli.ch\/wp-content\/uploads\/Ringe_Gross_Peridot_RG_I-2550.png","width":500,"height":700,"caption":"herzog-loibner-ring-peridot"},{"@type":"BreadcrumbList","@id":"https:\/\/galli.ch\/schmuck\/herzog-loibner\/aldusblatt-peridot-ring-rir10pd\/#breadcrumb","itemListElement":[{"@type":"ListItem","position":1,"name":"Home","item":"https:\/\/galli.ch\/en\/"},{"@type":"ListItem","position":2,"name":"Uhren","item":"https:\/\/galli.ch\/en\/uhren\/"},{"@type":"ListItem","position":3,"name":"Aldusblatt Peridot Ring"}]},{"@type":"WebSite","@id":"http:\/\/galli.ch\/en\/#website","url":"http:\/\/galli.ch\/en\/","name":"Galli Uhren Bijouterie","description":"","potentialAction":[{"@type":"SearchAction","target":{"@type":"EntryPoint","urlTemplate":"http:\/\/galli.ch\/en\/?s={search_term_string}"},"query-input":{"@type":"PropertyValueSpecification","valueRequired":true,"valueName":"search_term_string"}}],"inLanguage":"en-US"}]}},"_links":{"self":[{"href":"https:\/\/galli.ch\/en\/wp-json\/wp\/v2\/product\/8325","targetHints":{"allow":["GET"]}}],"collection":[{"href":"https:\/\/galli.ch\/en\/wp-json\/wp\/v2\/product"}],"about":[{"href":"https:\/\/galli.ch\/en\/wp-json\/wp\/v2\/types\/product"}],"wp:featuredmedia":[{"embeddable":true,"href":"https:\/\/galli.ch\/en\/wp-json\/wp\/v2\/media\/8273"}],"wp:attachment":[{"href":"https:\/\/galli.ch\/en\/wp-json\/wp\/v2\/media?parent=8325"}],"wp:term":[{"taxonomy":"product_brand","embeddable":true,"href":"https:\/\/galli.ch\/en\/wp-json\/wp\/v2\/product_brand?post=8325"},{"taxonomy":"product_cat","embeddable":true,"href":"https:\/\/galli.ch\/en\/wp-json\/wp\/v2\/product_cat?post=8325"},{"taxonomy":"product_tag","embeddable":true,"href":"https:\/\/galli.ch\/en\/wp-json\/wp\/v2\/product_tag?post=8325"}],"curies":[{"name":"wp","href":"https:\/\/api.w.org\/{rel}","templated":true}]}}