{"id":8659,"date":"2021-01-13T18:16:35","date_gmt":"2021-01-13T16:16:35","guid":{"rendered":"http:\/\/galli.ch\/?post_type=uhren&#038;p=8659"},"modified":"2026-03-30T10:18:14","modified_gmt":"2026-03-30T08:18:14","slug":"moonwatch-professional-metas-safirglas-310-30-42-50-01-002","status":"publish","type":"product","link":"https:\/\/galli.ch\/en\/uhren\/omega\/speedmaster\/moonwatch-professional-metas-safirglas-310-30-42-50-01-002\/","title":{"rendered":"Omega Moonwatch Professional METAS Safirglas"},"content":{"rendered":"<p><span style=\"font-weight: 400;\">Im Jahre 2021 wurde die Speedmaster Moonwatch Kollektion mit Modellen der n\u00e4chsten Generation aktualisiert. Die langersehnte Neuauflage ist mit einem starken, antimagnetischen Master Chronometer zertifizierten Uhrwerk ausger\u00fcstet. W\u00e4hrend viele Fans das klassische Design als unantastbar, ja sogar heilig halten, hat OMEGAs legend\u00e4re Speedmaster Moonwatch immer mit dem technologischen Wandel Schritt gehalten. Der Klassiker ist nach wie vor mit einem Safir- oder Plexiglas erh\u00e4ltlich (hier abgebildet ist die Safirglas Version).\u00a0<\/span><\/p>\n<p><span style=\"font-weight: 400;\">Es dauerte 4 Jahre der Entwicklung, um das n\u00e4chste leistungsf\u00e4hige Kaliber der Moonwatch-Familie zu entwickeln. <\/span><span style=\"font-weight: 400;\">Mit vielen innovativen Funktionen wie OMEGAs revolution\u00e4re Co-Axial Hemmung sowie die Silizium-Si14-Unruhspirale, die das Kaliber in die Lage versetzt, die 8 Master Chronometer Tests zu bestehen. <\/span><span style=\"font-weight: 400;\">F\u00fcr dieses aufregende Redesign hat sich OMEGA der 4. Generation der Moonwatch inspiriert &#8211; allgemein bekannt unter der Referenznummer ST 105.012. Das unter Uhrensammlern hoch angesehene Modell ist eine der Uhren, die von den Apollo-11-Astronauten 1969 auf dem Mond getragen wurde.\u00a0<\/span><\/p>\n<p>Das neue Co-Axial Master Chronometer-Kaliber 3861 sorgt daf\u00fcr, dass die legend\u00e4re Moonwatch selbst bei extremen Magnetfeldern von 15&#8217;000 Gauss genau die Zeit anzeigen kann.<\/p>\n","protected":false},"excerpt":{"rendered":"<p>Im Jahre 2021 wurde die Speedmaster Moonwatch Kollektion mit Modellen der n\u00e4chsten Generation aktualisiert. Die langersehnte Neuauflage ist mit einem starken, antimagnetischen Master Chronometer zertifizierten Uhrwerk ausger\u00fcstet. W\u00e4hrend viele Fans das klassische Design als unantastbar, ja sogar heilig halten, hat OMEGAs legend\u00e4re Speedmaster Moonwatch immer mit dem technologischen Wandel Schritt gehalten. Der Klassiker ist nach&#8230;  <a class=\"excerpt-read-more\" href=\"https:\/\/galli.ch\/en\/uhren\/omega\/speedmaster\/moonwatch-professional-metas-safirglas-310-30-42-50-01-002\/\" title=\"Read Omega Moonwatch Professional METAS Safirglas\">Weiter &raquo;<\/a><\/p>\n","protected":false},"featured_media":8634,"template":"","meta":{"_acf_changed":false,"inline_featured_image":false},"product_brand":[],"product_cat":[188],"product_tag":[],"class_list":{"0":"post-8659","1":"product","2":"type-product","3":"status-publish","4":"has-post-thumbnail","6":"uhrenhersteller-omega","7":"uhrenhersteller-speedmaster","8":"product_cat-uhren","10":"first","11":"instock","12":"taxable","13":"shipping-taxable","14":"purchasable","15":"product-type-simple"},"acf":[],"yoast_head":"<!-- This site is optimized with the Yoast SEO plugin v25.5 - https:\/\/yoast.com\/wordpress\/plugins\/seo\/ -->\n<title>Omega Moonwatch Professional METAS Safirglas - Galli Uhren Bijouterie<\/title>\n<meta name=\"description\" content=\"Im Jahre 2021 wurde die Speedmaster Moonwatch mit Modellen der n\u00e4chsten Generation aktualisiert. Entecken Sie den Chronographen bei Galli!\" \/>\n<meta name=\"robots\" content=\"index, follow, max-snippet:-1, max-image-preview:large, max-video-preview:-1\" \/>\n<link rel=\"canonical\" href=\"https:\/\/galli.ch\/uhren\/omega\/speedmaster\/moonwatch-professional-metas-safirglas-310-30-42-50-01-002\/\" \/>\n<meta property=\"og:locale\" content=\"en_US\" \/>\n<meta property=\"og:type\" content=\"article\" \/>\n<meta property=\"og:title\" content=\"Omega Moonwatch Professional METAS Safirglas - Galli Uhren Bijouterie\" \/>\n<meta property=\"og:description\" content=\"Im Jahre 2021 wurde die Speedmaster Moonwatch mit Modellen der n\u00e4chsten Generation aktualisiert. Entecken Sie den Chronographen bei Galli!\" \/>\n<meta property=\"og:url\" content=\"https:\/\/galli.ch\/uhren\/omega\/speedmaster\/moonwatch-professional-metas-safirglas-310-30-42-50-01-002\/\" \/>\n<meta property=\"og:site_name\" content=\"Galli Uhren Bijouterie\" \/>\n<meta property=\"article:modified_time\" content=\"2026-03-30T08:18:14+00:00\" \/>\n<meta property=\"og:image\" content=\"https:\/\/galli.ch\/wp-content\/uploads\/omega-speedmaster-moonwatch-professional-co-axial-master-chronometer-chronograph-42-mm-31030425001002-1-product-zoom.png\" \/>\n\t<meta property=\"og:image:width\" content=\"1000\" \/>\n\t<meta property=\"og:image:height\" content=\"1400\" \/>\n\t<meta property=\"og:image:type\" content=\"image\/png\" \/>\n<meta name=\"twitter:card\" content=\"summary_large_image\" \/>\n<script type=\"application\/ld+json\" class=\"yoast-schema-graph\">{\"@context\":\"https:\/\/schema.org\",\"@graph\":[{\"@type\":\"WebPage\",\"@id\":\"https:\/\/galli.ch\/uhren\/omega\/speedmaster\/moonwatch-professional-metas-safirglas-310-30-42-50-01-002\/\",\"url\":\"https:\/\/galli.ch\/uhren\/omega\/speedmaster\/moonwatch-professional-metas-safirglas-310-30-42-50-01-002\/\",\"name\":\"Omega Moonwatch Professional METAS Safirglas - Galli Uhren Bijouterie\",\"isPartOf\":{\"@id\":\"http:\/\/galli.ch\/en\/#website\"},\"primaryImageOfPage\":{\"@id\":\"https:\/\/galli.ch\/uhren\/omega\/speedmaster\/moonwatch-professional-metas-safirglas-310-30-42-50-01-002\/#primaryimage\"},\"image\":{\"@id\":\"https:\/\/galli.ch\/uhren\/omega\/speedmaster\/moonwatch-professional-metas-safirglas-310-30-42-50-01-002\/#primaryimage\"},\"thumbnailUrl\":\"https:\/\/galli.ch\/wp-content\/uploads\/omega-speedmaster-moonwatch-professional-co-axial-master-chronometer-chronograph-42-mm-31030425001002-1-product-zoom.png\",\"datePublished\":\"2021-01-13T16:16:35+00:00\",\"dateModified\":\"2026-03-30T08:18:14+00:00\",\"description\":\"Im Jahre 2021 wurde die Speedmaster Moonwatch mit Modellen der n\u00e4chsten Generation aktualisiert. Entecken Sie den Chronographen bei Galli!\",\"breadcrumb\":{\"@id\":\"https:\/\/galli.ch\/uhren\/omega\/speedmaster\/moonwatch-professional-metas-safirglas-310-30-42-50-01-002\/#breadcrumb\"},\"inLanguage\":\"en-US\",\"potentialAction\":[{\"@type\":\"ReadAction\",\"target\":[\"https:\/\/galli.ch\/uhren\/omega\/speedmaster\/moonwatch-professional-metas-safirglas-310-30-42-50-01-002\/\"]}]},{\"@type\":\"ImageObject\",\"inLanguage\":\"en-US\",\"@id\":\"https:\/\/galli.ch\/uhren\/omega\/speedmaster\/moonwatch-professional-metas-safirglas-310-30-42-50-01-002\/#primaryimage\",\"url\":\"https:\/\/galli.ch\/wp-content\/uploads\/omega-speedmaster-moonwatch-professional-co-axial-master-chronometer-chronograph-42-mm-31030425001002-1-product-zoom.png\",\"contentUrl\":\"https:\/\/galli.ch\/wp-content\/uploads\/omega-speedmaster-moonwatch-professional-co-axial-master-chronometer-chronograph-42-mm-31030425001002-1-product-zoom.png\",\"width\":1000,\"height\":1400,\"caption\":\"omega-speedmaster-moonwatch-safirglas-metas\"},{\"@type\":\"BreadcrumbList\",\"@id\":\"https:\/\/galli.ch\/uhren\/omega\/speedmaster\/moonwatch-professional-metas-safirglas-310-30-42-50-01-002\/#breadcrumb\",\"itemListElement\":[{\"@type\":\"ListItem\",\"position\":1,\"name\":\"Home\",\"item\":\"https:\/\/galli.ch\/en\/\"},{\"@type\":\"ListItem\",\"position\":2,\"name\":\"Uhren\",\"item\":\"https:\/\/galli.ch\/en\/uhren\/\"},{\"@type\":\"ListItem\",\"position\":3,\"name\":\"Omega Moonwatch Professional METAS Safirglas\"}]},{\"@type\":\"WebSite\",\"@id\":\"http:\/\/galli.ch\/en\/#website\",\"url\":\"http:\/\/galli.ch\/en\/\",\"name\":\"Galli Uhren Bijouterie\",\"description\":\"\",\"potentialAction\":[{\"@type\":\"SearchAction\",\"target\":{\"@type\":\"EntryPoint\",\"urlTemplate\":\"http:\/\/galli.ch\/en\/?s={search_term_string}\"},\"query-input\":{\"@type\":\"PropertyValueSpecification\",\"valueRequired\":true,\"valueName\":\"search_term_string\"}}],\"inLanguage\":\"en-US\"}]}<\/script>\n<!-- \/ Yoast SEO plugin. -->","yoast_head_json":{"title":"Omega Moonwatch Professional METAS Safirglas - Galli Uhren Bijouterie","description":"Im Jahre 2021 wurde die Speedmaster Moonwatch mit Modellen der n\u00e4chsten Generation aktualisiert. Entecken Sie den Chronographen bei Galli!","robots":{"index":"index","follow":"follow","max-snippet":"max-snippet:-1","max-image-preview":"max-image-preview:large","max-video-preview":"max-video-preview:-1"},"canonical":"https:\/\/galli.ch\/uhren\/omega\/speedmaster\/moonwatch-professional-metas-safirglas-310-30-42-50-01-002\/","og_locale":"en_US","og_type":"article","og_title":"Omega Moonwatch Professional METAS Safirglas - Galli Uhren Bijouterie","og_description":"Im Jahre 2021 wurde die Speedmaster Moonwatch mit Modellen der n\u00e4chsten Generation aktualisiert. Entecken Sie den Chronographen bei Galli!","og_url":"https:\/\/galli.ch\/uhren\/omega\/speedmaster\/moonwatch-professional-metas-safirglas-310-30-42-50-01-002\/","og_site_name":"Galli Uhren Bijouterie","article_modified_time":"2026-03-30T08:18:14+00:00","og_image":[{"width":1000,"height":1400,"url":"https:\/\/galli.ch\/wp-content\/uploads\/omega-speedmaster-moonwatch-professional-co-axial-master-chronometer-chronograph-42-mm-31030425001002-1-product-zoom.png","type":"image\/png"}],"twitter_card":"summary_large_image","schema":{"@context":"https:\/\/schema.org","@graph":[{"@type":"WebPage","@id":"https:\/\/galli.ch\/uhren\/omega\/speedmaster\/moonwatch-professional-metas-safirglas-310-30-42-50-01-002\/","url":"https:\/\/galli.ch\/uhren\/omega\/speedmaster\/moonwatch-professional-metas-safirglas-310-30-42-50-01-002\/","name":"Omega Moonwatch Professional METAS Safirglas - Galli Uhren Bijouterie","isPartOf":{"@id":"http:\/\/galli.ch\/en\/#website"},"primaryImageOfPage":{"@id":"https:\/\/galli.ch\/uhren\/omega\/speedmaster\/moonwatch-professional-metas-safirglas-310-30-42-50-01-002\/#primaryimage"},"image":{"@id":"https:\/\/galli.ch\/uhren\/omega\/speedmaster\/moonwatch-professional-metas-safirglas-310-30-42-50-01-002\/#primaryimage"},"thumbnailUrl":"https:\/\/galli.ch\/wp-content\/uploads\/omega-speedmaster-moonwatch-professional-co-axial-master-chronometer-chronograph-42-mm-31030425001002-1-product-zoom.png","datePublished":"2021-01-13T16:16:35+00:00","dateModified":"2026-03-30T08:18:14+00:00","description":"Im Jahre 2021 wurde die Speedmaster Moonwatch mit Modellen der n\u00e4chsten Generation aktualisiert. Entecken Sie den Chronographen bei Galli!","breadcrumb":{"@id":"https:\/\/galli.ch\/uhren\/omega\/speedmaster\/moonwatch-professional-metas-safirglas-310-30-42-50-01-002\/#breadcrumb"},"inLanguage":"en-US","potentialAction":[{"@type":"ReadAction","target":["https:\/\/galli.ch\/uhren\/omega\/speedmaster\/moonwatch-professional-metas-safirglas-310-30-42-50-01-002\/"]}]},{"@type":"ImageObject","inLanguage":"en-US","@id":"https:\/\/galli.ch\/uhren\/omega\/speedmaster\/moonwatch-professional-metas-safirglas-310-30-42-50-01-002\/#primaryimage","url":"https:\/\/galli.ch\/wp-content\/uploads\/omega-speedmaster-moonwatch-professional-co-axial-master-chronometer-chronograph-42-mm-31030425001002-1-product-zoom.png","contentUrl":"https:\/\/galli.ch\/wp-content\/uploads\/omega-speedmaster-moonwatch-professional-co-axial-master-chronometer-chronograph-42-mm-31030425001002-1-product-zoom.png","width":1000,"height":1400,"caption":"omega-speedmaster-moonwatch-safirglas-metas"},{"@type":"BreadcrumbList","@id":"https:\/\/galli.ch\/uhren\/omega\/speedmaster\/moonwatch-professional-metas-safirglas-310-30-42-50-01-002\/#breadcrumb","itemListElement":[{"@type":"ListItem","position":1,"name":"Home","item":"https:\/\/galli.ch\/en\/"},{"@type":"ListItem","position":2,"name":"Uhren","item":"https:\/\/galli.ch\/en\/uhren\/"},{"@type":"ListItem","position":3,"name":"Omega Moonwatch Professional METAS Safirglas"}]},{"@type":"WebSite","@id":"http:\/\/galli.ch\/en\/#website","url":"http:\/\/galli.ch\/en\/","name":"Galli Uhren Bijouterie","description":"","potentialAction":[{"@type":"SearchAction","target":{"@type":"EntryPoint","urlTemplate":"http:\/\/galli.ch\/en\/?s={search_term_string}"},"query-input":{"@type":"PropertyValueSpecification","valueRequired":true,"valueName":"search_term_string"}}],"inLanguage":"en-US"}]}},"_links":{"self":[{"href":"https:\/\/galli.ch\/en\/wp-json\/wp\/v2\/product\/8659","targetHints":{"allow":["GET"]}}],"collection":[{"href":"https:\/\/galli.ch\/en\/wp-json\/wp\/v2\/product"}],"about":[{"href":"https:\/\/galli.ch\/en\/wp-json\/wp\/v2\/types\/product"}],"wp:featuredmedia":[{"embeddable":true,"href":"https:\/\/galli.ch\/en\/wp-json\/wp\/v2\/media\/8634"}],"wp:attachment":[{"href":"https:\/\/galli.ch\/en\/wp-json\/wp\/v2\/media?parent=8659"}],"wp:term":[{"taxonomy":"product_brand","embeddable":true,"href":"https:\/\/galli.ch\/en\/wp-json\/wp\/v2\/product_brand?post=8659"},{"taxonomy":"product_cat","embeddable":true,"href":"https:\/\/galli.ch\/en\/wp-json\/wp\/v2\/product_cat?post=8659"},{"taxonomy":"product_tag","embeddable":true,"href":"https:\/\/galli.ch\/en\/wp-json\/wp\/v2\/product_tag?post=8659"}],"curies":[{"name":"wp","href":"https:\/\/api.w.org\/{rel}","templated":true}]}}