{"id":9234,"date":"2021-03-20T18:28:40","date_gmt":"2021-03-20T16:28:40","guid":{"rendered":"http:\/\/galli.ch\/?post_type=uhren&#038;p=9234"},"modified":"2026-04-23T18:11:25","modified_gmt":"2026-04-23T16:11:25","slug":"avigation-bigeye-41-l2-816-1-93-2","status":"publish","type":"product","link":"https:\/\/galli.ch\/en\/uhren\/longines\/avigation\/avigation-bigeye-41-l2-816-1-93-2\/","title":{"rendered":"Longines Avigation BigEye 41"},"content":{"rendered":"<p>Im Laufe seiner langen Geschichte hat Longines St\u00fccke geschaffen, die den Test der Zeit bestanden haben. Die Longines Avigation BigEye, eine Neuauflage eines Chronographen im Design der 1930er Jahre, ist jetzt in Titan mit petrolblauem Zifferblatt erh\u00e4ltlich. Dieser Zeitmesser, der sich durch die Sichtbarkeit seines Zifferblatts und seinen \u00fcbergro\u00dfen 30-Minuten-Z\u00e4hler auszeichnet, reiht sich in die gro\u00dfe Tradition der Fliegeruhren ein.<\/p>\n<p>Angetrieben von einem exklusiven Chronographenwerk mit Silizium-Unruh-Spiralfeder, verf\u00fcgt auch dieses neue Modell \u00fcber eine 5-Jahres-Garantie.<\/p>\n","protected":false},"excerpt":{"rendered":"<p>Im Laufe seiner langen Geschichte hat Longines St\u00fccke geschaffen, die den Test der Zeit bestanden haben. Die Longines Avigation BigEye, eine Neuauflage eines Chronographen im Design der 1930er Jahre, ist jetzt in Titan mit petrolblauem Zifferblatt erh\u00e4ltlich. Dieser Zeitmesser, der sich durch die Sichtbarkeit seines Zifferblatts und seinen \u00fcbergro\u00dfen 30-Minuten-Z\u00e4hler auszeichnet, reiht sich in die&#8230;  <a class=\"excerpt-read-more\" href=\"https:\/\/galli.ch\/en\/uhren\/longines\/avigation\/avigation-bigeye-41-l2-816-1-93-2\/\" title=\"Read Longines Avigation BigEye 41\">Weiter &raquo;<\/a><\/p>\n","protected":false},"featured_media":9194,"template":"","meta":{"_acf_changed":false,"inline_featured_image":false},"product_brand":[],"product_cat":[188],"product_tag":[],"class_list":{"0":"post-9234","1":"product","2":"type-product","3":"status-publish","4":"has-post-thumbnail","6":"uhrenhersteller-longines","7":"uhrenhersteller-avigation","8":"product_cat-uhren","10":"first","11":"instock","12":"taxable","13":"shipping-taxable","14":"purchasable","15":"product-type-simple"},"acf":[],"yoast_head":"<!-- This site is optimized with the Yoast SEO plugin v25.5 - https:\/\/yoast.com\/wordpress\/plugins\/seo\/ -->\n<title>Longines Avigation BigEye 41 - Galli Uhren Bijouterie<\/title>\n<meta name=\"robots\" content=\"index, follow, max-snippet:-1, max-image-preview:large, max-video-preview:-1\" \/>\n<link rel=\"canonical\" href=\"https:\/\/galli.ch\/uhren\/longines\/avigation\/avigation-bigeye-41-l2-816-1-93-2\/\" \/>\n<meta property=\"og:locale\" content=\"en_US\" \/>\n<meta property=\"og:type\" content=\"article\" \/>\n<meta property=\"og:title\" content=\"Longines Avigation BigEye 41 - Galli Uhren Bijouterie\" \/>\n<meta property=\"og:description\" content=\"Im Laufe seiner langen Geschichte hat Longines St\u00fccke geschaffen, die den Test der Zeit bestanden haben. Die Longines Avigation BigEye, eine Neuauflage eines Chronographen im Design der 1930er Jahre, ist jetzt in Titan mit petrolblauem Zifferblatt erh\u00e4ltlich. Dieser Zeitmesser, der sich durch die Sichtbarkeit seines Zifferblatts und seinen \u00fcbergro\u00dfen 30-Minuten-Z\u00e4hler auszeichnet, reiht sich in die... Weiter &raquo;\" \/>\n<meta property=\"og:url\" content=\"https:\/\/galli.ch\/uhren\/longines\/avigation\/avigation-bigeye-41-l2-816-1-93-2\/\" \/>\n<meta property=\"og:site_name\" content=\"Galli Uhren Bijouterie\" \/>\n<meta property=\"article:modified_time\" content=\"2026-04-23T16:11:25+00:00\" \/>\n<meta property=\"og:image\" content=\"https:\/\/galli.ch\/wp-content\/uploads\/L2-816-1-93-2SOL.png\" \/>\n\t<meta property=\"og:image:width\" content=\"500\" \/>\n\t<meta property=\"og:image:height\" content=\"700\" \/>\n\t<meta property=\"og:image:type\" content=\"image\/png\" \/>\n<meta name=\"twitter:card\" content=\"summary_large_image\" \/>\n<script type=\"application\/ld+json\" class=\"yoast-schema-graph\">{\"@context\":\"https:\/\/schema.org\",\"@graph\":[{\"@type\":\"WebPage\",\"@id\":\"https:\/\/galli.ch\/uhren\/longines\/avigation\/avigation-bigeye-41-l2-816-1-93-2\/\",\"url\":\"https:\/\/galli.ch\/uhren\/longines\/avigation\/avigation-bigeye-41-l2-816-1-93-2\/\",\"name\":\"Longines Avigation BigEye 41 - Galli Uhren Bijouterie\",\"isPartOf\":{\"@id\":\"http:\/\/galli.ch\/en\/#website\"},\"primaryImageOfPage\":{\"@id\":\"https:\/\/galli.ch\/uhren\/longines\/avigation\/avigation-bigeye-41-l2-816-1-93-2\/#primaryimage\"},\"image\":{\"@id\":\"https:\/\/galli.ch\/uhren\/longines\/avigation\/avigation-bigeye-41-l2-816-1-93-2\/#primaryimage\"},\"thumbnailUrl\":\"https:\/\/galli.ch\/wp-content\/uploads\/L2-816-1-93-2SOL.png\",\"datePublished\":\"2021-03-20T16:28:40+00:00\",\"dateModified\":\"2026-04-23T16:11:25+00:00\",\"breadcrumb\":{\"@id\":\"https:\/\/galli.ch\/uhren\/longines\/avigation\/avigation-bigeye-41-l2-816-1-93-2\/#breadcrumb\"},\"inLanguage\":\"en-US\",\"potentialAction\":[{\"@type\":\"ReadAction\",\"target\":[\"https:\/\/galli.ch\/uhren\/longines\/avigation\/avigation-bigeye-41-l2-816-1-93-2\/\"]}]},{\"@type\":\"ImageObject\",\"inLanguage\":\"en-US\",\"@id\":\"https:\/\/galli.ch\/uhren\/longines\/avigation\/avigation-bigeye-41-l2-816-1-93-2\/#primaryimage\",\"url\":\"https:\/\/galli.ch\/wp-content\/uploads\/L2-816-1-93-2SOL.png\",\"contentUrl\":\"https:\/\/galli.ch\/wp-content\/uploads\/L2-816-1-93-2SOL.png\",\"width\":500,\"height\":700,\"caption\":\"longines-avigation-bigeye-petroleum\"},{\"@type\":\"BreadcrumbList\",\"@id\":\"https:\/\/galli.ch\/uhren\/longines\/avigation\/avigation-bigeye-41-l2-816-1-93-2\/#breadcrumb\",\"itemListElement\":[{\"@type\":\"ListItem\",\"position\":1,\"name\":\"Home\",\"item\":\"https:\/\/galli.ch\/en\/\"},{\"@type\":\"ListItem\",\"position\":2,\"name\":\"Uhren\",\"item\":\"https:\/\/galli.ch\/en\/uhren\/\"},{\"@type\":\"ListItem\",\"position\":3,\"name\":\"Avigation BigEye 41\"}]},{\"@type\":\"WebSite\",\"@id\":\"http:\/\/galli.ch\/en\/#website\",\"url\":\"http:\/\/galli.ch\/en\/\",\"name\":\"Galli Uhren Bijouterie\",\"description\":\"\",\"potentialAction\":[{\"@type\":\"SearchAction\",\"target\":{\"@type\":\"EntryPoint\",\"urlTemplate\":\"http:\/\/galli.ch\/en\/?s={search_term_string}\"},\"query-input\":{\"@type\":\"PropertyValueSpecification\",\"valueRequired\":true,\"valueName\":\"search_term_string\"}}],\"inLanguage\":\"en-US\"}]}<\/script>\n<!-- \/ Yoast SEO plugin. -->","yoast_head_json":{"title":"Longines Avigation BigEye 41 - Galli Uhren Bijouterie","robots":{"index":"index","follow":"follow","max-snippet":"max-snippet:-1","max-image-preview":"max-image-preview:large","max-video-preview":"max-video-preview:-1"},"canonical":"https:\/\/galli.ch\/uhren\/longines\/avigation\/avigation-bigeye-41-l2-816-1-93-2\/","og_locale":"en_US","og_type":"article","og_title":"Longines Avigation BigEye 41 - Galli Uhren Bijouterie","og_description":"Im Laufe seiner langen Geschichte hat Longines St\u00fccke geschaffen, die den Test der Zeit bestanden haben. Die Longines Avigation BigEye, eine Neuauflage eines Chronographen im Design der 1930er Jahre, ist jetzt in Titan mit petrolblauem Zifferblatt erh\u00e4ltlich. Dieser Zeitmesser, der sich durch die Sichtbarkeit seines Zifferblatts und seinen \u00fcbergro\u00dfen 30-Minuten-Z\u00e4hler auszeichnet, reiht sich in die... Weiter &raquo;","og_url":"https:\/\/galli.ch\/uhren\/longines\/avigation\/avigation-bigeye-41-l2-816-1-93-2\/","og_site_name":"Galli Uhren Bijouterie","article_modified_time":"2026-04-23T16:11:25+00:00","og_image":[{"width":500,"height":700,"url":"https:\/\/galli.ch\/wp-content\/uploads\/L2-816-1-93-2SOL.png","type":"image\/png"}],"twitter_card":"summary_large_image","schema":{"@context":"https:\/\/schema.org","@graph":[{"@type":"WebPage","@id":"https:\/\/galli.ch\/uhren\/longines\/avigation\/avigation-bigeye-41-l2-816-1-93-2\/","url":"https:\/\/galli.ch\/uhren\/longines\/avigation\/avigation-bigeye-41-l2-816-1-93-2\/","name":"Longines Avigation BigEye 41 - Galli Uhren Bijouterie","isPartOf":{"@id":"http:\/\/galli.ch\/en\/#website"},"primaryImageOfPage":{"@id":"https:\/\/galli.ch\/uhren\/longines\/avigation\/avigation-bigeye-41-l2-816-1-93-2\/#primaryimage"},"image":{"@id":"https:\/\/galli.ch\/uhren\/longines\/avigation\/avigation-bigeye-41-l2-816-1-93-2\/#primaryimage"},"thumbnailUrl":"https:\/\/galli.ch\/wp-content\/uploads\/L2-816-1-93-2SOL.png","datePublished":"2021-03-20T16:28:40+00:00","dateModified":"2026-04-23T16:11:25+00:00","breadcrumb":{"@id":"https:\/\/galli.ch\/uhren\/longines\/avigation\/avigation-bigeye-41-l2-816-1-93-2\/#breadcrumb"},"inLanguage":"en-US","potentialAction":[{"@type":"ReadAction","target":["https:\/\/galli.ch\/uhren\/longines\/avigation\/avigation-bigeye-41-l2-816-1-93-2\/"]}]},{"@type":"ImageObject","inLanguage":"en-US","@id":"https:\/\/galli.ch\/uhren\/longines\/avigation\/avigation-bigeye-41-l2-816-1-93-2\/#primaryimage","url":"https:\/\/galli.ch\/wp-content\/uploads\/L2-816-1-93-2SOL.png","contentUrl":"https:\/\/galli.ch\/wp-content\/uploads\/L2-816-1-93-2SOL.png","width":500,"height":700,"caption":"longines-avigation-bigeye-petroleum"},{"@type":"BreadcrumbList","@id":"https:\/\/galli.ch\/uhren\/longines\/avigation\/avigation-bigeye-41-l2-816-1-93-2\/#breadcrumb","itemListElement":[{"@type":"ListItem","position":1,"name":"Home","item":"https:\/\/galli.ch\/en\/"},{"@type":"ListItem","position":2,"name":"Uhren","item":"https:\/\/galli.ch\/en\/uhren\/"},{"@type":"ListItem","position":3,"name":"Avigation BigEye 41"}]},{"@type":"WebSite","@id":"http:\/\/galli.ch\/en\/#website","url":"http:\/\/galli.ch\/en\/","name":"Galli Uhren Bijouterie","description":"","potentialAction":[{"@type":"SearchAction","target":{"@type":"EntryPoint","urlTemplate":"http:\/\/galli.ch\/en\/?s={search_term_string}"},"query-input":{"@type":"PropertyValueSpecification","valueRequired":true,"valueName":"search_term_string"}}],"inLanguage":"en-US"}]}},"_links":{"self":[{"href":"https:\/\/galli.ch\/en\/wp-json\/wp\/v2\/product\/9234","targetHints":{"allow":["GET"]}}],"collection":[{"href":"https:\/\/galli.ch\/en\/wp-json\/wp\/v2\/product"}],"about":[{"href":"https:\/\/galli.ch\/en\/wp-json\/wp\/v2\/types\/product"}],"wp:featuredmedia":[{"embeddable":true,"href":"https:\/\/galli.ch\/en\/wp-json\/wp\/v2\/media\/9194"}],"wp:attachment":[{"href":"https:\/\/galli.ch\/en\/wp-json\/wp\/v2\/media?parent=9234"}],"wp:term":[{"taxonomy":"product_brand","embeddable":true,"href":"https:\/\/galli.ch\/en\/wp-json\/wp\/v2\/product_brand?post=9234"},{"taxonomy":"product_cat","embeddable":true,"href":"https:\/\/galli.ch\/en\/wp-json\/wp\/v2\/product_cat?post=9234"},{"taxonomy":"product_tag","embeddable":true,"href":"https:\/\/galli.ch\/en\/wp-json\/wp\/v2\/product_tag?post=9234"}],"curies":[{"name":"wp","href":"https:\/\/api.w.org\/{rel}","templated":true}]}}