{"id":9351,"date":"2021-03-27T12:20:23","date_gmt":"2021-03-27T10:20:23","guid":{"rendered":"http:\/\/galli.ch\/?post_type=uhren&#038;p=9351"},"modified":"2026-03-30T10:18:09","modified_gmt":"2026-03-30T08:18:09","slug":"300-master-chronometer-234-30-41-21-03-001","status":"publish","type":"product","link":"https:\/\/galli.ch\/en\/uhren\/omega\/seamaster\/300-master-chronometer-234-30-41-21-03-001\/","title":{"rendered":"Omega Seamaster 300 Master Chronometer"},"content":{"rendered":"<p>OMEGA stellte die Seamaster 300 erstmals 1957 vor &#8211; speziell f\u00fcr Taucher und Profis, die unter Wasser arbeiteten. Mehr als 60 Jahre sp\u00e4ter wurde der Zeitmesser komplett \u00fcberarbeitet und mit einer verbesserten Form versehen, die f\u00fcr eine neue Generation von Abenteurern bereit ist.<\/p>\n<p>Dieses 41-mm-Edelstahlmodell verf\u00fcgt \u00fcber ein blaues Zifferblatt und eine blau-oxal eloxierte Aluminiuml\u00fcnette, deren Taucherskala mit Vintage-Super-LumiNova gef\u00fcllt ist. Die vertieften Stundenmarkierungen und offenen Ziffern sind mit Super-LumiNova versehen, die sich auch auf den rhodinierten Zeigern wiederfindet.<\/p>\n<p>Dieser Zeitmesser wird an einem ergonomischen Edelstahlarmband pr\u00e4sentiert und verf\u00fcgt \u00fcber einen transparenten Saphirglasboden, der einen freien Blick auf das OMEGA Co-Axial Master Chronometer Kaliber 8912 mit 60 Stunden Gangreserve erm\u00f6glicht.<\/p>\n","protected":false},"excerpt":{"rendered":"<p>OMEGA stellte die Seamaster 300 erstmals 1957 vor &#8211; speziell f\u00fcr Taucher und Profis, die unter Wasser arbeiteten. Mehr als 60 Jahre sp\u00e4ter wurde der Zeitmesser komplett \u00fcberarbeitet und mit einer verbesserten Form versehen, die f\u00fcr eine neue Generation von Abenteurern bereit ist. Dieses 41-mm-Edelstahlmodell verf\u00fcgt \u00fcber ein blaues Zifferblatt und eine blau-oxal eloxierte Aluminiuml\u00fcnette,&#8230;  <a class=\"excerpt-read-more\" href=\"https:\/\/galli.ch\/en\/uhren\/omega\/seamaster\/300-master-chronometer-234-30-41-21-03-001\/\" title=\"Read Omega Seamaster 300 Master Chronometer\">Weiter &raquo;<\/a><\/p>\n","protected":false},"featured_media":9342,"template":"","meta":{"_acf_changed":false,"inline_featured_image":false},"product_brand":[],"product_cat":[188],"product_tag":[],"class_list":{"0":"post-9351","1":"product","2":"type-product","3":"status-publish","4":"has-post-thumbnail","6":"uhrenhersteller-omega","7":"uhrenhersteller-seamaster","8":"product_cat-uhren","10":"first","11":"instock","12":"taxable","13":"shipping-taxable","14":"purchasable","15":"product-type-simple"},"acf":[],"yoast_head":"<!-- This site is optimized with the Yoast SEO plugin v25.5 - https:\/\/yoast.com\/wordpress\/plugins\/seo\/ -->\n<title>Omega Seamaster 300 Master Chronometer - Galli Uhren Bijouterie<\/title>\n<meta name=\"robots\" content=\"index, follow, max-snippet:-1, max-image-preview:large, max-video-preview:-1\" \/>\n<link rel=\"canonical\" href=\"https:\/\/galli.ch\/uhren\/omega\/seamaster\/300-master-chronometer-234-30-41-21-03-001\/\" \/>\n<meta property=\"og:locale\" content=\"en_US\" \/>\n<meta property=\"og:type\" content=\"article\" \/>\n<meta property=\"og:title\" content=\"Omega Seamaster 300 Master Chronometer - Galli Uhren Bijouterie\" \/>\n<meta property=\"og:description\" content=\"OMEGA stellte die Seamaster 300 erstmals 1957 vor &#8211; speziell f\u00fcr Taucher und Profis, die unter Wasser arbeiteten. Mehr als 60 Jahre sp\u00e4ter wurde der Zeitmesser komplett \u00fcberarbeitet und mit einer verbesserten Form versehen, die f\u00fcr eine neue Generation von Abenteurern bereit ist. Dieses 41-mm-Edelstahlmodell verf\u00fcgt \u00fcber ein blaues Zifferblatt und eine blau-oxal eloxierte Aluminiuml\u00fcnette,... Weiter &raquo;\" \/>\n<meta property=\"og:url\" content=\"https:\/\/galli.ch\/uhren\/omega\/seamaster\/300-master-chronometer-234-30-41-21-03-001\/\" \/>\n<meta property=\"og:site_name\" content=\"Galli Uhren Bijouterie\" \/>\n<meta property=\"article:modified_time\" content=\"2026-03-30T08:18:09+00:00\" \/>\n<meta property=\"og:image\" content=\"https:\/\/galli.ch\/wp-content\/uploads\/OMEGA_234-30-41-21-03-001.png\" \/>\n\t<meta property=\"og:image:width\" content=\"500\" \/>\n\t<meta property=\"og:image:height\" content=\"700\" \/>\n\t<meta property=\"og:image:type\" content=\"image\/png\" \/>\n<meta name=\"twitter:card\" content=\"summary_large_image\" \/>\n<script type=\"application\/ld+json\" class=\"yoast-schema-graph\">{\"@context\":\"https:\/\/schema.org\",\"@graph\":[{\"@type\":\"WebPage\",\"@id\":\"https:\/\/galli.ch\/uhren\/omega\/seamaster\/300-master-chronometer-234-30-41-21-03-001\/\",\"url\":\"https:\/\/galli.ch\/uhren\/omega\/seamaster\/300-master-chronometer-234-30-41-21-03-001\/\",\"name\":\"Omega Seamaster 300 Master Chronometer - Galli Uhren Bijouterie\",\"isPartOf\":{\"@id\":\"http:\/\/galli.ch\/en\/#website\"},\"primaryImageOfPage\":{\"@id\":\"https:\/\/galli.ch\/uhren\/omega\/seamaster\/300-master-chronometer-234-30-41-21-03-001\/#primaryimage\"},\"image\":{\"@id\":\"https:\/\/galli.ch\/uhren\/omega\/seamaster\/300-master-chronometer-234-30-41-21-03-001\/#primaryimage\"},\"thumbnailUrl\":\"https:\/\/galli.ch\/wp-content\/uploads\/OMEGA_234-30-41-21-03-001.png\",\"datePublished\":\"2021-03-27T10:20:23+00:00\",\"dateModified\":\"2026-03-30T08:18:09+00:00\",\"breadcrumb\":{\"@id\":\"https:\/\/galli.ch\/uhren\/omega\/seamaster\/300-master-chronometer-234-30-41-21-03-001\/#breadcrumb\"},\"inLanguage\":\"en-US\",\"potentialAction\":[{\"@type\":\"ReadAction\",\"target\":[\"https:\/\/galli.ch\/uhren\/omega\/seamaster\/300-master-chronometer-234-30-41-21-03-001\/\"]}]},{\"@type\":\"ImageObject\",\"inLanguage\":\"en-US\",\"@id\":\"https:\/\/galli.ch\/uhren\/omega\/seamaster\/300-master-chronometer-234-30-41-21-03-001\/#primaryimage\",\"url\":\"https:\/\/galli.ch\/wp-content\/uploads\/OMEGA_234-30-41-21-03-001.png\",\"contentUrl\":\"https:\/\/galli.ch\/wp-content\/uploads\/OMEGA_234-30-41-21-03-001.png\",\"width\":500,\"height\":700,\"caption\":\"omega-seamaster-master-chronometer-blue-234.30.41.21.03.001\"},{\"@type\":\"BreadcrumbList\",\"@id\":\"https:\/\/galli.ch\/uhren\/omega\/seamaster\/300-master-chronometer-234-30-41-21-03-001\/#breadcrumb\",\"itemListElement\":[{\"@type\":\"ListItem\",\"position\":1,\"name\":\"Home\",\"item\":\"https:\/\/galli.ch\/en\/\"},{\"@type\":\"ListItem\",\"position\":2,\"name\":\"Uhren\",\"item\":\"https:\/\/galli.ch\/en\/uhren\/\"},{\"@type\":\"ListItem\",\"position\":3,\"name\":\"Omega Seamaster 300 Master Chronometer\"}]},{\"@type\":\"WebSite\",\"@id\":\"http:\/\/galli.ch\/en\/#website\",\"url\":\"http:\/\/galli.ch\/en\/\",\"name\":\"Galli Uhren Bijouterie\",\"description\":\"\",\"potentialAction\":[{\"@type\":\"SearchAction\",\"target\":{\"@type\":\"EntryPoint\",\"urlTemplate\":\"http:\/\/galli.ch\/en\/?s={search_term_string}\"},\"query-input\":{\"@type\":\"PropertyValueSpecification\",\"valueRequired\":true,\"valueName\":\"search_term_string\"}}],\"inLanguage\":\"en-US\"}]}<\/script>\n<!-- \/ Yoast SEO plugin. -->","yoast_head_json":{"title":"Omega Seamaster 300 Master Chronometer - Galli Uhren Bijouterie","robots":{"index":"index","follow":"follow","max-snippet":"max-snippet:-1","max-image-preview":"max-image-preview:large","max-video-preview":"max-video-preview:-1"},"canonical":"https:\/\/galli.ch\/uhren\/omega\/seamaster\/300-master-chronometer-234-30-41-21-03-001\/","og_locale":"en_US","og_type":"article","og_title":"Omega Seamaster 300 Master Chronometer - Galli Uhren Bijouterie","og_description":"OMEGA stellte die Seamaster 300 erstmals 1957 vor &#8211; speziell f\u00fcr Taucher und Profis, die unter Wasser arbeiteten. Mehr als 60 Jahre sp\u00e4ter wurde der Zeitmesser komplett \u00fcberarbeitet und mit einer verbesserten Form versehen, die f\u00fcr eine neue Generation von Abenteurern bereit ist. Dieses 41-mm-Edelstahlmodell verf\u00fcgt \u00fcber ein blaues Zifferblatt und eine blau-oxal eloxierte Aluminiuml\u00fcnette,... Weiter &raquo;","og_url":"https:\/\/galli.ch\/uhren\/omega\/seamaster\/300-master-chronometer-234-30-41-21-03-001\/","og_site_name":"Galli Uhren Bijouterie","article_modified_time":"2026-03-30T08:18:09+00:00","og_image":[{"width":500,"height":700,"url":"https:\/\/galli.ch\/wp-content\/uploads\/OMEGA_234-30-41-21-03-001.png","type":"image\/png"}],"twitter_card":"summary_large_image","schema":{"@context":"https:\/\/schema.org","@graph":[{"@type":"WebPage","@id":"https:\/\/galli.ch\/uhren\/omega\/seamaster\/300-master-chronometer-234-30-41-21-03-001\/","url":"https:\/\/galli.ch\/uhren\/omega\/seamaster\/300-master-chronometer-234-30-41-21-03-001\/","name":"Omega Seamaster 300 Master Chronometer - Galli Uhren Bijouterie","isPartOf":{"@id":"http:\/\/galli.ch\/en\/#website"},"primaryImageOfPage":{"@id":"https:\/\/galli.ch\/uhren\/omega\/seamaster\/300-master-chronometer-234-30-41-21-03-001\/#primaryimage"},"image":{"@id":"https:\/\/galli.ch\/uhren\/omega\/seamaster\/300-master-chronometer-234-30-41-21-03-001\/#primaryimage"},"thumbnailUrl":"https:\/\/galli.ch\/wp-content\/uploads\/OMEGA_234-30-41-21-03-001.png","datePublished":"2021-03-27T10:20:23+00:00","dateModified":"2026-03-30T08:18:09+00:00","breadcrumb":{"@id":"https:\/\/galli.ch\/uhren\/omega\/seamaster\/300-master-chronometer-234-30-41-21-03-001\/#breadcrumb"},"inLanguage":"en-US","potentialAction":[{"@type":"ReadAction","target":["https:\/\/galli.ch\/uhren\/omega\/seamaster\/300-master-chronometer-234-30-41-21-03-001\/"]}]},{"@type":"ImageObject","inLanguage":"en-US","@id":"https:\/\/galli.ch\/uhren\/omega\/seamaster\/300-master-chronometer-234-30-41-21-03-001\/#primaryimage","url":"https:\/\/galli.ch\/wp-content\/uploads\/OMEGA_234-30-41-21-03-001.png","contentUrl":"https:\/\/galli.ch\/wp-content\/uploads\/OMEGA_234-30-41-21-03-001.png","width":500,"height":700,"caption":"omega-seamaster-master-chronometer-blue-234.30.41.21.03.001"},{"@type":"BreadcrumbList","@id":"https:\/\/galli.ch\/uhren\/omega\/seamaster\/300-master-chronometer-234-30-41-21-03-001\/#breadcrumb","itemListElement":[{"@type":"ListItem","position":1,"name":"Home","item":"https:\/\/galli.ch\/en\/"},{"@type":"ListItem","position":2,"name":"Uhren","item":"https:\/\/galli.ch\/en\/uhren\/"},{"@type":"ListItem","position":3,"name":"Omega Seamaster 300 Master Chronometer"}]},{"@type":"WebSite","@id":"http:\/\/galli.ch\/en\/#website","url":"http:\/\/galli.ch\/en\/","name":"Galli Uhren Bijouterie","description":"","potentialAction":[{"@type":"SearchAction","target":{"@type":"EntryPoint","urlTemplate":"http:\/\/galli.ch\/en\/?s={search_term_string}"},"query-input":{"@type":"PropertyValueSpecification","valueRequired":true,"valueName":"search_term_string"}}],"inLanguage":"en-US"}]}},"_links":{"self":[{"href":"https:\/\/galli.ch\/en\/wp-json\/wp\/v2\/product\/9351","targetHints":{"allow":["GET"]}}],"collection":[{"href":"https:\/\/galli.ch\/en\/wp-json\/wp\/v2\/product"}],"about":[{"href":"https:\/\/galli.ch\/en\/wp-json\/wp\/v2\/types\/product"}],"wp:featuredmedia":[{"embeddable":true,"href":"https:\/\/galli.ch\/en\/wp-json\/wp\/v2\/media\/9342"}],"wp:attachment":[{"href":"https:\/\/galli.ch\/en\/wp-json\/wp\/v2\/media?parent=9351"}],"wp:term":[{"taxonomy":"product_brand","embeddable":true,"href":"https:\/\/galli.ch\/en\/wp-json\/wp\/v2\/product_brand?post=9351"},{"taxonomy":"product_cat","embeddable":true,"href":"https:\/\/galli.ch\/en\/wp-json\/wp\/v2\/product_cat?post=9351"},{"taxonomy":"product_tag","embeddable":true,"href":"https:\/\/galli.ch\/en\/wp-json\/wp\/v2\/product_tag?post=9351"}],"curies":[{"name":"wp","href":"https:\/\/api.w.org\/{rel}","templated":true}]}}