{"id":9354,"date":"2021-03-27T12:38:04","date_gmt":"2021-03-27T10:38:04","guid":{"rendered":"http:\/\/galli.ch\/?post_type=uhren&#038;p=9354"},"modified":"2026-04-20T18:17:36","modified_gmt":"2026-04-20T16:17:36","slug":"diver-300m-master-chronometer-43-5mm-210-92-44-20-01-003","status":"publish","type":"product","link":"https:\/\/galli.ch\/en\/uhren\/omega\/seamaster\/diver-300m-master-chronometer-43-5mm-210-92-44-20-01-003\/","title":{"rendered":"Omega Seamaster Diver 300m Master Chronometer 43.5"},"content":{"rendered":"<p>Seit 1993 hat die Seamaster Professional Diver 300M eine legend\u00e4re Anh\u00e4ngerschaft. Die Modelle des 21. Jahrhunderts von OMEGA bleiben dem Design der urspr\u00fcnglichen Taucheruhr treu, f\u00fchren aber gleichzeitig aufregende neue Materialien und Uhrwerke ein.<\/p>\n<p>Bei diesem 43,50-mm-Modell dominiert schwarze Keramik. Das Geh\u00e4use, die L\u00fcnette, das wellenf\u00f6rmige Zifferblatt, die Krone und das Heliumauslassventil, die alle aus demselben markanten Material bestehen, verleihen der Uhr ein sehr markantes, einheitliches und skulpturales Aussehen. Um die Sichtbarkeit zu gew\u00e4hrleisten, ohne die Gesamt\u00e4sthetik zu beeintr\u00e4chtigen, hat OMEGA die Taucherskala, die schwarzen PVD-Indexe und die skelettierten Zeiger &#8211; sowie den Punkt bei 12 Uhr &#8211; mit anthrazitfarbener Super-LumiNova versehen.<\/p>\n<p>Ein integriertes schwarzes Kautschukarmband mit schwarzer Keramikschliesse rundet das Erscheinungsbild ab. Etwas Licht ins Dunkel bringt ein Fenster mit freiem Blick auf das Uhrwerk. Durch das Saphirglas auf dem wellenf\u00f6rmigen Geh\u00e4useboden ist das Co-Axial Master Chronometer Kaliber 8806 mit einer Gangreserve von 60 Stunden zu sehen.<\/p>\n","protected":false},"excerpt":{"rendered":"<p>Seit 1993 hat die Seamaster Professional Diver 300M eine legend\u00e4re Anh\u00e4ngerschaft. Die Modelle des 21. Jahrhunderts von OMEGA bleiben dem Design der urspr\u00fcnglichen Taucheruhr treu, f\u00fchren aber gleichzeitig aufregende neue Materialien und Uhrwerke ein. Bei diesem 43,50-mm-Modell dominiert schwarze Keramik. Das Geh\u00e4use, die L\u00fcnette, das wellenf\u00f6rmige Zifferblatt, die Krone und das Heliumauslassventil, die alle aus&#8230;  <a class=\"excerpt-read-more\" href=\"https:\/\/galli.ch\/en\/uhren\/omega\/seamaster\/diver-300m-master-chronometer-43-5mm-210-92-44-20-01-003\/\" title=\"Read Omega Seamaster Diver 300m Master Chronometer 43.5\">Weiter &raquo;<\/a><\/p>\n","protected":false},"featured_media":9340,"template":"","meta":{"_acf_changed":false,"inline_featured_image":false},"product_brand":[],"product_cat":[188],"product_tag":[],"class_list":{"0":"post-9354","1":"product","2":"type-product","3":"status-publish","4":"has-post-thumbnail","6":"uhrenhersteller-omega","7":"uhrenhersteller-seamaster","8":"product_cat-uhren","10":"first","11":"outofstock","12":"taxable","13":"shipping-taxable","14":"purchasable","15":"product-type-simple"},"acf":[],"yoast_head":"<!-- This site is optimized with the Yoast SEO plugin v25.5 - https:\/\/yoast.com\/wordpress\/plugins\/seo\/ -->\n<title>Omega Seamaster Diver 300m Master Chronometer 43.5 - Galli Uhren Bijouterie<\/title>\n<meta name=\"robots\" content=\"index, follow, max-snippet:-1, max-image-preview:large, max-video-preview:-1\" \/>\n<link rel=\"canonical\" href=\"https:\/\/galli.ch\/uhren\/omega\/seamaster\/diver-300m-master-chronometer-43-5mm-210-92-44-20-01-003\/\" \/>\n<meta property=\"og:locale\" content=\"en_US\" \/>\n<meta property=\"og:type\" content=\"article\" \/>\n<meta property=\"og:title\" content=\"Omega Seamaster Diver 300m Master Chronometer 43.5 - Galli Uhren Bijouterie\" \/>\n<meta property=\"og:description\" content=\"Seit 1993 hat die Seamaster Professional Diver 300M eine legend\u00e4re Anh\u00e4ngerschaft. Die Modelle des 21. Jahrhunderts von OMEGA bleiben dem Design der urspr\u00fcnglichen Taucheruhr treu, f\u00fchren aber gleichzeitig aufregende neue Materialien und Uhrwerke ein. Bei diesem 43,50-mm-Modell dominiert schwarze Keramik. Das Geh\u00e4use, die L\u00fcnette, das wellenf\u00f6rmige Zifferblatt, die Krone und das Heliumauslassventil, die alle aus... Weiter &raquo;\" \/>\n<meta property=\"og:url\" content=\"https:\/\/galli.ch\/uhren\/omega\/seamaster\/diver-300m-master-chronometer-43-5mm-210-92-44-20-01-003\/\" \/>\n<meta property=\"og:site_name\" content=\"Galli Uhren Bijouterie\" \/>\n<meta property=\"article:modified_time\" content=\"2026-04-20T16:17:36+00:00\" \/>\n<meta property=\"og:image\" content=\"https:\/\/galli.ch\/wp-content\/uploads\/OMEGA_210-92-44-20-01-003.png\" \/>\n\t<meta property=\"og:image:width\" content=\"500\" \/>\n\t<meta property=\"og:image:height\" content=\"700\" \/>\n\t<meta property=\"og:image:type\" content=\"image\/png\" \/>\n<meta name=\"twitter:card\" content=\"summary_large_image\" \/>\n<script type=\"application\/ld+json\" class=\"yoast-schema-graph\">{\"@context\":\"https:\/\/schema.org\",\"@graph\":[{\"@type\":\"WebPage\",\"@id\":\"https:\/\/galli.ch\/uhren\/omega\/seamaster\/diver-300m-master-chronometer-43-5mm-210-92-44-20-01-003\/\",\"url\":\"https:\/\/galli.ch\/uhren\/omega\/seamaster\/diver-300m-master-chronometer-43-5mm-210-92-44-20-01-003\/\",\"name\":\"Omega Seamaster Diver 300m Master Chronometer 43.5 - Galli Uhren Bijouterie\",\"isPartOf\":{\"@id\":\"http:\/\/galli.ch\/en\/#website\"},\"primaryImageOfPage\":{\"@id\":\"https:\/\/galli.ch\/uhren\/omega\/seamaster\/diver-300m-master-chronometer-43-5mm-210-92-44-20-01-003\/#primaryimage\"},\"image\":{\"@id\":\"https:\/\/galli.ch\/uhren\/omega\/seamaster\/diver-300m-master-chronometer-43-5mm-210-92-44-20-01-003\/#primaryimage\"},\"thumbnailUrl\":\"https:\/\/galli.ch\/wp-content\/uploads\/OMEGA_210-92-44-20-01-003.png\",\"datePublished\":\"2021-03-27T10:38:04+00:00\",\"dateModified\":\"2026-04-20T16:17:36+00:00\",\"breadcrumb\":{\"@id\":\"https:\/\/galli.ch\/uhren\/omega\/seamaster\/diver-300m-master-chronometer-43-5mm-210-92-44-20-01-003\/#breadcrumb\"},\"inLanguage\":\"en-US\",\"potentialAction\":[{\"@type\":\"ReadAction\",\"target\":[\"https:\/\/galli.ch\/uhren\/omega\/seamaster\/diver-300m-master-chronometer-43-5mm-210-92-44-20-01-003\/\"]}]},{\"@type\":\"ImageObject\",\"inLanguage\":\"en-US\",\"@id\":\"https:\/\/galli.ch\/uhren\/omega\/seamaster\/diver-300m-master-chronometer-43-5mm-210-92-44-20-01-003\/#primaryimage\",\"url\":\"https:\/\/galli.ch\/wp-content\/uploads\/OMEGA_210-92-44-20-01-003.png\",\"contentUrl\":\"https:\/\/galli.ch\/wp-content\/uploads\/OMEGA_210-92-44-20-01-003.png\",\"width\":500,\"height\":700,\"caption\":\"omega-seamaster-diver-all-black-keramik\"},{\"@type\":\"BreadcrumbList\",\"@id\":\"https:\/\/galli.ch\/uhren\/omega\/seamaster\/diver-300m-master-chronometer-43-5mm-210-92-44-20-01-003\/#breadcrumb\",\"itemListElement\":[{\"@type\":\"ListItem\",\"position\":1,\"name\":\"Home\",\"item\":\"https:\/\/galli.ch\/en\/\"},{\"@type\":\"ListItem\",\"position\":2,\"name\":\"Uhren\",\"item\":\"https:\/\/galli.ch\/en\/uhren\/\"},{\"@type\":\"ListItem\",\"position\":3,\"name\":\"Omega Seamaster Diver 300m Master Chronometer 43.5\"}]},{\"@type\":\"WebSite\",\"@id\":\"http:\/\/galli.ch\/en\/#website\",\"url\":\"http:\/\/galli.ch\/en\/\",\"name\":\"Galli Uhren Bijouterie\",\"description\":\"\",\"potentialAction\":[{\"@type\":\"SearchAction\",\"target\":{\"@type\":\"EntryPoint\",\"urlTemplate\":\"http:\/\/galli.ch\/en\/?s={search_term_string}\"},\"query-input\":{\"@type\":\"PropertyValueSpecification\",\"valueRequired\":true,\"valueName\":\"search_term_string\"}}],\"inLanguage\":\"en-US\"}]}<\/script>\n<!-- \/ Yoast SEO plugin. -->","yoast_head_json":{"title":"Omega Seamaster Diver 300m Master Chronometer 43.5 - Galli Uhren Bijouterie","robots":{"index":"index","follow":"follow","max-snippet":"max-snippet:-1","max-image-preview":"max-image-preview:large","max-video-preview":"max-video-preview:-1"},"canonical":"https:\/\/galli.ch\/uhren\/omega\/seamaster\/diver-300m-master-chronometer-43-5mm-210-92-44-20-01-003\/","og_locale":"en_US","og_type":"article","og_title":"Omega Seamaster Diver 300m Master Chronometer 43.5 - Galli Uhren Bijouterie","og_description":"Seit 1993 hat die Seamaster Professional Diver 300M eine legend\u00e4re Anh\u00e4ngerschaft. Die Modelle des 21. Jahrhunderts von OMEGA bleiben dem Design der urspr\u00fcnglichen Taucheruhr treu, f\u00fchren aber gleichzeitig aufregende neue Materialien und Uhrwerke ein. Bei diesem 43,50-mm-Modell dominiert schwarze Keramik. Das Geh\u00e4use, die L\u00fcnette, das wellenf\u00f6rmige Zifferblatt, die Krone und das Heliumauslassventil, die alle aus... Weiter &raquo;","og_url":"https:\/\/galli.ch\/uhren\/omega\/seamaster\/diver-300m-master-chronometer-43-5mm-210-92-44-20-01-003\/","og_site_name":"Galli Uhren Bijouterie","article_modified_time":"2026-04-20T16:17:36+00:00","og_image":[{"width":500,"height":700,"url":"https:\/\/galli.ch\/wp-content\/uploads\/OMEGA_210-92-44-20-01-003.png","type":"image\/png"}],"twitter_card":"summary_large_image","schema":{"@context":"https:\/\/schema.org","@graph":[{"@type":"WebPage","@id":"https:\/\/galli.ch\/uhren\/omega\/seamaster\/diver-300m-master-chronometer-43-5mm-210-92-44-20-01-003\/","url":"https:\/\/galli.ch\/uhren\/omega\/seamaster\/diver-300m-master-chronometer-43-5mm-210-92-44-20-01-003\/","name":"Omega Seamaster Diver 300m Master Chronometer 43.5 - Galli Uhren Bijouterie","isPartOf":{"@id":"http:\/\/galli.ch\/en\/#website"},"primaryImageOfPage":{"@id":"https:\/\/galli.ch\/uhren\/omega\/seamaster\/diver-300m-master-chronometer-43-5mm-210-92-44-20-01-003\/#primaryimage"},"image":{"@id":"https:\/\/galli.ch\/uhren\/omega\/seamaster\/diver-300m-master-chronometer-43-5mm-210-92-44-20-01-003\/#primaryimage"},"thumbnailUrl":"https:\/\/galli.ch\/wp-content\/uploads\/OMEGA_210-92-44-20-01-003.png","datePublished":"2021-03-27T10:38:04+00:00","dateModified":"2026-04-20T16:17:36+00:00","breadcrumb":{"@id":"https:\/\/galli.ch\/uhren\/omega\/seamaster\/diver-300m-master-chronometer-43-5mm-210-92-44-20-01-003\/#breadcrumb"},"inLanguage":"en-US","potentialAction":[{"@type":"ReadAction","target":["https:\/\/galli.ch\/uhren\/omega\/seamaster\/diver-300m-master-chronometer-43-5mm-210-92-44-20-01-003\/"]}]},{"@type":"ImageObject","inLanguage":"en-US","@id":"https:\/\/galli.ch\/uhren\/omega\/seamaster\/diver-300m-master-chronometer-43-5mm-210-92-44-20-01-003\/#primaryimage","url":"https:\/\/galli.ch\/wp-content\/uploads\/OMEGA_210-92-44-20-01-003.png","contentUrl":"https:\/\/galli.ch\/wp-content\/uploads\/OMEGA_210-92-44-20-01-003.png","width":500,"height":700,"caption":"omega-seamaster-diver-all-black-keramik"},{"@type":"BreadcrumbList","@id":"https:\/\/galli.ch\/uhren\/omega\/seamaster\/diver-300m-master-chronometer-43-5mm-210-92-44-20-01-003\/#breadcrumb","itemListElement":[{"@type":"ListItem","position":1,"name":"Home","item":"https:\/\/galli.ch\/en\/"},{"@type":"ListItem","position":2,"name":"Uhren","item":"https:\/\/galli.ch\/en\/uhren\/"},{"@type":"ListItem","position":3,"name":"Omega Seamaster Diver 300m Master Chronometer 43.5"}]},{"@type":"WebSite","@id":"http:\/\/galli.ch\/en\/#website","url":"http:\/\/galli.ch\/en\/","name":"Galli Uhren Bijouterie","description":"","potentialAction":[{"@type":"SearchAction","target":{"@type":"EntryPoint","urlTemplate":"http:\/\/galli.ch\/en\/?s={search_term_string}"},"query-input":{"@type":"PropertyValueSpecification","valueRequired":true,"valueName":"search_term_string"}}],"inLanguage":"en-US"}]}},"_links":{"self":[{"href":"https:\/\/galli.ch\/en\/wp-json\/wp\/v2\/product\/9354","targetHints":{"allow":["GET"]}}],"collection":[{"href":"https:\/\/galli.ch\/en\/wp-json\/wp\/v2\/product"}],"about":[{"href":"https:\/\/galli.ch\/en\/wp-json\/wp\/v2\/types\/product"}],"wp:featuredmedia":[{"embeddable":true,"href":"https:\/\/galli.ch\/en\/wp-json\/wp\/v2\/media\/9340"}],"wp:attachment":[{"href":"https:\/\/galli.ch\/en\/wp-json\/wp\/v2\/media?parent=9354"}],"wp:term":[{"taxonomy":"product_brand","embeddable":true,"href":"https:\/\/galli.ch\/en\/wp-json\/wp\/v2\/product_brand?post=9354"},{"taxonomy":"product_cat","embeddable":true,"href":"https:\/\/galli.ch\/en\/wp-json\/wp\/v2\/product_cat?post=9354"},{"taxonomy":"product_tag","embeddable":true,"href":"https:\/\/galli.ch\/en\/wp-json\/wp\/v2\/product_tag?post=9354"}],"curies":[{"name":"wp","href":"https:\/\/api.w.org\/{rel}","templated":true}]}}