{"id":9356,"date":"2021-03-27T12:42:46","date_gmt":"2021-03-27T10:42:46","guid":{"rendered":"http:\/\/galli.ch\/?post_type=uhren&#038;p=9356"},"modified":"2026-04-20T18:17:53","modified_gmt":"2026-04-20T16:17:53","slug":"300-master-chronometer-bronze-gold-234-92-41-21-10-001","status":"publish","type":"product","link":"https:\/\/galli.ch\/en\/uhren\/omega\/seamaster\/300-master-chronometer-bronze-gold-234-92-41-21-10-001\/","title":{"rendered":"Omega Seamaster 300 Master Chronometer Bronze Gold"},"content":{"rendered":"<p>OMEGA stellte die Seamaster 300 erstmals 1957 vor &#8211; speziell f\u00fcr Taucher und Profis, die unter Wasser arbeiteten, konzipiert. Mehr als 60 Jahre sp\u00e4ter wurde die Kollektion komplett \u00fcberarbeitet und umfasst nun auch dieses Sondermodell aus der eigenen OMEGA Bronzelegierung.<\/p>\n<p>Das 41-mm-Geh\u00e4use und die L\u00fcnette sind aus 9K-Bronzegold gefertigt, w\u00e4hrend der braune Keramik-L\u00fcnettenring eine Taucherskala in Vintage-Super-LumiNova enth\u00e4lt. Auf dem bronzenen Zifferblatt finden Sie versenkte Stundenmarkierungen und offene Ziffern mit Super-LumiNova sowie PVD-bronzegoldfarbene Zeiger.<\/p>\n<p>Dieser Zeitmesser wird an einem braunen Lederarmband mit einer Dornschliesse aus 9K-Bronzegold pr\u00e4sentiert und verf\u00fcgt \u00fcber einen transparenten Saphirglasboden, der einen klaren Blick auf das OMEGA Co-Axial Master Chronometer Kaliber 8912 mit 60 Stunden Gangreserve erm\u00f6glicht.<\/p>\n","protected":false},"excerpt":{"rendered":"<p>OMEGA stellte die Seamaster 300 erstmals 1957 vor &#8211; speziell f\u00fcr Taucher und Profis, die unter Wasser arbeiteten, konzipiert. Mehr als 60 Jahre sp\u00e4ter wurde die Kollektion komplett \u00fcberarbeitet und umfasst nun auch dieses Sondermodell aus der eigenen OMEGA Bronzelegierung. Das 41-mm-Geh\u00e4use und die L\u00fcnette sind aus 9K-Bronzegold gefertigt, w\u00e4hrend der braune Keramik-L\u00fcnettenring eine Taucherskala&#8230;  <a class=\"excerpt-read-more\" href=\"https:\/\/galli.ch\/en\/uhren\/omega\/seamaster\/300-master-chronometer-bronze-gold-234-92-41-21-10-001\/\" title=\"Read Omega Seamaster 300 Master Chronometer Bronze Gold\">Weiter &raquo;<\/a><\/p>\n","protected":false},"featured_media":9346,"template":"","meta":{"_acf_changed":false,"inline_featured_image":false},"product_brand":[],"product_cat":[188],"product_tag":[],"class_list":{"0":"post-9356","1":"product","2":"type-product","3":"status-publish","4":"has-post-thumbnail","6":"uhrenhersteller-omega","7":"uhrenhersteller-seamaster","8":"product_cat-uhren","10":"first","11":"outofstock","12":"taxable","13":"shipping-taxable","14":"purchasable","15":"product-type-simple"},"acf":[],"yoast_head":"<!-- This site is optimized with the Yoast SEO plugin v25.5 - https:\/\/yoast.com\/wordpress\/plugins\/seo\/ -->\n<title>Omega Seamaster 300 Master Chronometer Bronze Gold - Galli Uhren Bijouterie<\/title>\n<meta name=\"robots\" content=\"index, follow, max-snippet:-1, max-image-preview:large, max-video-preview:-1\" \/>\n<link rel=\"canonical\" href=\"https:\/\/galli.ch\/uhren\/omega\/seamaster\/300-master-chronometer-bronze-gold-234-92-41-21-10-001\/\" \/>\n<meta property=\"og:locale\" content=\"en_US\" \/>\n<meta property=\"og:type\" content=\"article\" \/>\n<meta property=\"og:title\" content=\"Omega Seamaster 300 Master Chronometer Bronze Gold - Galli Uhren Bijouterie\" \/>\n<meta property=\"og:description\" content=\"OMEGA stellte die Seamaster 300 erstmals 1957 vor &#8211; speziell f\u00fcr Taucher und Profis, die unter Wasser arbeiteten, konzipiert. Mehr als 60 Jahre sp\u00e4ter wurde die Kollektion komplett \u00fcberarbeitet und umfasst nun auch dieses Sondermodell aus der eigenen OMEGA Bronzelegierung. Das 41-mm-Geh\u00e4use und die L\u00fcnette sind aus 9K-Bronzegold gefertigt, w\u00e4hrend der braune Keramik-L\u00fcnettenring eine Taucherskala... Weiter &raquo;\" \/>\n<meta property=\"og:url\" content=\"https:\/\/galli.ch\/uhren\/omega\/seamaster\/300-master-chronometer-bronze-gold-234-92-41-21-10-001\/\" \/>\n<meta property=\"og:site_name\" content=\"Galli Uhren Bijouterie\" \/>\n<meta property=\"article:modified_time\" content=\"2026-04-20T16:17:53+00:00\" \/>\n<meta property=\"og:image\" content=\"https:\/\/galli.ch\/wp-content\/uploads\/OMEGA_234-92-41-21-10-001.png\" \/>\n\t<meta property=\"og:image:width\" content=\"500\" \/>\n\t<meta property=\"og:image:height\" content=\"700\" \/>\n\t<meta property=\"og:image:type\" content=\"image\/png\" \/>\n<meta name=\"twitter:card\" content=\"summary_large_image\" \/>\n<script type=\"application\/ld+json\" class=\"yoast-schema-graph\">{\"@context\":\"https:\/\/schema.org\",\"@graph\":[{\"@type\":\"WebPage\",\"@id\":\"https:\/\/galli.ch\/uhren\/omega\/seamaster\/300-master-chronometer-bronze-gold-234-92-41-21-10-001\/\",\"url\":\"https:\/\/galli.ch\/uhren\/omega\/seamaster\/300-master-chronometer-bronze-gold-234-92-41-21-10-001\/\",\"name\":\"Omega Seamaster 300 Master Chronometer Bronze Gold - Galli Uhren Bijouterie\",\"isPartOf\":{\"@id\":\"http:\/\/galli.ch\/en\/#website\"},\"primaryImageOfPage\":{\"@id\":\"https:\/\/galli.ch\/uhren\/omega\/seamaster\/300-master-chronometer-bronze-gold-234-92-41-21-10-001\/#primaryimage\"},\"image\":{\"@id\":\"https:\/\/galli.ch\/uhren\/omega\/seamaster\/300-master-chronometer-bronze-gold-234-92-41-21-10-001\/#primaryimage\"},\"thumbnailUrl\":\"https:\/\/galli.ch\/wp-content\/uploads\/OMEGA_234-92-41-21-10-001.png\",\"datePublished\":\"2021-03-27T10:42:46+00:00\",\"dateModified\":\"2026-04-20T16:17:53+00:00\",\"breadcrumb\":{\"@id\":\"https:\/\/galli.ch\/uhren\/omega\/seamaster\/300-master-chronometer-bronze-gold-234-92-41-21-10-001\/#breadcrumb\"},\"inLanguage\":\"en-US\",\"potentialAction\":[{\"@type\":\"ReadAction\",\"target\":[\"https:\/\/galli.ch\/uhren\/omega\/seamaster\/300-master-chronometer-bronze-gold-234-92-41-21-10-001\/\"]}]},{\"@type\":\"ImageObject\",\"inLanguage\":\"en-US\",\"@id\":\"https:\/\/galli.ch\/uhren\/omega\/seamaster\/300-master-chronometer-bronze-gold-234-92-41-21-10-001\/#primaryimage\",\"url\":\"https:\/\/galli.ch\/wp-content\/uploads\/OMEGA_234-92-41-21-10-001.png\",\"contentUrl\":\"https:\/\/galli.ch\/wp-content\/uploads\/OMEGA_234-92-41-21-10-001.png\",\"width\":500,\"height\":700,\"caption\":\"omega-seamaster-diver-bronze-gold\"},{\"@type\":\"BreadcrumbList\",\"@id\":\"https:\/\/galli.ch\/uhren\/omega\/seamaster\/300-master-chronometer-bronze-gold-234-92-41-21-10-001\/#breadcrumb\",\"itemListElement\":[{\"@type\":\"ListItem\",\"position\":1,\"name\":\"Home\",\"item\":\"https:\/\/galli.ch\/en\/\"},{\"@type\":\"ListItem\",\"position\":2,\"name\":\"Uhren\",\"item\":\"https:\/\/galli.ch\/en\/uhren\/\"},{\"@type\":\"ListItem\",\"position\":3,\"name\":\"Omega Seamaster 300 Master Chronometer Bronze Gold\"}]},{\"@type\":\"WebSite\",\"@id\":\"http:\/\/galli.ch\/en\/#website\",\"url\":\"http:\/\/galli.ch\/en\/\",\"name\":\"Galli Uhren Bijouterie\",\"description\":\"\",\"potentialAction\":[{\"@type\":\"SearchAction\",\"target\":{\"@type\":\"EntryPoint\",\"urlTemplate\":\"http:\/\/galli.ch\/en\/?s={search_term_string}\"},\"query-input\":{\"@type\":\"PropertyValueSpecification\",\"valueRequired\":true,\"valueName\":\"search_term_string\"}}],\"inLanguage\":\"en-US\"}]}<\/script>\n<!-- \/ Yoast SEO plugin. -->","yoast_head_json":{"title":"Omega Seamaster 300 Master Chronometer Bronze Gold - Galli Uhren Bijouterie","robots":{"index":"index","follow":"follow","max-snippet":"max-snippet:-1","max-image-preview":"max-image-preview:large","max-video-preview":"max-video-preview:-1"},"canonical":"https:\/\/galli.ch\/uhren\/omega\/seamaster\/300-master-chronometer-bronze-gold-234-92-41-21-10-001\/","og_locale":"en_US","og_type":"article","og_title":"Omega Seamaster 300 Master Chronometer Bronze Gold - Galli Uhren Bijouterie","og_description":"OMEGA stellte die Seamaster 300 erstmals 1957 vor &#8211; speziell f\u00fcr Taucher und Profis, die unter Wasser arbeiteten, konzipiert. Mehr als 60 Jahre sp\u00e4ter wurde die Kollektion komplett \u00fcberarbeitet und umfasst nun auch dieses Sondermodell aus der eigenen OMEGA Bronzelegierung. Das 41-mm-Geh\u00e4use und die L\u00fcnette sind aus 9K-Bronzegold gefertigt, w\u00e4hrend der braune Keramik-L\u00fcnettenring eine Taucherskala... Weiter &raquo;","og_url":"https:\/\/galli.ch\/uhren\/omega\/seamaster\/300-master-chronometer-bronze-gold-234-92-41-21-10-001\/","og_site_name":"Galli Uhren Bijouterie","article_modified_time":"2026-04-20T16:17:53+00:00","og_image":[{"width":500,"height":700,"url":"https:\/\/galli.ch\/wp-content\/uploads\/OMEGA_234-92-41-21-10-001.png","type":"image\/png"}],"twitter_card":"summary_large_image","schema":{"@context":"https:\/\/schema.org","@graph":[{"@type":"WebPage","@id":"https:\/\/galli.ch\/uhren\/omega\/seamaster\/300-master-chronometer-bronze-gold-234-92-41-21-10-001\/","url":"https:\/\/galli.ch\/uhren\/omega\/seamaster\/300-master-chronometer-bronze-gold-234-92-41-21-10-001\/","name":"Omega Seamaster 300 Master Chronometer Bronze Gold - Galli Uhren Bijouterie","isPartOf":{"@id":"http:\/\/galli.ch\/en\/#website"},"primaryImageOfPage":{"@id":"https:\/\/galli.ch\/uhren\/omega\/seamaster\/300-master-chronometer-bronze-gold-234-92-41-21-10-001\/#primaryimage"},"image":{"@id":"https:\/\/galli.ch\/uhren\/omega\/seamaster\/300-master-chronometer-bronze-gold-234-92-41-21-10-001\/#primaryimage"},"thumbnailUrl":"https:\/\/galli.ch\/wp-content\/uploads\/OMEGA_234-92-41-21-10-001.png","datePublished":"2021-03-27T10:42:46+00:00","dateModified":"2026-04-20T16:17:53+00:00","breadcrumb":{"@id":"https:\/\/galli.ch\/uhren\/omega\/seamaster\/300-master-chronometer-bronze-gold-234-92-41-21-10-001\/#breadcrumb"},"inLanguage":"en-US","potentialAction":[{"@type":"ReadAction","target":["https:\/\/galli.ch\/uhren\/omega\/seamaster\/300-master-chronometer-bronze-gold-234-92-41-21-10-001\/"]}]},{"@type":"ImageObject","inLanguage":"en-US","@id":"https:\/\/galli.ch\/uhren\/omega\/seamaster\/300-master-chronometer-bronze-gold-234-92-41-21-10-001\/#primaryimage","url":"https:\/\/galli.ch\/wp-content\/uploads\/OMEGA_234-92-41-21-10-001.png","contentUrl":"https:\/\/galli.ch\/wp-content\/uploads\/OMEGA_234-92-41-21-10-001.png","width":500,"height":700,"caption":"omega-seamaster-diver-bronze-gold"},{"@type":"BreadcrumbList","@id":"https:\/\/galli.ch\/uhren\/omega\/seamaster\/300-master-chronometer-bronze-gold-234-92-41-21-10-001\/#breadcrumb","itemListElement":[{"@type":"ListItem","position":1,"name":"Home","item":"https:\/\/galli.ch\/en\/"},{"@type":"ListItem","position":2,"name":"Uhren","item":"https:\/\/galli.ch\/en\/uhren\/"},{"@type":"ListItem","position":3,"name":"Omega Seamaster 300 Master Chronometer Bronze Gold"}]},{"@type":"WebSite","@id":"http:\/\/galli.ch\/en\/#website","url":"http:\/\/galli.ch\/en\/","name":"Galli Uhren Bijouterie","description":"","potentialAction":[{"@type":"SearchAction","target":{"@type":"EntryPoint","urlTemplate":"http:\/\/galli.ch\/en\/?s={search_term_string}"},"query-input":{"@type":"PropertyValueSpecification","valueRequired":true,"valueName":"search_term_string"}}],"inLanguage":"en-US"}]}},"_links":{"self":[{"href":"https:\/\/galli.ch\/en\/wp-json\/wp\/v2\/product\/9356","targetHints":{"allow":["GET"]}}],"collection":[{"href":"https:\/\/galli.ch\/en\/wp-json\/wp\/v2\/product"}],"about":[{"href":"https:\/\/galli.ch\/en\/wp-json\/wp\/v2\/types\/product"}],"wp:featuredmedia":[{"embeddable":true,"href":"https:\/\/galli.ch\/en\/wp-json\/wp\/v2\/media\/9346"}],"wp:attachment":[{"href":"https:\/\/galli.ch\/en\/wp-json\/wp\/v2\/media?parent=9356"}],"wp:term":[{"taxonomy":"product_brand","embeddable":true,"href":"https:\/\/galli.ch\/en\/wp-json\/wp\/v2\/product_brand?post=9356"},{"taxonomy":"product_cat","embeddable":true,"href":"https:\/\/galli.ch\/en\/wp-json\/wp\/v2\/product_cat?post=9356"},{"taxonomy":"product_tag","embeddable":true,"href":"https:\/\/galli.ch\/en\/wp-json\/wp\/v2\/product_tag?post=9356"}],"curies":[{"name":"wp","href":"https:\/\/api.w.org\/{rel}","templated":true}]}}