{"id":9363,"date":"2021-03-28T15:02:21","date_gmt":"2021-03-28T13:02:21","guid":{"rendered":"http:\/\/galli.ch\/?post_type=uhren&#038;p=9363"},"modified":"2026-04-20T18:11:41","modified_gmt":"2026-04-20T16:11:41","slug":"hydroconquest-41-l3-781-3-58-7","status":"publish","type":"product","link":"https:\/\/galli.ch\/en\/uhren\/longines\/diving\/hydroconquest-41-l3-781-3-58-7\/","title":{"rendered":"Longines Hydroconquest 41"},"content":{"rendered":"<p>Die HydroConquest Linie \u2013 Sportuhrenkollektion par excellence von Longines \u2013 wird den Anspr\u00fcchen aller gerecht, die die Weite des Ozeans lieben, und bleibt gleichzeitig der charakteristischen Eleganz der Schweizer Marke treu. Die HydroConquest Modelle greifen die Stilmittel des Tauchsports auf und lassen sich von den Anforderungen dieser Disziplin inspirieren.<\/p>\n<p>Die\u00a0 Taucheruhren schm\u00fccken sich seit 2021 nun auch mit gelb- oder ros\u00e9goldfarbener PVD, um die Variantenvielfalt dieser zentralen Longines Kollektion zu vervollst\u00e4ndigen.<\/p>\n","protected":false},"excerpt":{"rendered":"<p>Die HydroConquest Linie \u2013 Sportuhrenkollektion par excellence von Longines \u2013 wird den Anspr\u00fcchen aller gerecht, die die Weite des Ozeans lieben, und bleibt gleichzeitig der charakteristischen Eleganz der Schweizer Marke treu. Die HydroConquest Modelle greifen die Stilmittel des Tauchsports auf und lassen sich von den Anforderungen dieser Disziplin inspirieren. Die\u00a0 Taucheruhren schm\u00fccken sich seit 2021&#8230;  <a class=\"excerpt-read-more\" href=\"https:\/\/galli.ch\/en\/uhren\/longines\/diving\/hydroconquest-41-l3-781-3-58-7\/\" title=\"Read Longines Hydroconquest 41\">Weiter &raquo;<\/a><\/p>\n","protected":false},"featured_media":9204,"template":"","meta":{"_acf_changed":false,"inline_featured_image":false},"product_brand":[],"product_cat":[188],"product_tag":[],"class_list":{"0":"post-9363","1":"product","2":"type-product","3":"status-publish","4":"has-post-thumbnail","6":"uhrenhersteller-longines","7":"uhrenhersteller-diving","8":"product_cat-uhren","10":"first","11":"instock","12":"taxable","13":"shipping-taxable","14":"purchasable","15":"product-type-simple"},"acf":[],"yoast_head":"<!-- This site is optimized with the Yoast SEO plugin v25.5 - https:\/\/yoast.com\/wordpress\/plugins\/seo\/ -->\n<title>Longines Hydroconquest 41 - Galli Uhren Bijouterie<\/title>\n<meta name=\"robots\" content=\"index, follow, max-snippet:-1, max-image-preview:large, max-video-preview:-1\" \/>\n<link rel=\"canonical\" href=\"https:\/\/galli.ch\/uhren\/longines\/diving\/hydroconquest-41-l3-781-3-58-7\/\" \/>\n<meta property=\"og:locale\" content=\"en_US\" \/>\n<meta property=\"og:type\" content=\"article\" \/>\n<meta property=\"og:title\" content=\"Longines Hydroconquest 41 - Galli Uhren Bijouterie\" \/>\n<meta property=\"og:description\" content=\"Die HydroConquest Linie \u2013 Sportuhrenkollektion par excellence von Longines \u2013 wird den Anspr\u00fcchen aller gerecht, die die Weite des Ozeans lieben, und bleibt gleichzeitig der charakteristischen Eleganz der Schweizer Marke treu. Die HydroConquest Modelle greifen die Stilmittel des Tauchsports auf und lassen sich von den Anforderungen dieser Disziplin inspirieren. Die\u00a0 Taucheruhren schm\u00fccken sich seit 2021... Weiter &raquo;\" \/>\n<meta property=\"og:url\" content=\"https:\/\/galli.ch\/uhren\/longines\/diving\/hydroconquest-41-l3-781-3-58-7\/\" \/>\n<meta property=\"og:site_name\" content=\"Galli Uhren Bijouterie\" \/>\n<meta property=\"article:modified_time\" content=\"2026-04-20T16:11:41+00:00\" \/>\n<meta property=\"og:image\" content=\"https:\/\/galli.ch\/wp-content\/uploads\/L3-781-3-58-7.png\" \/>\n\t<meta property=\"og:image:width\" content=\"500\" \/>\n\t<meta property=\"og:image:height\" content=\"700\" \/>\n\t<meta property=\"og:image:type\" content=\"image\/png\" \/>\n<meta name=\"twitter:card\" content=\"summary_large_image\" \/>\n<script type=\"application\/ld+json\" class=\"yoast-schema-graph\">{\"@context\":\"https:\/\/schema.org\",\"@graph\":[{\"@type\":\"WebPage\",\"@id\":\"https:\/\/galli.ch\/uhren\/longines\/diving\/hydroconquest-41-l3-781-3-58-7\/\",\"url\":\"https:\/\/galli.ch\/uhren\/longines\/diving\/hydroconquest-41-l3-781-3-58-7\/\",\"name\":\"Longines Hydroconquest 41 - Galli Uhren Bijouterie\",\"isPartOf\":{\"@id\":\"http:\/\/galli.ch\/en\/#website\"},\"primaryImageOfPage\":{\"@id\":\"https:\/\/galli.ch\/uhren\/longines\/diving\/hydroconquest-41-l3-781-3-58-7\/#primaryimage\"},\"image\":{\"@id\":\"https:\/\/galli.ch\/uhren\/longines\/diving\/hydroconquest-41-l3-781-3-58-7\/#primaryimage\"},\"thumbnailUrl\":\"https:\/\/galli.ch\/wp-content\/uploads\/L3-781-3-58-7.png\",\"datePublished\":\"2021-03-28T13:02:21+00:00\",\"dateModified\":\"2026-04-20T16:11:41+00:00\",\"breadcrumb\":{\"@id\":\"https:\/\/galli.ch\/uhren\/longines\/diving\/hydroconquest-41-l3-781-3-58-7\/#breadcrumb\"},\"inLanguage\":\"en-US\",\"potentialAction\":[{\"@type\":\"ReadAction\",\"target\":[\"https:\/\/galli.ch\/uhren\/longines\/diving\/hydroconquest-41-l3-781-3-58-7\/\"]}]},{\"@type\":\"ImageObject\",\"inLanguage\":\"en-US\",\"@id\":\"https:\/\/galli.ch\/uhren\/longines\/diving\/hydroconquest-41-l3-781-3-58-7\/#primaryimage\",\"url\":\"https:\/\/galli.ch\/wp-content\/uploads\/L3-781-3-58-7.png\",\"contentUrl\":\"https:\/\/galli.ch\/wp-content\/uploads\/L3-781-3-58-7.png\",\"width\":500,\"height\":700,\"caption\":\"longines-hydroconquest-twotone-black\"},{\"@type\":\"BreadcrumbList\",\"@id\":\"https:\/\/galli.ch\/uhren\/longines\/diving\/hydroconquest-41-l3-781-3-58-7\/#breadcrumb\",\"itemListElement\":[{\"@type\":\"ListItem\",\"position\":1,\"name\":\"Home\",\"item\":\"https:\/\/galli.ch\/en\/\"},{\"@type\":\"ListItem\",\"position\":2,\"name\":\"Uhren\",\"item\":\"https:\/\/galli.ch\/en\/uhren\/\"},{\"@type\":\"ListItem\",\"position\":3,\"name\":\"Hydroconquest 41\"}]},{\"@type\":\"WebSite\",\"@id\":\"http:\/\/galli.ch\/en\/#website\",\"url\":\"http:\/\/galli.ch\/en\/\",\"name\":\"Galli Uhren Bijouterie\",\"description\":\"\",\"potentialAction\":[{\"@type\":\"SearchAction\",\"target\":{\"@type\":\"EntryPoint\",\"urlTemplate\":\"http:\/\/galli.ch\/en\/?s={search_term_string}\"},\"query-input\":{\"@type\":\"PropertyValueSpecification\",\"valueRequired\":true,\"valueName\":\"search_term_string\"}}],\"inLanguage\":\"en-US\"}]}<\/script>\n<!-- \/ Yoast SEO plugin. -->","yoast_head_json":{"title":"Longines Hydroconquest 41 - Galli Uhren Bijouterie","robots":{"index":"index","follow":"follow","max-snippet":"max-snippet:-1","max-image-preview":"max-image-preview:large","max-video-preview":"max-video-preview:-1"},"canonical":"https:\/\/galli.ch\/uhren\/longines\/diving\/hydroconquest-41-l3-781-3-58-7\/","og_locale":"en_US","og_type":"article","og_title":"Longines Hydroconquest 41 - Galli Uhren Bijouterie","og_description":"Die HydroConquest Linie \u2013 Sportuhrenkollektion par excellence von Longines \u2013 wird den Anspr\u00fcchen aller gerecht, die die Weite des Ozeans lieben, und bleibt gleichzeitig der charakteristischen Eleganz der Schweizer Marke treu. Die HydroConquest Modelle greifen die Stilmittel des Tauchsports auf und lassen sich von den Anforderungen dieser Disziplin inspirieren. Die\u00a0 Taucheruhren schm\u00fccken sich seit 2021... Weiter &raquo;","og_url":"https:\/\/galli.ch\/uhren\/longines\/diving\/hydroconquest-41-l3-781-3-58-7\/","og_site_name":"Galli Uhren Bijouterie","article_modified_time":"2026-04-20T16:11:41+00:00","og_image":[{"width":500,"height":700,"url":"https:\/\/galli.ch\/wp-content\/uploads\/L3-781-3-58-7.png","type":"image\/png"}],"twitter_card":"summary_large_image","schema":{"@context":"https:\/\/schema.org","@graph":[{"@type":"WebPage","@id":"https:\/\/galli.ch\/uhren\/longines\/diving\/hydroconquest-41-l3-781-3-58-7\/","url":"https:\/\/galli.ch\/uhren\/longines\/diving\/hydroconquest-41-l3-781-3-58-7\/","name":"Longines Hydroconquest 41 - Galli Uhren Bijouterie","isPartOf":{"@id":"http:\/\/galli.ch\/en\/#website"},"primaryImageOfPage":{"@id":"https:\/\/galli.ch\/uhren\/longines\/diving\/hydroconquest-41-l3-781-3-58-7\/#primaryimage"},"image":{"@id":"https:\/\/galli.ch\/uhren\/longines\/diving\/hydroconquest-41-l3-781-3-58-7\/#primaryimage"},"thumbnailUrl":"https:\/\/galli.ch\/wp-content\/uploads\/L3-781-3-58-7.png","datePublished":"2021-03-28T13:02:21+00:00","dateModified":"2026-04-20T16:11:41+00:00","breadcrumb":{"@id":"https:\/\/galli.ch\/uhren\/longines\/diving\/hydroconquest-41-l3-781-3-58-7\/#breadcrumb"},"inLanguage":"en-US","potentialAction":[{"@type":"ReadAction","target":["https:\/\/galli.ch\/uhren\/longines\/diving\/hydroconquest-41-l3-781-3-58-7\/"]}]},{"@type":"ImageObject","inLanguage":"en-US","@id":"https:\/\/galli.ch\/uhren\/longines\/diving\/hydroconquest-41-l3-781-3-58-7\/#primaryimage","url":"https:\/\/galli.ch\/wp-content\/uploads\/L3-781-3-58-7.png","contentUrl":"https:\/\/galli.ch\/wp-content\/uploads\/L3-781-3-58-7.png","width":500,"height":700,"caption":"longines-hydroconquest-twotone-black"},{"@type":"BreadcrumbList","@id":"https:\/\/galli.ch\/uhren\/longines\/diving\/hydroconquest-41-l3-781-3-58-7\/#breadcrumb","itemListElement":[{"@type":"ListItem","position":1,"name":"Home","item":"https:\/\/galli.ch\/en\/"},{"@type":"ListItem","position":2,"name":"Uhren","item":"https:\/\/galli.ch\/en\/uhren\/"},{"@type":"ListItem","position":3,"name":"Hydroconquest 41"}]},{"@type":"WebSite","@id":"http:\/\/galli.ch\/en\/#website","url":"http:\/\/galli.ch\/en\/","name":"Galli Uhren Bijouterie","description":"","potentialAction":[{"@type":"SearchAction","target":{"@type":"EntryPoint","urlTemplate":"http:\/\/galli.ch\/en\/?s={search_term_string}"},"query-input":{"@type":"PropertyValueSpecification","valueRequired":true,"valueName":"search_term_string"}}],"inLanguage":"en-US"}]}},"_links":{"self":[{"href":"https:\/\/galli.ch\/en\/wp-json\/wp\/v2\/product\/9363","targetHints":{"allow":["GET"]}}],"collection":[{"href":"https:\/\/galli.ch\/en\/wp-json\/wp\/v2\/product"}],"about":[{"href":"https:\/\/galli.ch\/en\/wp-json\/wp\/v2\/types\/product"}],"wp:featuredmedia":[{"embeddable":true,"href":"https:\/\/galli.ch\/en\/wp-json\/wp\/v2\/media\/9204"}],"wp:attachment":[{"href":"https:\/\/galli.ch\/en\/wp-json\/wp\/v2\/media?parent=9363"}],"wp:term":[{"taxonomy":"product_brand","embeddable":true,"href":"https:\/\/galli.ch\/en\/wp-json\/wp\/v2\/product_brand?post=9363"},{"taxonomy":"product_cat","embeddable":true,"href":"https:\/\/galli.ch\/en\/wp-json\/wp\/v2\/product_cat?post=9363"},{"taxonomy":"product_tag","embeddable":true,"href":"https:\/\/galli.ch\/en\/wp-json\/wp\/v2\/product_tag?post=9363"}],"curies":[{"name":"wp","href":"https:\/\/api.w.org\/{rel}","templated":true}]}}